{"id":439,"date":"2020-08-04T11:30:57","date_gmt":"2020-08-04T11:30:57","guid":{"rendered":"https:\/\/www.eldo.com\/guide\/?page_id=439"},"modified":"2023-11-15T16:31:27","modified_gmt":"2023-11-15T16:31:27","slug":"portes-aluminium","status":"publish","type":"page","link":"https:\/\/www.eldo.com\/guide\/menuiseries-portes-fenetres\/menuiserie-aluminium\/portes-aluminium\/","title":{"rendered":"Porte d&rsquo;entr\u00e9e aluminium"},"content":{"rendered":"<section class=\"l-section wpb_row us_custom_e91755c2 height_auto width_full with_overlay\"><div class=\"l-section-overlay\" style=\"background: #ebebeb\"><\/div><div class=\"l-section-h i-cf\"><div class=\"g-cols vc_row type_boxes valign_middle\"><div class=\"vc_col-sm-12 wpb_column vc_column_container has-fill\"><div class=\"vc_column-inner us_custom_2db103a6\"><div class=\"wpb_wrapper\"><div class=\"wpb_text_column us_custom_7b615031 has_text_color\" ><div class=\"wpb_wrapper\"><h1 style=\"text-align: center;\">Porte en aluminium<\/h1>\n<p style=\"text-align: center;\">Guide complet : avantages &amp; conseils<\/p>\n<\/div><\/div><div class=\"w-separator size_medium\"><\/div><ol class=\"g-breadcrumbs us_custom_6556ef4c separator_icon align_left has_text_color\"><li class=\"g-breadcrumbs-item\"><a href=\"https:\/\/www.eldo.com\/guide\/\">Guides travaux<\/a><meta content=\"1\"\/><\/li><li class=\"g-breadcrumbs-separator\"><i class=\"far fa-angle-right\"><\/i><\/li><li class=\"g-breadcrumbs-item\">Pages<\/li><\/ol><\/div><\/div><\/div><div class=\"vc_col-sm-12 wpb_column vc_column_container has-fill\"><div class=\"vc_column-inner us_custom_e4eb24e1\"><div class=\"wpb_wrapper\"><div class=\"wpb_text_column\" ><div class=\"wpb_wrapper\">\n<\/div><\/div><div class=\"wpb_text_column us_custom_ae99f6aa has_text_color\" ><div class=\"wpb_wrapper\"><h3>Porte en aluminium : la bonne id\u00e9e !<\/h3>\n<div class=\"row\">\n<div class=\"col-md-12\">\n<div class=\"row\">\n<div class=\"col-md-12\">\n<div class=\"row\">\n<div class=\"col-md-12\">\n<p>La porte d&rsquo;entr\u00e9e est un \u00e9l\u00e9ment phare de votre maison. C&rsquo;est la premi\u00e8re chose que l&rsquo;on voit, alors on \u00e9vite de la choisir bas de gamme. Elle doit poss\u00e9der une s\u00e9curit\u00e9 renforc\u00e9e pour qu&rsquo;elle puisse vous prot\u00e9ger des effractions.<\/p>\n<p>Elle doit aussi \u00eatre isolante, car les ponts thermiques peuvent se former \u00e0 cause d&rsquo;une porte d&rsquo;entr\u00e9e mal isol\u00e9e ou de fen\u00eatres non isolantes. Une porte d&rsquo;entr\u00e9e est diff\u00e9rente de vos portes d&rsquo;int\u00e9rieur, son esth\u00e9tisme doit \u00eatre en phase avec votre fa\u00e7ade. En effet, lors d&rsquo;une vente, le coup de c\u0153ur se produit lors des premi\u00e8res secondes. Votre porte doit donc faire son effet pour que le coup de c\u0153ur puisse avoir lieu.<\/p>\n<\/div>\n<\/div>\n<div class=\"row\">\n<div class=\"col-md-12\"><\/div>\n<\/div>\n<\/div>\n<\/div>\n<div class=\"row\">\n<div class=\"col-md-12\"><\/div>\n<\/div>\n<\/div>\n<\/div>\n<\/div><\/div><div class=\"w-btn-wrapper width_auto align_center\"><a class=\"w-btn us-btn-style_2\" title=\"Demander un devis\" target=\"_blank\" href=\"https:\/\/devis.eldo.com\/fenetres-et-portes-new\/france?utm_source=SEO&amp;utm_medium=Guide&amp;utm_campaign=fenetres-portes-portes-aluminium&amp;utm_term=menuiserie?via=guide-menuiseries-portes-fenetres-menuiserie-aluminium-portes-aluminium\" rel=\"noopener\"><span class=\"w-btn-label\">Demander conseil<\/span><\/a><\/div><\/div><\/div><\/div><\/div><\/div><\/section><section class=\"l-section wpb_row height_auto width_full\"><div class=\"l-section-h i-cf\"><div class=\"g-cols vc_row type_boxes valign_middle\"><div class=\"vc_col-sm-4 wpb_column vc_column_container has-fill\"><div class=\"vc_column-inner us_custom_4fb9e5a3\"><div class=\"wpb_wrapper\"><div \" class=\"faq_question_container\"><h2 class=\"faq_question_title\">Pourquoi choisir l&#039;aluminium pour vos portes ?<\/h2><div class=\"faq_question_content\"><p>Un fabricant de portes et fabricant de porte d&rsquo;entr\u00e9e va avoir une large gamme de menuiseries \u00e0 vous proposer. Faites le bon choix.<\/p>\n<p>Ces portes d&rsquo;entr\u00e9es sont \u00e9quip\u00e9es de joint d&rsquo;\u00e9tanch\u00e9it\u00e9 pour favoriser la rupture de pont thermique, elles procurent donc une bonne isolation. Pour un prix inf\u00e9rieur \u00e0 la porte d&rsquo;entr\u00e9e en bois, la porte aluminium est sans entretien. Une\u00a0<a href=\"https:\/\/www.eldo.com\/guide\/menuiseries-portes-fenetres\/menuiserie-aluminium\/\" target=\"_blank\" rel=\"noopener noreferrer\">menuiserie porte ou fen\u00eatre aluminium<\/a>\u00a0est solide et durable.<\/p>\n<p>Grace \u00e0 l&rsquo;aluminium votre porte peut \u00eatre une porte d&rsquo;entr\u00e9e sur mesure et donc tout \u00e0 fait adapt\u00e9e \u00e0 votre maison et votre fa\u00e7ade.<\/p>\n<\/div><\/div><\/div><\/div><\/div><div class=\"vc_col-sm-4 wpb_column vc_column_container\"><div class=\"vc_column-inner\"><div class=\"wpb_wrapper\"><div class=\"w-image style_shadow-1 align_center\"><div class=\"w-image-h\"><img width=\"401\" height=\"600\" src=\"https:\/\/www.eldo.com\/guide\/wp-content\/uploads\/2021\/02\/porte-aluminium-401x600.jpg\" class=\"attachment-us_800_600 size-us_800_600\" alt=\"Porte d&#039;entr\u00e9e aluminium\" srcset=\"https:\/\/www.eldo.com\/guide\/wp-content\/uploads\/2021\/02\/porte-aluminium-401x600.jpg 401w, https:\/\/www.eldo.com\/guide\/wp-content\/uploads\/2021\/02\/porte-aluminium-200x300.jpg 200w, https:\/\/www.eldo.com\/guide\/wp-content\/uploads\/2021\/02\/porte-aluminium-267x400.jpg 267w, https:\/\/www.eldo.com\/guide\/wp-content\/uploads\/2021\/02\/porte-aluminium.jpg 342w\" sizes=\"(max-width: 401px) 100vw, 401px\" \/><\/div><\/div><\/div><\/div><\/div><div class=\"vc_col-sm-4 wpb_column vc_column_container\"><div class=\"vc_column-inner\"><div class=\"wpb_wrapper\"><div \" class=\"faq_question_container\"><h2 class=\"faq_question_title\">Quels sont les avantages de l&#039;aluminium ?<\/h2><div class=\"faq_question_content\"><p>Ces derniers sont nombreux. Le principal est qu&rsquo;il ne n\u00e9cessite que tr\u00e8s peu d&rsquo;entretien.<\/p>\n<p>En plus de permettre une bonne isolation thermique, l&rsquo;aluminium octroie maintenant une bonne isolation acoustique.<\/p>\n<p>Ce mat\u00e9riau ne rouille pas, il est r\u00e9sistant et donne donc une fen\u00eatre performante. Il est aussi design et peut \u00eatre de la couleur de votre choix (le thermolaquage offre de nombreux coloris).<\/p>\n<p>Il autorise la construction de ch\u00e2ssis \u00e0 la fois fins et discrets, permettant de faire rentrer plus de luminosit\u00e9 dans la pi\u00e8ce. Votre\u00a0<a href=\"https:\/\/www.eldo.com\/guide\/menuiseries-portes-fenetres\/menuiserie-aluminium\/fenetres-aluminium\/\">fen\u00eatre en aluminium<\/a>\u00a0prend moins de place et met en valeur le vitrage.<\/p>\n<\/div><\/div><\/div><\/div><\/div><\/div><\/div><\/section><section class=\"l-section wpb_row height_auto width_full\"><div class=\"l-section-h i-cf\"><div class=\"g-cols vc_row type_boxes valign_middle gap-20px\"><style>.g-cols.gap-20px{margin:0 -20px}.gap-20px > .vc_column_container {padding:20px}<\/style><div class=\"vc_col-sm-6 wpb_column vc_column_container\"><div class=\"vc_column-inner\"><div class=\"wpb_wrapper\"><div \" class=\"faq_question_container\"><h2 class=\"faq_question_title\">L&#039;aluminium permet-il d&#039;avoir une porte d&#039;entr\u00e9e design ?<\/h2><div class=\"faq_question_content\"><p>Comme pour une porte d&rsquo;entr\u00e9e PVC, avec la porte d&rsquo;entr\u00e9e alu vous pouvez opter pour la couleur de votre choix. Un large nuancier existe pour que vous puissiez appr\u00e9cier cette porte sans vous lasser. Tout en promettant une bonne performance thermique et phonique, la porte d&rsquo;entr\u00e9e peut \u00eatre comme vous l&rsquo;avez r\u00eav\u00e9e.<\/p>\n<p>Assortie \u00e0 votre portail aluminium, votre porte d&rsquo;entr\u00e9e demande peu d&rsquo;entretien tout en \u00e9tant la porte d&rsquo;entr\u00e9e design de votre choix.<\/p>\n<p>Poign\u00e9e de porte originale ou porte contemporaine font bon m\u00e9nage. De plus, ce type de menuiserie offre un bon coefficient d&rsquo;isolation, bien meilleur que par le pass\u00e9.<\/p>\n<p>Pour une r\u00e9novation porte ou une construction, la porte d&rsquo;entr\u00e9e maison doit avoir une bonne isolation thermique et vous faciliter l&rsquo;entretien\u00a0: tous les avantages d&rsquo;une porte alu\u00a0!<\/p>\n<\/div><\/div><div class=\"w-separator size_medium\"><\/div><div class=\"w-btn-wrapper width_auto align_center\"><a class=\"w-btn us-btn-style_2\" title=\"Demander un devis\" target=\"_blank\" href=\"https:\/\/devis.eldo.com\/fenetres-et-portes-new\/france?utm_source=SEO&amp;utm_medium=Guide&amp;utm_campaign=fenetres-portes-portes-aluminium&amp;utm_term=menuiserie?via=guide-menuiseries-portes-fenetres-menuiserie-aluminium-portes-aluminium\" rel=\"noopener\"><span class=\"w-btn-label\">Demander un devis<\/span><\/a><\/div><\/div><\/div><\/div><div class=\"vc_col-sm-6 wpb_column vc_column_container has-fill\"><div class=\"vc_column-inner us_custom_0d15be52\"><div class=\"wpb_wrapper\"><div \" class=\"faq_question_container\"><h2 class=\"faq_question_title\">Pourquoi choisir une porte d&#039;entr\u00e9e aluminium pour votre maison ?<\/h2><div class=\"faq_question_content\"><p>La porte d&rsquo;entr\u00e9e vitr\u00e9e est la nouvelle tendance, cependant, le vitrage doit \u00eatre tr\u00e8s suffisamment \u00e9pais. Une porte vitr\u00e9e ou une\u00a0<a href=\"https:\/\/www.eldo.com\/guide\/menuiseries-portes-fenetres\/menuiserie-aluminium\/portes-aluminium\/\" target=\"_blank\" rel=\"noopener noreferrer\">porte d&rsquo;entr\u00e9e en aluminium<\/a>\u00a0sera une bonne option \u00e0 condition de choisir du double vitrage anti effraction.<\/p>\n<p>Choisissez une serrure de s\u00e9curit\u00e9. Elle vous procurera toute la tranquillit\u00e9 que vous en attendez.<\/p>\n<p>Vous vous demandez comment poser une porte\u00a0? Sachez que cela ne s&rsquo;apprend pas en une journ\u00e9e\u00a0! Faites appel \u00e0 un installateur professionnel pour que votre porte d&rsquo;entr\u00e9e soit pos\u00e9e dans les r\u00e8gles de l&rsquo;art. En outre, elle n&rsquo;en sera que plus performante au niveau de l&rsquo;isolation thermique et phonique.<\/p>\n<p>Faites faire un devis, choisissez une bonne serrure et personnalisez votre porte d&rsquo;entr\u00e9e au gr\u00e8s de vos envies. Votre maison deviendra accueillante. N&rsquo;oubliez pas que c&rsquo;est en l&rsquo;ouvrant que l&rsquo;on va d\u00e9couvrir votre int\u00e9rieur. Il faut qu&rsquo;elle soit \u00e0 la hauteur de votre d\u00e9coration.<\/p>\n<\/div><\/div><\/div><\/div><\/div><\/div><\/div><\/section><section class=\"l-section wpb_row height_medium\"><div class=\"l-section-h i-cf\"><div class=\"g-cols vc_row type_default valign_top\"><div class=\"vc_col-sm-12 wpb_column vc_column_container\"><div class=\"vc_column-inner\"><div class=\"wpb_wrapper\"><div class=\"w-grid type_grid layout_331 cols_3 overflow_hidden\" id=\"us_grid_1\"><style id=\"us_grid_1_css\">#us_grid_1 .w-grid-item{padding:1.5rem}#us_grid_1 .w-grid-list{margin:-1.5rem}.w-grid + #us_grid_1 .w-grid-list{margin-top:1.5rem}@media (max-width:899px){#us_grid_1 .w-grid-item{width:50.0000%}}@media (max-width:599px){#us_grid_1 .w-grid-list{margin:0}#us_grid_1 .w-grid-item{width:100.0000%;padding:0;margin-bottom:1.5rem}}<\/style><style>.layout_331 .w-grid-item-h{}.layout_331 .usg_post_image_1{width:50%!important}.layout_331 .usg_vwrapper_1{width:50%!important;margin-right:0!important}.layout_331 .usg_post_title_1{color:#000000!important}@media (max-width:599px){.layout_331 .usg_post_title_1{font-size:1.2rem!important;margin-right:0!important;padding-bottom:0!important}}<\/style><div class=\"w-grid-list\" >\t<article class=\"w-grid-item size_1x1 post-430 page type-page status-publish has-post-thumbnail hentry\" data-id=\"430\">\r\n\t\t<div class=\"w-grid-item-h\">\r\n\t\t\t\t\t\t\t<a class=\"w-grid-item-anchor\" href=\"https:\/\/www.eldo.com\/guide\/menuiseries-portes-fenetres\/menuiserie-aluminium\/fenetres-aluminium\/\" rel=\"bookmark\" aria-label=\"Fen\u00eatres en aluminium\"><\/a>\r\n\t\t\t\t\t\t<div class=\"w-vwrapper usg_vwrapper_1 align_left valign_top\"><p class=\"w-post-elm post_title usg_post_title_1 align_center entry-title color_link_inherit has_text_color\"><a href=\"https:\/\/www.eldo.com\/guide\/menuiseries-portes-fenetres\/menuiserie-aluminium\/fenetres-aluminium\/\">Fen\u00eatres en aluminium<\/a><\/p><\/div><div class=\"w-hwrapper usg_hwrapper_1 align_left valign_top\"><div class=\"w-post-elm post_image usg_post_image_1 has_width has_ratio\"><div style=\"padding-bottom:100.0000%\"><\/div><a href=\"https:\/\/www.eldo.com\/guide\/menuiseries-portes-fenetres\/menuiserie-aluminium\/fenetres-aluminium\/\" aria-label=\"Fen\u00eatres en aluminium\"><img width=\"512\" height=\"358\" src=\"https:\/\/www.eldo.com\/guide\/wp-content\/uploads\/2020\/08\/fenetres-aluminium.jpg\" class=\"attachment-us_600_600_crop size-us_600_600_crop wp-post-image\" alt=\"fen\u00eatres en aluminium\" srcset=\"https:\/\/www.eldo.com\/guide\/wp-content\/uploads\/2020\/08\/fenetres-aluminium.jpg 512w, https:\/\/www.eldo.com\/guide\/wp-content\/uploads\/2020\/08\/fenetres-aluminium-300x210.jpg 300w, https:\/\/www.eldo.com\/guide\/wp-content\/uploads\/2020\/08\/fenetres-aluminium-572x400.jpg 572w\" sizes=\"(max-width: 512px) 100vw, 512px\" \/><\/a><\/div><\/div>\t\t<\/div>\r\n\t<\/article>\r\n\t<article class=\"w-grid-item size_1x1 post-425 page type-page status-publish has-post-thumbnail hentry\" data-id=\"425\">\r\n\t\t<div class=\"w-grid-item-h\">\r\n\t\t\t\t\t\t\t<a class=\"w-grid-item-anchor\" href=\"https:\/\/www.eldo.com\/guide\/menuiseries-portes-fenetres\/menuiserie-aluminium\/portes-fenetres-aluminium\/\" rel=\"bookmark\" aria-label=\"Porte-fen\u00eatre en aluminium\"><\/a>\r\n\t\t\t\t\t\t<div class=\"w-vwrapper usg_vwrapper_1 align_left valign_top\"><p class=\"w-post-elm post_title usg_post_title_1 align_center entry-title color_link_inherit has_text_color\"><a href=\"https:\/\/www.eldo.com\/guide\/menuiseries-portes-fenetres\/menuiserie-aluminium\/portes-fenetres-aluminium\/\">Porte-fen\u00eatre en aluminium<\/a><\/p><\/div><div class=\"w-hwrapper usg_hwrapper_1 align_left valign_top\"><div class=\"w-post-elm post_image usg_post_image_1 has_width has_ratio\"><div style=\"padding-bottom:100.0000%\"><\/div><a href=\"https:\/\/www.eldo.com\/guide\/menuiseries-portes-fenetres\/menuiserie-aluminium\/portes-fenetres-aluminium\/\" aria-label=\"Porte-fen\u00eatre en aluminium\"><img width=\"512\" height=\"468\" src=\"https:\/\/www.eldo.com\/guide\/wp-content\/uploads\/2020\/08\/portes-fenetres-aluminium.jpg\" class=\"attachment-us_600_600_crop size-us_600_600_crop wp-post-image\" alt=\"porte battante aluminium\" srcset=\"https:\/\/www.eldo.com\/guide\/wp-content\/uploads\/2020\/08\/portes-fenetres-aluminium.jpg 512w, https:\/\/www.eldo.com\/guide\/wp-content\/uploads\/2020\/08\/portes-fenetres-aluminium-300x275.jpg 300w, https:\/\/www.eldo.com\/guide\/wp-content\/uploads\/2020\/08\/portes-fenetres-aluminium-437x400.jpg 437w\" sizes=\"(max-width: 512px) 100vw, 512px\" \/><\/a><\/div><\/div>\t\t<\/div>\r\n\t<\/article>\r\n\t<article class=\"w-grid-item size_1x1 post-397 page type-page status-publish has-post-thumbnail hentry\" data-id=\"397\">\r\n\t\t<div class=\"w-grid-item-h\">\r\n\t\t\t\t\t\t\t<a class=\"w-grid-item-anchor\" href=\"https:\/\/www.eldo.com\/guide\/menuiseries-portes-fenetres\/menuiserie-aluminium\/\" rel=\"bookmark\" aria-label=\"Menuiserie en aluminium\"><\/a>\r\n\t\t\t\t\t\t<div class=\"w-vwrapper usg_vwrapper_1 align_left valign_top\"><p class=\"w-post-elm post_title usg_post_title_1 align_center entry-title color_link_inherit has_text_color\"><a href=\"https:\/\/www.eldo.com\/guide\/menuiseries-portes-fenetres\/menuiserie-aluminium\/\">Menuiserie en aluminium<\/a><\/p><\/div><div class=\"w-hwrapper usg_hwrapper_1 align_left valign_top\"><div class=\"w-post-elm post_image usg_post_image_1 has_width has_ratio\"><div style=\"padding-bottom:100.0000%\"><\/div><a href=\"https:\/\/www.eldo.com\/guide\/menuiseries-portes-fenetres\/menuiserie-aluminium\/\" aria-label=\"Menuiserie en aluminium\"><img width=\"341\" height=\"512\" src=\"https:\/\/www.eldo.com\/guide\/wp-content\/uploads\/2020\/08\/MENUISERIE-ALU-3.png\" class=\"attachment-us_600_600_crop size-us_600_600_crop wp-post-image\" alt=\"porte alu\" srcset=\"https:\/\/www.eldo.com\/guide\/wp-content\/uploads\/2020\/08\/MENUISERIE-ALU-3.png 341w, https:\/\/www.eldo.com\/guide\/wp-content\/uploads\/2020\/08\/MENUISERIE-ALU-3-200x300.png 200w, https:\/\/www.eldo.com\/guide\/wp-content\/uploads\/2020\/08\/MENUISERIE-ALU-3-683x1024.png 683w, https:\/\/www.eldo.com\/guide\/wp-content\/uploads\/2020\/08\/MENUISERIE-ALU-3-267x400.png 267w, https:\/\/www.eldo.com\/guide\/wp-content\/uploads\/2020\/08\/MENUISERIE-ALU-3-400x600.png 400w\" sizes=\"(max-width: 341px) 100vw, 341px\" \/><\/a><\/div><\/div>\t\t<\/div>\r\n\t<\/article>\r\n<\/div><div class=\"w-grid-preloader\"><div class=\"g-preloader type_1\">\r\n\t<div><\/div>\r\n<\/div>\r\n<\/div>\t<div class=\"w-grid-json hidden\" onclick='return {&quot;action&quot;:&quot;us_ajax_grid&quot;,&quot;ajax_url&quot;:&quot;https:\\\/\\\/www.eldo.com\\\/guide\\\/wp-admin\\\/admin-ajax.php&quot;,&quot;infinite_scroll&quot;:0,&quot;max_num_pages&quot;:1,&quot;pagination&quot;:&quot;none&quot;,&quot;permalink_url&quot;:&quot;https:\\\/\\\/www.eldo.com\\\/guide\\\/wp-json\\\/wp\\\/v2\\\/pages\\\/439&quot;,&quot;template_vars&quot;:{&quot;columns&quot;:&quot;3&quot;,&quot;exclude_items&quot;:&quot;none&quot;,&quot;img_size&quot;:&quot;default&quot;,&quot;ignore_items_size&quot;:false,&quot;items_layout&quot;:&quot;331&quot;,&quot;items_offset&quot;:&quot;1&quot;,&quot;load_animation&quot;:&quot;none&quot;,&quot;overriding_link&quot;:&quot;post&quot;,&quot;post_id&quot;:439,&quot;query_args&quot;:{&quot;ignore_sticky_posts&quot;:1,&quot;post_type&quot;:&quot;any&quot;,&quot;post__in&quot;:[&quot;397&quot;,&quot;425&quot;,&quot;430&quot;],&quot;posts_per_page&quot;:&quot;10&quot;},&quot;orderby_query_args&quot;:{&quot;orderby&quot;:{&quot;date&quot;:&quot;DESC&quot;}},&quot;type&quot;:&quot;grid&quot;,&quot;us_grid_ajax_index&quot;:1,&quot;us_grid_filter_params&quot;:null,&quot;us_grid_index&quot;:1,&quot;_us_grid_post_type&quot;:&quot;ids&quot;}}'><\/div>\r\n\t<\/div><\/div><\/div><\/div><\/div><\/div><\/section><section class=\"l-section wpb_row us_custom_e91755c2 height_auto width_full with_overlay\"><div class=\"l-section-overlay\" style=\"background: #ebebeb\"><\/div><div class=\"l-section-h i-cf\"><div class=\"g-cols vc_row type_boxes valign_middle\"><div class=\"vc_col-sm-12 wpb_column vc_column_container has-fill\"><div class=\"vc_column-inner us_custom_5742e712\"><div class=\"wpb_wrapper\"><p class=\"w-itext us_custom_6df4bc3a type_typingChars align_center\" onclick='return {&quot;duration&quot;:300,&quot;delay&quot;:2000,&quot;disablePartAnimation&quot;:false,&quot;dynamicColor&quot;:&quot;#ffffff&quot;,&quot;html_nbsp_char&quot;:true}'>Je\u00a0cherche\u00a0un\u00a0pro\u00a0\u00e0\u00a0<span class=\"w-itext-part changesat_0 changesat_1 changesat_2 changesat_3 changesat_4 dynamic\" style=\"color:#ffffff\" onclick='return [&quot;Bordeaux&quot;,&quot;Toulouse&quot;,&quot;Paris&quot;,&quot;Nantes&quot;,&quot;Marseille&quot;]'><span>Bordeaux<\/span><i class=\"w-itext-cursor\"><\/i><\/span><\/p><div class=\"w-separator size_small\"><\/div><div class=\"w-btn-wrapper width_auto align_center\"><a class=\"w-btn us-btn-style_2\" title=\"Demander un devis\" target=\"_blank\" href=\"https:\/\/devis.eldo.com\/fenetres-et-portes-new\/france?utm_source=SEO&amp;utm_medium=Guide&amp;utm_campaign=fenetres-portes-portes-aluminium&amp;utm_term=menuiserie?via=guide-menuiseries-portes-fenetres-menuiserie-aluminium-portes-aluminium\" rel=\"noopener\"><span class=\"w-btn-label\">Expliquer mon projet<\/span><\/a><\/div><\/div><\/div><\/div><\/div><\/div><\/section>\n","protected":false},"excerpt":{"rendered":"Menuiserie Aluminium : Comment faire le bon choix ? Guide complet : conseils, styles &amp; mat\u00e9riaux Guides travauxPages Pourquoi choisir des menuiseries en aluminium ? 5 raisons Outre le fait qu'il permette d'\u00e9quiper sa maison de menuiseries d'excellente qualit\u00e9, de portes et de fen\u00eatres \u00e0 la fois performantes et design, l'aluminium est une mati\u00e8re inerte....","protected":false},"author":1,"featured_media":79,"parent":397,"menu_order":0,"comment_status":"closed","ping_status":"closed","template":"","meta":[],"page_tags":[],"_links":{"self":[{"href":"https:\/\/www.eldo.com\/guide\/wp-json\/wp\/v2\/pages\/439"}],"collection":[{"href":"https:\/\/www.eldo.com\/guide\/wp-json\/wp\/v2\/pages"}],"about":[{"href":"https:\/\/www.eldo.com\/guide\/wp-json\/wp\/v2\/types\/page"}],"author":[{"embeddable":true,"href":"https:\/\/www.eldo.com\/guide\/wp-json\/wp\/v2\/users\/1"}],"replies":[{"embeddable":true,"href":"https:\/\/www.eldo.com\/guide\/wp-json\/wp\/v2\/comments?post=439"}],"version-history":[{"count":28,"href":"https:\/\/www.eldo.com\/guide\/wp-json\/wp\/v2\/pages\/439\/revisions"}],"predecessor-version":[{"id":10136,"href":"https:\/\/www.eldo.com\/guide\/wp-json\/wp\/v2\/pages\/439\/revisions\/10136"}],"up":[{"embeddable":true,"href":"https:\/\/www.eldo.com\/guide\/wp-json\/wp\/v2\/pages\/397"}],"wp:featuredmedia":[{"embeddable":true,"href":"https:\/\/www.eldo.com\/guide\/wp-json\/wp\/v2\/media\/79"}],"wp:attachment":[{"href":"https:\/\/www.eldo.com\/guide\/wp-json\/wp\/v2\/media?parent=439"}],"wp:term":[{"taxonomy":"page_tags","embeddable":true,"href":"https:\/\/www.eldo.com\/guide\/wp-json\/wp\/v2\/page_tags?post=439"}],"curies":[{"name":"wp","href":"https:\/\/api.w.org\/{rel}","templated":true}]}}