{"id":430,"date":"2020-08-04T11:26:56","date_gmt":"2020-08-04T11:26:56","guid":{"rendered":"https:\/\/www.eldo.com\/guide\/?page_id=430"},"modified":"2023-11-16T12:53:11","modified_gmt":"2023-11-16T12:53:11","slug":"fenetres-aluminium","status":"publish","type":"page","link":"https:\/\/www.eldo.com\/guide\/menuiseries-portes-fenetres\/menuiserie-aluminium\/fenetres-aluminium\/","title":{"rendered":"Fen\u00eatres en aluminium"},"content":{"rendered":"<section class=\"l-section wpb_row us_custom_e91755c2 height_auto width_full with_overlay\"><div class=\"l-section-overlay\" style=\"background: #ebebeb\"><\/div><div class=\"l-section-h i-cf\"><div class=\"g-cols vc_row type_boxes valign_middle\"><div class=\"vc_col-sm-12 wpb_column vc_column_container has-fill\"><div class=\"vc_column-inner us_custom_8f85df29\"><div class=\"wpb_wrapper\"><div class=\"wpb_text_column us_custom_7b615031 has_text_color\" ><div class=\"wpb_wrapper\"><h1 style=\"text-align: center;\">Fen\u00eatre en aluminium<\/h1>\n<p style=\"text-align: center;\">Guide complet : avantages &amp; conseils<\/p>\n<\/div><\/div><div class=\"w-separator size_medium\"><\/div><ol class=\"g-breadcrumbs us_custom_6556ef4c separator_icon align_left has_text_color\"><li class=\"g-breadcrumbs-item\"><a href=\"https:\/\/www.eldo.com\/guide\/\">Guides travaux<\/a><meta content=\"1\"\/><\/li><li class=\"g-breadcrumbs-separator\"><i class=\"far fa-angle-right\"><\/i><\/li><li class=\"g-breadcrumbs-item\">Pages<\/li><\/ol><\/div><\/div><\/div><div class=\"vc_col-sm-12 wpb_column vc_column_container has-fill\"><div class=\"vc_column-inner us_custom_e4eb24e1\"><div class=\"wpb_wrapper\"><div class=\"wpb_text_column\" ><div class=\"wpb_wrapper\">\n<\/div><\/div><div \" class=\"faq_question_container\"><h2 class=\"faq_question_title\">Fen\u00eatre en aluminium : quels sont les avantages ?<\/h2><div class=\"faq_question_content\"><p><span style=\"font-size: 16px;\">Une fen\u00eatre joue un r\u00f4le important sur la vie \u00e0 l&rsquo;int\u00e9rieur de la maison. Ouvrant sur l&rsquo;ext\u00e9rieur, la fen\u00eatre laisse entrer la luminosit\u00e9, cependant, elle ne doit laisser entrer ni la chaleur ni le froid.<\/span><\/p>\n<div class=\"row\">\n<div class=\"col-md-12\">\n<div class=\"row\">\n<div class=\"col-md-12\">\n<p>Bien choisir son fabricant de fen\u00eatres est essentiel, lors de travaux de r\u00e9novation ou de construction. Le choix des menuiseries portes et fen\u00eatres a son importance. La fen\u00eatre doit \u00eatre isolante, elle donne directement sur l&rsquo;ext\u00e9rieur et peut donc provoquer l&rsquo;apparition de ponts thermiques en cas de d\u00e9faillance, ce qui peut nuire \u00e0 votre sant\u00e9 et faire grimper vos factures d&rsquo;\u00e9lectricit\u00e9.<\/p>\n<p>N&rsquo;oublions pas que leur but est d&rsquo;assurer votre confort thermique, l&rsquo;isolation thermique et phonique de votre logement, tout en optimisant l&rsquo;entr\u00e9e de lumi\u00e8re naturelle.<\/p>\n<\/div>\n<\/div>\n<div class=\"row\">\n<div class=\"col-md-12\"><\/div>\n<\/div>\n<\/div>\n<\/div>\n<\/div><\/div><div class=\"w-separator size_medium\"><\/div><div class=\"w-btn-wrapper width_auto align_center\"><a class=\"w-btn us-btn-style_2\" title=\"Demander un devis\" target=\"_blank\" href=\"https:\/\/devis.eldo.com\/fenetres-et-portes-new\/france?utm_source=SEO&amp;utm_medium=Guide&amp;utm_campaign=fenetres-portes-fenetres-aluminium\" rel=\"noopener\"><span class=\"w-btn-label\">Demander conseil<\/span><\/a><\/div><\/div><\/div><\/div><\/div><\/div><\/section><section class=\"l-section wpb_row height_auto width_full\"><div class=\"l-section-h i-cf\"><div class=\"g-cols vc_row type_boxes valign_middle\"><div class=\"vc_col-sm-4 wpb_column vc_column_container has-fill\"><div class=\"vc_column-inner us_custom_4fb9e5a3\"><div class=\"wpb_wrapper\"><div \" class=\"faq_question_container\"><h2 class=\"faq_question_title\">Alu, PVC ou bois ?<\/h2><div class=\"faq_question_content\"><p>A la diff\u00e9rence des fen\u00eatres bois,\u00a0<a href=\"https:\/\/www.eldo.com\/guide\/menuiseries-portes-fenetres\/menuiserie-aluminium\/\">la menuiserie aluminium<\/a>\u00a0est plus abordable en termes de prix. Elle poss\u00e8de une bonne performance thermique, meilleure que par le pass\u00e9. Contrairement aux fen\u00eatres PVC, les fen\u00eatres aluminium sont presque enti\u00e8rement recyclables.<\/p>\n<p>Le mod\u00e8le choisi doit \u00eatre exactement adapt\u00e9 \u00e0 votre int\u00e9rieur. Si votre ouverture poss\u00e8de des dimensions particuli\u00e8res, sachez qu&rsquo;il est possible d&rsquo;envisager un mod\u00e8le de fen\u00eatre sur-mesure. L&rsquo;aluminium s&rsquo;assortit aussi bien avec une maison \u00e9pur\u00e9e qu&rsquo;avec une maison traditionnelle, cr\u00e9ant ainsi un contraste. Avec un vitrage isolant, ces fen\u00eatres poss\u00e8dent une bonne isolation phonique et participent \u00e0 la rupture de pont thermique.<\/p>\n<\/div><\/div><\/div><\/div><\/div><div class=\"vc_col-sm-4 wpb_column vc_column_container\"><div class=\"vc_column-inner\"><div class=\"wpb_wrapper\"><div class=\"w-image style_shadow-1 align_center\"><div class=\"w-image-h\"><img width=\"512\" height=\"358\" src=\"https:\/\/www.eldo.com\/guide\/wp-content\/uploads\/2020\/08\/fenetres-aluminium.jpg\" class=\"attachment-us_800_600 size-us_800_600\" alt=\"fen\u00eatres en aluminium\" srcset=\"https:\/\/www.eldo.com\/guide\/wp-content\/uploads\/2020\/08\/fenetres-aluminium.jpg 512w, https:\/\/www.eldo.com\/guide\/wp-content\/uploads\/2020\/08\/fenetres-aluminium-300x210.jpg 300w, https:\/\/www.eldo.com\/guide\/wp-content\/uploads\/2020\/08\/fenetres-aluminium-572x400.jpg 572w\" sizes=\"(max-width: 512px) 100vw, 512px\" \/><\/div><\/div><\/div><\/div><\/div><div class=\"vc_col-sm-4 wpb_column vc_column_container\"><div class=\"vc_column-inner\"><div class=\"wpb_wrapper\"><div \" class=\"faq_question_container\"><h2 class=\"faq_question_title\">Quels sont les avantages de l&#039;aluminium ?<\/h2><div class=\"faq_question_content\"><div class=\"row\">\n<div class=\"col-md-12\">\n<p>Ces derniers sont nombreux. Le principal est qu&rsquo;il ne n\u00e9cessite que tr\u00e8s peu d&rsquo;entretien.<\/p>\n<p>En plus de permettre une bonne isolation thermique, l&rsquo;aluminium octroie maintenant une bonne isolation acoustique.<\/p>\n<p>Ce mat\u00e9riau ne rouille pas, il est r\u00e9sistant et donne donc une fen\u00eatre performante. Il est aussi design et peut \u00eatre de la couleur de votre choix (le thermolaquage offre de nombreux coloris).<\/p>\n<p>Il autorise la construction de ch\u00e2ssis \u00e0 la fois fins et discrets, permettant de faire rentrer plus de luminosit\u00e9 dans la pi\u00e8ce. Votre fen\u00eatre prend moins de place et met en valeur le vitrage.<\/p>\n<\/div>\n<\/div>\n<div class=\"row\">\n<div class=\"col-md-12\"><\/div>\n<\/div>\n<\/div><\/div><\/div><\/div><\/div><\/div><\/div><\/section><section class=\"l-section wpb_row height_auto width_full\"><div class=\"l-section-h i-cf\"><div class=\"g-cols vc_row type_boxes valign_middle gap-2px\"><style>.g-cols.gap-2px{margin:0 -2px}.gap-2px > .vc_column_container {padding:2px}<\/style><div class=\"vc_col-sm-12 wpb_column vc_column_container\"><div class=\"vc_column-inner\"><div class=\"wpb_wrapper\"><div \" class=\"faq_question_container\"><h2 class=\"faq_question_title\">Quels types de fen\u00eatre en aluminium existe-il ?<\/h2><div class=\"faq_question_content\"><p>Il existe un large choix de possibilit\u00e9s\u00a0:<\/p>\n<ul>\n<li>Fen\u00eatre coulissante.<\/li>\n<li>Fen\u00eatre basculante.<\/li>\n<li>Baie coulissante \u00e0 galandage.<\/li>\n<li>Fen\u00eatre battante.<\/li>\n<li>Fen\u00eatre persienne.<\/li>\n<li>Syst\u00e8me oscillo battant.<\/li>\n<\/ul>\n<\/div><\/div><div class=\"w-separator size_medium\"><\/div><div class=\"wpb_text_column\" ><div class=\"wpb_wrapper\"><p>Que vous vouliez choisir une fen\u00eatre double vitrage (renforc\u00e9 avec la pr\u00e9sence de gaz argon), du simple vitrage ou du triple vitrage (plus rare et plus lourd), l&rsquo;important est que vous soyez prot\u00e8g\u00e9 contre toute effraction, tout en profitant d&rsquo;une bonne isolation.<\/p>\n<p><i>Si vous choisissez de changer vos fen\u00eatres dans le cadre d&rsquo;une r\u00e9novation, vous pourrez b\u00e9n\u00e9ficier d&rsquo;un cr\u00e9dit d&rsquo;imp\u00f4t et d&rsquo;autres avantages (tva r\u00e9duite).<\/i><\/p>\n<p>Pour la pose de fen\u00eatres ou de\u00a0<a href=\"https:\/\/www.eldo.com\/guide\/menuiseries-portes-fenetres\/menuiserie-aluminium\/portes-fenetres-aluminium\/\" target=\"_blank\" rel=\"noopener noreferrer\">portes fen\u00eatres en aluminium<\/a>, qu&rsquo;elles soient de petites ou de grandes dimensions, il est bon de demander plusieurs devis pour vos travaux.<\/p>\n<p><i>Faire un devis est g\u00e9n\u00e9ralement gratuit et sans engagement, mais c&rsquo;est vous garantir de trouver les meilleurs professionnels pour que vos fen\u00eatres poss\u00e8dent les bonnes performances selon votre configuration.<\/i><\/p>\n<\/div><\/div><div class=\"wpb_text_column\" ><div class=\"wpb_wrapper\"><p>Le prix d&rsquo;une fen\u00eatre aluminium reste un bon rapport qualit\u00e9 prix. Poser une fen\u00eatre n&rsquo;est pas une chose facile, ne vous lancez pas dans la pose en r\u00e9novation sans bien savoir ce que vous faites. Des professionnels qualifi\u00e9s sont l\u00e0 pour que vous ayez la meilleure installation possible de vos nouvelles fen\u00eatres alu.<\/p>\n<p>Si votre logement est de conception bioclimatique, les baies vitr\u00e9es favorisent l&rsquo;ensoleillement naturel. En ce sens, les baies vitr\u00e9es coulissantes en aluminium sont une option int\u00e9ressante.<\/p>\n<p>Vos fen\u00eatres et votre\u00a0<a href=\"https:\/\/www.eldo.com\/guide\/menuiseries-portes-fenetres\/menuiserie-aluminium\/portes-aluminium\/\" target=\"_blank\" rel=\"noopener noreferrer\">porte d&rsquo;entr\u00e9e en aluminium<\/a>\u00a0sont des remparts contre les agressions ext\u00e9rieures. Veillez \u00e0 faire le choix le plus judicieux.<\/p>\n<\/div><\/div><div class=\"w-btn-wrapper width_auto align_center\"><a class=\"w-btn us-btn-style_2\" title=\"Demander un devis\" target=\"_blank\" href=\"https:\/\/devis.eldo.com\/fenetres-et-portes-new\/france?utm_source=SEO&amp;utm_medium=Guide&amp;utm_campaign=fenetres-portes-fenetres-aluminium\" rel=\"noopener\"><span class=\"w-btn-label\">Demander un devis gratuit<\/span><\/a><\/div><\/div><\/div><\/div><\/div><\/div><\/section><section class=\"l-section wpb_row height_medium\"><div class=\"l-section-h i-cf\"><div class=\"g-cols vc_row type_default valign_top\"><div class=\"vc_col-sm-12 wpb_column vc_column_container\"><div class=\"vc_column-inner\"><div class=\"wpb_wrapper\"><div class=\"w-grid type_grid layout_331 cols_4 overflow_hidden\" id=\"us_grid_1\"><style id=\"us_grid_1_css\">#us_grid_1 .w-grid-item{padding:1.5rem}#us_grid_1 .w-grid-list{margin:-1.5rem}.w-grid + #us_grid_1 .w-grid-list{margin-top:1.5rem}@media (max-width:1199px){#us_grid_1 .w-grid-item{width:33.3333%}}@media (max-width:899px){#us_grid_1 .w-grid-item{width:50.0000%}}@media (max-width:599px){#us_grid_1 .w-grid-list{margin:0}#us_grid_1 .w-grid-item{width:100.0000%;padding:0;margin-bottom:1.5rem}}<\/style><style>.layout_331 .w-grid-item-h{}.layout_331 .usg_post_image_1{width:50%!important}.layout_331 .usg_vwrapper_1{width:50%!important;margin-right:0!important}.layout_331 .usg_post_title_1{color:#000000!important}@media (max-width:599px){.layout_331 .usg_post_title_1{font-size:1.2rem!important;margin-right:0!important;padding-bottom:0!important}}<\/style><div class=\"w-grid-list\" >\t<article class=\"w-grid-item size_1x1 post-439 page type-page status-publish has-post-thumbnail hentry\" data-id=\"439\">\r\n\t\t<div class=\"w-grid-item-h\">\r\n\t\t\t\t\t\t\t<a class=\"w-grid-item-anchor\" href=\"https:\/\/www.eldo.com\/guide\/menuiseries-portes-fenetres\/menuiserie-aluminium\/portes-aluminium\/\" rel=\"bookmark\" aria-label=\"Porte d&rsquo;entr\u00e9e aluminium\"><\/a>\r\n\t\t\t\t\t\t<div class=\"w-vwrapper usg_vwrapper_1 align_left valign_top\"><p class=\"w-post-elm post_title usg_post_title_1 align_center entry-title color_link_inherit has_text_color\"><a href=\"https:\/\/www.eldo.com\/guide\/menuiseries-portes-fenetres\/menuiserie-aluminium\/portes-aluminium\/\">Porte d&rsquo;entr\u00e9e aluminium<\/a><\/p><\/div><div class=\"w-hwrapper usg_hwrapper_1 align_left valign_top\"><div class=\"w-post-elm post_image usg_post_image_1 has_width has_ratio\"><div style=\"padding-bottom:100.0000%\"><\/div><a href=\"https:\/\/www.eldo.com\/guide\/menuiseries-portes-fenetres\/menuiserie-aluminium\/portes-aluminium\/\" aria-label=\"Porte d&rsquo;entr\u00e9e aluminium\"><img width=\"341\" height=\"512\" src=\"https:\/\/www.eldo.com\/guide\/wp-content\/uploads\/2020\/08\/MENUISERIE-ALU-3.png\" class=\"attachment-us_600_600_crop size-us_600_600_crop wp-post-image\" alt=\"porte alu\" srcset=\"https:\/\/www.eldo.com\/guide\/wp-content\/uploads\/2020\/08\/MENUISERIE-ALU-3.png 341w, https:\/\/www.eldo.com\/guide\/wp-content\/uploads\/2020\/08\/MENUISERIE-ALU-3-200x300.png 200w, https:\/\/www.eldo.com\/guide\/wp-content\/uploads\/2020\/08\/MENUISERIE-ALU-3-683x1024.png 683w, https:\/\/www.eldo.com\/guide\/wp-content\/uploads\/2020\/08\/MENUISERIE-ALU-3-267x400.png 267w, https:\/\/www.eldo.com\/guide\/wp-content\/uploads\/2020\/08\/MENUISERIE-ALU-3-400x600.png 400w\" sizes=\"(max-width: 341px) 100vw, 341px\" \/><\/a><\/div><\/div>\t\t<\/div>\r\n\t<\/article>\r\n\t<article class=\"w-grid-item size_1x1 post-425 page type-page status-publish has-post-thumbnail hentry\" data-id=\"425\">\r\n\t\t<div class=\"w-grid-item-h\">\r\n\t\t\t\t\t\t\t<a class=\"w-grid-item-anchor\" href=\"https:\/\/www.eldo.com\/guide\/menuiseries-portes-fenetres\/menuiserie-aluminium\/portes-fenetres-aluminium\/\" rel=\"bookmark\" aria-label=\"Porte-fen\u00eatre en aluminium\"><\/a>\r\n\t\t\t\t\t\t<div class=\"w-vwrapper usg_vwrapper_1 align_left valign_top\"><p class=\"w-post-elm post_title usg_post_title_1 align_center entry-title color_link_inherit has_text_color\"><a href=\"https:\/\/www.eldo.com\/guide\/menuiseries-portes-fenetres\/menuiserie-aluminium\/portes-fenetres-aluminium\/\">Porte-fen\u00eatre en aluminium<\/a><\/p><\/div><div class=\"w-hwrapper usg_hwrapper_1 align_left valign_top\"><div class=\"w-post-elm post_image usg_post_image_1 has_width has_ratio\"><div style=\"padding-bottom:100.0000%\"><\/div><a href=\"https:\/\/www.eldo.com\/guide\/menuiseries-portes-fenetres\/menuiserie-aluminium\/portes-fenetres-aluminium\/\" aria-label=\"Porte-fen\u00eatre en aluminium\"><img width=\"512\" height=\"468\" src=\"https:\/\/www.eldo.com\/guide\/wp-content\/uploads\/2020\/08\/portes-fenetres-aluminium.jpg\" class=\"attachment-us_600_600_crop size-us_600_600_crop wp-post-image\" alt=\"porte battante aluminium\" srcset=\"https:\/\/www.eldo.com\/guide\/wp-content\/uploads\/2020\/08\/portes-fenetres-aluminium.jpg 512w, https:\/\/www.eldo.com\/guide\/wp-content\/uploads\/2020\/08\/portes-fenetres-aluminium-300x275.jpg 300w, https:\/\/www.eldo.com\/guide\/wp-content\/uploads\/2020\/08\/portes-fenetres-aluminium-437x400.jpg 437w\" sizes=\"(max-width: 512px) 100vw, 512px\" \/><\/a><\/div><\/div>\t\t<\/div>\r\n\t<\/article>\r\n\t<article class=\"w-grid-item size_1x1 post-397 page type-page status-publish has-post-thumbnail hentry\" data-id=\"397\">\r\n\t\t<div class=\"w-grid-item-h\">\r\n\t\t\t\t\t\t\t<a class=\"w-grid-item-anchor\" href=\"https:\/\/www.eldo.com\/guide\/menuiseries-portes-fenetres\/menuiserie-aluminium\/\" rel=\"bookmark\" aria-label=\"Menuiserie en aluminium\"><\/a>\r\n\t\t\t\t\t\t<div class=\"w-vwrapper usg_vwrapper_1 align_left valign_top\"><p class=\"w-post-elm post_title usg_post_title_1 align_center entry-title color_link_inherit has_text_color\"><a href=\"https:\/\/www.eldo.com\/guide\/menuiseries-portes-fenetres\/menuiserie-aluminium\/\">Menuiserie en aluminium<\/a><\/p><\/div><div class=\"w-hwrapper usg_hwrapper_1 align_left valign_top\"><div class=\"w-post-elm post_image usg_post_image_1 has_width has_ratio\"><div style=\"padding-bottom:100.0000%\"><\/div><a href=\"https:\/\/www.eldo.com\/guide\/menuiseries-portes-fenetres\/menuiserie-aluminium\/\" aria-label=\"Menuiserie en aluminium\"><img width=\"341\" height=\"512\" src=\"https:\/\/www.eldo.com\/guide\/wp-content\/uploads\/2020\/08\/MENUISERIE-ALU-3.png\" class=\"attachment-us_600_600_crop size-us_600_600_crop wp-post-image\" alt=\"porte alu\" srcset=\"https:\/\/www.eldo.com\/guide\/wp-content\/uploads\/2020\/08\/MENUISERIE-ALU-3.png 341w, https:\/\/www.eldo.com\/guide\/wp-content\/uploads\/2020\/08\/MENUISERIE-ALU-3-200x300.png 200w, https:\/\/www.eldo.com\/guide\/wp-content\/uploads\/2020\/08\/MENUISERIE-ALU-3-683x1024.png 683w, https:\/\/www.eldo.com\/guide\/wp-content\/uploads\/2020\/08\/MENUISERIE-ALU-3-267x400.png 267w, https:\/\/www.eldo.com\/guide\/wp-content\/uploads\/2020\/08\/MENUISERIE-ALU-3-400x600.png 400w\" sizes=\"(max-width: 341px) 100vw, 341px\" \/><\/a><\/div><\/div>\t\t<\/div>\r\n\t<\/article>\r\n<\/div><div class=\"w-grid-preloader\"><div class=\"g-preloader type_1\">\r\n\t<div><\/div>\r\n<\/div>\r\n<\/div>\t<div class=\"w-grid-json hidden\" onclick='return {&quot;action&quot;:&quot;us_ajax_grid&quot;,&quot;ajax_url&quot;:&quot;https:\\\/\\\/www.eldo.com\\\/guide\\\/wp-admin\\\/admin-ajax.php&quot;,&quot;infinite_scroll&quot;:0,&quot;max_num_pages&quot;:1,&quot;pagination&quot;:&quot;none&quot;,&quot;permalink_url&quot;:&quot;https:\\\/\\\/www.eldo.com\\\/guide\\\/wp-json\\\/wp\\\/v2\\\/pages\\\/430&quot;,&quot;template_vars&quot;:{&quot;columns&quot;:&quot;4&quot;,&quot;exclude_items&quot;:&quot;none&quot;,&quot;img_size&quot;:&quot;default&quot;,&quot;ignore_items_size&quot;:false,&quot;items_layout&quot;:&quot;331&quot;,&quot;items_offset&quot;:&quot;1&quot;,&quot;load_animation&quot;:&quot;none&quot;,&quot;overriding_link&quot;:&quot;post&quot;,&quot;post_id&quot;:430,&quot;query_args&quot;:{&quot;ignore_sticky_posts&quot;:1,&quot;post_type&quot;:&quot;any&quot;,&quot;post__in&quot;:[&quot;397&quot;,&quot;425&quot;,&quot;439&quot;,&quot;94&quot;],&quot;posts_per_page&quot;:&quot;10&quot;},&quot;orderby_query_args&quot;:{&quot;orderby&quot;:{&quot;date&quot;:&quot;DESC&quot;}},&quot;type&quot;:&quot;grid&quot;,&quot;us_grid_ajax_index&quot;:1,&quot;us_grid_filter_params&quot;:null,&quot;us_grid_index&quot;:1,&quot;_us_grid_post_type&quot;:&quot;ids&quot;}}'><\/div>\r\n\t<\/div><\/div><\/div><\/div><\/div><\/div><\/section><section class=\"l-section wpb_row us_custom_e91755c2 height_auto width_full with_overlay\"><div class=\"l-section-overlay\" style=\"background: #ebebeb\"><\/div><div class=\"l-section-h i-cf\"><div class=\"g-cols vc_row type_boxes valign_middle\"><div class=\"vc_col-sm-12 wpb_column vc_column_container has-fill\"><div class=\"vc_column-inner us_custom_25914eaa\"><div class=\"wpb_wrapper\"><p class=\"w-itext us_custom_6df4bc3a type_typingChars align_center\" onclick='return {&quot;duration&quot;:300,&quot;delay&quot;:2000,&quot;disablePartAnimation&quot;:false,&quot;dynamicColor&quot;:&quot;#ffffff&quot;,&quot;html_nbsp_char&quot;:true}'>Je\u00a0cherche\u00a0un\u00a0pro\u00a0\u00e0\u00a0<span class=\"w-itext-part changesat_0 changesat_1 changesat_2 changesat_3 changesat_4 dynamic\" style=\"color:#ffffff\" onclick='return [&quot;Bordeaux&quot;,&quot;Toulouse&quot;,&quot;Paris&quot;,&quot;Nantes&quot;,&quot;Marseille&quot;]'><span>Bordeaux<\/span><i class=\"w-itext-cursor\"><\/i><\/span><\/p><div class=\"w-separator size_small\"><\/div><div class=\"w-btn-wrapper width_auto align_center\"><a class=\"w-btn us-btn-style_2\" title=\"Demander un devis\" target=\"_blank\" href=\"https:\/\/devis.eldo.com\/fenetres-et-portes-new\/france?utm_source=SEO&amp;utm_medium=Guide&amp;utm_campaign=fenetres-portes-fenetres-aluminium\" rel=\"noopener\"><span class=\"w-btn-label\">Expliquer mon projet<\/span><\/a><\/div><\/div><\/div><\/div><\/div><\/div><\/section>\n","protected":false},"excerpt":{"rendered":"Menuiserie Aluminium : Comment faire le bon choix ? Guide complet : conseils, styles &amp; mat\u00e9riaux Guides travauxPages Pourquoi choisir des menuiseries en aluminium ? 5 raisons Outre le fait qu'il permette d'\u00e9quiper sa maison de menuiseries d'excellente qualit\u00e9, de portes et de fen\u00eatres \u00e0 la fois performantes et design, l'aluminium est une mati\u00e8re inerte....","protected":false},"author":1,"featured_media":433,"parent":397,"menu_order":0,"comment_status":"closed","ping_status":"closed","template":"","meta":[],"page_tags":[],"_links":{"self":[{"href":"https:\/\/www.eldo.com\/guide\/wp-json\/wp\/v2\/pages\/430"}],"collection":[{"href":"https:\/\/www.eldo.com\/guide\/wp-json\/wp\/v2\/pages"}],"about":[{"href":"https:\/\/www.eldo.com\/guide\/wp-json\/wp\/v2\/types\/page"}],"author":[{"embeddable":true,"href":"https:\/\/www.eldo.com\/guide\/wp-json\/wp\/v2\/users\/1"}],"replies":[{"embeddable":true,"href":"https:\/\/www.eldo.com\/guide\/wp-json\/wp\/v2\/comments?post=430"}],"version-history":[{"count":25,"href":"https:\/\/www.eldo.com\/guide\/wp-json\/wp\/v2\/pages\/430\/revisions"}],"predecessor-version":[{"id":10623,"href":"https:\/\/www.eldo.com\/guide\/wp-json\/wp\/v2\/pages\/430\/revisions\/10623"}],"up":[{"embeddable":true,"href":"https:\/\/www.eldo.com\/guide\/wp-json\/wp\/v2\/pages\/397"}],"wp:featuredmedia":[{"embeddable":true,"href":"https:\/\/www.eldo.com\/guide\/wp-json\/wp\/v2\/media\/433"}],"wp:attachment":[{"href":"https:\/\/www.eldo.com\/guide\/wp-json\/wp\/v2\/media?parent=430"}],"wp:term":[{"taxonomy":"page_tags","embeddable":true,"href":"https:\/\/www.eldo.com\/guide\/wp-json\/wp\/v2\/page_tags?post=430"}],"curies":[{"name":"wp","href":"https:\/\/api.w.org\/{rel}","templated":true}]}}