{"id":3119,"date":"2020-12-30T14:31:23","date_gmt":"2020-12-30T14:31:23","guid":{"rendered":"https:\/\/www.eldo.com\/guide\/?page_id=3119"},"modified":"2023-11-16T15:13:25","modified_gmt":"2023-11-16T15:13:25","slug":"renovation-electrique","status":"publish","type":"page","link":"https:\/\/www.eldo.com\/guide\/electricite\/renovation-electrique\/","title":{"rendered":"R\u00e9novation \u00e9lectrique"},"content":{"rendered":"<section class=\"l-section wpb_row us_custom_e4eb24e1 height_auto width_full with_overlay\"><div class=\"l-section-overlay\" style=\"background: #ebebeb\"><\/div><div class=\"l-section-h i-cf\"><div class=\"g-cols vc_row type_boxes valign_middle\"><div class=\"vc_col-sm-12 wpb_column vc_column_container has-fill has_text_color\"><div class=\"vc_column-inner us_custom_b2e148ef\"><div class=\"wpb_wrapper\"><div class=\"wpb_text_column us_custom_2e587a18 has_text_color\" ><div class=\"wpb_wrapper\"><h1 style=\"text-align: center;\"><span style=\"font-weight: 400;\">R\u00e9novation \u00e9lectrique<\/span><\/h1>\n<\/div><\/div><div class=\"w-separator size_medium\"><\/div><ol class=\"g-breadcrumbs us_custom_6556ef4c separator_icon align_left has_text_color\"><li class=\"g-breadcrumbs-item\"><a href=\"https:\/\/www.eldo.com\/guide\/\">Guides travaux<\/a><meta content=\"1\"\/><\/li><li class=\"g-breadcrumbs-separator\"><i class=\"far fa-angle-right\"><\/i><\/li><li class=\"g-breadcrumbs-item\">Pages<\/li><\/ol><\/div><\/div><\/div><div class=\"vc_col-sm-12 wpb_column vc_column_container has-fill\"><div class=\"vc_column-inner us_custom_e4eb24e1\"><div class=\"wpb_wrapper\"><div class=\"wpb_text_column\" ><div class=\"wpb_wrapper\">\n<\/div><\/div><div class=\"wpb_text_column us_custom_ae99f6aa has_text_color\" ><div class=\"wpb_wrapper\"><p><span style=\"font-weight: 400;\">La <\/span><b>r\u00e9novation du syst\u00e8me \u00e9lectrique<\/b><span style=\"font-weight: 400;\"> d\u2019une maison ou d\u2019un appartement requiert les services d\u2019un professionnel. \u00c0 la diff\u00e9rence de l\u2019installation \u00e9lectrique, la r\u00e9novation se fait sur une installation d\u00e9j\u00e0 existante. Les <a href=\"https:\/\/www.eldo.com\/guide\/electricite\/choisir-un-electricien\/\">\u00e9lectriciens<\/a> assurent des <\/span><b>prestations de qualit\u00e9s<\/b><span style=\"font-weight: 400;\"> et sont garants de la s\u00e9curit\u00e9 du circuit \u00e9lectrique d\u2019un logement. Cette mise en s\u00e9curit\u00e9 est garantie par leur savoir-faire et le respect des normes en vigueur (<\/span><b>NF C 15-100<\/b><span style=\"font-weight: 400;\">).<\/span><\/p>\n<\/div><\/div><\/div><\/div><\/div><\/div><\/div><\/section><section class=\"l-section wpb_row height_auto width_full\"><div class=\"l-section-h i-cf\"><div class=\"g-cols vc_row type_boxes valign_middle\"><div class=\"vc_col-sm-12 wpb_column vc_column_container has-fill\"><div class=\"vc_column-inner us_custom_4fb9e5a3\"><div class=\"wpb_wrapper\"><div class=\"w-separator size_small\"><\/div><div \" class=\"faq_question_container\"><h2 class=\"faq_question_title\">Qu&#039;est ce qu&#039;une r\u00e9novation \u00e9lectrique ?<\/h2><div class=\"faq_question_content\"><p><span style=\"font-weight: 400;\">Les r\u00e9novations \u00e9lectriques concernent la r\u00e9habilitation de l\u2019ensemble du r\u00e9seau \u00e9lectrique ou des appareils \u00e9lectriques\u00a0:\u00a0\u00a0<\/span><\/p>\n<ul>\n<li style=\"font-weight: 400;\"><span style=\"font-weight: 400;\">Tableau \u00e9lectrique (disjoncteur diff\u00e9rentiel, fusibles, etc.)<\/span><\/li>\n<li style=\"font-weight: 400;\"><span style=\"font-weight: 400;\">Compteur \u00e9lectrique.<\/span><\/li>\n<li style=\"font-weight: 400;\"><span style=\"font-weight: 400;\">Changement d\u2019interrupteur (basse consommation, interrupteur diff\u00e9rentiel).<\/span><\/li>\n<li style=\"font-weight: 400;\"><span style=\"font-weight: 400;\">Changement de prise \u00e9lectrique (mise \u00e0 la terre).<\/span><\/li>\n<li style=\"font-weight: 400;\"><span style=\"font-weight: 400;\">Changement des fils \u00e9lectriques (c\u00e2blage).<\/span><\/li>\n<li style=\"font-weight: 400;\"><span style=\"font-weight: 400;\">Chauffage \u00e9lectrique ou radiateur \u00e9lectrique.<\/span><\/li>\n<li style=\"font-weight: 400;\"><span style=\"font-weight: 400;\">Pompe \u00e0 chaleur.<\/span><\/li>\n<li style=\"font-weight: 400;\"><span style=\"font-weight: 400;\">Panneau photovolta\u00efque.<\/span><\/li>\n<li style=\"font-weight: 400;\"><span style=\"font-weight: 400;\">Etc.<\/span><\/li>\n<\/ul>\n<\/div><\/div><div class=\"w-separator size_medium\"><\/div><div \" class=\"faq_question_container\"><h2 class=\"faq_question_title\">Dans quels cas faire une r\u00e9novation \u00e9lectrique ?<\/h2><div class=\"faq_question_content\"><p><span style=\"font-weight: 400;\">La r\u00e9novation \u00e9lectrique peut intervenir dans le cadre d\u2019une remise aux normes (<\/span><b>certificat Consuel<\/b><span style=\"font-weight: 400;\">). Les logements destin\u00e9s \u00e0 <\/span><b>la<\/b> <b>location<\/b><span style=\"font-weight: 400;\"> et <\/span><b>la<\/b> <b>vente<\/b><span style=\"font-weight: 400;\"> doivent disposer d\u2019un circuit \u00e9lectrique s\u00e9curis\u00e9. C\u2019est la norme fran\u00e7aise qui fixe les pr\u00e9rogatives en mati\u00e8re d\u2019\u00e9lectricit\u00e9s dans les logements. Il est conseill\u00e9 de faire un <\/span><b>devis<\/b><span style=\"font-weight: 400;\"> des travaux avant toute intervention d\u2019une entreprise d\u2019\u00e9lectricit\u00e9.<\/span><\/p>\n<\/div><\/div><\/div><\/div><\/div><\/div><\/div><\/section><section class=\"l-section wpb_row height_auto width_full\"><div class=\"l-section-h i-cf\"><div class=\"g-cols vc_row type_boxes valign_middle gap-5px\"><style>.g-cols.gap-5px{margin:0 -5px}.gap-5px > .vc_column_container {padding:5px}<\/style><div class=\"vc_col-sm-12 wpb_column vc_column_container has-fill\"><div class=\"vc_column-inner us_custom_e4eb24e1\"><div class=\"wpb_wrapper\"><div \" class=\"faq_question_container\"><h2 class=\"faq_question_title\">La r\u00e9novation \u00e9lectrique : Quelle s\u00e9curit\u00e9 pour votre logement ?<\/h2><div class=\"faq_question_content\"><p><span style=\"font-weight: 400;\">La <\/span><a href=\"https:\/\/www.eldo.com\/guide\/electricite\/mise-aux-normes\/\"><b>mise aux normes \u00e9lectriques<\/b><\/a><span style=\"font-weight: 400;\"> est un point essentiel des r\u00e9novations. Un <\/span><b>diagnostic<\/b> <b>\u00e9lectrique<\/b><span style=\"font-weight: 400;\"> pr\u00e9c\u00e8de souvent les travaux de r\u00e9novation afin de conna\u00eetre du sch\u00e9ma \u00e9lectrique. Un circuit v\u00e9tuste sans prise de terre favorise le risque d\u2019\u00e9lectrocution. La mise en conformit\u00e9 offre une s\u00e9curit\u00e9 \u00e9lectrique indispensable \u00e0 tous logements.\u00a0<\/span><\/p>\n<p><span style=\"font-weight: 400;\">L\u2019installation d\u2019une prise de courant encastr\u00e9e, de c\u00e2bles \u00e9lectriques ou de nouveaux points lumineux peut \u00eatre requise pour \u00eatre conforme \u00e0 la norme NF.<\/span><\/p>\n<p><span style=\"font-weight: 400;\">La r\u00e9novation \u00e9lectrique peut \u00eatre \u00e9galement due \u00e0 une volont\u00e9 d\u2019abaisser votre <\/span><b>consommation<\/b> <b>d\u2019\u00e9nergie<\/b> <b>\u00e9lectrique<\/b><span style=\"font-weight: 400;\">. Le changement d\u2019\u00e9quipement plus performant et moins gourmand est un investissement rentable. De plus, ces types de travaux sont subventionn\u00e9s par l\u2019\u00e9tat afin de les encourager.<\/span><\/p>\n<\/div><\/div><div class=\"w-separator size_medium\"><\/div><div class=\"w-btn-wrapper width_auto align_center\"><a class=\"w-btn us-btn-style_1\" title=\"r\u00e9novation \u00e9lectrique\" href=\"https:\/\/devis.eldo.com\/electricite-new\/france?utm_source=SEO&amp;utm_medium=Guide&amp;utm_campaign=electricite-renovation-electrique\"><span class=\"w-btn-label\">Demander conseil<\/span><\/a><\/div><\/div><\/div><\/div><\/div><\/div><\/section><section class=\"l-section wpb_row us_custom_4fb9e5a3 height_auto width_full with_overlay\"><div class=\"l-section-overlay\" style=\"background: #ebebeb\"><\/div><div class=\"l-section-h i-cf\"><div class=\"g-cols vc_row type_boxes valign_middle\"><div class=\"vc_col-sm-12 wpb_column vc_column_container has-fill\"><div class=\"vc_column-inner us_custom_4fb9e5a3\"><div class=\"wpb_wrapper\"><div \" class=\"faq_question_container\"><h2 class=\"faq_question_title\">La r\u00e9novation \u00e9lectrique : un investissement rentable ?<\/h2><div class=\"faq_question_content\"><p><span style=\"font-weight: 400;\">Adopter une habitude de consommation plus respectueuse de l\u2019environnement vous permet de r\u00e9aliser des <\/span><b>\u00e9conomies<\/b><span style=\"font-weight: 400;\"> non n\u00e9gligeables. Gr\u00e2ce \u00e0 la r\u00e9novation totale du syst\u00e8me \u00e9lectrique, en plus de diminuer votre consommation \u00e9lectrique, vous contribuez \u00e0 la sauvegarde de <\/span><b>l\u2019environnement<\/b><span style=\"font-weight: 400;\">.\u00a0 De plus, un <\/span><b>amortissement<\/b> <b>des<\/b> <b>travaux<\/b><span style=\"font-weight: 400;\"> est envisageable sur quelques ann\u00e9es avec les <\/span><b>aides<\/b><span style=\"font-weight: 400;\"> fournies.<\/span><\/p>\n<p><span style=\"font-weight: 400;\">Les installations comme les chauffages \u00e9lectriques ou les interrupteurs connect\u00e9s font partie des nouveaux moyens de modifier la <\/span><b>performance<\/b> <b>\u00e9nerg\u00e9tique<\/b><span style=\"font-weight: 400;\"> de votre habitat. Mieux encore, le passage \u00e0 la production <\/span><b>d\u2019\u00e9nergie<\/b> <b>renouvelable<\/b><span style=\"font-weight: 400;\"> (panneaux solaires, g\u00e9othermie) est hautement financ\u00e9.\u00a0<\/span><\/p>\n<p><b>Eldotravo<\/b><span style=\"font-weight: 400;\"> vous aide \u00e0 s\u00e9lectionner un artisan electricien proche de chez vous pour vos travaux \u00e9lectriques. R\u00e9alisez un <\/span><b>devis gratuit en ligne<\/b><span style=\"font-weight: 400;\">, facilement pour comparer les diff\u00e9rents prix du march\u00e9. Des professionnels assurent aussi bien la r\u00e9novation compl\u00e8te de votre logement que le d\u00e9pannage \u00e9lectrique (court-circuit). Le site vous garantit la mise en relation avec des <\/span><b>professionnels<\/b> <b>qualifi\u00e9s<\/b><span style=\"font-weight: 400;\"> et vous accompagne dans vos d\u00e9marches.<\/span><\/p>\n<\/div><\/div><\/div><\/div><\/div><\/div><\/div><\/section><section class=\"l-section wpb_row height_medium\"><div class=\"l-section-h i-cf\"><div class=\"g-cols vc_row type_default valign_top\"><div class=\"vc_col-sm-12 wpb_column vc_column_container\"><div class=\"vc_column-inner\"><div class=\"wpb_wrapper\"><div class=\"w-grid type_grid layout_331 cols_4 valign_center overflow_hidden\" id=\"us_grid_1\"><style id=\"us_grid_1_css\">#us_grid_1 .w-grid-item{padding:1.5rem}#us_grid_1 .w-grid-list{margin:-1.5rem}.w-grid + #us_grid_1 .w-grid-list{margin-top:1.5rem}@media (max-width:1199px){#us_grid_1 .w-grid-item{width:33.3333%}}@media (max-width:899px){#us_grid_1 .w-grid-item{width:50.0000%}}@media (max-width:599px){#us_grid_1 .w-grid-list{margin:0}#us_grid_1 .w-grid-item{width:100.0000%;padding:0;margin-bottom:1.5rem}}<\/style><style>.layout_331 .w-grid-item-h{}.layout_331 .usg_post_image_1{width:50%!important}.layout_331 .usg_vwrapper_1{width:50%!important;margin-right:0!important}.layout_331 .usg_post_title_1{color:#000000!important}@media (max-width:599px){.layout_331 .usg_post_title_1{font-size:1.2rem!important;margin-right:0!important;padding-bottom:0!important}}<\/style><div class=\"w-grid-list\" >\t<article class=\"w-grid-item size_1x1 post-3123 page type-page status-publish has-post-thumbnail hentry\" data-id=\"3123\">\r\n\t\t<div class=\"w-grid-item-h\">\r\n\t\t\t\t\t\t\t<a class=\"w-grid-item-anchor\" href=\"https:\/\/www.eldo.com\/guide\/electricite\/choisir-un-electricien\/\" rel=\"bookmark\" aria-label=\"Choisir un \u00e9lectricien\"><\/a>\r\n\t\t\t\t\t\t<div class=\"w-vwrapper usg_vwrapper_1 align_left valign_top\"><p class=\"w-post-elm post_title usg_post_title_1 align_center entry-title color_link_inherit has_text_color\"><a href=\"https:\/\/www.eldo.com\/guide\/electricite\/choisir-un-electricien\/\">Choisir un \u00e9lectricien<\/a><\/p><\/div><div class=\"w-hwrapper usg_hwrapper_1 align_left valign_top\"><div class=\"w-post-elm post_image usg_post_image_1 has_width has_ratio\"><div style=\"padding-bottom:100.0000%\"><\/div><a href=\"https:\/\/www.eldo.com\/guide\/electricite\/choisir-un-electricien\/\" aria-label=\"Choisir un \u00e9lectricien\"><img width=\"150\" height=\"150\" src=\"https:\/\/www.eldo.com\/guide\/wp-content\/uploads\/2020\/09\/switchgear-2069791_960_720-150x150.jpg\" class=\"attachment-thumbnail size-thumbnail wp-post-image\" alt=\"\" \/><\/a><\/div><\/div>\t\t<\/div>\r\n\t<\/article>\r\n\t<article class=\"w-grid-item size_1x1 post-3115 page type-page status-publish has-post-thumbnail hentry\" data-id=\"3115\">\r\n\t\t<div class=\"w-grid-item-h\">\r\n\t\t\t\t\t\t\t<a class=\"w-grid-item-anchor\" href=\"https:\/\/www.eldo.com\/guide\/electricite\/mise-aux-normes\/\" rel=\"bookmark\" aria-label=\"Mise aux normes \u00e9lectrique\"><\/a>\r\n\t\t\t\t\t\t<div class=\"w-vwrapper usg_vwrapper_1 align_left valign_top\"><p class=\"w-post-elm post_title usg_post_title_1 align_center entry-title color_link_inherit has_text_color\"><a href=\"https:\/\/www.eldo.com\/guide\/electricite\/mise-aux-normes\/\">Mise aux normes \u00e9lectrique<\/a><\/p><\/div><div class=\"w-hwrapper usg_hwrapper_1 align_left valign_top\"><div class=\"w-post-elm post_image usg_post_image_1 has_width has_ratio\"><div style=\"padding-bottom:100.0000%\"><\/div><a href=\"https:\/\/www.eldo.com\/guide\/electricite\/mise-aux-normes\/\" aria-label=\"Mise aux normes \u00e9lectrique\"><img width=\"150\" height=\"150\" src=\"https:\/\/www.eldo.com\/guide\/wp-content\/uploads\/2020\/09\/electrician-1080586_1920-150x150.jpg\" class=\"attachment-thumbnail size-thumbnail wp-post-image\" alt=\"\" \/><\/a><\/div><\/div>\t\t<\/div>\r\n\t<\/article>\r\n\t<article class=\"w-grid-item size_1x1 post-3110 page type-page status-publish has-post-thumbnail hentry\" data-id=\"3110\">\r\n\t\t<div class=\"w-grid-item-h\">\r\n\t\t\t\t\t\t\t<a class=\"w-grid-item-anchor\" href=\"https:\/\/www.eldo.com\/guide\/electricite\/installation-electrique\/\" rel=\"bookmark\" aria-label=\"Installation \u00e9lectrique\"><\/a>\r\n\t\t\t\t\t\t<div class=\"w-vwrapper usg_vwrapper_1 align_left valign_top\"><p class=\"w-post-elm post_title usg_post_title_1 align_center entry-title color_link_inherit has_text_color\"><a href=\"https:\/\/www.eldo.com\/guide\/electricite\/installation-electrique\/\">Installation \u00e9lectrique<\/a><\/p><\/div><div class=\"w-hwrapper usg_hwrapper_1 align_left valign_top\"><div class=\"w-post-elm post_image usg_post_image_1 has_width has_ratio\"><div style=\"padding-bottom:100.0000%\"><\/div><a href=\"https:\/\/www.eldo.com\/guide\/electricite\/installation-electrique\/\" aria-label=\"Installation \u00e9lectrique\"><img width=\"150\" height=\"150\" src=\"https:\/\/www.eldo.com\/guide\/wp-content\/uploads\/2020\/09\/electrician-2755683_1920-150x150.jpg\" class=\"attachment-thumbnail size-thumbnail wp-post-image\" alt=\"\" \/><\/a><\/div><\/div>\t\t<\/div>\r\n\t<\/article>\r\n\t<article class=\"w-grid-item size_1x1 post-3098 page type-page status-publish has-post-thumbnail hentry\" data-id=\"3098\">\r\n\t\t<div class=\"w-grid-item-h\">\r\n\t\t\t\t\t\t\t<a class=\"w-grid-item-anchor\" href=\"https:\/\/www.eldo.com\/guide\/electricite\/\" rel=\"bookmark\" aria-label=\"Electricit\u00e9\"><\/a>\r\n\t\t\t\t\t\t<div class=\"w-vwrapper usg_vwrapper_1 align_left valign_top\"><p class=\"w-post-elm post_title usg_post_title_1 align_center entry-title color_link_inherit has_text_color\"><a href=\"https:\/\/www.eldo.com\/guide\/electricite\/\">Electricit\u00e9<\/a><\/p><\/div><div class=\"w-hwrapper usg_hwrapper_1 align_left valign_top\"><div class=\"w-post-elm post_image usg_post_image_1 has_width has_ratio\"><div style=\"padding-bottom:100.0000%\"><\/div><a href=\"https:\/\/www.eldo.com\/guide\/electricite\/\" aria-label=\"Electricit\u00e9\"><img width=\"150\" height=\"150\" src=\"https:\/\/www.eldo.com\/guide\/wp-content\/uploads\/2020\/09\/istockphoto-1150199550-612x612-1-150x150.jpg\" class=\"attachment-thumbnail size-thumbnail wp-post-image\" alt=\"\" \/><\/a><\/div><\/div>\t\t<\/div>\r\n\t<\/article>\r\n<\/div><div class=\"w-grid-preloader\"><div class=\"g-preloader type_1\">\r\n\t<div><\/div>\r\n<\/div>\r\n<\/div>\t<div class=\"w-grid-json hidden\" onclick='return {&quot;action&quot;:&quot;us_ajax_grid&quot;,&quot;ajax_url&quot;:&quot;https:\\\/\\\/www.eldo.com\\\/guide\\\/wp-admin\\\/admin-ajax.php&quot;,&quot;infinite_scroll&quot;:0,&quot;max_num_pages&quot;:1,&quot;pagination&quot;:&quot;none&quot;,&quot;permalink_url&quot;:&quot;https:\\\/\\\/www.eldo.com\\\/guide\\\/wp-json\\\/wp\\\/v2\\\/pages\\\/3119&quot;,&quot;template_vars&quot;:{&quot;columns&quot;:&quot;4&quot;,&quot;exclude_items&quot;:&quot;none&quot;,&quot;img_size&quot;:&quot;thumbnail&quot;,&quot;ignore_items_size&quot;:false,&quot;items_layout&quot;:&quot;331&quot;,&quot;items_offset&quot;:&quot;1&quot;,&quot;load_animation&quot;:&quot;none&quot;,&quot;overriding_link&quot;:&quot;post&quot;,&quot;post_id&quot;:3119,&quot;query_args&quot;:{&quot;ignore_sticky_posts&quot;:1,&quot;post_type&quot;:&quot;any&quot;,&quot;post__in&quot;:[&quot;3098&quot;,&quot;3110&quot;,&quot;3123&quot;,&quot;3115&quot;],&quot;posts_per_page&quot;:&quot;4&quot;},&quot;orderby_query_args&quot;:{&quot;orderby&quot;:{&quot;date&quot;:&quot;DESC&quot;}},&quot;type&quot;:&quot;grid&quot;,&quot;us_grid_ajax_index&quot;:1,&quot;us_grid_filter_params&quot;:null,&quot;us_grid_index&quot;:1,&quot;_us_grid_post_type&quot;:&quot;ids&quot;}}'><\/div>\r\n\t<\/div><div class=\"w-separator size_medium\"><\/div><\/div><\/div><\/div><\/div><\/div><\/section><section class=\"l-section wpb_row us_custom_e91755c2 height_auto width_full with_overlay\"><div class=\"l-section-overlay\" style=\"background: #ebebeb\"><\/div><div class=\"l-section-h i-cf\"><div class=\"g-cols vc_row type_boxes valign_middle\"><div class=\"vc_col-sm-12 wpb_column vc_column_container has-fill\"><div class=\"vc_column-inner us_custom_0f4cca8c\"><div class=\"wpb_wrapper\"><p class=\"w-itext us_custom_6df4bc3a type_typingChars align_center\" onclick='return {&quot;duration&quot;:300,&quot;delay&quot;:2000,&quot;disablePartAnimation&quot;:false,&quot;dynamicColor&quot;:&quot;#ffffff&quot;,&quot;html_nbsp_char&quot;:true}'>Je\u00a0cherche\u00a0un\u00a0pro\u00a0\u00e0\u00a0<span class=\"w-itext-part changesat_0 changesat_1 changesat_2 changesat_3 changesat_4 dynamic\" style=\"color:#ffffff\" onclick='return [&quot;Bordeaux&quot;,&quot;Toulouse&quot;,&quot;Paris&quot;,&quot;Nantes&quot;,&quot;Marseille&quot;]'><span>Bordeaux<\/span><i class=\"w-itext-cursor\"><\/i><\/span><\/p><div class=\"w-btn-wrapper width_auto align_center\"><a class=\"w-btn us-btn-style_1\" title=\"r\u00e9novation \u00e9lectrique\" href=\"https:\/\/devis.eldo.com\/electricite-new\/france?utm_source=SEO&amp;utm_medium=Guide&amp;utm_campaign=electricite-renovation-electrique\"><span class=\"w-btn-label\">Trouver un pro de confiance<\/span><\/a><\/div><\/div><\/div><\/div><\/div><\/div><\/section>\n","protected":false},"excerpt":{"rendered":"Installation et r\u00e9novation \u00e9lectriques\u00a0: le guide Guide Complet : prix, techniques, conseils Guides travauxPages Les installations et les r\u00e9novations des syst\u00e8mes \u00e9lectriques sont des interventions pouvant \u00eatre relativement complexes et dangereuses. Il est fortement conseill\u00e9 de faire appel \u00e0 une entreprise d\u2019\u00e9lectricit\u00e9 afin d\u2019\u00e9viter tout accident ou futurs probl\u00e8mes \u00e9lectriques. Qu\u2019il s\u2019agisse d\u2019une simple installation...","protected":false},"author":1,"featured_media":2670,"parent":3098,"menu_order":0,"comment_status":"closed","ping_status":"closed","template":"","meta":[],"page_tags":[],"_links":{"self":[{"href":"https:\/\/www.eldo.com\/guide\/wp-json\/wp\/v2\/pages\/3119"}],"collection":[{"href":"https:\/\/www.eldo.com\/guide\/wp-json\/wp\/v2\/pages"}],"about":[{"href":"https:\/\/www.eldo.com\/guide\/wp-json\/wp\/v2\/types\/page"}],"author":[{"embeddable":true,"href":"https:\/\/www.eldo.com\/guide\/wp-json\/wp\/v2\/users\/1"}],"replies":[{"embeddable":true,"href":"https:\/\/www.eldo.com\/guide\/wp-json\/wp\/v2\/comments?post=3119"}],"version-history":[{"count":31,"href":"https:\/\/www.eldo.com\/guide\/wp-json\/wp\/v2\/pages\/3119\/revisions"}],"predecessor-version":[{"id":10174,"href":"https:\/\/www.eldo.com\/guide\/wp-json\/wp\/v2\/pages\/3119\/revisions\/10174"}],"up":[{"embeddable":true,"href":"https:\/\/www.eldo.com\/guide\/wp-json\/wp\/v2\/pages\/3098"}],"wp:featuredmedia":[{"embeddable":true,"href":"https:\/\/www.eldo.com\/guide\/wp-json\/wp\/v2\/media\/2670"}],"wp:attachment":[{"href":"https:\/\/www.eldo.com\/guide\/wp-json\/wp\/v2\/media?parent=3119"}],"wp:term":[{"taxonomy":"page_tags","embeddable":true,"href":"https:\/\/www.eldo.com\/guide\/wp-json\/wp\/v2\/page_tags?post=3119"}],"curies":[{"name":"wp","href":"https:\/\/api.w.org\/{rel}","templated":true}]}}