{"id":3110,"date":"2020-12-30T14:04:39","date_gmt":"2020-12-30T14:04:39","guid":{"rendered":"https:\/\/www.eldo.com\/guide\/?page_id=3110"},"modified":"2023-11-16T16:39:53","modified_gmt":"2023-11-16T16:39:53","slug":"installation-electrique","status":"publish","type":"page","link":"https:\/\/www.eldo.com\/guide\/electricite\/installation-electrique\/","title":{"rendered":"Installation \u00e9lectrique"},"content":{"rendered":"<section class=\"l-section wpb_row us_custom_e4eb24e1 height_auto width_full with_overlay\"><div class=\"l-section-overlay\" style=\"background: #ebebeb\"><\/div><div class=\"l-section-h i-cf\"><div class=\"g-cols vc_row type_boxes valign_middle\"><div class=\"vc_col-sm-12 wpb_column vc_column_container has-fill has_text_color\"><div class=\"vc_column-inner us_custom_296c13f2\"><div class=\"wpb_wrapper\"><div class=\"wpb_text_column us_custom_2e587a18 has_text_color\" ><div class=\"wpb_wrapper\"><h1 style=\"text-align: center;\">Installation \u00e9lectrique<\/h1>\n<\/div><\/div><div class=\"w-separator size_medium\"><\/div><ol class=\"g-breadcrumbs us_custom_6556ef4c separator_icon align_left has_text_color\"><li class=\"g-breadcrumbs-item\"><a href=\"https:\/\/www.eldo.com\/guide\/\">Guides travaux<\/a><meta content=\"1\"\/><\/li><li class=\"g-breadcrumbs-separator\"><i class=\"far fa-angle-right\"><\/i><\/li><li class=\"g-breadcrumbs-item\">Pages<\/li><\/ol><\/div><\/div><\/div><div class=\"vc_col-sm-12 wpb_column vc_column_container has-fill\"><div class=\"vc_column-inner us_custom_e4eb24e1\"><div class=\"wpb_wrapper\"><div class=\"wpb_text_column\" ><div class=\"wpb_wrapper\">\n<\/div><\/div><div class=\"wpb_text_column us_custom_ae99f6aa has_text_color\" ><div class=\"wpb_wrapper\"><p><span style=\"font-weight: 400;\">Les <\/span><b>travaux<\/b> <b>\u00e9lectriques<\/b><span style=\"font-weight: 400;\"> de votre maison sont d\u2019une importance capitale. Votre s\u00e9curit\u00e9 et celle de votre logement d\u00e9pendent de la bonne conformit\u00e9 du r\u00e9seau \u00e9lectrique. De ce fait, les installations ou <a href=\"https:\/\/www.eldo.com\/guide\/electricite\/renovation-electrique\/\">r\u00e9novations \u00e9lectriques<\/a> doivent \u00eatre r\u00e9alis\u00e9es par des professionnels.<\/span><\/p>\n<p><span style=\"font-weight: 400;\">La complexit\u00e9 du <\/span><b>sch\u00e9ma<\/b> <b>\u00e9lectrique<\/b><span style=\"font-weight: 400;\"> va d\u00e9pendre des \u00e9quipements que vous souhaitez ajouter \u00e0 votre installation, en plus de celle obligatoire. <\/span><b>Les<\/b> <b>normes<\/b> <b>en vigueur<\/b><span style=\"font-weight: 400;\"> (NF C 15-100) pr\u00e9voient un \u00e9quipement minimum pour chaque pi\u00e8ce d\u2019un logement. Lors de la construction d\u2019une b\u00e2tisse ou de son agrandissement, un <\/span><a href=\"https:\/\/www.eldo.com\/guide\/electricite\/choisir-un-electricien\/\"><b>artisan<\/b> <b>electricien<\/b><\/a><span style=\"font-weight: 400;\"> pr\u00e9pare le c\u00e2blage n\u00e9cessaire aux futurs \u00e9quipements.\u00a0<\/span><\/p>\n<p><span style=\"font-weight: 400;\">Cet \u00e9quipement \u00e9lectrique d\u00e9pend de vos envies et de votre budget. \u00c0 noter que certaines installations sont pr\u00e9conis\u00e9es dans des r\u00e9gions froides (c\u00e2ble chauffant pour toiture).<\/span><\/p>\n<\/div><\/div><\/div><\/div><\/div><\/div><\/div><\/section><section class=\"l-section wpb_row height_auto width_full\"><div class=\"l-section-h i-cf\"><div class=\"g-cols vc_row type_boxes valign_middle\"><div class=\"vc_col-sm-12 wpb_column vc_column_container has-fill\"><div class=\"vc_column-inner us_custom_4fb9e5a3\"><div class=\"wpb_wrapper\"><div \" class=\"faq_question_container\"><h2 class=\"faq_question_title\">Quels sont les \u00e9quipements \u00e9lectriques qui n\u00e9cessite une installation par un professionnel ?<\/h2><div class=\"faq_question_content\"><p><span style=\"font-weight: 400;\">En plus du <\/span><b>tableau<\/b> <b>\u00e9lectrique<\/b><span style=\"font-weight: 400;\"> (disjoncteur diff\u00e9rentiel, fusibles, etc.) et du compteur \u00e9lectrique, les \u00e9lectriciens s\u2019occupent de tous les \u00e9quipements \u00e9lectriques. On retrouve notamment\u00a0:<\/span><\/p>\n<ul>\n<li style=\"font-weight: 400;\"><span style=\"font-weight: 400;\">Le syst\u00e8me de radiateurs \u00e9lectriques.<\/span><\/li>\n<li style=\"font-weight: 400;\"><span style=\"font-weight: 400;\">Le chauffe-eau.<\/span><\/li>\n<li style=\"font-weight: 400;\"><span style=\"font-weight: 400;\">La pompe \u00e0 chaleur.<\/span><\/li>\n<li style=\"font-weight: 400;\"><span style=\"font-weight: 400;\">La climatisation.<\/span><\/li>\n<li style=\"font-weight: 400;\"><span style=\"font-weight: 400;\">Etc.<\/span><\/li>\n<\/ul>\n<p><span style=\"font-weight: 400;\">Installer une prise \u00e9lectrique ou un interrupteur n\u2019est pas aussi compliqu\u00e9 qu\u2019une installation compl\u00e8te du syst\u00e8me de <\/span><b>chauffage<\/b> <b>\u00e9lectrique<\/b><span style=\"font-weight: 400;\">. Il est donc normal que les co\u00fbts d\u2019installation ne soient pas les m\u00eames. Afin de conna\u00eetre les frais r\u00e9els, r\u00e9alisez <\/span><b>un<\/b> <b>devis<\/b><span style=\"font-weight: 400;\"> pour vos travaux d\u2019installation \u00e9lectrique domestique.<\/span><\/p>\n<\/div><\/div><\/div><\/div><\/div><\/div><\/div><\/section><section class=\"l-section wpb_row height_auto width_full\"><div class=\"l-section-h i-cf\"><div class=\"g-cols vc_row type_boxes valign_middle gap-5px\"><style>.g-cols.gap-5px{margin:0 -5px}.gap-5px > .vc_column_container {padding:5px}<\/style><div class=\"vc_col-sm-12 wpb_column vc_column_container has-fill\"><div class=\"vc_column-inner us_custom_e4eb24e1\"><div class=\"wpb_wrapper\"><div \" class=\"faq_question_container\"><h2 class=\"faq_question_title\">Quelles sont les normes \u00e9lectriques ?<\/h2><div class=\"faq_question_content\"><p><span style=\"font-weight: 400;\">Lors d\u2019une installation \u00e9lectrique ou de travaux de r\u00e9novation, un <\/span><b>diagnostic<\/b> <b>\u00e9lectrique<\/b><span style=\"font-weight: 400;\"> est op\u00e9r\u00e9 pour v\u00e9rifier la s\u00e9curit\u00e9 et la conformit\u00e9 du syst\u00e8me \u00e9lectrique. Le circuit \u00e9lectrique est v\u00e9rifi\u00e9 par un \u00e9lectricien afin de savoir s\u2019il correspond au <\/span><b>certificat<\/b> <b>Consuel<\/b><span style=\"font-weight: 400;\"> (attestation de conformit\u00e9) et aux <\/span><b>normes<\/b> <b>NF<\/b><span style=\"font-weight: 400;\">.<\/span><\/p>\n<p><span style=\"font-weight: 400;\">Le nombre de prise de courant mise \u00e0 la terre (prise de terre), de points lumineux et la s\u00e9curit\u00e9 des c\u00e2bles \u00e9lectriques sont contr\u00f4l\u00e9s. Si le circuit \u00e9lectrique est trop <\/span><b>v\u00e9tuste<\/b><span style=\"font-weight: 400;\"> ou surcharg\u00e9, la <\/span><b>s\u00e9curit\u00e9<\/b> <b>\u00e9lectrique<\/b><span style=\"font-weight: 400;\"> de l\u2019habitat est alors mise en jeu. Des risques d\u2019\u00e9lectrocution, de court-circuit ou d\u2019incendie sont plus importants dans des b\u00e2timents non conformes.<\/span><\/p>\n<p><span style=\"font-weight: 400;\">La <\/span><b><a href=\"https:\/\/www.eldo.com\/guide\/electricite\/mise-aux-normes\/\">mise aux normes<\/a> est obligatoire<\/b><span style=\"font-weight: 400;\"> pour tous les logements et plus particuli\u00e8rement pour ceux destin\u00e9s \u00e0 la <\/span><b>vente<\/b><span style=\"font-weight: 400;\"> ou la <\/span><b>location<\/b><span style=\"font-weight: 400;\">. Vos appareils \u00e9lectriques et votre consommation d\u00e9pendent de la qualit\u00e9 de votre installation \u00e9lectrique.<\/span><\/p>\n<p><span style=\"font-weight: 400;\">Afin de vous aider \u00e0 trouver un \u00e9lectricien pour vos travaux d\u2019installation et de d\u00e9pannage \u00e9lectriques, le site <\/span><b>Eldotravo<\/b><span style=\"font-weight: 400;\"> est \u00e0 votre service. Ce sp\u00e9cialiste vous met en relation avec des <\/span><b>professionnels<\/b><span style=\"font-weight: 400;\"> proches de chez vous rapidement. Il est \u00e9galement possible de faire un <\/span><b>devis<\/b> <b>gratuit<\/b><span style=\"font-weight: 400;\"> directement sur le site Eldotravo pour obtenir une id\u00e9e de prix.<\/span><\/p>\n<\/div><\/div><div class=\"w-separator size_medium\"><\/div><div class=\"w-btn-wrapper width_auto align_center\"><a class=\"w-btn us-btn-style_1\" title=\"installation \u00e9lectrique\" href=\"https:\/\/devis.eldo.com\/electricite-new\/france?utm_source=SEO&amp;utm_medium=Guide&amp;utm_campaign=electricite-installation-electrique\"><span class=\"w-btn-label\">Demander conseil<\/span><\/a><\/div><\/div><\/div><\/div><\/div><\/div><\/section><section class=\"l-section wpb_row height_medium\"><div class=\"l-section-h i-cf\"><div class=\"g-cols vc_row type_default valign_top\"><div class=\"vc_col-sm-12 wpb_column vc_column_container\"><div class=\"vc_column-inner\"><div class=\"wpb_wrapper\"><div class=\"w-separator size_medium\"><\/div><div class=\"w-grid type_grid layout_331 cols_4 valign_center overflow_hidden\" id=\"us_grid_1\"><style id=\"us_grid_1_css\">#us_grid_1 .w-grid-item{padding:1.5rem}#us_grid_1 .w-grid-list{margin:-1.5rem}.w-grid + #us_grid_1 .w-grid-list{margin-top:1.5rem}@media (max-width:1199px){#us_grid_1 .w-grid-item{width:33.3333%}}@media (max-width:899px){#us_grid_1 .w-grid-item{width:50.0000%}}@media (max-width:599px){#us_grid_1 .w-grid-list{margin:0}#us_grid_1 .w-grid-item{width:100.0000%;padding:0;margin-bottom:1.5rem}}<\/style><style>.layout_331 .w-grid-item-h{}.layout_331 .usg_post_image_1{width:50%!important}.layout_331 .usg_vwrapper_1{width:50%!important;margin-right:0!important}.layout_331 .usg_post_title_1{color:#000000!important}@media (max-width:599px){.layout_331 .usg_post_title_1{font-size:1.2rem!important;margin-right:0!important;padding-bottom:0!important}}<\/style><div class=\"w-grid-list\" >\t<article class=\"w-grid-item size_1x1 post-3123 page type-page status-publish has-post-thumbnail hentry\" data-id=\"3123\">\r\n\t\t<div class=\"w-grid-item-h\">\r\n\t\t\t\t\t\t\t<a class=\"w-grid-item-anchor\" href=\"https:\/\/www.eldo.com\/guide\/electricite\/choisir-un-electricien\/\" rel=\"bookmark\" aria-label=\"Choisir un \u00e9lectricien\"><\/a>\r\n\t\t\t\t\t\t<div class=\"w-vwrapper usg_vwrapper_1 align_left valign_top\"><p class=\"w-post-elm post_title usg_post_title_1 align_center entry-title color_link_inherit has_text_color\"><a href=\"https:\/\/www.eldo.com\/guide\/electricite\/choisir-un-electricien\/\">Choisir un \u00e9lectricien<\/a><\/p><\/div><div class=\"w-hwrapper usg_hwrapper_1 align_left valign_top\"><div class=\"w-post-elm post_image usg_post_image_1 has_width has_ratio\"><div style=\"padding-bottom:100.0000%\"><\/div><a href=\"https:\/\/www.eldo.com\/guide\/electricite\/choisir-un-electricien\/\" aria-label=\"Choisir un \u00e9lectricien\"><img width=\"150\" height=\"150\" src=\"https:\/\/www.eldo.com\/guide\/wp-content\/uploads\/2020\/09\/switchgear-2069791_960_720-150x150.jpg\" class=\"attachment-thumbnail size-thumbnail wp-post-image\" alt=\"\" \/><\/a><\/div><\/div>\t\t<\/div>\r\n\t<\/article>\r\n\t<article class=\"w-grid-item size_1x1 post-3119 page type-page status-publish has-post-thumbnail hentry\" data-id=\"3119\">\r\n\t\t<div class=\"w-grid-item-h\">\r\n\t\t\t\t\t\t\t<a class=\"w-grid-item-anchor\" href=\"https:\/\/www.eldo.com\/guide\/electricite\/renovation-electrique\/\" rel=\"bookmark\" aria-label=\"R\u00e9novation \u00e9lectrique\"><\/a>\r\n\t\t\t\t\t\t<div class=\"w-vwrapper usg_vwrapper_1 align_left valign_top\"><p class=\"w-post-elm post_title usg_post_title_1 align_center entry-title color_link_inherit has_text_color\"><a href=\"https:\/\/www.eldo.com\/guide\/electricite\/renovation-electrique\/\">R\u00e9novation \u00e9lectrique<\/a><\/p><\/div><div class=\"w-hwrapper usg_hwrapper_1 align_left valign_top\"><div class=\"w-post-elm post_image usg_post_image_1 has_width has_ratio\"><div style=\"padding-bottom:100.0000%\"><\/div><a href=\"https:\/\/www.eldo.com\/guide\/electricite\/renovation-electrique\/\" aria-label=\"R\u00e9novation \u00e9lectrique\"><img width=\"150\" height=\"150\" src=\"https:\/\/www.eldo.com\/guide\/wp-content\/uploads\/2020\/09\/electrician-3276851_960_720-150x150.jpg\" class=\"attachment-thumbnail size-thumbnail wp-post-image\" alt=\"\" \/><\/a><\/div><\/div>\t\t<\/div>\r\n\t<\/article>\r\n\t<article class=\"w-grid-item size_1x1 post-3115 page type-page status-publish has-post-thumbnail hentry\" data-id=\"3115\">\r\n\t\t<div class=\"w-grid-item-h\">\r\n\t\t\t\t\t\t\t<a class=\"w-grid-item-anchor\" href=\"https:\/\/www.eldo.com\/guide\/electricite\/mise-aux-normes\/\" rel=\"bookmark\" aria-label=\"Mise aux normes \u00e9lectrique\"><\/a>\r\n\t\t\t\t\t\t<div class=\"w-vwrapper usg_vwrapper_1 align_left valign_top\"><p class=\"w-post-elm post_title usg_post_title_1 align_center entry-title color_link_inherit has_text_color\"><a href=\"https:\/\/www.eldo.com\/guide\/electricite\/mise-aux-normes\/\">Mise aux normes \u00e9lectrique<\/a><\/p><\/div><div class=\"w-hwrapper usg_hwrapper_1 align_left valign_top\"><div class=\"w-post-elm post_image usg_post_image_1 has_width has_ratio\"><div style=\"padding-bottom:100.0000%\"><\/div><a href=\"https:\/\/www.eldo.com\/guide\/electricite\/mise-aux-normes\/\" aria-label=\"Mise aux normes \u00e9lectrique\"><img width=\"150\" height=\"150\" src=\"https:\/\/www.eldo.com\/guide\/wp-content\/uploads\/2020\/09\/electrician-1080586_1920-150x150.jpg\" class=\"attachment-thumbnail size-thumbnail wp-post-image\" alt=\"\" \/><\/a><\/div><\/div>\t\t<\/div>\r\n\t<\/article>\r\n\t<article class=\"w-grid-item size_1x1 post-3098 page type-page status-publish has-post-thumbnail hentry\" data-id=\"3098\">\r\n\t\t<div class=\"w-grid-item-h\">\r\n\t\t\t\t\t\t\t<a class=\"w-grid-item-anchor\" href=\"https:\/\/www.eldo.com\/guide\/electricite\/\" rel=\"bookmark\" aria-label=\"Electricit\u00e9\"><\/a>\r\n\t\t\t\t\t\t<div class=\"w-vwrapper usg_vwrapper_1 align_left valign_top\"><p class=\"w-post-elm post_title usg_post_title_1 align_center entry-title color_link_inherit has_text_color\"><a href=\"https:\/\/www.eldo.com\/guide\/electricite\/\">Electricit\u00e9<\/a><\/p><\/div><div class=\"w-hwrapper usg_hwrapper_1 align_left valign_top\"><div class=\"w-post-elm post_image usg_post_image_1 has_width has_ratio\"><div style=\"padding-bottom:100.0000%\"><\/div><a href=\"https:\/\/www.eldo.com\/guide\/electricite\/\" aria-label=\"Electricit\u00e9\"><img width=\"150\" height=\"150\" src=\"https:\/\/www.eldo.com\/guide\/wp-content\/uploads\/2020\/09\/istockphoto-1150199550-612x612-1-150x150.jpg\" class=\"attachment-thumbnail size-thumbnail wp-post-image\" alt=\"\" \/><\/a><\/div><\/div>\t\t<\/div>\r\n\t<\/article>\r\n<\/div><div class=\"w-grid-preloader\"><div class=\"g-preloader type_1\">\r\n\t<div><\/div>\r\n<\/div>\r\n<\/div>\t<div class=\"w-grid-json hidden\" onclick='return {&quot;action&quot;:&quot;us_ajax_grid&quot;,&quot;ajax_url&quot;:&quot;https:\\\/\\\/www.eldo.com\\\/guide\\\/wp-admin\\\/admin-ajax.php&quot;,&quot;infinite_scroll&quot;:0,&quot;max_num_pages&quot;:1,&quot;pagination&quot;:&quot;none&quot;,&quot;permalink_url&quot;:&quot;https:\\\/\\\/www.eldo.com\\\/guide\\\/wp-json\\\/wp\\\/v2\\\/pages\\\/3110&quot;,&quot;template_vars&quot;:{&quot;columns&quot;:&quot;4&quot;,&quot;exclude_items&quot;:&quot;none&quot;,&quot;img_size&quot;:&quot;thumbnail&quot;,&quot;ignore_items_size&quot;:false,&quot;items_layout&quot;:&quot;331&quot;,&quot;items_offset&quot;:&quot;1&quot;,&quot;load_animation&quot;:&quot;none&quot;,&quot;overriding_link&quot;:&quot;post&quot;,&quot;post_id&quot;:3110,&quot;query_args&quot;:{&quot;ignore_sticky_posts&quot;:1,&quot;post_type&quot;:&quot;any&quot;,&quot;post__in&quot;:[&quot;3098&quot;,&quot;3119&quot;,&quot;3115&quot;,&quot;3123&quot;],&quot;posts_per_page&quot;:&quot;10&quot;},&quot;orderby_query_args&quot;:{&quot;orderby&quot;:{&quot;date&quot;:&quot;DESC&quot;}},&quot;type&quot;:&quot;grid&quot;,&quot;us_grid_ajax_index&quot;:1,&quot;us_grid_filter_params&quot;:null,&quot;us_grid_index&quot;:1,&quot;_us_grid_post_type&quot;:&quot;ids&quot;}}'><\/div>\r\n\t<\/div><div class=\"w-separator size_medium\"><\/div><\/div><\/div><\/div><\/div><\/div><\/section><section class=\"l-section wpb_row us_custom_e91755c2 height_auto width_full with_overlay\"><div class=\"l-section-overlay\" style=\"background: #ebebeb\"><\/div><div class=\"l-section-h i-cf\"><div class=\"g-cols vc_row type_boxes valign_middle\"><div class=\"vc_col-sm-12 wpb_column vc_column_container has-fill\"><div class=\"vc_column-inner us_custom_5d81c4c3\"><div class=\"wpb_wrapper\"><p class=\"w-itext us_custom_6df4bc3a type_typingChars align_center\" onclick='return {&quot;duration&quot;:300,&quot;delay&quot;:2000,&quot;disablePartAnimation&quot;:false,&quot;dynamicColor&quot;:&quot;#ffffff&quot;,&quot;html_nbsp_char&quot;:true}'>Je\u00a0cherche\u00a0un\u00a0pro\u00a0\u00e0\u00a0<span class=\"w-itext-part changesat_0 changesat_1 changesat_2 changesat_3 changesat_4 dynamic\" style=\"color:#ffffff\" onclick='return [&quot;Bordeaux&quot;,&quot;Toulouse&quot;,&quot;Paris&quot;,&quot;Nantes&quot;,&quot;Marseille&quot;]'><span>Bordeaux<\/span><i class=\"w-itext-cursor\"><\/i><\/span><\/p><div class=\"w-btn-wrapper width_auto align_center\"><a class=\"w-btn us-btn-style_1\" title=\"installation \u00e9lectrique\" href=\"https:\/\/devis.eldo.com\/electricite-new\/france?utm_source=SEO&amp;utm_medium=Guide&amp;utm_campaign=electricite-installation-electrique\"><span class=\"w-btn-label\">Trouver un pro de confiance<\/span><\/a><\/div><\/div><\/div><\/div><\/div><\/div><\/section>\n","protected":false},"excerpt":{"rendered":"Installation et r\u00e9novation \u00e9lectriques\u00a0: le guide Guide Complet : prix, techniques, conseils Guides travauxPages Les installations et les r\u00e9novations des syst\u00e8mes \u00e9lectriques sont des interventions pouvant \u00eatre relativement complexes et dangereuses. Il est fortement conseill\u00e9 de faire appel \u00e0 une entreprise d\u2019\u00e9lectricit\u00e9 afin d\u2019\u00e9viter tout accident ou futurs probl\u00e8mes \u00e9lectriques. Qu\u2019il s\u2019agisse d\u2019une simple installation...","protected":false},"author":1,"featured_media":2176,"parent":3098,"menu_order":0,"comment_status":"closed","ping_status":"closed","template":"","meta":[],"page_tags":[],"_links":{"self":[{"href":"https:\/\/www.eldo.com\/guide\/wp-json\/wp\/v2\/pages\/3110"}],"collection":[{"href":"https:\/\/www.eldo.com\/guide\/wp-json\/wp\/v2\/pages"}],"about":[{"href":"https:\/\/www.eldo.com\/guide\/wp-json\/wp\/v2\/types\/page"}],"author":[{"embeddable":true,"href":"https:\/\/www.eldo.com\/guide\/wp-json\/wp\/v2\/users\/1"}],"replies":[{"embeddable":true,"href":"https:\/\/www.eldo.com\/guide\/wp-json\/wp\/v2\/comments?post=3110"}],"version-history":[{"count":22,"href":"https:\/\/www.eldo.com\/guide\/wp-json\/wp\/v2\/pages\/3110\/revisions"}],"predecessor-version":[{"id":10199,"href":"https:\/\/www.eldo.com\/guide\/wp-json\/wp\/v2\/pages\/3110\/revisions\/10199"}],"up":[{"embeddable":true,"href":"https:\/\/www.eldo.com\/guide\/wp-json\/wp\/v2\/pages\/3098"}],"wp:featuredmedia":[{"embeddable":true,"href":"https:\/\/www.eldo.com\/guide\/wp-json\/wp\/v2\/media\/2176"}],"wp:attachment":[{"href":"https:\/\/www.eldo.com\/guide\/wp-json\/wp\/v2\/media?parent=3110"}],"wp:term":[{"taxonomy":"page_tags","embeddable":true,"href":"https:\/\/www.eldo.com\/guide\/wp-json\/wp\/v2\/page_tags?post=3110"}],"curies":[{"name":"wp","href":"https:\/\/api.w.org\/{rel}","templated":true}]}}