{"id":2256,"date":"2020-09-15T17:03:21","date_gmt":"2020-09-15T17:03:21","guid":{"rendered":"https:\/\/www.eldo.com\/guide\/?page_id=2256"},"modified":"2023-11-20T11:13:27","modified_gmt":"2023-11-20T11:13:27","slug":"comment-regler-un-store-banne","status":"publish","type":"page","link":"https:\/\/www.eldo.com\/guide\/stores\/comment-regler-un-store-banne\/","title":{"rendered":"R\u00e9gler store banne"},"content":{"rendered":"<section class=\"l-section wpb_row us_custom_e4eb24e1 height_auto width_full with_overlay\"><div class=\"l-section-overlay\" style=\"background: #ffffff\"><\/div><div class=\"l-section-h i-cf\"><div class=\"g-cols vc_row type_boxes valign_middle gap-10px\"><style>.g-cols.gap-10px{margin:0 -10px}.gap-10px > .vc_column_container {padding:10px}<\/style><div class=\"vc_col-sm-12 wpb_column vc_column_container has-fill\"><div class=\"vc_column-inner us_custom_df4b6b69\"><div class=\"wpb_wrapper\"><div class=\"wpb_text_column us_custom_2e587a18 has_text_color\" ><div class=\"wpb_wrapper\"><h1 style=\"text-align: center;\">Comment r\u00e9gler un store banne ?<\/h1>\n<\/div><\/div><div class=\"w-separator size_medium\"><\/div><ol class=\"g-breadcrumbs us_custom_6556ef4c separator_icon align_left has_text_color\"><li class=\"g-breadcrumbs-item\"><a href=\"https:\/\/www.eldo.com\/guide\/\">Guides travaux<\/a><meta content=\"1\"\/><\/li><li class=\"g-breadcrumbs-separator\"><i class=\"far fa-angle-right\"><\/i><\/li><li class=\"g-breadcrumbs-item\">Pages<\/li><\/ol><\/div><\/div><\/div><div class=\"vc_col-sm-12 wpb_column vc_column_container has-fill\"><div class=\"vc_column-inner us_custom_e4eb24e1\"><div class=\"wpb_wrapper\"><div class=\"wpb_text_column us_custom_ae99f6aa has_text_color\" ><div class=\"wpb_wrapper\">\n<\/div><\/div><div class=\"wpb_text_column us_custom_ae99f6aa has_text_color\" ><div class=\"wpb_wrapper\"><p><span style=\"font-weight: 400;\">Que vous poss\u00e9diez un store banne coffre, un store banne motoris\u00e9 ou un store manuel, voir m\u00eame un store double pente, le r\u00e9glage est une \u00e9tape primordiale.\u00a0<\/span><span style=\"font-weight: 400;\">Si chaque bras ne travaille pas correctement, l\u2019enroulement et le d\u00e9ploiement ne se feront pas correctement. Comme sur tout syst\u00e8me m\u00e9canique, la man\u0153uvre doit s\u2019ex\u00e9cuter parfaitement.<\/span><\/p>\n<p><span style=\"font-weight: 400;\">Contrairement aux id\u00e9es re\u00e7ues, ce n\u2019est pas parce que vous achetez un syst\u00e8me monobloc qu\u2019il suffit de le fixer pour que ce dernier fonctionne correctement.<\/span><\/p>\n<p><span style=\"font-weight: 400;\">C\u2019est d\u2019autant plus vrai pour un syst\u00e8me dot\u00e9 d\u2019une motorisation. Si le m\u00e9canisme n\u2019est pas \u00e9quilibr\u00e9 et bien r\u00e9gl\u00e9, il pourrait endommager la toile de store, voire m\u00eame le moteur \u00e9lectrique en le faisant forcer inutilement.<\/span><\/p>\n<\/div><\/div><\/div><\/div><\/div><\/div><\/div><\/section><section class=\"l-section wpb_row height_auto width_full\"><div class=\"l-section-h i-cf\"><div class=\"g-cols vc_row type_boxes valign_middle gap-20px\"><style>.g-cols.gap-20px{margin:0 -20px}.gap-20px > .vc_column_container {padding:20px}<\/style><div class=\"vc_col-sm-12 wpb_column vc_column_container\"><div class=\"vc_column-inner\"><div class=\"wpb_wrapper\"><div \" class=\"faq_question_container\"><h2 class=\"faq_question_title\">Comment r\u00e9gler correctement votre store de terrasse ?<\/h2><div class=\"faq_question_content\"><ul>\n<li>Il faut tout d\u2019abord le fixer correctement. A l\u2019aide de scellement chimique, la fixation murale doit \u00eatre solide et fiable. Servez-vous d\u2019un niveau et d\u2019une \u00e9querre pour que l\u2019ensemble soit bien positionn\u00e9.<\/li>\n<li>Il va ensuite falloir contr\u00f4ler l\u2019enrouleur. Pour ce faire, \u00e0 l\u2019aide la manivelle ou de la t\u00e9l\u00e9commande (selon le mod\u00e8le) faites sortir les 50 premiers centim\u00e8tres de toile. Cette longueur est suffisante pour constater si la toile sort parall\u00e8lement au mur. Si ce n\u2019est pas le cas, il faut passer au r\u00e9glage.<\/li>\n<li>Finalement, v\u00e9rifiez l\u2019inclinaison du store et des bras. La plupart des stores sont dot\u00e9s d\u2019inclinaison r\u00e9glable. Des boulons servent \u00e0 l\u2019ajuster et l\u2019\u00e9quilibrer des 2 c\u00f4t\u00e9s. Dans la plupart des cas, lorsqu\u2019il y a un blocage, c\u2019est que les bras ne sont pas r\u00e9gl\u00e9s au m\u00eame niveau. Assurez-vous donc que cela ne soit pas le cas pour votre installation.<\/li>\n<\/ul>\n<p>Sur un store banne manuel, c\u2019est le principal probl\u00e8me que vous devriez rencontrer. Ces syst\u00e8mes sont relativement simples et ne souffrent pas d\u2019autres types de d\u00e9convenues.<\/p>\n<h3><span id=\"Pour_un_store_electrique\">Et pour un store \u00e9lectrique ?<\/span><\/h3>\n<p>Ce type de mat\u00e9riel doit \u00eatre articul\u00e9 correctement. Dans le cas contraire, il ferait forcer le moteur et mettrait \u00e0 mal son fonctionnement. L\u2019automatisme demande que l\u2019on en r\u00e8gle notamment la fin de course.<\/p>\n<p>Le store enrouleur \u00e9lectrique doit s\u2019arr\u00eater \u00e0 la bonne longueur, ainsi que stopper lorsqu\u2019il est en fin de course. C\u2019est l\u00e0 que les choses se compliquent pour un particulier. Des capteurs doivent \u00eatre finement r\u00e9gl\u00e9s pour vous assurer qu\u2019il fonctionnera correctement.<\/p>\n<p>Au-del\u00e0 du raccord filaire \u00e9lectrique, il vous faut donc avoir de solides notions d\u2019\u00e9lectricit\u00e9.<\/p>\n<p>C\u2019est pour cette raison que nous vous recommandons de faire appel \u00e0 un professionnel. Un storiste saura se charger de l\u2019installation globale de votre store. Il pourra m\u00eame le raccorder \u00e0 votre box domotique si votre maison est \u00e9quip\u00e9e.<\/p>\n<p>Donc, si vous vous demandez comment poser votre store, c\u2019est que vous aurez probablement besoin de faire appel \u00e0 un professionnel.<\/p>\n<p>N\u2019oubliez pas que si vous entendez profiter de votre installation pour ombrager correctement votre terrasse, il vaut mieux que vous ayez conscience des difficult\u00e9s que repr\u00e9sente la mise en place d\u2019un tel syst\u00e8me. N\u2019ayez pas honte de demander de l\u2019aide \u00e0 un professionnel, il est l\u00e0 pour \u00e7a\u00a0!<\/p>\n<\/div><\/div><div class=\"w-separator size_medium\"><\/div><div class=\"w-btn-wrapper width_auto align_center\"><a class=\"w-btn us-btn-style_2\" title=\"Devis gratuit\" target=\"_blank\" href=\"https:\/\/devis.eldo.com\/stores-new\/france?utm_source=SEO&amp;utm_medium=Guide&amp;utm_campaign=stores-comment-regler-un-store-banne\" rel=\"noopener\"><span class=\"w-btn-label\">Demander un devis gratuit<\/span><\/a><\/div><\/div><\/div><\/div><\/div><\/div><\/section><section class=\"l-section wpb_row height_medium\"><div class=\"l-section-h i-cf\"><div class=\"g-cols vc_row type_default valign_top\"><div class=\"vc_col-sm-12 wpb_column vc_column_container\"><div class=\"vc_column-inner\"><div class=\"wpb_wrapper\"><div class=\"w-grid type_grid layout_331 cols_3 overflow_hidden\" id=\"us_grid_1\"><style id=\"us_grid_1_css\">#us_grid_1 .w-grid-item{padding:1.5rem}#us_grid_1 .w-grid-list{margin:-1.5rem}.w-grid + #us_grid_1 .w-grid-list{margin-top:1.5rem}@media (max-width:899px){#us_grid_1 .w-grid-item{width:50.0000%}}@media (max-width:599px){#us_grid_1 .w-grid-list{margin:0}#us_grid_1 .w-grid-item{width:100.0000%;padding:0;margin-bottom:1.5rem}}<\/style><style>.layout_331 .w-grid-item-h{}.layout_331 .usg_post_image_1{width:50%!important}.layout_331 .usg_vwrapper_1{width:50%!important;margin-right:0!important}.layout_331 .usg_post_title_1{color:#000000!important}@media (max-width:599px){.layout_331 .usg_post_title_1{font-size:1.2rem!important;margin-right:0!important;padding-bottom:0!important}}<\/style><div class=\"w-grid-list\" >\t<article class=\"w-grid-item size_1x1 post-2246 page type-page status-publish has-post-thumbnail hentry\" data-id=\"2246\">\r\n\t\t<div class=\"w-grid-item-h\">\r\n\t\t\t\t\t\t\t<a class=\"w-grid-item-anchor\" href=\"https:\/\/www.eldo.com\/guide\/stores\/store-banne-a-coffre\/\" rel=\"bookmark\" aria-label=\"Stores banne \u00e0 coffre\"><\/a>\r\n\t\t\t\t\t\t<div class=\"w-vwrapper usg_vwrapper_1 align_left valign_top\"><p class=\"w-post-elm post_title usg_post_title_1 align_center entry-title color_link_inherit has_text_color\"><a href=\"https:\/\/www.eldo.com\/guide\/stores\/store-banne-a-coffre\/\">Stores banne \u00e0 coffre<\/a><\/p><\/div><div class=\"w-hwrapper usg_hwrapper_1 align_left valign_top\"><div class=\"w-post-elm post_image usg_post_image_1 has_width has_ratio\"><div style=\"padding-bottom:100.0000%\"><\/div><a href=\"https:\/\/www.eldo.com\/guide\/stores\/store-banne-a-coffre\/\" aria-label=\"Stores banne \u00e0 coffre\"><img width=\"512\" height=\"288\" src=\"https:\/\/www.eldo.com\/guide\/wp-content\/uploads\/2020\/09\/CTA-STORES.png\" class=\"attachment-us_600_600_crop size-us_600_600_crop wp-post-image\" alt=\"Stores d&#039;ext\u00e9rieure\" srcset=\"https:\/\/www.eldo.com\/guide\/wp-content\/uploads\/2020\/09\/CTA-STORES.png 512w, https:\/\/www.eldo.com\/guide\/wp-content\/uploads\/2020\/09\/CTA-STORES-300x169.png 300w, https:\/\/www.eldo.com\/guide\/wp-content\/uploads\/2020\/09\/CTA-STORES-1024x576.png 1024w, https:\/\/www.eldo.com\/guide\/wp-content\/uploads\/2020\/09\/CTA-STORES-600x338.png 600w, https:\/\/www.eldo.com\/guide\/wp-content\/uploads\/2020\/09\/CTA-STORES-800x450.png 800w\" sizes=\"(max-width: 512px) 100vw, 512px\" \/><\/a><\/div><\/div>\t\t<\/div>\r\n\t<\/article>\r\n\t<article class=\"w-grid-item size_1x1 post-2237 page type-page status-publish has-post-thumbnail hentry\" data-id=\"2237\">\r\n\t\t<div class=\"w-grid-item-h\">\r\n\t\t\t\t\t\t\t<a class=\"w-grid-item-anchor\" href=\"https:\/\/www.eldo.com\/guide\/stores\/store-banne-manuel\/\" rel=\"bookmark\" aria-label=\"Stores banne manuel\"><\/a>\r\n\t\t\t\t\t\t<div class=\"w-vwrapper usg_vwrapper_1 align_left valign_top\"><p class=\"w-post-elm post_title usg_post_title_1 align_center entry-title color_link_inherit has_text_color\"><a href=\"https:\/\/www.eldo.com\/guide\/stores\/store-banne-manuel\/\">Stores banne manuel<\/a><\/p><\/div><div class=\"w-hwrapper usg_hwrapper_1 align_left valign_top\"><div class=\"w-post-elm post_image usg_post_image_1 has_width has_ratio\"><div style=\"padding-bottom:100.0000%\"><\/div><a href=\"https:\/\/www.eldo.com\/guide\/stores\/store-banne-manuel\/\" aria-label=\"Stores banne manuel\"><img width=\"276\" height=\"207\" src=\"https:\/\/www.eldo.com\/guide\/wp-content\/uploads\/2020\/09\/abdm_menuiseries_stores_3_54.jpg\" class=\"attachment-us_600_600_crop size-us_600_600_crop wp-post-image\" alt=\"Store terrasse manuel\" \/><\/a><\/div><\/div>\t\t<\/div>\r\n\t<\/article>\r\n\t<article class=\"w-grid-item size_1x1 post-2234 page type-page status-publish has-post-thumbnail hentry\" data-id=\"2234\">\r\n\t\t<div class=\"w-grid-item-h\">\r\n\t\t\t\t\t\t\t<a class=\"w-grid-item-anchor\" href=\"https:\/\/www.eldo.com\/guide\/stores\/store-banne-motorise\/\" rel=\"bookmark\" aria-label=\"Store banne motoris\u00e9\"><\/a>\r\n\t\t\t\t\t\t<div class=\"w-vwrapper usg_vwrapper_1 align_left valign_top\"><p class=\"w-post-elm post_title usg_post_title_1 align_center entry-title color_link_inherit has_text_color\"><a href=\"https:\/\/www.eldo.com\/guide\/stores\/store-banne-motorise\/\">Store banne motoris\u00e9<\/a><\/p><\/div><div class=\"w-hwrapper usg_hwrapper_1 align_left valign_top\"><div class=\"w-post-elm post_image usg_post_image_1 has_width has_ratio\"><div style=\"padding-bottom:100.0000%\"><\/div><a href=\"https:\/\/www.eldo.com\/guide\/stores\/store-banne-motorise\/\" aria-label=\"Store banne motoris\u00e9\"><img width=\"512\" height=\"384\" src=\"https:\/\/www.eldo.com\/guide\/wp-content\/uploads\/2020\/09\/stores_bannes_pergolas_bioclimatiques_stores_enrouleurs_stores_venitiens_colomiers_confort_solaire_didier_3.jpeg\" class=\"attachment-us_600_600_crop size-us_600_600_crop wp-post-image\" alt=\"stores-exterieur\" srcset=\"https:\/\/www.eldo.com\/guide\/wp-content\/uploads\/2020\/09\/stores_bannes_pergolas_bioclimatiques_stores_enrouleurs_stores_venitiens_colomiers_confort_solaire_didier_3.jpeg 512w, https:\/\/www.eldo.com\/guide\/wp-content\/uploads\/2020\/09\/stores_bannes_pergolas_bioclimatiques_stores_enrouleurs_stores_venitiens_colomiers_confort_solaire_didier_3-300x225.jpeg 300w, https:\/\/www.eldo.com\/guide\/wp-content\/uploads\/2020\/09\/stores_bannes_pergolas_bioclimatiques_stores_enrouleurs_stores_venitiens_colomiers_confort_solaire_didier_3-533x400.jpeg 533w, https:\/\/www.eldo.com\/guide\/wp-content\/uploads\/2020\/09\/stores_bannes_pergolas_bioclimatiques_stores_enrouleurs_stores_venitiens_colomiers_confort_solaire_didier_3-800x600.jpeg 800w\" sizes=\"(max-width: 512px) 100vw, 512px\" \/><\/a><\/div><\/div>\t\t<\/div>\r\n\t<\/article>\r\n\t<article class=\"w-grid-item size_1x1 post-2228 page type-page status-publish has-post-thumbnail hentry\" data-id=\"2228\">\r\n\t\t<div class=\"w-grid-item-h\">\r\n\t\t\t\t\t\t\t<a class=\"w-grid-item-anchor\" href=\"https:\/\/www.eldo.com\/guide\/stores\/toile-store-banne\" rel=\"bookmark\" aria-label=\"Toile de store\"><\/a>\r\n\t\t\t\t\t\t<div class=\"w-vwrapper usg_vwrapper_1 align_left valign_top\"><p class=\"w-post-elm post_title usg_post_title_1 align_center entry-title color_link_inherit has_text_color\"><a href=\"https:\/\/www.eldo.com\/guide\/stores\/toile-store-banne\">Toile de store<\/a><\/p><\/div><div class=\"w-hwrapper usg_hwrapper_1 align_left valign_top\"><div class=\"w-post-elm post_image usg_post_image_1 has_width has_ratio\"><div style=\"padding-bottom:100.0000%\"><\/div><a href=\"https:\/\/www.eldo.com\/guide\/stores\/toile-store-banne\" aria-label=\"Toile de store\"><img width=\"512\" height=\"288\" src=\"https:\/\/www.eldo.com\/guide\/wp-content\/uploads\/2020\/09\/stores_bannes_pergolas_bioclimatiques_stores_enrouleurs_stores_venitiens_colomiers_confort_solaire_yoann_3.jpeg\" class=\"attachment-us_600_600_crop size-us_600_600_crop wp-post-image\" alt=\"Stores bannes pergolas\" srcset=\"https:\/\/www.eldo.com\/guide\/wp-content\/uploads\/2020\/09\/stores_bannes_pergolas_bioclimatiques_stores_enrouleurs_stores_venitiens_colomiers_confort_solaire_yoann_3.jpeg 512w, https:\/\/www.eldo.com\/guide\/wp-content\/uploads\/2020\/09\/stores_bannes_pergolas_bioclimatiques_stores_enrouleurs_stores_venitiens_colomiers_confort_solaire_yoann_3-300x169.jpeg 300w, https:\/\/www.eldo.com\/guide\/wp-content\/uploads\/2020\/09\/stores_bannes_pergolas_bioclimatiques_stores_enrouleurs_stores_venitiens_colomiers_confort_solaire_yoann_3-1024x576.jpeg 1024w, https:\/\/www.eldo.com\/guide\/wp-content\/uploads\/2020\/09\/stores_bannes_pergolas_bioclimatiques_stores_enrouleurs_stores_venitiens_colomiers_confort_solaire_yoann_3-600x337.jpeg 600w, https:\/\/www.eldo.com\/guide\/wp-content\/uploads\/2020\/09\/stores_bannes_pergolas_bioclimatiques_stores_enrouleurs_stores_venitiens_colomiers_confort_solaire_yoann_3-800x450.jpeg 800w\" sizes=\"(max-width: 512px) 100vw, 512px\" \/><\/a><\/div><\/div>\t\t<\/div>\r\n\t<\/article>\r\n\t<article class=\"w-grid-item size_1x1 post-2207 page type-page status-publish has-post-thumbnail hentry\" data-id=\"2207\">\r\n\t\t<div class=\"w-grid-item-h\">\r\n\t\t\t\t\t\t\t<a class=\"w-grid-item-anchor\" href=\"https:\/\/www.eldo.com\/guide\/stores\/\" rel=\"bookmark\" aria-label=\"Store ext\u00e9rieur\"><\/a>\r\n\t\t\t\t\t\t<div class=\"w-vwrapper usg_vwrapper_1 align_left valign_top\"><p class=\"w-post-elm post_title usg_post_title_1 align_center entry-title color_link_inherit has_text_color\"><a href=\"https:\/\/www.eldo.com\/guide\/stores\/\">Store ext\u00e9rieur<\/a><\/p><\/div><div class=\"w-hwrapper usg_hwrapper_1 align_left valign_top\"><div class=\"w-post-elm post_image usg_post_image_1 has_width has_ratio\"><div style=\"padding-bottom:100.0000%\"><\/div><a href=\"https:\/\/www.eldo.com\/guide\/stores\/\" aria-label=\"Store ext\u00e9rieur\"><img width=\"512\" height=\"416\" src=\"https:\/\/www.eldo.com\/guide\/wp-content\/uploads\/2020\/09\/storebanne-1024x831-1.png\" class=\"attachment-us_600_600_crop size-us_600_600_crop wp-post-image\" alt=\"Store banne\" srcset=\"https:\/\/www.eldo.com\/guide\/wp-content\/uploads\/2020\/09\/storebanne-1024x831-1.png 512w, https:\/\/www.eldo.com\/guide\/wp-content\/uploads\/2020\/09\/storebanne-1024x831-1-300x243.png 300w, https:\/\/www.eldo.com\/guide\/wp-content\/uploads\/2020\/09\/storebanne-1024x831-1-493x400.png 493w, https:\/\/www.eldo.com\/guide\/wp-content\/uploads\/2020\/09\/storebanne-1024x831-1-739x600.png 739w\" sizes=\"(max-width: 512px) 100vw, 512px\" \/><\/a><\/div><\/div>\t\t<\/div>\r\n\t<\/article>\r\n<\/div><div class=\"w-grid-preloader\"><div class=\"g-preloader type_1\">\r\n\t<div><\/div>\r\n<\/div>\r\n<\/div>\t<div class=\"w-grid-json hidden\" onclick='return {&quot;action&quot;:&quot;us_ajax_grid&quot;,&quot;ajax_url&quot;:&quot;https:\\\/\\\/www.eldo.com\\\/guide\\\/wp-admin\\\/admin-ajax.php&quot;,&quot;infinite_scroll&quot;:0,&quot;max_num_pages&quot;:1,&quot;pagination&quot;:&quot;none&quot;,&quot;permalink_url&quot;:&quot;https:\\\/\\\/www.eldo.com\\\/guide\\\/wp-json\\\/wp\\\/v2\\\/pages\\\/2256&quot;,&quot;template_vars&quot;:{&quot;columns&quot;:&quot;3&quot;,&quot;exclude_items&quot;:&quot;none&quot;,&quot;img_size&quot;:&quot;default&quot;,&quot;ignore_items_size&quot;:false,&quot;items_layout&quot;:&quot;331&quot;,&quot;items_offset&quot;:&quot;1&quot;,&quot;load_animation&quot;:&quot;none&quot;,&quot;overriding_link&quot;:&quot;post&quot;,&quot;post_id&quot;:2256,&quot;query_args&quot;:{&quot;ignore_sticky_posts&quot;:1,&quot;post_type&quot;:&quot;any&quot;,&quot;post__in&quot;:[&quot;2207&quot;,&quot;2228&quot;,&quot;2234&quot;,&quot;2237&quot;,&quot;2246&quot;],&quot;posts_per_page&quot;:&quot;10&quot;},&quot;orderby_query_args&quot;:{&quot;orderby&quot;:{&quot;date&quot;:&quot;DESC&quot;}},&quot;type&quot;:&quot;grid&quot;,&quot;us_grid_ajax_index&quot;:1,&quot;us_grid_filter_params&quot;:null,&quot;us_grid_index&quot;:1,&quot;_us_grid_post_type&quot;:&quot;ids&quot;}}'><\/div>\r\n\t<\/div><\/div><\/div><\/div><\/div><\/div><\/section><section class=\"l-section wpb_row us_custom_e91755c2 height_auto width_full with_overlay\"><div class=\"l-section-overlay\" style=\"background: #ebebeb\"><\/div><div class=\"l-section-h i-cf\"><div class=\"g-cols vc_row type_boxes valign_middle\"><div class=\"vc_col-sm-12 wpb_column vc_column_container has-fill\"><div class=\"vc_column-inner us_custom_dea1e33b\"><div class=\"wpb_wrapper\"><p class=\"w-itext us_custom_6df4bc3a type_typingChars align_center\" onclick='return {&quot;duration&quot;:300,&quot;delay&quot;:2000,&quot;disablePartAnimation&quot;:false,&quot;dynamicColor&quot;:&quot;#ffffff&quot;,&quot;html_nbsp_char&quot;:true}'>Je\u00a0cherche\u00a0un\u00a0pro\u00a0\u00e0\u00a0<span class=\"w-itext-part changesat_0 changesat_1 changesat_2 changesat_3 changesat_4 dynamic\" style=\"color:#ffffff\" onclick='return [&quot;Bordeaux&quot;,&quot;Toulouse&quot;,&quot;Paris&quot;,&quot;Nantes&quot;,&quot;Marseille&quot;]'><span>Bordeaux<\/span><i class=\"w-itext-cursor\"><\/i><\/span><\/p><div class=\"w-separator size_medium\"><\/div><div class=\"w-btn-wrapper width_auto align_center\"><a class=\"w-btn us-btn-style_2\" title=\"Devis gratuit\" target=\"_blank\" href=\"https:\/\/devis.eldo.com\/stores-new\/france?utm_source=SEO&amp;utm_medium=Guide&amp;utm_campaign=stores-comment-regler-un-store-banne\" rel=\"noopener\"><span class=\"w-btn-label\">Expliquer mon projet<\/span><\/a><\/div><\/div><\/div><\/div><\/div><\/div><\/section>\n","protected":false},"excerpt":{"rendered":"Comment choisir son store ext\u00e9rieur ? Guide complet : conseils, styles &amp; mat\u00e9riaux Guides travauxPages Quel budget pr\u00e9voir pour un store ext\u00e9rieur ?Selon le type d\u2019installation que vous souhaitez, et selon la surface \u00e0 prot\u00e9ger, le prix peut varier. Les dimensions de la toile, la taille des bras en aluminium, chaque option incluse fera \u00e9voluer...","protected":false},"author":1,"featured_media":2258,"parent":2207,"menu_order":0,"comment_status":"closed","ping_status":"closed","template":"","meta":[],"page_tags":[],"_links":{"self":[{"href":"https:\/\/www.eldo.com\/guide\/wp-json\/wp\/v2\/pages\/2256"}],"collection":[{"href":"https:\/\/www.eldo.com\/guide\/wp-json\/wp\/v2\/pages"}],"about":[{"href":"https:\/\/www.eldo.com\/guide\/wp-json\/wp\/v2\/types\/page"}],"author":[{"embeddable":true,"href":"https:\/\/www.eldo.com\/guide\/wp-json\/wp\/v2\/users\/1"}],"replies":[{"embeddable":true,"href":"https:\/\/www.eldo.com\/guide\/wp-json\/wp\/v2\/comments?post=2256"}],"version-history":[{"count":19,"href":"https:\/\/www.eldo.com\/guide\/wp-json\/wp\/v2\/pages\/2256\/revisions"}],"predecessor-version":[{"id":10697,"href":"https:\/\/www.eldo.com\/guide\/wp-json\/wp\/v2\/pages\/2256\/revisions\/10697"}],"up":[{"embeddable":true,"href":"https:\/\/www.eldo.com\/guide\/wp-json\/wp\/v2\/pages\/2207"}],"wp:featuredmedia":[{"embeddable":true,"href":"https:\/\/www.eldo.com\/guide\/wp-json\/wp\/v2\/media\/2258"}],"wp:attachment":[{"href":"https:\/\/www.eldo.com\/guide\/wp-json\/wp\/v2\/media?parent=2256"}],"wp:term":[{"taxonomy":"page_tags","embeddable":true,"href":"https:\/\/www.eldo.com\/guide\/wp-json\/wp\/v2\/page_tags?post=2256"}],"curies":[{"name":"wp","href":"https:\/\/api.w.org\/{rel}","templated":true}]}}