{"id":2237,"date":"2020-09-15T16:52:05","date_gmt":"2020-09-15T16:52:05","guid":{"rendered":"https:\/\/www.eldo.com\/guide\/?page_id=2237"},"modified":"2024-01-26T15:15:40","modified_gmt":"2024-01-26T15:15:40","slug":"manuel","status":"publish","type":"page","link":"https:\/\/www.eldo.com\/guide\/stores\/store-banne-manuel\/","title":{"rendered":"Stores banne manuel"},"content":{"rendered":"<section class=\"l-section wpb_row us_custom_e4eb24e1 height_auto width_full with_overlay\"><div class=\"l-section-overlay\" style=\"background: #ffffff\"><\/div><div class=\"l-section-h i-cf\"><div class=\"g-cols vc_row type_boxes valign_middle gap-10px\"><style>.g-cols.gap-10px{margin:0 -10px}.gap-10px > .vc_column_container {padding:10px}<\/style><div class=\"vc_col-sm-12 wpb_column vc_column_container has-fill has_text_color\"><div class=\"vc_column-inner us_custom_3bf05db7\"><div class=\"wpb_wrapper\"><div class=\"wpb_text_column us_custom_2e587a18 has_text_color\" ><div class=\"wpb_wrapper\"><h1 style=\"text-align: center;\">Le store banne manuel<\/h1>\n<\/div><\/div><div class=\"w-separator size_medium\"><\/div><ol class=\"g-breadcrumbs us_custom_6556ef4c separator_icon align_left has_text_color\"><li class=\"g-breadcrumbs-item\"><a href=\"https:\/\/www.eldo.com\/guide\/\">Guides travaux<\/a><meta content=\"1\"\/><\/li><li class=\"g-breadcrumbs-separator\"><i class=\"far fa-angle-right\"><\/i><\/li><li class=\"g-breadcrumbs-item\">Pages<\/li><\/ol><\/div><\/div><\/div><div class=\"vc_col-sm-12 wpb_column vc_column_container has-fill\"><div class=\"vc_column-inner us_custom_e4eb24e1\"><div class=\"wpb_wrapper\"><div class=\"wpb_text_column\" ><div class=\"wpb_wrapper\">\n<\/div><\/div><div \" class=\"faq_question_container\"><h2 class=\"faq_question_title\">Qu&#039;est ce qu&#039;un store banne manuel ?<\/h2><div class=\"faq_question_content\"><p>Le store manuel est largement r\u00e9pandu. Souvent pr\u00e9sent\u00e9 sous la forme d\u2019un syst\u00e8me monobloc, on en actionne l\u2019enroulement \u00e0 l\u2019aide d\u2019une manivelle.<\/p>\n<p>Il a longtemps repr\u00e9sent\u00e9 l\u2019abri de terrasse ou balcon par excellence. Il n\u2019en reste pas moins qu\u2019il a lui aussi \u00e9volu\u00e9, comme les autres versions de stores que l\u2019on trouve sur le march\u00e9.<\/p>\n<p>Equip\u00e9 d\u2019un coffre int\u00e9gral, d\u2019une toile polyester ou d\u2019une toile acrylique, il reste un ind\u00e9modable pour prolonger et prot\u00e9ger l\u2019espace de vie \u00e0 moindre frais.<\/p>\n<\/div><\/div><div class=\"w-separator size_medium\"><\/div><div class=\"w-btn-wrapper width_auto align_center\"><a class=\"w-btn us-btn-style_2\" title=\"Devis gratuit\" target=\"_blank\" href=\"https:\/\/devis.eldo.com\/stores-new\/france?utm_source=SEO&amp;utm_medium=Guide&amp;utm_campaign=stores-store-banne-manuel\" rel=\"noopener\"><span class=\"w-btn-label\">Demander un devis gratuit<\/span><\/a><\/div><\/div><\/div><\/div><\/div><\/div><\/section><section class=\"l-section wpb_row height_auto width_full\"><div class=\"l-section-h i-cf\"><div class=\"g-cols vc_row type_boxes valign_middle\"><div class=\"vc_col-sm-12 wpb_column vc_column_container\"><div class=\"vc_column-inner\"><div class=\"wpb_wrapper\"><div \" class=\"faq_question_container\"><h2 class=\"faq_question_title\">Comment poser un store banne manuel ?<\/h2><div class=\"faq_question_content\"><p>Ce type de store se pr\u00e9sente souvent sous la forme d\u2019un syst\u00e8me monobloc. Apr\u00e8s per\u00e7age, il est fix\u00e9 par scellement chimique. La structure est en aluminium extrud\u00e9 la plupart du temps, ce qui la rend \u00e0 la fois rigide et l\u00e9g\u00e8re. Si le syst\u00e8me est dot\u00e9 d\u2019une inclinaison r\u00e9glable, il vaut mieux savoir manier l\u2019\u00e9querre. Si l\u2019ensemble \u00e9tait mal ajust\u00e9, la toile pourrait ne pas bouger correctement.<\/p>\n<p>Bien que l\u2019op\u00e9ration soit relativement ais\u00e9e, faire appel \u00e0 un poseur peut s\u2019av\u00e9rer judicieux. Il faut s\u2019assurer de la bonne configuration de l\u2019ensemble pour que la voile d\u2019ombrage vous prot\u00e8ge correctement. C\u2019est notamment le cas pour un store de grandes dimensions.<\/p>\n<p>Avez-vous pens\u00e9 au fait que vos volets battants ne doivent pas g\u00eaner l\u2019enrouleur\u00a0? De m\u00eame, votre toile r\u00e9tractable ne doit pas bloquer leur fermeture. Pensez-y\u00a0!<\/p>\n<p>Si vous souhaitez que votre espace ext\u00e9rieur soit bien prot\u00e9g\u00e9, de fa\u00e7on durable, ne l\u00e9sinez pas sur les moyens\u00a0!<\/p>\n<\/div><\/div><\/div><\/div><\/div><\/div><\/div><\/section><section class=\"l-section wpb_row height_medium\"><div class=\"l-section-h i-cf\"><div class=\"g-cols vc_row type_default valign_top\"><div class=\"vc_col-sm-12 wpb_column vc_column_container\"><div class=\"vc_column-inner\"><div class=\"wpb_wrapper\"><div class=\"w-grid type_grid layout_331 cols_3 overflow_hidden\" id=\"us_grid_1\"><style id=\"us_grid_1_css\">#us_grid_1 .w-grid-item{padding:1.5rem}#us_grid_1 .w-grid-list{margin:-1.5rem}.w-grid + #us_grid_1 .w-grid-list{margin-top:1.5rem}@media (max-width:899px){#us_grid_1 .w-grid-item{width:50.0000%}}@media (max-width:599px){#us_grid_1 .w-grid-list{margin:0}#us_grid_1 .w-grid-item{width:100.0000%;padding:0;margin-bottom:1.5rem}}<\/style><style>.layout_331 .w-grid-item-h{}.layout_331 .usg_post_image_1{width:50%!important}.layout_331 .usg_vwrapper_1{width:50%!important;margin-right:0!important}.layout_331 .usg_post_title_1{color:#000000!important}@media (max-width:599px){.layout_331 .usg_post_title_1{font-size:1.2rem!important;margin-right:0!important;padding-bottom:0!important}}<\/style><div class=\"w-grid-list\" >\t<article class=\"w-grid-item size_1x1 post-2256 page type-page status-publish has-post-thumbnail hentry\" data-id=\"2256\">\r\n\t\t<div class=\"w-grid-item-h\">\r\n\t\t\t\t\t\t\t<a class=\"w-grid-item-anchor\" href=\"https:\/\/www.eldo.com\/guide\/stores\/comment-regler-un-store-banne\/\" rel=\"bookmark\" aria-label=\"R\u00e9gler store banne\"><\/a>\r\n\t\t\t\t\t\t<div class=\"w-vwrapper usg_vwrapper_1 align_left valign_top\"><p class=\"w-post-elm post_title usg_post_title_1 align_center entry-title color_link_inherit has_text_color\"><a href=\"https:\/\/www.eldo.com\/guide\/stores\/comment-regler-un-store-banne\/\">R\u00e9gler store banne<\/a><\/p><\/div><div class=\"w-hwrapper usg_hwrapper_1 align_left valign_top\"><div class=\"w-post-elm post_image usg_post_image_1 has_width has_ratio\"><div style=\"padding-bottom:100.0000%\"><\/div><a href=\"https:\/\/www.eldo.com\/guide\/stores\/comment-regler-un-store-banne\/\" aria-label=\"R\u00e9gler store banne\"><img width=\"207\" height=\"207\" src=\"https:\/\/www.eldo.com\/guide\/wp-content\/uploads\/2020\/09\/bonnet_et_fils_stores_2_54.jpg\" class=\"attachment-us_600_600_crop size-us_600_600_crop wp-post-image\" alt=\"R\u00e9gler stores banne\" srcset=\"https:\/\/www.eldo.com\/guide\/wp-content\/uploads\/2020\/09\/bonnet_et_fils_stores_2_54.jpg 207w, https:\/\/www.eldo.com\/guide\/wp-content\/uploads\/2020\/09\/bonnet_et_fils_stores_2_54-150x150.jpg 150w\" sizes=\"(max-width: 207px) 100vw, 207px\" \/><\/a><\/div><\/div>\t\t<\/div>\r\n\t<\/article>\r\n\t<article class=\"w-grid-item size_1x1 post-2250 page type-page status-publish has-post-thumbnail hentry\" data-id=\"2250\">\r\n\t\t<div class=\"w-grid-item-h\">\r\n\t\t\t\t\t\t\t<a class=\"w-grid-item-anchor\" href=\"https:\/\/www.eldo.com\/guide\/stores\/store-banne-double-pente\/\" rel=\"bookmark\" aria-label=\"Store double pentes\"><\/a>\r\n\t\t\t\t\t\t<div class=\"w-vwrapper usg_vwrapper_1 align_left valign_top\"><p class=\"w-post-elm post_title usg_post_title_1 align_center entry-title color_link_inherit has_text_color\"><a href=\"https:\/\/www.eldo.com\/guide\/stores\/store-banne-double-pente\/\">Store double pentes<\/a><\/p><\/div><div class=\"w-hwrapper usg_hwrapper_1 align_left valign_top\"><div class=\"w-post-elm post_image usg_post_image_1 has_width has_ratio\"><div style=\"padding-bottom:100.0000%\"><\/div><a href=\"https:\/\/www.eldo.com\/guide\/stores\/store-banne-double-pente\/\" aria-label=\"Store double pentes\"><img width=\"512\" height=\"360\" src=\"https:\/\/www.eldo.com\/guide\/wp-content\/uploads\/2020\/09\/doublepente.jpg\" class=\"attachment-us_600_600_crop size-us_600_600_crop wp-post-image\" alt=\"stores doubles pentes\" srcset=\"https:\/\/www.eldo.com\/guide\/wp-content\/uploads\/2020\/09\/doublepente.jpg 512w, https:\/\/www.eldo.com\/guide\/wp-content\/uploads\/2020\/09\/doublepente-300x211.jpg 300w, https:\/\/www.eldo.com\/guide\/wp-content\/uploads\/2020\/09\/doublepente-1024x720.jpg 1024w, https:\/\/www.eldo.com\/guide\/wp-content\/uploads\/2020\/09\/doublepente-569x400.jpg 569w, https:\/\/www.eldo.com\/guide\/wp-content\/uploads\/2020\/09\/doublepente-800x562.jpg 800w\" sizes=\"(max-width: 512px) 100vw, 512px\" \/><\/a><\/div><\/div>\t\t<\/div>\r\n\t<\/article>\r\n\t<article class=\"w-grid-item size_1x1 post-2246 page type-page status-publish has-post-thumbnail hentry\" data-id=\"2246\">\r\n\t\t<div class=\"w-grid-item-h\">\r\n\t\t\t\t\t\t\t<a class=\"w-grid-item-anchor\" href=\"https:\/\/www.eldo.com\/guide\/stores\/store-banne-a-coffre\/\" rel=\"bookmark\" aria-label=\"Stores banne \u00e0 coffre\"><\/a>\r\n\t\t\t\t\t\t<div class=\"w-vwrapper usg_vwrapper_1 align_left valign_top\"><p class=\"w-post-elm post_title usg_post_title_1 align_center entry-title color_link_inherit has_text_color\"><a href=\"https:\/\/www.eldo.com\/guide\/stores\/store-banne-a-coffre\/\">Stores banne \u00e0 coffre<\/a><\/p><\/div><div class=\"w-hwrapper usg_hwrapper_1 align_left valign_top\"><div class=\"w-post-elm post_image usg_post_image_1 has_width has_ratio\"><div style=\"padding-bottom:100.0000%\"><\/div><a href=\"https:\/\/www.eldo.com\/guide\/stores\/store-banne-a-coffre\/\" aria-label=\"Stores banne \u00e0 coffre\"><img width=\"512\" height=\"288\" src=\"https:\/\/www.eldo.com\/guide\/wp-content\/uploads\/2020\/09\/CTA-STORES.png\" class=\"attachment-us_600_600_crop size-us_600_600_crop wp-post-image\" alt=\"Stores d&#039;ext\u00e9rieure\" srcset=\"https:\/\/www.eldo.com\/guide\/wp-content\/uploads\/2020\/09\/CTA-STORES.png 512w, https:\/\/www.eldo.com\/guide\/wp-content\/uploads\/2020\/09\/CTA-STORES-300x169.png 300w, https:\/\/www.eldo.com\/guide\/wp-content\/uploads\/2020\/09\/CTA-STORES-1024x576.png 1024w, https:\/\/www.eldo.com\/guide\/wp-content\/uploads\/2020\/09\/CTA-STORES-600x338.png 600w, https:\/\/www.eldo.com\/guide\/wp-content\/uploads\/2020\/09\/CTA-STORES-800x450.png 800w\" sizes=\"(max-width: 512px) 100vw, 512px\" \/><\/a><\/div><\/div>\t\t<\/div>\r\n\t<\/article>\r\n\t<article class=\"w-grid-item size_1x1 post-2234 page type-page status-publish has-post-thumbnail hentry\" data-id=\"2234\">\r\n\t\t<div class=\"w-grid-item-h\">\r\n\t\t\t\t\t\t\t<a class=\"w-grid-item-anchor\" href=\"https:\/\/www.eldo.com\/guide\/stores\/store-banne-motorise\/\" rel=\"bookmark\" aria-label=\"Store banne motoris\u00e9\"><\/a>\r\n\t\t\t\t\t\t<div class=\"w-vwrapper usg_vwrapper_1 align_left valign_top\"><p class=\"w-post-elm post_title usg_post_title_1 align_center entry-title color_link_inherit has_text_color\"><a href=\"https:\/\/www.eldo.com\/guide\/stores\/store-banne-motorise\/\">Store banne motoris\u00e9<\/a><\/p><\/div><div class=\"w-hwrapper usg_hwrapper_1 align_left valign_top\"><div class=\"w-post-elm post_image usg_post_image_1 has_width has_ratio\"><div style=\"padding-bottom:100.0000%\"><\/div><a href=\"https:\/\/www.eldo.com\/guide\/stores\/store-banne-motorise\/\" aria-label=\"Store banne motoris\u00e9\"><img width=\"512\" height=\"384\" src=\"https:\/\/www.eldo.com\/guide\/wp-content\/uploads\/2020\/09\/stores_bannes_pergolas_bioclimatiques_stores_enrouleurs_stores_venitiens_colomiers_confort_solaire_didier_3.jpeg\" class=\"attachment-us_600_600_crop size-us_600_600_crop wp-post-image\" alt=\"stores-exterieur\" srcset=\"https:\/\/www.eldo.com\/guide\/wp-content\/uploads\/2020\/09\/stores_bannes_pergolas_bioclimatiques_stores_enrouleurs_stores_venitiens_colomiers_confort_solaire_didier_3.jpeg 512w, https:\/\/www.eldo.com\/guide\/wp-content\/uploads\/2020\/09\/stores_bannes_pergolas_bioclimatiques_stores_enrouleurs_stores_venitiens_colomiers_confort_solaire_didier_3-300x225.jpeg 300w, https:\/\/www.eldo.com\/guide\/wp-content\/uploads\/2020\/09\/stores_bannes_pergolas_bioclimatiques_stores_enrouleurs_stores_venitiens_colomiers_confort_solaire_didier_3-533x400.jpeg 533w, https:\/\/www.eldo.com\/guide\/wp-content\/uploads\/2020\/09\/stores_bannes_pergolas_bioclimatiques_stores_enrouleurs_stores_venitiens_colomiers_confort_solaire_didier_3-800x600.jpeg 800w\" sizes=\"(max-width: 512px) 100vw, 512px\" \/><\/a><\/div><\/div>\t\t<\/div>\r\n\t<\/article>\r\n\t<article class=\"w-grid-item size_1x1 post-2228 page type-page status-publish has-post-thumbnail hentry\" data-id=\"2228\">\r\n\t\t<div class=\"w-grid-item-h\">\r\n\t\t\t\t\t\t\t<a class=\"w-grid-item-anchor\" href=\"https:\/\/www.eldo.com\/guide\/stores\/toile-store-banne\" rel=\"bookmark\" aria-label=\"Toile de store\"><\/a>\r\n\t\t\t\t\t\t<div class=\"w-vwrapper usg_vwrapper_1 align_left valign_top\"><p class=\"w-post-elm post_title usg_post_title_1 align_center entry-title color_link_inherit has_text_color\"><a href=\"https:\/\/www.eldo.com\/guide\/stores\/toile-store-banne\">Toile de store<\/a><\/p><\/div><div class=\"w-hwrapper usg_hwrapper_1 align_left valign_top\"><div class=\"w-post-elm post_image usg_post_image_1 has_width has_ratio\"><div style=\"padding-bottom:100.0000%\"><\/div><a href=\"https:\/\/www.eldo.com\/guide\/stores\/toile-store-banne\" aria-label=\"Toile de store\"><img width=\"512\" height=\"288\" src=\"https:\/\/www.eldo.com\/guide\/wp-content\/uploads\/2020\/09\/stores_bannes_pergolas_bioclimatiques_stores_enrouleurs_stores_venitiens_colomiers_confort_solaire_yoann_3.jpeg\" class=\"attachment-us_600_600_crop size-us_600_600_crop wp-post-image\" alt=\"Stores bannes pergolas\" srcset=\"https:\/\/www.eldo.com\/guide\/wp-content\/uploads\/2020\/09\/stores_bannes_pergolas_bioclimatiques_stores_enrouleurs_stores_venitiens_colomiers_confort_solaire_yoann_3.jpeg 512w, https:\/\/www.eldo.com\/guide\/wp-content\/uploads\/2020\/09\/stores_bannes_pergolas_bioclimatiques_stores_enrouleurs_stores_venitiens_colomiers_confort_solaire_yoann_3-300x169.jpeg 300w, https:\/\/www.eldo.com\/guide\/wp-content\/uploads\/2020\/09\/stores_bannes_pergolas_bioclimatiques_stores_enrouleurs_stores_venitiens_colomiers_confort_solaire_yoann_3-1024x576.jpeg 1024w, https:\/\/www.eldo.com\/guide\/wp-content\/uploads\/2020\/09\/stores_bannes_pergolas_bioclimatiques_stores_enrouleurs_stores_venitiens_colomiers_confort_solaire_yoann_3-600x337.jpeg 600w, https:\/\/www.eldo.com\/guide\/wp-content\/uploads\/2020\/09\/stores_bannes_pergolas_bioclimatiques_stores_enrouleurs_stores_venitiens_colomiers_confort_solaire_yoann_3-800x450.jpeg 800w\" sizes=\"(max-width: 512px) 100vw, 512px\" \/><\/a><\/div><\/div>\t\t<\/div>\r\n\t<\/article>\r\n\t<article class=\"w-grid-item size_1x1 post-2207 page type-page status-publish has-post-thumbnail hentry\" data-id=\"2207\">\r\n\t\t<div class=\"w-grid-item-h\">\r\n\t\t\t\t\t\t\t<a class=\"w-grid-item-anchor\" href=\"https:\/\/www.eldo.com\/guide\/stores\/\" rel=\"bookmark\" aria-label=\"Store ext\u00e9rieur\"><\/a>\r\n\t\t\t\t\t\t<div class=\"w-vwrapper usg_vwrapper_1 align_left valign_top\"><p class=\"w-post-elm post_title usg_post_title_1 align_center entry-title color_link_inherit has_text_color\"><a href=\"https:\/\/www.eldo.com\/guide\/stores\/\">Store ext\u00e9rieur<\/a><\/p><\/div><div class=\"w-hwrapper usg_hwrapper_1 align_left valign_top\"><div class=\"w-post-elm post_image usg_post_image_1 has_width has_ratio\"><div style=\"padding-bottom:100.0000%\"><\/div><a href=\"https:\/\/www.eldo.com\/guide\/stores\/\" aria-label=\"Store ext\u00e9rieur\"><img width=\"512\" height=\"416\" src=\"https:\/\/www.eldo.com\/guide\/wp-content\/uploads\/2020\/09\/storebanne-1024x831-1.png\" class=\"attachment-us_600_600_crop size-us_600_600_crop wp-post-image\" alt=\"Store banne\" srcset=\"https:\/\/www.eldo.com\/guide\/wp-content\/uploads\/2020\/09\/storebanne-1024x831-1.png 512w, https:\/\/www.eldo.com\/guide\/wp-content\/uploads\/2020\/09\/storebanne-1024x831-1-300x243.png 300w, https:\/\/www.eldo.com\/guide\/wp-content\/uploads\/2020\/09\/storebanne-1024x831-1-493x400.png 493w, https:\/\/www.eldo.com\/guide\/wp-content\/uploads\/2020\/09\/storebanne-1024x831-1-739x600.png 739w\" sizes=\"(max-width: 512px) 100vw, 512px\" \/><\/a><\/div><\/div>\t\t<\/div>\r\n\t<\/article>\r\n<\/div><div class=\"w-grid-preloader\"><div class=\"g-preloader type_1\">\r\n\t<div><\/div>\r\n<\/div>\r\n<\/div>\t<div class=\"w-grid-json hidden\" onclick='return {&quot;action&quot;:&quot;us_ajax_grid&quot;,&quot;ajax_url&quot;:&quot;https:\\\/\\\/www.eldo.com\\\/guide\\\/wp-admin\\\/admin-ajax.php&quot;,&quot;infinite_scroll&quot;:0,&quot;max_num_pages&quot;:1,&quot;pagination&quot;:&quot;none&quot;,&quot;permalink_url&quot;:&quot;https:\\\/\\\/www.eldo.com\\\/guide\\\/wp-json\\\/wp\\\/v2\\\/pages\\\/2237&quot;,&quot;template_vars&quot;:{&quot;columns&quot;:&quot;3&quot;,&quot;exclude_items&quot;:&quot;none&quot;,&quot;img_size&quot;:&quot;default&quot;,&quot;ignore_items_size&quot;:false,&quot;items_layout&quot;:&quot;331&quot;,&quot;items_offset&quot;:&quot;1&quot;,&quot;load_animation&quot;:&quot;none&quot;,&quot;overriding_link&quot;:&quot;post&quot;,&quot;post_id&quot;:2237,&quot;query_args&quot;:{&quot;ignore_sticky_posts&quot;:1,&quot;post_type&quot;:&quot;any&quot;,&quot;post__in&quot;:[&quot;2207&quot;,&quot;2228&quot;,&quot;2234&quot;,&quot;2246&quot;,&quot;2256&quot;,&quot;2250&quot;],&quot;posts_per_page&quot;:&quot;10&quot;},&quot;orderby_query_args&quot;:{&quot;orderby&quot;:{&quot;date&quot;:&quot;DESC&quot;}},&quot;type&quot;:&quot;grid&quot;,&quot;us_grid_ajax_index&quot;:1,&quot;us_grid_filter_params&quot;:null,&quot;us_grid_index&quot;:1,&quot;_us_grid_post_type&quot;:&quot;ids&quot;}}'><\/div>\r\n\t<\/div><\/div><\/div><\/div><\/div><\/div><\/section><section class=\"l-section wpb_row us_custom_e91755c2 height_auto width_full with_overlay\"><div class=\"l-section-overlay\" style=\"background: #ebebeb\"><\/div><div class=\"l-section-h i-cf\"><div class=\"g-cols vc_row type_boxes valign_middle\"><div class=\"vc_col-sm-12 wpb_column vc_column_container has-fill\"><div class=\"vc_column-inner us_custom_dea1e33b\"><div class=\"wpb_wrapper\"><p class=\"w-itext us_custom_6df4bc3a type_typingChars align_center\" onclick='return {&quot;duration&quot;:300,&quot;delay&quot;:2000,&quot;disablePartAnimation&quot;:false,&quot;dynamicColor&quot;:&quot;#ffffff&quot;,&quot;html_nbsp_char&quot;:true}'>Je\u00a0cherche\u00a0un\u00a0pro\u00a0\u00e0\u00a0<span class=\"w-itext-part changesat_0 changesat_1 changesat_2 changesat_3 changesat_4 dynamic\" style=\"color:#ffffff\" onclick='return [&quot;Bordeaux&quot;,&quot;Toulouse&quot;,&quot;Paris&quot;,&quot;Nantes&quot;,&quot;Marseille&quot;]'><span>Bordeaux<\/span><i class=\"w-itext-cursor\"><\/i><\/span><\/p><div class=\"w-separator size_small\"><\/div><div class=\"w-btn-wrapper width_auto align_center\"><a class=\"w-btn us-btn-style_2\" title=\"Devis gratuit\" target=\"_blank\" href=\"https:\/\/devis.eldo.com\/stores-new\/france?utm_source=SEO&amp;utm_medium=Guide&amp;utm_campaign=stores-store-banne-manuel\" rel=\"noopener\"><span class=\"w-btn-label\">Expliquer mon projet<\/span><\/a><\/div><\/div><\/div><\/div><\/div><\/div><\/section>\n","protected":false},"excerpt":{"rendered":"Comment choisir son store ext\u00e9rieur ? Guide complet : conseils, styles &amp; mat\u00e9riaux Guides travauxPages Quel budget pr\u00e9voir pour un store ext\u00e9rieur ?Selon le type d\u2019installation que vous souhaitez, et selon la surface \u00e0 prot\u00e9ger, le prix peut varier. Les dimensions de la toile, la taille des bras en aluminium, chaque option incluse fera \u00e9voluer...","protected":false},"author":1,"featured_media":2244,"parent":2207,"menu_order":0,"comment_status":"closed","ping_status":"closed","template":"","meta":[],"page_tags":[],"_links":{"self":[{"href":"https:\/\/www.eldo.com\/guide\/wp-json\/wp\/v2\/pages\/2237"}],"collection":[{"href":"https:\/\/www.eldo.com\/guide\/wp-json\/wp\/v2\/pages"}],"about":[{"href":"https:\/\/www.eldo.com\/guide\/wp-json\/wp\/v2\/types\/page"}],"author":[{"embeddable":true,"href":"https:\/\/www.eldo.com\/guide\/wp-json\/wp\/v2\/users\/1"}],"replies":[{"embeddable":true,"href":"https:\/\/www.eldo.com\/guide\/wp-json\/wp\/v2\/comments?post=2237"}],"version-history":[{"count":22,"href":"https:\/\/www.eldo.com\/guide\/wp-json\/wp\/v2\/pages\/2237\/revisions"}],"predecessor-version":[{"id":10706,"href":"https:\/\/www.eldo.com\/guide\/wp-json\/wp\/v2\/pages\/2237\/revisions\/10706"}],"up":[{"embeddable":true,"href":"https:\/\/www.eldo.com\/guide\/wp-json\/wp\/v2\/pages\/2207"}],"wp:featuredmedia":[{"embeddable":true,"href":"https:\/\/www.eldo.com\/guide\/wp-json\/wp\/v2\/media\/2244"}],"wp:attachment":[{"href":"https:\/\/www.eldo.com\/guide\/wp-json\/wp\/v2\/media?parent=2237"}],"wp:term":[{"taxonomy":"page_tags","embeddable":true,"href":"https:\/\/www.eldo.com\/guide\/wp-json\/wp\/v2\/page_tags?post=2237"}],"curies":[{"name":"wp","href":"https:\/\/api.w.org\/{rel}","templated":true}]}}