{"id":216,"date":"2020-08-03T14:52:43","date_gmt":"2020-08-03T14:52:43","guid":{"rendered":"https:\/\/www.eldo.com\/guide\/?page_id=216"},"modified":"2023-11-21T15:38:26","modified_gmt":"2023-11-21T15:38:26","slug":"fenetres-pvc","status":"publish","type":"page","link":"https:\/\/www.eldo.com\/guide\/menuiseries-portes-fenetres\/menuiserie-pvc\/fenetres-pvc\/","title":{"rendered":"Fen\u00eatre PVC ?"},"content":{"rendered":"<section class=\"l-section wpb_row us_custom_e91755c2 height_auto width_full with_overlay\"><div class=\"l-section-overlay\" style=\"background: #ebebeb\"><\/div><div class=\"l-section-h i-cf\"><div class=\"g-cols vc_row type_boxes valign_middle\"><div class=\"vc_col-sm-12 wpb_column vc_column_container has-fill\"><div class=\"vc_column-inner us_custom_e35ff5b8\"><div class=\"wpb_wrapper\"><div class=\"wpb_text_column us_custom_7b615031 has_text_color\" ><div class=\"wpb_wrapper\"><h1 style=\"text-align: center;\">Pourquoi choisir des Fen\u00eatre PVC ?<\/h1>\n<\/div><\/div><div class=\"w-separator size_medium\"><\/div><ol class=\"g-breadcrumbs us_custom_6556ef4c separator_icon align_left has_text_color\"><li class=\"g-breadcrumbs-item\"><a href=\"https:\/\/www.eldo.com\/guide\/\">Guides travaux<\/a><meta content=\"1\"\/><\/li><li class=\"g-breadcrumbs-separator\"><i class=\"far fa-angle-right\"><\/i><\/li><li class=\"g-breadcrumbs-item\">Pages<\/li><\/ol><\/div><\/div><\/div><div class=\"vc_col-sm-12 wpb_column vc_column_container has-fill\"><div class=\"vc_column-inner us_custom_e4eb24e1\"><div class=\"wpb_wrapper\"><div class=\"wpb_text_column\" ><div class=\"wpb_wrapper\">\n<\/div><\/div><div \" class=\"faq_question_container\"><h2 class=\"faq_question_title\">Pourquoi choisir une fen\u00eatre en PVC ?<\/h2><div class=\"faq_question_content\"><p><span style=\"font-size: 16px;\">La pose de fen\u00eatres PVC favorise la performance thermique de votre logement. En effet, au m\u00eame titre que les fen\u00eatres en bois, ces derni\u00e8res conf\u00e8rent une isolation phonique et une isolation thermique tr\u00e8s efficaces.<\/span><\/p>\n<div class=\"row\">\n<div class=\"col-md-12\">\n<p>Qu&rsquo;il s&rsquo;agisse d&rsquo;une pose en r\u00e9novation ou pour une construction neuve, diff\u00e9rentes options s&rsquo;offrent \u00e0 vous\u00a0:<\/p>\n<ul>\n<li>Fen\u00eatres PVC double vitrage au gaz argon.<\/li>\n<li>Vous pouvez opter pour un vantail oscillo battant.<\/li>\n<li>Une baie coulissante peut \u00e9quiper une ouverture de taille moyenne (fen\u00eatre \u00e0 galandage).<\/li>\n<li>Ou bien encore opter pour des fen\u00eatres PVC sur mesure (dans ce cas, leur surface ne peut exc\u00e9der 6m\u00b2).<\/li>\n<\/ul>\n<p>Dans tous ces cas,\u00a0<a href=\"https:\/\/www.eldo.com\/guide\/menuiseries-portes-fenetres\/menuiserie-pvc\/fenetres-pvc\/choix-fenetres-pvc\/\" target=\"_blank\" rel=\"noopener noreferrer\">choisir une menuiserie PVC<\/a> vous garantit une excellente rupture de pont thermique, tout en conservant une facilit\u00e9 d&rsquo;entretien et une bonne protection anti effraction.<\/p>\n<\/div>\n<\/div>\n<\/div><\/div><div class=\"w-btn-wrapper width_auto align_center\"><a class=\"w-btn us-btn-style_2\" title=\"Demander un devis\" target=\"_blank\" href=\"https:\/\/devis.eldo.com\/fenetres-et-portes-new\/france?utm_source=SEO&amp;utm_medium=Guide&amp;utm_campaign=fenetres-portes-menuiserie-pvc-fenetres-pvc-choisir\" rel=\"noopener\"><span class=\"w-btn-label\">Demander conseil<\/span><\/a><\/div><\/div><\/div><\/div><\/div><\/div><\/section><section class=\"l-section wpb_row height_auto width_full\"><div class=\"l-section-h i-cf\"><div class=\"g-cols vc_row type_boxes valign_middle\"><div class=\"vc_col-sm-6 wpb_column vc_column_container has-fill\"><div class=\"vc_column-inner us_custom_4fb9e5a3\"><div class=\"wpb_wrapper\"><div \" class=\"faq_question_container\"><h2 class=\"faq_question_title\">Pourquoi faut-il prendre des fen\u00eatres PVC en fonction du type d&#039;ouverture ?<\/h2><div class=\"faq_question_content\"><p>Si votre domicile donne sur la rue, oubliez le simple vitrage et optez pour un vitrage anti effraction. Il s&rsquo;agit de double, voire de triple vitrage \u00e9quip\u00e9 pour r\u00e9sister \u00e0 tout effraction. Votre isolation thermique et acoustique n&rsquo;en seront que renforc\u00e9es. Vous pouvez \u00e9galement opter pour l&rsquo;option volet roulant int\u00e9gr\u00e9.<\/p>\n<p>Pour les ouvertures donnant sur le jardin, une baie vitr\u00e9e coulissante est appr\u00e9ciable. Elle permet de passer \u00e0 sa guise et d&rsquo;ouvrir partiellement pour a\u00e9rer, c&rsquo;est tout l&rsquo;avantage d&rsquo;une fen\u00eatre coulissante. Si votre maison est de conception bioclimatique, un bloc baie peut \u00eatre d&rsquo;autant plus int\u00e9ressant pour profiter de l&rsquo;ensoleillement naturel. Il existe \u00e9galement\u00a0<a href=\"https:\/\/www.eldo.com\/guide\/menuiseries-portes-fenetres\/menuiserie-pvc\/porte-fenetre-pvc\/\" target=\"_blank\" rel=\"noopener noreferrer\">les portes fen\u00eatres PVC<\/a>\u00a0pour une meilleure isolation avec une ouverture c\u00f4t\u00e9 jardin.<\/p>\n<p>Pour une fen\u00eatre de toit, compte tenu de leurs dimensions r\u00e9duites, le PVC est parfait. Il peut parfaitement s&rsquo;agir d&rsquo;une fen\u00eatre sur mesure. Dans ce cas-l\u00e0, les fen\u00eatres double vitrage sont plus indiqu\u00e9es. Le confort thermique n&rsquo;en est que meilleur, \u00e0 condition que le joint d&rsquo;\u00e9tanch\u00e9it\u00e9 ait \u00e9t\u00e9 correctement install\u00e9. Faites appel \u00e0 un poseur pour vous en assurer.<\/p>\n<p><i>Un comparatif des prix vous fera rapidement pencher votre\u00a0<a href=\"https:\/\/www.eldo.com\/guide\/menuiseries-portes-fenetres\/menuiserie-pvc\/fenetres-pvc\/choix-fenetres-pvc\/\" target=\"_blank\" rel=\"noopener noreferrer\">choix vers des fen\u00eatres en PVC<\/a>. En mati\u00e8re de menuiserie sur mesure, le PVC est imbattable<\/i>.<\/p>\n<\/div><\/div><div class=\"w-separator size_small\"><\/div><div class=\"w-message color_blue with_icon\"><div class=\"w-message-icon\"><i class=\"fas fa-thumbs-up\"><\/i><\/div><div class=\"w-message-body\"><p>\u00c0 noter\u00a0:\u00a0de m\u00eame que les volets,\u00a0les portes d&rsquo;entr\u00e9es PVC\u00a0sont tr\u00e8s robustes. Parfaites pour r\u00e9sister \u00e0 toute effraction.<\/p>\n<\/div><\/div><\/div><\/div><\/div><div class=\"vc_col-sm-6 wpb_column vc_column_container\"><div class=\"vc_column-inner\"><div class=\"wpb_wrapper\"><div class=\"w-image style_shadow-1 align_center\"><div class=\"w-image-h\"><img width=\"399\" height=\"600\" src=\"https:\/\/www.eldo.com\/guide\/wp-content\/uploads\/2021\/02\/menuiserie-pvc-2-399x600.jpg\" class=\"attachment-us_800_600 size-us_800_600\" alt=\"Fen\u00eatre en pvc\" srcset=\"https:\/\/www.eldo.com\/guide\/wp-content\/uploads\/2021\/02\/menuiserie-pvc-2-399x600.jpg 399w, https:\/\/www.eldo.com\/guide\/wp-content\/uploads\/2021\/02\/menuiserie-pvc-2-199x300.jpg 199w, https:\/\/www.eldo.com\/guide\/wp-content\/uploads\/2021\/02\/menuiserie-pvc-2-266x400.jpg 266w, https:\/\/www.eldo.com\/guide\/wp-content\/uploads\/2021\/02\/menuiserie-pvc-2.jpg 340w\" sizes=\"(max-width: 399px) 100vw, 399px\" \/><\/div><\/div><\/div><\/div><\/div><\/div><\/div><\/section><section class=\"l-section wpb_row height_auto width_full\"><div class=\"l-section-h i-cf\"><div class=\"g-cols vc_row type_boxes valign_middle\"><div class=\"vc_col-sm-6 wpb_column vc_column_container has-fill\"><div class=\"vc_column-inner us_custom_e4eb24e1\"><div class=\"wpb_wrapper\"><div \" class=\"faq_question_container\"><h2 class=\"faq_question_title\">Comment choisir des fen\u00eatres efficaces, pour une bonne isolation thermique ?<\/h2><div class=\"faq_question_content\"><p>Quitte \u00e0 envisager un remplacement de fen\u00eatres, autant opter pour la solution la plus efficace. Avec la menuiserie en bois, la menuiserie PVC est celle qui est la plus performante. Avec un coefficient thermique comparable \u00e0 celui du bois, il reste nettement plus abordable.\u00a0<a href=\"https:\/\/www.eldo.com\/guide\/menuiseries-portes-fenetres\/menuiserie-pvc\/fenetres-pvc\/fenetres-pvc-isolante\/\" target=\"_blank\" rel=\"noopener noreferrer\">En mati\u00e8re de fen\u00eatre isolante, le PVC est donc un mat\u00e9riau incontournable<\/a><\/p>\n<p>A condition qu&rsquo;elle soit mise en place par un professionnel RGE de la pose de menuiseries, elles vous octroieront des aides int\u00e9ressantes. Sur un projet de r\u00e9novation, la prime \u00e9nergie notamment, repr\u00e9sente un coup de pouce non n\u00e9gligeable, de m\u00eame que la prime Anah.<\/p>\n<p>Chaque fabricant de fen\u00eatres fait en sorte de proposer toujours plus d&rsquo;options et\u00a0<a href=\"https:\/\/www.eldo.com\/guide\/menuiseries-portes-fenetres\/menuiserie-pvc\/fenetres-pvc\/modeles-fenetres-pvc\/\" target=\"_blank\" rel=\"noopener noreferrer\">diff\u00e9rents mod\u00e8les de fen\u00eatres en pvc<\/a>, pour un esth\u00e9tisme toujours plus pouss\u00e9. N&rsquo;h\u00e9sitez pas \u00e0 demander conseil \u00e0 des professionnels qualifi\u00e9s, ils seront les plus \u00e0 m\u00eame de vous guider pour que votre devis soit coh\u00e9rent avec vos besoins, ainsi qu&rsquo;avec vos envies.<\/p>\n<\/div><\/div><\/div><\/div><\/div><div class=\"vc_col-sm-6 wpb_column vc_column_container has-fill\"><div class=\"vc_column-inner us_custom_e4eb24e1\"><div class=\"wpb_wrapper\"><div class=\"w-image style_outlined align_center\"><div class=\"w-image-h\"><img width=\"600\" height=\"400\" src=\"https:\/\/www.eldo.com\/guide\/wp-content\/uploads\/2020\/08\/fen\u00eatre-pvc-600x400.jpeg\" class=\"attachment-us_600_400 size-us_600_400\" alt=\"fen\u00eatre en PVC\" srcset=\"https:\/\/www.eldo.com\/guide\/wp-content\/uploads\/2020\/08\/fen\u00eatre-pvc-600x400.jpeg 600w, https:\/\/www.eldo.com\/guide\/wp-content\/uploads\/2020\/08\/fen\u00eatre-pvc-300x200.jpeg 300w, https:\/\/www.eldo.com\/guide\/wp-content\/uploads\/2020\/08\/fen\u00eatre-pvc-1024x682.jpeg 1024w, https:\/\/www.eldo.com\/guide\/wp-content\/uploads\/2020\/08\/fen\u00eatre-pvc-800x533.jpeg 800w, https:\/\/www.eldo.com\/guide\/wp-content\/uploads\/2020\/08\/fen\u00eatre-pvc.jpeg 512w\" sizes=\"(max-width: 600px) 100vw, 600px\" \/><\/div><\/div><div class=\"w-separator size_medium\"><\/div><div class=\"w-btn-wrapper width_auto align_center\"><a class=\"w-btn us-btn-style_2\" title=\"Demander un devis\" target=\"_blank\" href=\"https:\/\/devis.eldo.com\/fenetres-et-portes-new\/france?utm_source=SEO&amp;utm_medium=Guide&amp;utm_campaign=fenetres-portes-menuiserie-pvc-fenetres-pvc-choisir\" rel=\"noopener\"><span class=\"w-btn-label\">Demander un devis gratuit<\/span><\/a><\/div><\/div><\/div><\/div><\/div><\/div><\/section><section class=\"l-section wpb_row height_medium\"><div class=\"l-section-h i-cf\"><div class=\"g-cols vc_row type_default valign_top\"><div class=\"vc_col-sm-12 wpb_column vc_column_container\"><div class=\"vc_column-inner\"><div class=\"wpb_wrapper\"><div class=\"w-grid type_grid layout_331 cols_5 overflow_hidden\" id=\"us_grid_1\"><style id=\"us_grid_1_css\">#us_grid_1 .w-grid-item{padding:1.5rem}#us_grid_1 .w-grid-list{margin:-1.5rem}.w-grid + #us_grid_1 .w-grid-list{margin-top:1.5rem}@media (max-width:1199px){#us_grid_1 .w-grid-item{width:33.3333%}}@media (max-width:899px){#us_grid_1 .w-grid-item{width:50.0000%}}@media (max-width:599px){#us_grid_1 .w-grid-list{margin:0}#us_grid_1 .w-grid-item{width:100.0000%;padding:0;margin-bottom:1.5rem}}<\/style><style>.layout_331 .w-grid-item-h{}.layout_331 .usg_post_image_1{width:50%!important}.layout_331 .usg_vwrapper_1{width:50%!important;margin-right:0!important}.layout_331 .usg_post_title_1{color:#000000!important}@media (max-width:599px){.layout_331 .usg_post_title_1{font-size:1.2rem!important;margin-right:0!important;padding-bottom:0!important}}<\/style><div class=\"w-grid-list\" >\t<article class=\"w-grid-item size_1x1 post-247 page type-page status-publish has-post-thumbnail hentry\" data-id=\"247\">\r\n\t\t<div class=\"w-grid-item-h\">\r\n\t\t\t\t\t\t\t<a class=\"w-grid-item-anchor\" href=\"https:\/\/www.eldo.com\/guide\/menuiseries-portes-fenetres\/menuiserie-pvc\/fenetres-pvc\/fenetres-pvc-isolante\/\" rel=\"bookmark\" aria-label=\"Performance \u00e9nerg\u00e9tique fen\u00eatres PVC\"><\/a>\r\n\t\t\t\t\t\t<div class=\"w-vwrapper usg_vwrapper_1 align_left valign_top\"><p class=\"w-post-elm post_title usg_post_title_1 align_center entry-title color_link_inherit has_text_color\"><a href=\"https:\/\/www.eldo.com\/guide\/menuiseries-portes-fenetres\/menuiserie-pvc\/fenetres-pvc\/fenetres-pvc-isolante\/\">Performance \u00e9nerg\u00e9tique fen\u00eatres PVC<\/a><\/p><\/div><div class=\"w-hwrapper usg_hwrapper_1 align_left valign_top\"><div class=\"w-post-elm post_image usg_post_image_1 has_width has_ratio\"><div style=\"padding-bottom:100.0000%\"><\/div><a href=\"https:\/\/www.eldo.com\/guide\/menuiseries-portes-fenetres\/menuiserie-pvc\/fenetres-pvc\/fenetres-pvc-isolante\/\" aria-label=\"Performance \u00e9nerg\u00e9tique fen\u00eatres PVC\"><img width=\"341\" height=\"512\" src=\"https:\/\/www.eldo.com\/guide\/wp-content\/uploads\/2020\/08\/porte-et-fenetre-28.png\" class=\"attachment-us_600_600_crop size-us_600_600_crop wp-post-image\" alt=\"mod\u00e8les fen\u00eatres pvc\" srcset=\"https:\/\/www.eldo.com\/guide\/wp-content\/uploads\/2020\/08\/porte-et-fenetre-28.png 341w, https:\/\/www.eldo.com\/guide\/wp-content\/uploads\/2020\/08\/porte-et-fenetre-28-200x300.png 200w, https:\/\/www.eldo.com\/guide\/wp-content\/uploads\/2020\/08\/porte-et-fenetre-28-683x1024.png 683w, https:\/\/www.eldo.com\/guide\/wp-content\/uploads\/2020\/08\/porte-et-fenetre-28-267x400.png 267w, https:\/\/www.eldo.com\/guide\/wp-content\/uploads\/2020\/08\/porte-et-fenetre-28-400x600.png 400w\" sizes=\"(max-width: 341px) 100vw, 341px\" \/><\/a><\/div><\/div>\t\t<\/div>\r\n\t<\/article>\r\n\t<article class=\"w-grid-item size_1x1 post-228 page type-page status-publish has-post-thumbnail hentry\" data-id=\"228\">\r\n\t\t<div class=\"w-grid-item-h\">\r\n\t\t\t\t\t\t\t<a class=\"w-grid-item-anchor\" href=\"https:\/\/www.eldo.com\/guide\/menuiseries-portes-fenetres\/menuiserie-pvc\/fenetres-pvc\/choix-fenetres-pvc\/\" rel=\"bookmark\" aria-label=\"Choisir fen\u00eatres PVC\"><\/a>\r\n\t\t\t\t\t\t<div class=\"w-vwrapper usg_vwrapper_1 align_left valign_top\"><p class=\"w-post-elm post_title usg_post_title_1 align_center entry-title color_link_inherit has_text_color\"><a href=\"https:\/\/www.eldo.com\/guide\/menuiseries-portes-fenetres\/menuiserie-pvc\/fenetres-pvc\/choix-fenetres-pvc\/\">Choisir fen\u00eatres PVC<\/a><\/p><\/div><div class=\"w-hwrapper usg_hwrapper_1 align_left valign_top\"><div class=\"w-post-elm post_image usg_post_image_1 has_width has_ratio\"><div style=\"padding-bottom:100.0000%\"><\/div><a href=\"https:\/\/www.eldo.com\/guide\/menuiseries-portes-fenetres\/menuiserie-pvc\/fenetres-pvc\/choix-fenetres-pvc\/\" aria-label=\"Choisir fen\u00eatres PVC\"><img width=\"341\" height=\"512\" src=\"https:\/\/www.eldo.com\/guide\/wp-content\/uploads\/2020\/08\/MENUISERIE-PVC-4-1.png\" class=\"attachment-us_600_600_crop size-us_600_600_crop wp-post-image\" alt=\"Fenetres pvc\" srcset=\"https:\/\/www.eldo.com\/guide\/wp-content\/uploads\/2020\/08\/MENUISERIE-PVC-4-1.png 341w, https:\/\/www.eldo.com\/guide\/wp-content\/uploads\/2020\/08\/MENUISERIE-PVC-4-1-200x300.png 200w, https:\/\/www.eldo.com\/guide\/wp-content\/uploads\/2020\/08\/MENUISERIE-PVC-4-1-683x1024.png 683w, https:\/\/www.eldo.com\/guide\/wp-content\/uploads\/2020\/08\/MENUISERIE-PVC-4-1-267x400.png 267w, https:\/\/www.eldo.com\/guide\/wp-content\/uploads\/2020\/08\/MENUISERIE-PVC-4-1-400x600.png 400w\" sizes=\"(max-width: 341px) 100vw, 341px\" \/><\/a><\/div><\/div>\t\t<\/div>\r\n\t<\/article>\r\n\t<article class=\"w-grid-item size_1x1 post-241 page type-page status-publish has-post-thumbnail hentry\" data-id=\"241\">\r\n\t\t<div class=\"w-grid-item-h\">\r\n\t\t\t\t\t\t\t<a class=\"w-grid-item-anchor\" href=\"https:\/\/www.eldo.com\/guide\/menuiseries-portes-fenetres\/menuiserie-pvc\/fenetres-pvc\/modeles-fenetres-pvc\/\" rel=\"bookmark\" aria-label=\"Mod\u00e8les fen\u00eatres PVC\"><\/a>\r\n\t\t\t\t\t\t<div class=\"w-vwrapper usg_vwrapper_1 align_left valign_top\"><p class=\"w-post-elm post_title usg_post_title_1 align_center entry-title color_link_inherit has_text_color\"><a href=\"https:\/\/www.eldo.com\/guide\/menuiseries-portes-fenetres\/menuiserie-pvc\/fenetres-pvc\/modeles-fenetres-pvc\/\">Mod\u00e8les fen\u00eatres PVC<\/a><\/p><\/div><div class=\"w-hwrapper usg_hwrapper_1 align_left valign_top\"><div class=\"w-post-elm post_image usg_post_image_1 has_width has_ratio\"><div style=\"padding-bottom:100.0000%\"><\/div><a href=\"https:\/\/www.eldo.com\/guide\/menuiseries-portes-fenetres\/menuiserie-pvc\/fenetres-pvc\/modeles-fenetres-pvc\/\" aria-label=\"Mod\u00e8les fen\u00eatres PVC\"><img width=\"512\" height=\"341\" src=\"https:\/\/www.eldo.com\/guide\/wp-content\/uploads\/2020\/08\/fen\u00eatre-pvc.jpeg\" class=\"attachment-us_600_600_crop size-us_600_600_crop wp-post-image\" alt=\"fen\u00eatre en PVC\" srcset=\"https:\/\/www.eldo.com\/guide\/wp-content\/uploads\/2020\/08\/fen\u00eatre-pvc.jpeg 512w, https:\/\/www.eldo.com\/guide\/wp-content\/uploads\/2020\/08\/fen\u00eatre-pvc-300x200.jpeg 300w, https:\/\/www.eldo.com\/guide\/wp-content\/uploads\/2020\/08\/fen\u00eatre-pvc-1024x682.jpeg 1024w, https:\/\/www.eldo.com\/guide\/wp-content\/uploads\/2020\/08\/fen\u00eatre-pvc-600x400.jpeg 600w, https:\/\/www.eldo.com\/guide\/wp-content\/uploads\/2020\/08\/fen\u00eatre-pvc-800x533.jpeg 800w\" sizes=\"(max-width: 512px) 100vw, 512px\" \/><\/a><\/div><\/div>\t\t<\/div>\r\n\t<\/article>\r\n\t<article class=\"w-grid-item size_1x1 post-226 page type-page status-publish has-post-thumbnail hentry\" data-id=\"226\">\r\n\t\t<div class=\"w-grid-item-h\">\r\n\t\t\t\t\t\t\t<a class=\"w-grid-item-anchor\" href=\"https:\/\/www.eldo.com\/guide\/menuiseries-portes-fenetres\/menuiserie-pvc\/porte-fenetre-pvc\/\" rel=\"bookmark\" aria-label=\"Porte-fen\u00eatre PVC\"><\/a>\r\n\t\t\t\t\t\t<div class=\"w-vwrapper usg_vwrapper_1 align_left valign_top\"><p class=\"w-post-elm post_title usg_post_title_1 align_center entry-title color_link_inherit has_text_color\"><a href=\"https:\/\/www.eldo.com\/guide\/menuiseries-portes-fenetres\/menuiserie-pvc\/porte-fenetre-pvc\/\">Porte-fen\u00eatre PVC<\/a><\/p><\/div><div class=\"w-hwrapper usg_hwrapper_1 align_left valign_top\"><div class=\"w-post-elm post_image usg_post_image_1 has_width has_ratio\"><div style=\"padding-bottom:100.0000%\"><\/div><a href=\"https:\/\/www.eldo.com\/guide\/menuiseries-portes-fenetres\/menuiserie-pvc\/porte-fenetre-pvc\/\" aria-label=\"Porte-fen\u00eatre PVC\"><img width=\"285\" height=\"285\" src=\"https:\/\/www.eldo.com\/guide\/wp-content\/uploads\/2020\/08\/porte-fenetre-pvc.jpg\" class=\"attachment-us_600_600_crop size-us_600_600_crop wp-post-image\" alt=\"porte fenetre pvc\" srcset=\"https:\/\/www.eldo.com\/guide\/wp-content\/uploads\/2020\/08\/porte-fenetre-pvc.jpg 285w, https:\/\/www.eldo.com\/guide\/wp-content\/uploads\/2020\/08\/porte-fenetre-pvc-150x150.jpg 150w\" sizes=\"(max-width: 285px) 100vw, 285px\" \/><\/a><\/div><\/div>\t\t<\/div>\r\n\t<\/article>\r\n\t<article class=\"w-grid-item size_1x1 post-216 page type-page status-publish has-post-thumbnail hentry\" data-id=\"216\">\r\n\t\t<div class=\"w-grid-item-h\">\r\n\t\t\t\t\t\t\t<a class=\"w-grid-item-anchor\" href=\"https:\/\/www.eldo.com\/guide\/menuiseries-portes-fenetres\/menuiserie-pvc\/fenetres-pvc\/\" rel=\"bookmark\" aria-label=\"Fen\u00eatre PVC ?\"><\/a>\r\n\t\t\t\t\t\t<div class=\"w-vwrapper usg_vwrapper_1 align_left valign_top\"><p class=\"w-post-elm post_title usg_post_title_1 align_center entry-title color_link_inherit has_text_color\"><a href=\"https:\/\/www.eldo.com\/guide\/menuiseries-portes-fenetres\/menuiserie-pvc\/fenetres-pvc\/\">Fen\u00eatre PVC ?<\/a><\/p><\/div><div class=\"w-hwrapper usg_hwrapper_1 align_left valign_top\"><div class=\"w-post-elm post_image usg_post_image_1 has_width has_ratio\"><div style=\"padding-bottom:100.0000%\"><\/div><a href=\"https:\/\/www.eldo.com\/guide\/menuiseries-portes-fenetres\/menuiserie-pvc\/fenetres-pvc\/\" aria-label=\"Fen\u00eatre PVC ?\"><img width=\"512\" height=\"384\" src=\"https:\/\/www.eldo.com\/guide\/wp-content\/uploads\/2020\/08\/menuiserie_fenetre_parquet_cuisine_placard_agencement_d_interieur_sequestre_le_fenetres_et_parquets_ag_1.jpg\" class=\"attachment-us_600_600_crop size-us_600_600_crop wp-post-image\" alt=\"fenetres en PVC\" srcset=\"https:\/\/www.eldo.com\/guide\/wp-content\/uploads\/2020\/08\/menuiserie_fenetre_parquet_cuisine_placard_agencement_d_interieur_sequestre_le_fenetres_et_parquets_ag_1.jpg 512w, https:\/\/www.eldo.com\/guide\/wp-content\/uploads\/2020\/08\/menuiserie_fenetre_parquet_cuisine_placard_agencement_d_interieur_sequestre_le_fenetres_et_parquets_ag_1-300x225.jpg 300w, https:\/\/www.eldo.com\/guide\/wp-content\/uploads\/2020\/08\/menuiserie_fenetre_parquet_cuisine_placard_agencement_d_interieur_sequestre_le_fenetres_et_parquets_ag_1-534x400.jpg 534w, https:\/\/www.eldo.com\/guide\/wp-content\/uploads\/2020\/08\/menuiserie_fenetre_parquet_cuisine_placard_agencement_d_interieur_sequestre_le_fenetres_et_parquets_ag_1-800x600.jpg 800w\" sizes=\"(max-width: 512px) 100vw, 512px\" \/><\/a><\/div><\/div>\t\t<\/div>\r\n\t<\/article>\r\n<\/div><div class=\"w-grid-preloader\"><div class=\"g-preloader type_1\">\r\n\t<div><\/div>\r\n<\/div>\r\n<\/div>\t<div class=\"w-grid-json hidden\" onclick='return {&quot;action&quot;:&quot;us_ajax_grid&quot;,&quot;ajax_url&quot;:&quot;https:\\\/\\\/www.eldo.com\\\/guide\\\/wp-admin\\\/admin-ajax.php&quot;,&quot;infinite_scroll&quot;:0,&quot;max_num_pages&quot;:1,&quot;pagination&quot;:&quot;none&quot;,&quot;permalink_url&quot;:&quot;https:\\\/\\\/www.eldo.com\\\/guide\\\/wp-json\\\/wp\\\/v2\\\/pages\\\/216&quot;,&quot;template_vars&quot;:{&quot;columns&quot;:&quot;5&quot;,&quot;exclude_items&quot;:&quot;none&quot;,&quot;img_size&quot;:&quot;default&quot;,&quot;ignore_items_size&quot;:false,&quot;items_layout&quot;:&quot;331&quot;,&quot;items_offset&quot;:&quot;1&quot;,&quot;load_animation&quot;:&quot;none&quot;,&quot;overriding_link&quot;:&quot;post&quot;,&quot;post_id&quot;:216,&quot;query_args&quot;:{&quot;ignore_sticky_posts&quot;:1,&quot;post_type&quot;:&quot;any&quot;,&quot;post__in&quot;:[&quot;247&quot;,&quot;241&quot;,&quot;216&quot;,&quot;228&quot;,&quot;226&quot;,&quot;94&quot;],&quot;posts_per_page&quot;:&quot;10&quot;},&quot;orderby_query_args&quot;:{&quot;orderby&quot;:{&quot;date&quot;:&quot;DESC&quot;}},&quot;type&quot;:&quot;grid&quot;,&quot;us_grid_ajax_index&quot;:1,&quot;us_grid_filter_params&quot;:null,&quot;us_grid_index&quot;:1,&quot;_us_grid_post_type&quot;:&quot;ids&quot;}}'><\/div>\r\n\t<\/div><\/div><\/div><\/div><\/div><\/div><\/section><section class=\"l-section wpb_row us_custom_2aefe4cb height_auto width_full with_overlay\"><div class=\"l-section-overlay\" style=\"background: #ebebeb\"><\/div><div class=\"l-section-h i-cf\"><div class=\"g-cols vc_row type_boxes valign_middle\"><div class=\"vc_col-sm-12 wpb_column vc_column_container has-fill\"><div class=\"vc_column-inner us_custom_25914eaa\"><div class=\"wpb_wrapper\"><p class=\"w-itext us_custom_6df4bc3a type_typingChars align_center\" onclick='return {&quot;duration&quot;:300,&quot;delay&quot;:2000,&quot;disablePartAnimation&quot;:false,&quot;dynamicColor&quot;:&quot;#ffffff&quot;,&quot;html_nbsp_char&quot;:true}'>Je\u00a0cherche\u00a0un\u00a0pro\u00a0\u00e0\u00a0<span class=\"w-itext-part changesat_0 changesat_1 changesat_2 changesat_3 changesat_4 dynamic\" style=\"color:#ffffff\" onclick='return [&quot;Bordeaux&quot;,&quot;Toulouse&quot;,&quot;Paris&quot;,&quot;Nantes&quot;,&quot;Marseille&quot;]'><span>Bordeaux<\/span><i class=\"w-itext-cursor\"><\/i><\/span><\/p><div class=\"w-separator size_medium\"><\/div><div class=\"w-btn-wrapper width_auto align_center\"><a class=\"w-btn us-btn-style_2\" title=\"Demander un devis\" target=\"_blank\" href=\"https:\/\/devis.eldo.com\/fenetres-et-portes-new\/france?utm_source=SEO&amp;utm_medium=Guide&amp;utm_campaign=fenetres-portes-menuiserie-pvc-fenetres-pvc-choisir\" rel=\"noopener\"><span class=\"w-btn-label\">Expliquer mon projet<\/span><\/a><\/div><\/div><\/div><\/div><\/div><\/div><\/section>\n","protected":false},"excerpt":{"rendered":"Pourquoi choisir des Fen\u00eatre PVC ? Guides travauxPages Pourquoi faut-il prendre des fen\u00eatres PVC en fonction du type d&#039;ouverture ?Si votre domicile donne sur la rue, oubliez le simple vitrage et optez pour un vitrage anti effraction. Il s'agit de double, voire de triple vitrage \u00e9quip\u00e9 pour r\u00e9sister \u00e0 tout effraction. Votre isolation thermique et...","protected":false},"author":1,"featured_media":262,"parent":207,"menu_order":0,"comment_status":"closed","ping_status":"closed","template":"","meta":[],"page_tags":[],"_links":{"self":[{"href":"https:\/\/www.eldo.com\/guide\/wp-json\/wp\/v2\/pages\/216"}],"collection":[{"href":"https:\/\/www.eldo.com\/guide\/wp-json\/wp\/v2\/pages"}],"about":[{"href":"https:\/\/www.eldo.com\/guide\/wp-json\/wp\/v2\/types\/page"}],"author":[{"embeddable":true,"href":"https:\/\/www.eldo.com\/guide\/wp-json\/wp\/v2\/users\/1"}],"replies":[{"embeddable":true,"href":"https:\/\/www.eldo.com\/guide\/wp-json\/wp\/v2\/comments?post=216"}],"version-history":[{"count":42,"href":"https:\/\/www.eldo.com\/guide\/wp-json\/wp\/v2\/pages\/216\/revisions"}],"predecessor-version":[{"id":10620,"href":"https:\/\/www.eldo.com\/guide\/wp-json\/wp\/v2\/pages\/216\/revisions\/10620"}],"up":[{"embeddable":true,"href":"https:\/\/www.eldo.com\/guide\/wp-json\/wp\/v2\/pages\/207"}],"wp:featuredmedia":[{"embeddable":true,"href":"https:\/\/www.eldo.com\/guide\/wp-json\/wp\/v2\/media\/262"}],"wp:attachment":[{"href":"https:\/\/www.eldo.com\/guide\/wp-json\/wp\/v2\/media?parent=216"}],"wp:term":[{"taxonomy":"page_tags","embeddable":true,"href":"https:\/\/www.eldo.com\/guide\/wp-json\/wp\/v2\/page_tags?post=216"}],"curies":[{"name":"wp","href":"https:\/\/api.w.org\/{rel}","templated":true}]}}