{"id":1945,"date":"2020-09-10T16:57:06","date_gmt":"2020-09-10T16:57:06","guid":{"rendered":"https:\/\/www.eldo.com\/guide\/?page_id=1945"},"modified":"2023-11-22T13:40:37","modified_gmt":"2023-11-22T13:40:37","slug":"homepage-test","status":"publish","type":"page","link":"https:\/\/www.eldo.com\/guide\/","title":{"rendered":"Guides travaux"},"content":{"rendered":"<section class=\"l-section wpb_row us_custom_b51f0e30 height_auto width_full with_overlay\"><div class=\"l-section-overlay\" style=\"background: #ebebeb\"><\/div><div class=\"l-section-h i-cf\"><div class=\"g-cols vc_row type_boxes valign_middle\"><div class=\"vc_col-sm-12 wpb_column vc_column_container has-fill has_text_color\"><div class=\"vc_column-inner us_custom_6b8ca2f8\"><div class=\"wpb_wrapper\"><div class=\"wpb_text_column us_custom_d9c1e7c2 has_text_color\" ><div class=\"wpb_wrapper\"><h1 class=\"resultats-recherche-cat-cover-titre\" style=\"text-align: center;\">GUIDES TRAVAUX : LES MEILLEURS CONSEILS POUR R\u00c9USSIR VOS TRAVAUX<\/h1>\n<\/div><\/div><\/div><\/div><\/div><\/div><\/div><\/section><section class=\"l-section wpb_row height_auto width_full\"><div class=\"l-section-h i-cf\"><div class=\"g-cols vc_row type_boxes valign_middle\"><div class=\"vc_col-sm-12 wpb_column vc_column_container has-fill\"><div class=\"vc_column-inner us_custom_4fb9e5a3\"><div class=\"wpb_wrapper\"><div class=\"wpb_text_column\" ><div class=\"wpb_wrapper\"><p>Bienvenue dans notre rubrique Guide !<\/p>\n<p>L&rsquo;ensemble des contenus r\u00e9dig\u00e9s ici sont co-\u00e9crit avec des professionnels qualifi\u00e9s afin de vous garantir une expertise au plus proche du r\u00e9el<\/p>\n<p>Vous retrouverez des guides m\u00e9tiers sur l&rsquo;ensemble des corps d&rsquo;\u00e9tat du b\u00e2timent, de la <a href=\"https:\/\/www.eldo.com\/guide\/construction-et-gros-oeuvre\/\">Construction et le gros \u0153uvre<\/a> en passant par <a href=\"https:\/\/www.eldo.com\/guide\/renovation-exterieure\/\">la r\u00e9novation ext\u00e9rieure<\/a> et <a href=\"https:\/\/www.eldo.com\/guide\/renovation-interieure\/\">int\u00e9rieure<\/a>, mais aussi la <a href=\"https:\/\/www.eldo.com\/guide\/renovation-energetique\/\">r\u00e9novation \u00e9nerg\u00e9tique<\/a>.<\/p>\n<p>Ces guides ont vocations \u00e0 vous aider \u00e0 trouver toutes les informations n\u00e9cessaires pour vous aiguiller dans la r\u00e9alisation de vos projets de construction ou de r\u00e9novation<\/p>\n<p>Nous disposons aussi d&rsquo;un <a href=\"https:\/\/blog.eldo.com\/\">blog<\/a> o\u00f9 vous pourrez retrouver des astuces <span class=\"spellmod\" title=\"\">d\u00e9co<\/span>\u00a0ou des conseils qui visent \u00e0 l&rsquo;am\u00e9lioration de votre habitat.<\/p>\n<p>Bonne lecture<\/p>\n<\/div><\/div><\/div><\/div><\/div><\/div><\/div><\/section><section class=\"l-section wpb_row height_auto width_full with_overlay\"><div class=\"l-section-overlay\" style=\"background: #333333\"><\/div><div class=\"l-section-h i-cf\"><div class=\"g-cols vc_row type_boxes valign_middle\"><div class=\"vc_col-sm-12 wpb_column vc_column_container has-fill\"><div class=\"vc_column-inner us_custom_4fb9e5a3\"><div class=\"wpb_wrapper\"><\/div><\/div><\/div><\/div><\/div><\/section><section class=\"l-section wpb_row height_auto width_full\"><div class=\"l-section-h i-cf\"><div class=\"g-cols vc_row type_boxes valign_middle\"><div class=\"vc_col-sm-12 wpb_column vc_column_container has-fill\"><div class=\"vc_column-inner us_custom_4fb9e5a3\"><div class=\"wpb_wrapper\"><div class=\"w-grid type_grid layout_331 cols_3 overflow_hidden\" id=\"us_grid_1\"><style id=\"us_grid_1_css\">#us_grid_1 .w-grid-item{padding:1.5rem}#us_grid_1 .w-grid-list{margin:-1.5rem}.w-grid + #us_grid_1 .w-grid-list{margin-top:1.5rem}@media (max-width:899px){#us_grid_1 .w-grid-item{width:50.0000%}}@media (max-width:599px){#us_grid_1 .w-grid-list{margin:0}#us_grid_1 .w-grid-item{width:100.0000%;padding:0;margin-bottom:1.5rem}}<\/style><style>.layout_331 .w-grid-item-h{}.layout_331 .usg_post_image_1{width:50%!important}.layout_331 .usg_vwrapper_1{width:50%!important;margin-right:0!important}.layout_331 .usg_post_title_1{color:#000000!important}@media (max-width:599px){.layout_331 .usg_post_title_1{font-size:1.2rem!important;margin-right:0!important;padding-bottom:0!important}}<\/style><div class=\"w-grid-list\" >\t<article class=\"w-grid-item size_1x1 post-3123 page type-page status-publish has-post-thumbnail hentry\" data-id=\"3123\">\r\n\t\t<div class=\"w-grid-item-h\">\r\n\t\t\t\t\t\t<div class=\"w-vwrapper usg_vwrapper_1 align_left valign_top\"><p class=\"w-post-elm post_title usg_post_title_1 align_center entry-title color_link_inherit has_text_color\"><a href=\"https:\/\/www.eldo.com\/guide\/electricite\/choisir-un-electricien\/\">Choisir un \u00e9lectricien<\/a><\/p><\/div><div class=\"w-hwrapper usg_hwrapper_1 align_left valign_top\"><div class=\"w-post-elm post_image usg_post_image_1 has_width has_ratio\"><div style=\"padding-bottom:100.0000%\"><\/div><a href=\"https:\/\/www.eldo.com\/guide\/electricite\/choisir-un-electricien\/\" aria-label=\"Choisir un \u00e9lectricien\"><img width=\"300\" height=\"225\" src=\"https:\/\/www.eldo.com\/guide\/wp-content\/uploads\/2020\/09\/switchgear-2069791_960_720-300x225.jpg\" class=\"attachment-medium size-medium wp-post-image\" alt=\"\" srcset=\"https:\/\/www.eldo.com\/guide\/wp-content\/uploads\/2020\/09\/switchgear-2069791_960_720-300x225.jpg 300w, https:\/\/www.eldo.com\/guide\/wp-content\/uploads\/2020\/09\/switchgear-2069791_960_720-533x400.jpg 533w, https:\/\/www.eldo.com\/guide\/wp-content\/uploads\/2020\/09\/switchgear-2069791_960_720-800x600.jpg 800w, https:\/\/www.eldo.com\/guide\/wp-content\/uploads\/2020\/09\/switchgear-2069791_960_720.jpg 512w\" sizes=\"(max-width: 300px) 100vw, 300px\" \/><\/a><\/div><\/div>\t\t<\/div>\r\n\t<\/article>\r\n\t<article class=\"w-grid-item size_1x1 post-1733 page type-page status-publish has-post-thumbnail hentry\" data-id=\"1733\">\r\n\t\t<div class=\"w-grid-item-h\">\r\n\t\t\t\t\t\t<div class=\"w-vwrapper usg_vwrapper_1 align_left valign_top\"><p class=\"w-post-elm post_title usg_post_title_1 align_center entry-title color_link_inherit has_text_color\"><a href=\"https:\/\/www.eldo.com\/guide\/escalier\/escalier-en-colimacon\/une-solution-originale\/\">Escalier colima\u00e7on solution originale<\/a><\/p><\/div><div class=\"w-hwrapper usg_hwrapper_1 align_left valign_top\"><div class=\"w-post-elm post_image usg_post_image_1 has_width has_ratio\"><div style=\"padding-bottom:100.0000%\"><\/div><a href=\"https:\/\/www.eldo.com\/guide\/escalier\/escalier-en-colimacon\/une-solution-originale\/\" aria-label=\"Escalier colima\u00e7on solution originale\"><img width=\"300\" height=\"169\" src=\"https:\/\/www.eldo.com\/guide\/wp-content\/uploads\/2020\/09\/CTA-ESCALIER-5-300x169.png\" class=\"attachment-medium size-medium wp-post-image\" alt=\"Escalier colima\u00e7on\" srcset=\"https:\/\/www.eldo.com\/guide\/wp-content\/uploads\/2020\/09\/CTA-ESCALIER-5-300x169.png 300w, https:\/\/www.eldo.com\/guide\/wp-content\/uploads\/2020\/09\/CTA-ESCALIER-5-1024x576.png 1024w, https:\/\/www.eldo.com\/guide\/wp-content\/uploads\/2020\/09\/CTA-ESCALIER-5-600x338.png 600w, https:\/\/www.eldo.com\/guide\/wp-content\/uploads\/2020\/09\/CTA-ESCALIER-5-800x450.png 800w, https:\/\/www.eldo.com\/guide\/wp-content\/uploads\/2020\/09\/CTA-ESCALIER-5.png 512w\" sizes=\"(max-width: 300px) 100vw, 300px\" \/><\/a><\/div><\/div>\t\t<\/div>\r\n\t<\/article>\r\n\t<article class=\"w-grid-item size_1x1 post-67 page type-page status-publish has-post-thumbnail hentry\" data-id=\"67\">\r\n\t\t<div class=\"w-grid-item-h\">\r\n\t\t\t\t\t\t<div class=\"w-vwrapper usg_vwrapper_1 align_left valign_top\"><p class=\"w-post-elm post_title usg_post_title_1 align_center entry-title color_link_inherit has_text_color\"><a href=\"https:\/\/www.eldo.com\/guide\/menuiseries-portes-fenetres\/menuiseries-bois\/portes-bois\/\">Porte en bois<\/a><\/p><\/div><div class=\"w-hwrapper usg_hwrapper_1 align_left valign_top\"><div class=\"w-post-elm post_image usg_post_image_1 has_width has_ratio\"><div style=\"padding-bottom:100.0000%\"><\/div><a href=\"https:\/\/www.eldo.com\/guide\/menuiseries-portes-fenetres\/menuiseries-bois\/portes-bois\/\" aria-label=\"Porte en bois\"><img width=\"200\" height=\"300\" src=\"https:\/\/www.eldo.com\/guide\/wp-content\/uploads\/2020\/07\/porte-et-fenetre-19-200x300.png\" class=\"attachment-medium size-medium wp-post-image\" alt=\"PORTE BOIS\" srcset=\"https:\/\/www.eldo.com\/guide\/wp-content\/uploads\/2020\/07\/porte-et-fenetre-19-200x300.png 200w, https:\/\/www.eldo.com\/guide\/wp-content\/uploads\/2020\/07\/porte-et-fenetre-19-683x1024.png 683w, https:\/\/www.eldo.com\/guide\/wp-content\/uploads\/2020\/07\/porte-et-fenetre-19-267x400.png 267w, https:\/\/www.eldo.com\/guide\/wp-content\/uploads\/2020\/07\/porte-et-fenetre-19-400x600.png 400w, https:\/\/www.eldo.com\/guide\/wp-content\/uploads\/2020\/07\/porte-et-fenetre-19.png 341w\" sizes=\"(max-width: 200px) 100vw, 200px\" \/><\/a><\/div><\/div>\t\t<\/div>\r\n\t<\/article>\r\n<\/div><div class=\"w-grid-preloader\"><div class=\"g-preloader type_1\">\r\n\t<div><\/div>\r\n<\/div>\r\n<\/div>\t<div class=\"w-grid-json hidden\" onclick='return {&quot;action&quot;:&quot;us_ajax_grid&quot;,&quot;ajax_url&quot;:&quot;https:\\\/\\\/www.eldo.com\\\/guide\\\/wp-admin\\\/admin-ajax.php&quot;,&quot;infinite_scroll&quot;:0,&quot;max_num_pages&quot;:1,&quot;pagination&quot;:&quot;none&quot;,&quot;permalink_url&quot;:&quot;https:\\\/\\\/www.eldo.com\\\/guide\\\/wp-json\\\/wp\\\/v2\\\/pages\\\/1945&quot;,&quot;template_vars&quot;:{&quot;columns&quot;:&quot;3&quot;,&quot;exclude_items&quot;:&quot;none&quot;,&quot;img_size&quot;:&quot;medium&quot;,&quot;ignore_items_size&quot;:false,&quot;items_layout&quot;:&quot;331&quot;,&quot;items_offset&quot;:&quot;1&quot;,&quot;load_animation&quot;:&quot;none&quot;,&quot;overriding_link&quot;:&quot;none&quot;,&quot;post_id&quot;:1945,&quot;query_args&quot;:{&quot;ignore_sticky_posts&quot;:1,&quot;post_type&quot;:&quot;any&quot;,&quot;post__in&quot;:[&quot;1733&quot;,&quot;67&quot;,&quot;3123&quot;],&quot;posts_per_page&quot;:&quot;3&quot;},&quot;orderby_query_args&quot;:{&quot;orderby&quot;:{&quot;date&quot;:&quot;DESC&quot;}},&quot;type&quot;:&quot;grid&quot;,&quot;us_grid_ajax_index&quot;:1,&quot;us_grid_filter_params&quot;:null,&quot;us_grid_index&quot;:1,&quot;_us_grid_post_type&quot;:&quot;ids&quot;}}'><\/div>\r\n\t<\/div><\/div><\/div><\/div><\/div><\/div><\/section><section class=\"l-section wpb_row us_custom_e91755c2 height_auto width_full with_overlay\"><div class=\"l-section-overlay\" style=\"background: #ebebeb\"><\/div><div class=\"l-section-h i-cf\"><div class=\"g-cols vc_row type_boxes valign_middle\"><div class=\"vc_col-sm-12 wpb_column vc_column_container has-fill\"><div class=\"vc_column-inner us_custom_ce82f435\"><div class=\"wpb_wrapper\"><p class=\"w-itext us_custom_6df4bc3a type_typingChars align_center\" onclick='return {&quot;duration&quot;:300,&quot;delay&quot;:2000,&quot;disablePartAnimation&quot;:false,&quot;dynamicColor&quot;:&quot;#ffffff&quot;,&quot;html_nbsp_char&quot;:true}'>Je\u00a0cherche\u00a0un\u00a0pro\u00a0\u00e0\u00a0<span class=\"w-itext-part changesat_0 changesat_1 changesat_2 changesat_3 changesat_4 dynamic\" style=\"color:#ffffff\" onclick='return [&quot;Bordeaux&quot;,&quot;Toulouse&quot;,&quot;Paris&quot;,&quot;Nantes&quot;,&quot;Marseille&quot;]'><span>Bordeaux<\/span><i class=\"w-itext-cursor\"><\/i><\/span><\/p><div class=\"w-separator size_small\"><\/div><div class=\"w-btn-wrapper width_auto align_center\"><a class=\"w-btn us-btn-style_2\" title=\"Devis gratuit\" target=\"_blank\" href=\"https:\/\/www.eldo.com\/demande-devis?utm_source=google&amp;utm_medium=guide&amp;utm_campaign=hp-guide&amp;utm_term=page-acceuil&amp;via=hp\" rel=\"noopener\"><span class=\"w-btn-label\">Trouver un pro de confiance<\/span><\/a><\/div><\/div><\/div><\/div><\/div><\/div><\/section>\n","protected":false},"excerpt":{"rendered":"Porte en bois Guide complet : avantages &amp; conseils Guides travauxPages Quels sont les avantages du bois ?Le bois est un mat\u00e9riau noble muni de bien des qualit\u00e9s\u00a0: Performance thermique. Bonne isolation phonique. Intemporelle. Bonne qualit\u00e9. Grand choix d'esth\u00e9tique. Modulable. Chaleureux. Que vous choisissiez du bois d'acajou, du bois de ch\u00eane ou un bois exotique,...","protected":false},"author":1,"featured_media":3260,"parent":0,"menu_order":0,"comment_status":"closed","ping_status":"closed","template":"","meta":[],"page_tags":[],"_links":{"self":[{"href":"https:\/\/www.eldo.com\/guide\/wp-json\/wp\/v2\/pages\/1945"}],"collection":[{"href":"https:\/\/www.eldo.com\/guide\/wp-json\/wp\/v2\/pages"}],"about":[{"href":"https:\/\/www.eldo.com\/guide\/wp-json\/wp\/v2\/types\/page"}],"author":[{"embeddable":true,"href":"https:\/\/www.eldo.com\/guide\/wp-json\/wp\/v2\/users\/1"}],"replies":[{"embeddable":true,"href":"https:\/\/www.eldo.com\/guide\/wp-json\/wp\/v2\/comments?post=1945"}],"version-history":[{"count":139,"href":"https:\/\/www.eldo.com\/guide\/wp-json\/wp\/v2\/pages\/1945\/revisions"}],"predecessor-version":[{"id":9859,"href":"https:\/\/www.eldo.com\/guide\/wp-json\/wp\/v2\/pages\/1945\/revisions\/9859"}],"wp:featuredmedia":[{"embeddable":true,"href":"https:\/\/www.eldo.com\/guide\/wp-json\/wp\/v2\/media\/3260"}],"wp:attachment":[{"href":"https:\/\/www.eldo.com\/guide\/wp-json\/wp\/v2\/media?parent=1945"}],"wp:term":[{"taxonomy":"page_tags","embeddable":true,"href":"https:\/\/www.eldo.com\/guide\/wp-json\/wp\/v2\/page_tags?post=1945"}],"curies":[{"name":"wp","href":"https:\/\/api.w.org\/{rel}","templated":true}]}}