{"id":1733,"date":"2020-09-04T15:02:41","date_gmt":"2020-09-04T15:02:41","guid":{"rendered":"https:\/\/www.eldo.com\/guide\/?page_id=1733"},"modified":"2024-01-24T14:45:26","modified_gmt":"2024-01-24T14:45:26","slug":"une-solution-originale","status":"publish","type":"page","link":"https:\/\/www.eldo.com\/guide\/escalier\/escalier-en-colimacon\/une-solution-originale\/","title":{"rendered":"Escalier colima\u00e7on solution originale"},"content":{"rendered":"<section class=\"l-section wpb_row us_custom_e4eb24e1 height_auto width_full with_overlay\"><div class=\"l-section-overlay\" style=\"background: #ffffff\"><\/div><div class=\"l-section-h i-cf\"><div class=\"g-cols vc_row type_boxes valign_middle gap-10px\"><style>.g-cols.gap-10px{margin:0 -10px}.gap-10px > .vc_column_container {padding:10px}<\/style><div class=\"vc_col-sm-12 wpb_column vc_column_container has-fill\"><div class=\"vc_column-inner us_custom_76875bc7\"><div class=\"wpb_wrapper\"><div class=\"wpb_text_column us_custom_2e587a18 has_text_color\" ><div class=\"wpb_wrapper\"><h1 style=\"text-align: center;\">L&rsquo;escalier colima\u00e7on : une solution originale pour vous \u00e9quiper<\/h1>\n<\/div><\/div><div class=\"w-separator size_medium\"><\/div><ol class=\"g-breadcrumbs us_custom_6556ef4c separator_icon align_left has_text_color\"><li class=\"g-breadcrumbs-item\"><a href=\"https:\/\/www.eldo.com\/guide\/\">Guides travaux<\/a><meta content=\"1\"\/><\/li><li class=\"g-breadcrumbs-separator\"><i class=\"far fa-angle-right\"><\/i><\/li><li class=\"g-breadcrumbs-item\">Pages<\/li><\/ol><\/div><\/div><\/div><div class=\"vc_col-sm-12 wpb_column vc_column_container has-fill\"><div class=\"vc_column-inner us_custom_e4eb24e1\"><div class=\"wpb_wrapper\"><div class=\"wpb_text_column\" ><div class=\"wpb_wrapper\">\n<\/div><\/div><div \" class=\"faq_question_container\"><h2 class=\"faq_question_title\">Une solution d&#039;escalier design ?<\/h2><div class=\"faq_question_content\"><p>Ce n&rsquo;est pas directement \u00e0 ce type d&rsquo;escalier suspendu que l&rsquo;on pense lorsqu&rsquo;on souhaite \u00e9quiper sa maison.<\/p>\n<p>Pourtant, un escalier h\u00e9lico\u00efdal apporte toujours une touche d&rsquo;originalit\u00e9 dans l&rsquo;espace qu&rsquo;il \u00e9quipe. N\u00e9anmoins, ce genre d&rsquo;escalier tournant n\u00e9cessite un minimum d&rsquo;espace pour \u00eatre install\u00e9. Il faut garder \u00e0 l&rsquo;esprit qu&rsquo;il condamne une partie de l&rsquo;espace qui se trouve en dessous. C&rsquo;est un escalier gain de place en consid\u00e9rant le peu de surface qu&rsquo;il occupe, en revanche ne comptez pas l&rsquo;am\u00e9nager en dessous.<\/p>\n<p>Pour un espace limit\u00e9, un escalier quart tournant sera plus indiqu\u00e9. Toutefois, il ne donnera pas cette touche de style qu&rsquo;un escalier tournant peut procurer.<\/p>\n<p>Si le gain de place n&rsquo;est pas un souci, et que vous envisagez d&rsquo;installer un escalier sur mesure, plut\u00f4t qu&rsquo;un escalier standard, peut-\u00eatre pourriez-vous y songer ?<\/p>\n<p>Si vous cherchez un escalier design, dot\u00e9 d&rsquo;un style particulier,\u00a0l&rsquo;escalier colima\u00e7on\u00a0et son poteau central est peut-\u00eatre la solution que vous cherchez.<\/p>\n<\/div><\/div><div class=\"w-btn-wrapper width_auto align_center\"><a class=\"w-btn us-btn-style_2 btn devis body 1\" title=\"Devis gratuit\" target=\"_blank\" href=\"https:\/\/devis.eldo.com\/escalier-new\/france?utm_source=gmb&amp;utm_medium=SEO&amp;utm_campaign=escalier-escalier-en-colimacon-une-solution-originale\" rel=\"noopener\"><span class=\"w-btn-label\">Demander conseil<\/span><\/a><\/div><\/div><\/div><\/div><\/div><\/div><\/section><section class=\"l-section wpb_row height_auto width_full\"><div class=\"l-section-h i-cf\"><div class=\"g-cols vc_row type_boxes valign_middle gap-10px\"><style>.g-cols.gap-10px{margin:0 -10px}.gap-10px > .vc_column_container {padding:10px}<\/style><div class=\"vc_col-sm-6 wpb_column vc_column_container has-fill\"><div class=\"vc_column-inner us_custom_e4eb24e1\"><div class=\"wpb_wrapper\"><div \" class=\"faq_question_container\"><h2 class=\"faq_question_title\">Dans quel cas opter pour cette solution ?<\/h2><div class=\"faq_question_content\"><p>Vous voulez \u00e9quiper votre maison d&rsquo;autre chose qu&rsquo;un simple escalier en kit mais vous ne savez pas vers quelle option vous tourner ?<\/p>\n<p>Il existe une infinit\u00e9 de d\u00e9clinaisons de\u00a0<a href=\"https:\/\/www.eldo.com\/guide\/escalier\/escalier-en-colimacon\/escalier-helicoidal\/\" rel=\"noopener noreferrer\">l&rsquo;escalier h\u00e9lico\u00efdal<\/a>\u00a0:<\/p>\n<ul>\n<li>Escalier en m\u00e9tal.<\/li>\n<li>Escalier en b\u00e9ton.<\/li>\n<li>Escalier en verre.<\/li>\n<li>Diff\u00e9rentes versions du classique escalier en bois.<\/li>\n<li>Etc\u2026<\/li>\n<\/ul>\n<p>Chaque fabricant d&rsquo;escaliers en propose sa ou ses versions.<\/p>\n<ul>\n<li>Si vous souhaitez un escalier orignal, gardez \u00e0 l&rsquo;esprit que peu importe le style ou les options, l&rsquo;espace qu&rsquo;il \u00e9quipera le rendra incontournable dans la pi\u00e8ce \u00e9quip\u00e9e.<\/li>\n<li>Oubliez cette option pour les petits espaces sa surface au sol fait de cette spirale un \u00e9l\u00e9ment encombrant.<\/li>\n<li>Si vous poss\u00e9der une grande maison, <a href=\"\/guide\/escalier\/escalier-en-colimacon\/\" rel=\"noopener noreferrer\">un escalier int\u00e9rieur en colima\u00e7on<\/a>\u00a0est du plus bel effet.<\/li>\n<\/ul>\n<\/div><\/div><div class=\"wpb_text_column us_custom_ae99f6aa has_text_color\" ><div class=\"wpb_wrapper\"><h3>Nos recommandations avant achat<\/h3>\n<p>Ces mod\u00e8les d&rsquo;escaliers demandent donc d&rsquo;\u00eatre bien pens\u00e9s en amont. Leur encombrement est \u00e0 prendre en compte avant installation. C&rsquo;est d&rsquo;autant plus vrai qu&rsquo;il s&rsquo;agit d&rsquo;un \u00e9quipement qui dure longtemps. On n&rsquo;en change pas une fois par an\u2026<\/p>\n<\/div><\/div><\/div><\/div><\/div><div class=\"vc_col-sm-6 wpb_column vc_column_container has-fill\"><div class=\"vc_column-inner us_custom_0d15be52\"><div class=\"wpb_wrapper\"><div \" class=\"faq_question_container\"><h2 class=\"faq_question_title\">Quelles sont les variantes sur le th\u00e8me du colima\u00e7on ?<\/h2><div class=\"faq_question_content\"><p>En ce qui concerne sa fabrication et sa composition, libre \u00e0 vous de vous laisser tenter :<\/p>\n<ul>\n<li>Structure en acier et marche en bois (acheter un escalier m\u00e9tallique permet de jouer la carte de la d\u00e9coration industrielle).<\/li>\n<li>Vous pouvez choisir un des nombreux mod\u00e8les pr\u00e9fabriqu\u00e9s et l&rsquo;adapter \u00e0 vos dimensions int\u00e9rieures.<\/li>\n<li>Vous pouvez \u00e9galement opter pour un escalier contemporain m\u00ealant m\u00e9tal et verre (attention, le design contemporain peut se d\u00e9moder avec le temps).<\/li>\n<li>Un garde-corps en verre est du plus bel effet, surtout associ\u00e9 \u00e0 une belle rampe en bois (main courante).<\/li>\n<\/ul>\n<\/div><\/div><div \" class=\"faq_question_container\"><h2 class=\"faq_question_title\">La fabrication de ce type d&#039;escalier est-elle complexe ?<\/h2><div class=\"faq_question_content\"><p>La fabrication d&rsquo;escaliers colima\u00e7on est relativement complexe. Calculer un escalier en spirale n&rsquo;est pas un jeu d&rsquo;enfant. L&rsquo;\u00e9chapp\u00e9e doit \u00eatre minutieusement calcul\u00e9e pour ne pas avoir de mauvaise surprise une fois votre escalier mont\u00e9. De m\u00eame, la rambarde et la balustre (balustrade) doivent respecter la forme de l&rsquo;ensemble. Ce n&rsquo;est pas \u00e0 la port\u00e9e de n&rsquo;importe quel bricoleur.<\/p>\n<\/div><\/div><div \" class=\"faq_question_container\"><h2 class=\"faq_question_title\">Quel est le prix d&#039;un escalier colima\u00e7on ?<\/h2><div class=\"faq_question_content\"><div>\n<div class=\"container\">\n<div class=\"row\">\n<div class=\"col-md-12\">\n<p>Le prix d&rsquo;un escalier colima\u00e7on est souvent sup\u00e9rieur \u00e0 la moyenne des autres mod\u00e8les (\u00e9chelle de meunier ou escalier droit par exemple), du fait de ces difficult\u00e9s techniques.<\/p>\n<p>Si vous souhaitez donc vous \u00e9quiper d&rsquo;un escalier moderne, gardez \u00e0 l&rsquo;esprit qu&rsquo;il suppose des difficult\u00e9s techniques, et un prix sup\u00e9rieur \u00e0 la moyenne des autres mod\u00e8les.<\/p>\n<\/div>\n<\/div>\n<div><\/div>\n<\/div>\n<\/div>\n<div>\n<div class=\"container\">\n<div class=\"row\">\n<div class=\"col-md-12\"><\/div>\n<\/div>\n<\/div>\n<\/div>\n<\/div><\/div><\/div><\/div><\/div><\/div><\/div><\/section><section class=\"l-section wpb_row height_auto width_full with_overlay\"><div class=\"l-section-overlay\" style=\"background: #ebebeb\"><\/div><div class=\"l-section-h i-cf\"><div class=\"g-cols vc_row type_boxes valign_middle gap-10px\"><style>.g-cols.gap-10px{margin:0 -10px}.gap-10px > .vc_column_container {padding:10px}<\/style><div class=\"vc_col-sm-12 wpb_column vc_column_container has-fill has_text_color\"><div class=\"vc_column-inner us_custom_2a55d57d\"><div class=\"wpb_wrapper\"><div \" class=\"faq_question_container\"><h2 class=\"faq_question_title\">Vous souhaitez opter pour un mod\u00e8le livr\u00e9 en kit \u00e0 monter soi-m\u00eame ?<\/h2><div class=\"faq_question_content\"><p>Attention, le calcul escalier n&rsquo;est vraiment pas simple. Etes-vous s\u00fbr de savoir poser chaque \u00e9l\u00e9ment et d&rsquo;en calculer les dimensions pr\u00e9cis\u00e9ment ?<\/p>\n<ul>\n<li>Le nombre de marches d&rsquo;escalier doit se calculer en fonction de la hauteur de chaque contremarche, de la hauteur sous plafond, et de l&rsquo;\u00e9chapp\u00e9e. Saurez-vous vous en sortir ?<\/li>\n<li>La construction d&rsquo;un escalier demande un vrai savoir-faire ! Avez-vous entendu parler de la ligne de foul\u00e9e ? Saurez-vous tout respecter pour rendre votre escalier facile \u00e0 monter ?<\/li>\n<\/ul>\n<p>Pour respecter chacun de ces points, faites appel \u00e0 un professionnel pour qui construire un escalier ne repr\u00e9sente pas un d\u00e9fi, mais son m\u00e9tier. Il fera en sorte que l&rsquo;h\u00e9lice de votre structure soit r\u00e9guli\u00e8re, et qu&rsquo;elle s&rsquo;int\u00e8gre \u00e0 votre design int\u00e9rieur.<\/p>\n<p>Certes, les escaliers h\u00e9lico\u00efdaux sont parfaits pour un int\u00e9rieur spacieux et moderne, mais ne comptez pas vous lancer dans leur construction tout seul. Au prix de la structure, pensez \u00e0 ajouter une enveloppe destin\u00e9e \u00e0 la construction et l&rsquo;installation par un professionnel. Il vous garantira une construction <strong>solide, p\u00e9renne et s\u00fbre.<\/strong><\/p>\n<\/div><\/div><div class=\"w-btn-wrapper width_auto align_center\"><a class=\"w-btn us-btn-style_2 btn devis body 2\" title=\"Devis gratuit\" target=\"_blank\" href=\"https:\/\/devis.eldo.com\/escalier-new\/france?utm_source=gmb&amp;utm_medium=SEO&amp;utm_campaign=escalier-escalier-en-colimacon-une-solution-originale\" rel=\"noopener\"><span class=\"w-btn-label\">Demander un devis<\/span><\/a><\/div><\/div><\/div><\/div><\/div><\/div><\/section><section class=\"l-section wpb_row height_medium\"><div class=\"l-section-h i-cf\"><div class=\"g-cols vc_row type_default valign_top\"><div class=\"vc_col-sm-12 wpb_column vc_column_container\"><div class=\"vc_column-inner\"><div class=\"wpb_wrapper\"><div class=\"w-separator size_medium\"><\/div><div class=\"w-grid type_grid layout_331 cols_6 overflow_hidden\" id=\"us_grid_1\"><style id=\"us_grid_1_css\">#us_grid_1 .w-grid-item{padding:1.5rem}#us_grid_1 .w-grid-list{margin:-1.5rem}.w-grid + #us_grid_1 .w-grid-list{margin-top:1.5rem}@media (max-width:1199px){#us_grid_1 .w-grid-item{width:33.3333%}}@media (max-width:899px){#us_grid_1 .w-grid-item{width:50.0000%}}@media (max-width:599px){#us_grid_1 .w-grid-list{margin:0}#us_grid_1 .w-grid-item{width:100.0000%;padding:0;margin-bottom:1.5rem}}<\/style><style>.layout_331 .w-grid-item-h{}.layout_331 .usg_post_image_1{width:50%!important}.layout_331 .usg_vwrapper_1{width:50%!important;margin-right:0!important}.layout_331 .usg_post_title_1{color:#000000!important}@media (max-width:599px){.layout_331 .usg_post_title_1{font-size:1.2rem!important;margin-right:0!important;padding-bottom:0!important}}<\/style><div class=\"w-grid-list\" >\t<article class=\"w-grid-item size_1x1 post-782 page type-page status-publish has-post-thumbnail hentry\" data-id=\"782\">\r\n\t\t<div class=\"w-grid-item-h\">\r\n\t\t\t\t\t\t<div class=\"w-vwrapper usg_vwrapper_1 align_left valign_top\"><p class=\"w-post-elm post_title usg_post_title_1 align_center entry-title color_link_inherit has_text_color\"><a href=\"https:\/\/www.eldo.com\/guide\/escalier\/calcul\/\">Calcul escalier<\/a><\/p><\/div><div class=\"w-hwrapper usg_hwrapper_1 align_left valign_top\"><div class=\"w-post-elm post_image usg_post_image_1 has_width has_ratio\"><div style=\"padding-bottom:100.0000%\"><\/div><a href=\"https:\/\/www.eldo.com\/guide\/escalier\/calcul\/\" aria-label=\"Calcul escalier\"><img width=\"512\" height=\"172\" src=\"https:\/\/www.eldo.com\/guide\/wp-content\/uploads\/2020\/08\/escalier-home-scaled.jpg\" class=\"attachment-us_600_600_crop size-us_600_600_crop wp-post-image\" alt=\"escalier\" srcset=\"https:\/\/www.eldo.com\/guide\/wp-content\/uploads\/2020\/08\/escalier-home-scaled.jpg 512w, https:\/\/www.eldo.com\/guide\/wp-content\/uploads\/2020\/08\/escalier-home-300x101.jpg 300w, https:\/\/www.eldo.com\/guide\/wp-content\/uploads\/2020\/08\/escalier-home-1024x344.jpg 1024w, https:\/\/www.eldo.com\/guide\/wp-content\/uploads\/2020\/08\/escalier-home-600x202.jpg 600w, https:\/\/www.eldo.com\/guide\/wp-content\/uploads\/2020\/08\/escalier-home-800x269.jpg 800w\" sizes=\"(max-width: 512px) 100vw, 512px\" \/><\/a><\/div><\/div>\t\t<\/div>\r\n\t<\/article>\r\n\t<article class=\"w-grid-item size_1x1 post-766 page type-page status-publish has-post-thumbnail hentry\" data-id=\"766\">\r\n\t\t<div class=\"w-grid-item-h\">\r\n\t\t\t\t\t\t<div class=\"w-vwrapper usg_vwrapper_1 align_left valign_top\"><p class=\"w-post-elm post_title usg_post_title_1 align_center entry-title color_link_inherit has_text_color\"><a href=\"https:\/\/www.eldo.com\/guide\/escalier\/escalier-en-colimacon\/escalier-helicoidal\/\">Escalier h\u00e9lico\u00efdal<\/a><\/p><\/div><div class=\"w-hwrapper usg_hwrapper_1 align_left valign_top\"><div class=\"w-post-elm post_image usg_post_image_1 has_width has_ratio\"><div style=\"padding-bottom:100.0000%\"><\/div><a href=\"https:\/\/www.eldo.com\/guide\/escalier\/escalier-en-colimacon\/escalier-helicoidal\/\" aria-label=\"Escalier h\u00e9lico\u00efdal\"><img width=\"512\" height=\"288\" src=\"https:\/\/www.eldo.com\/guide\/wp-content\/uploads\/2020\/09\/CTA-ESCALIER-6.png\" class=\"attachment-us_600_600_crop size-us_600_600_crop wp-post-image\" alt=\"Conseils escalier\" srcset=\"https:\/\/www.eldo.com\/guide\/wp-content\/uploads\/2020\/09\/CTA-ESCALIER-6.png 512w, https:\/\/www.eldo.com\/guide\/wp-content\/uploads\/2020\/09\/CTA-ESCALIER-6-300x169.png 300w, https:\/\/www.eldo.com\/guide\/wp-content\/uploads\/2020\/09\/CTA-ESCALIER-6-1024x576.png 1024w, https:\/\/www.eldo.com\/guide\/wp-content\/uploads\/2020\/09\/CTA-ESCALIER-6-600x338.png 600w, https:\/\/www.eldo.com\/guide\/wp-content\/uploads\/2020\/09\/CTA-ESCALIER-6-800x450.png 800w\" sizes=\"(max-width: 512px) 100vw, 512px\" \/><\/a><\/div><\/div>\t\t<\/div>\r\n\t<\/article>\r\n\t<article class=\"w-grid-item size_1x1 post-757 page type-page status-publish has-post-thumbnail hentry\" data-id=\"757\">\r\n\t\t<div class=\"w-grid-item-h\">\r\n\t\t\t\t\t\t<div class=\"w-vwrapper usg_vwrapper_1 align_left valign_top\"><p class=\"w-post-elm post_title usg_post_title_1 align_center entry-title color_link_inherit has_text_color\"><a href=\"https:\/\/www.eldo.com\/guide\/escalier\/escalier-en-colimacon\/\">Escalier en colima\u00e7on<\/a><\/p><\/div><div class=\"w-hwrapper usg_hwrapper_1 align_left valign_top\"><div class=\"w-post-elm post_image usg_post_image_1 has_width has_ratio\"><div style=\"padding-bottom:100.0000%\"><\/div><a href=\"https:\/\/www.eldo.com\/guide\/escalier\/escalier-en-colimacon\/\" aria-label=\"Escalier en colima\u00e7on\"><img width=\"512\" height=\"367\" src=\"https:\/\/www.eldo.com\/guide\/wp-content\/uploads\/2020\/08\/escalier-helicoidal-2-scaled.jpg\" class=\"attachment-us_600_600_crop size-us_600_600_crop wp-post-image\" alt=\"escalier h\u00e9lico\u00efdal 2\" srcset=\"https:\/\/www.eldo.com\/guide\/wp-content\/uploads\/2020\/08\/escalier-helicoidal-2-scaled.jpg 512w, https:\/\/www.eldo.com\/guide\/wp-content\/uploads\/2020\/08\/escalier-helicoidal-2-300x215.jpg 300w, https:\/\/www.eldo.com\/guide\/wp-content\/uploads\/2020\/08\/escalier-helicoidal-2-1024x734.jpg 1024w, https:\/\/www.eldo.com\/guide\/wp-content\/uploads\/2020\/08\/escalier-helicoidal-2-558x400.jpg 558w, https:\/\/www.eldo.com\/guide\/wp-content\/uploads\/2020\/08\/escalier-helicoidal-2-800x574.jpg 800w\" sizes=\"(max-width: 512px) 100vw, 512px\" \/><\/a><\/div><\/div>\t\t<\/div>\r\n\t<\/article>\r\n\t<article class=\"w-grid-item size_1x1 post-750 page type-page status-publish has-post-thumbnail hentry\" data-id=\"750\">\r\n\t\t<div class=\"w-grid-item-h\">\r\n\t\t\t\t\t\t<div class=\"w-vwrapper usg_vwrapper_1 align_left valign_top\"><p class=\"w-post-elm post_title usg_post_title_1 align_center entry-title color_link_inherit has_text_color\"><a href=\"https:\/\/www.eldo.com\/guide\/escalier\/escalier-escamotable\/\">Escalier escamotable<\/a><\/p><\/div><div class=\"w-hwrapper usg_hwrapper_1 align_left valign_top\"><div class=\"w-post-elm post_image usg_post_image_1 has_width has_ratio\"><div style=\"padding-bottom:100.0000%\"><\/div><a href=\"https:\/\/www.eldo.com\/guide\/escalier\/escalier-escamotable\/\" aria-label=\"Escalier escamotable\"><img width=\"261\" height=\"336\" src=\"https:\/\/www.eldo.com\/guide\/wp-content\/uploads\/2021\/01\/escalier-escamotable.png\" class=\"attachment-us_600_600_crop size-us_600_600_crop wp-post-image\" alt=\"escalier escamotable pratique\" srcset=\"https:\/\/www.eldo.com\/guide\/wp-content\/uploads\/2021\/01\/escalier-escamotable.png 261w, https:\/\/www.eldo.com\/guide\/wp-content\/uploads\/2021\/01\/escalier-escamotable-233x300.png 233w\" sizes=\"(max-width: 261px) 100vw, 261px\" \/><\/a><\/div><\/div>\t\t<\/div>\r\n\t<\/article>\r\n\t<article class=\"w-grid-item size_1x1 post-703 page type-page status-publish has-post-thumbnail hentry\" data-id=\"703\">\r\n\t\t<div class=\"w-grid-item-h\">\r\n\t\t\t\t\t\t<div class=\"w-vwrapper usg_vwrapper_1 align_left valign_top\"><p class=\"w-post-elm post_title usg_post_title_1 align_center entry-title color_link_inherit has_text_color\"><a href=\"https:\/\/www.eldo.com\/guide\/escalier\/\">Escalier<\/a><\/p><\/div><div class=\"w-hwrapper usg_hwrapper_1 align_left valign_top\"><div class=\"w-post-elm post_image usg_post_image_1 has_width has_ratio\"><div style=\"padding-bottom:100.0000%\"><\/div><a href=\"https:\/\/www.eldo.com\/guide\/escalier\/\" aria-label=\"Escalier\"><img width=\"512\" height=\"288\" src=\"https:\/\/www.eldo.com\/guide\/wp-content\/uploads\/2020\/09\/CTA-ESCALIER-6.png\" class=\"attachment-us_600_600_crop size-us_600_600_crop wp-post-image\" alt=\"Conseils escalier\" srcset=\"https:\/\/www.eldo.com\/guide\/wp-content\/uploads\/2020\/09\/CTA-ESCALIER-6.png 512w, https:\/\/www.eldo.com\/guide\/wp-content\/uploads\/2020\/09\/CTA-ESCALIER-6-300x169.png 300w, https:\/\/www.eldo.com\/guide\/wp-content\/uploads\/2020\/09\/CTA-ESCALIER-6-1024x576.png 1024w, https:\/\/www.eldo.com\/guide\/wp-content\/uploads\/2020\/09\/CTA-ESCALIER-6-600x338.png 600w, https:\/\/www.eldo.com\/guide\/wp-content\/uploads\/2020\/09\/CTA-ESCALIER-6-800x450.png 800w\" sizes=\"(max-width: 512px) 100vw, 512px\" \/><\/a><\/div><\/div>\t\t<\/div>\r\n\t<\/article>\r\n<\/div><div class=\"w-grid-preloader\"><div class=\"g-preloader type_1\">\r\n\t<div><\/div>\r\n<\/div>\r\n<\/div>\t<div class=\"w-grid-json hidden\" onclick='return {&quot;action&quot;:&quot;us_ajax_grid&quot;,&quot;ajax_url&quot;:&quot;https:\\\/\\\/www.eldo.com\\\/guide\\\/wp-admin\\\/admin-ajax.php&quot;,&quot;infinite_scroll&quot;:0,&quot;max_num_pages&quot;:1,&quot;pagination&quot;:&quot;none&quot;,&quot;permalink_url&quot;:&quot;https:\\\/\\\/www.eldo.com\\\/guide\\\/wp-json\\\/wp\\\/v2\\\/pages\\\/1733&quot;,&quot;template_vars&quot;:{&quot;columns&quot;:&quot;6&quot;,&quot;exclude_items&quot;:&quot;none&quot;,&quot;img_size&quot;:&quot;default&quot;,&quot;ignore_items_size&quot;:false,&quot;items_layout&quot;:&quot;331&quot;,&quot;items_offset&quot;:&quot;1&quot;,&quot;load_animation&quot;:&quot;none&quot;,&quot;overriding_link&quot;:&quot;none&quot;,&quot;post_id&quot;:1733,&quot;query_args&quot;:{&quot;ignore_sticky_posts&quot;:1,&quot;post_type&quot;:&quot;any&quot;,&quot;post__in&quot;:[&quot;703&quot;,&quot;1697&quot;,&quot;750&quot;,&quot;757&quot;,&quot;766&quot;,&quot;782&quot;],&quot;posts_per_page&quot;:&quot;10&quot;},&quot;orderby_query_args&quot;:{&quot;orderby&quot;:{&quot;date&quot;:&quot;DESC&quot;}},&quot;type&quot;:&quot;grid&quot;,&quot;us_grid_ajax_index&quot;:1,&quot;us_grid_filter_params&quot;:null,&quot;us_grid_index&quot;:1,&quot;_us_grid_post_type&quot;:&quot;ids&quot;}}'><\/div>\r\n\t<\/div><div class=\"w-separator size_medium\"><\/div><\/div><\/div><\/div><\/div><\/div><\/section><section class=\"l-section wpb_row us_custom_e91755c2 height_auto width_full with_overlay\"><div class=\"l-section-overlay\" style=\"background: #ebebeb\"><\/div><div class=\"l-section-h i-cf\"><div class=\"g-cols vc_row type_boxes valign_middle\"><div class=\"vc_col-sm-12 wpb_column vc_column_container has-fill\"><div class=\"vc_column-inner us_custom_593ad074\"><div class=\"wpb_wrapper\"><p class=\"w-itext us_custom_6df4bc3a type_typingChars align_center\" onclick='return {&quot;duration&quot;:300,&quot;delay&quot;:2000,&quot;disablePartAnimation&quot;:false,&quot;dynamicColor&quot;:&quot;#ffffff&quot;,&quot;html_nbsp_char&quot;:true}'>Je\u00a0cherche\u00a0un\u00a0pro\u00a0\u00e0\u00a0<span class=\"w-itext-part changesat_0 changesat_1 changesat_2 changesat_3 changesat_4 dynamic\" style=\"color:#ffffff\" onclick='return [&quot;Bordeaux&quot;,&quot;Toulouse&quot;,&quot;Paris&quot;,&quot;Nantes&quot;,&quot;Marseille&quot;]'><span>Bordeaux<\/span><i class=\"w-itext-cursor\"><\/i><\/span><\/p><div class=\"w-separator size_medium\"><\/div><div class=\"w-btn-wrapper width_auto align_center\"><a class=\"w-btn us-btn-style_2 btn devis footer 1\" title=\"Devis gratuit\" target=\"_blank\" href=\"https:\/\/devis.eldo.com\/escalier-new\/france?utm_source=gmb&amp;utm_medium=SEO&amp;utm_campaign=escalier-escalier-en-colimacon-une-solution-originale\" rel=\"noopener\"><span class=\"w-btn-label\">Expliquer mon projet<\/span><\/a><\/div><\/div><\/div><\/div><\/div><\/div><\/section>\n","protected":false},"excerpt":{"rendered":"Comment choisir son escalier ? Guide Complet : prix, styles, mat\u00e9riaux &amp; pi\u00e8ges \u00e0 \u00e9viter Guides travauxPages Vous souhaitez \u00e9quiper votre int\u00e9rieur d\u2019un nouvel escalier ? Vous ne savez pas comment vous y prendre pour trouver le mod\u00e8le id\u00e9al ? Il y a plusieurs \u00e9tapes \u00e0 prendre en compte afin de guider votre choix Papier...","protected":false},"author":1,"featured_media":1705,"parent":757,"menu_order":0,"comment_status":"closed","ping_status":"closed","template":"","meta":[],"page_tags":[],"_links":{"self":[{"href":"https:\/\/www.eldo.com\/guide\/wp-json\/wp\/v2\/pages\/1733"}],"collection":[{"href":"https:\/\/www.eldo.com\/guide\/wp-json\/wp\/v2\/pages"}],"about":[{"href":"https:\/\/www.eldo.com\/guide\/wp-json\/wp\/v2\/types\/page"}],"author":[{"embeddable":true,"href":"https:\/\/www.eldo.com\/guide\/wp-json\/wp\/v2\/users\/1"}],"replies":[{"embeddable":true,"href":"https:\/\/www.eldo.com\/guide\/wp-json\/wp\/v2\/comments?post=1733"}],"version-history":[{"count":30,"href":"https:\/\/www.eldo.com\/guide\/wp-json\/wp\/v2\/pages\/1733\/revisions"}],"predecessor-version":[{"id":10611,"href":"https:\/\/www.eldo.com\/guide\/wp-json\/wp\/v2\/pages\/1733\/revisions\/10611"}],"up":[{"embeddable":true,"href":"https:\/\/www.eldo.com\/guide\/wp-json\/wp\/v2\/pages\/757"}],"wp:featuredmedia":[{"embeddable":true,"href":"https:\/\/www.eldo.com\/guide\/wp-json\/wp\/v2\/media\/1705"}],"wp:attachment":[{"href":"https:\/\/www.eldo.com\/guide\/wp-json\/wp\/v2\/media?parent=1733"}],"wp:term":[{"taxonomy":"page_tags","embeddable":true,"href":"https:\/\/www.eldo.com\/guide\/wp-json\/wp\/v2\/page_tags?post=1733"}],"curies":[{"name":"wp","href":"https:\/\/api.w.org\/{rel}","templated":true}]}}