{"id":1644,"date":"2020-09-04T13:16:27","date_gmt":"2020-09-04T13:16:27","guid":{"rendered":"https:\/\/www.eldo.com\/guide\/?page_id=1644"},"modified":"2023-11-02T18:09:57","modified_gmt":"2023-11-02T18:09:57","slug":"3-conseils-de-professionnels","status":"publish","type":"page","link":"https:\/\/www.eldo.com\/guide\/ravalement-facade\/3-conseils-de-professionnels\/","title":{"rendered":"Ravalement de fa\u00e7ade : 3 conseils de professionnels"},"content":{"rendered":"<section class=\"l-section wpb_row us_custom_b51f0e30 height_auto width_full with_overlay\"><div class=\"l-section-overlay\" style=\"background: #ebebeb\"><\/div><div class=\"l-section-h i-cf\"><div class=\"g-cols vc_row type_boxes valign_middle\"><div class=\"vc_col-sm-12 wpb_column vc_column_container has-fill has_text_color\"><div class=\"vc_column-inner us_custom_09a32c6e\"><div class=\"wpb_wrapper\"><div class=\"wpb_text_column us_custom_4be0c892 has_text_color\" ><div class=\"wpb_wrapper\"><h1 class=\"page-merci-title\" style=\"text-align: center;\">3 conseils de professionnels pour r\u00e9ussir sa r\u00e9novation de fa\u00e7ade<\/h1>\n<\/div><\/div><div class=\"w-separator size_medium\"><\/div><ol class=\"g-breadcrumbs us_custom_6df4bc3a separator_icon align_left has_text_color\"><li class=\"g-breadcrumbs-item\"><a href=\"https:\/\/www.eldo.com\/guide\/\">Guides travaux<\/a><meta content=\"1\"\/><\/li><li class=\"g-breadcrumbs-separator\"><i class=\"far fa-angle-right\"><\/i><\/li><li class=\"g-breadcrumbs-item\">Pages<\/li><\/ol><\/div><\/div><\/div><\/div><\/div><\/section><section class=\"l-section wpb_row height_auto width_full\"><div class=\"l-section-h i-cf\"><div class=\"g-cols vc_row type_boxes valign_middle\"><div class=\"vc_col-sm-12 wpb_column vc_column_container has-fill\"><div class=\"vc_column-inner us_custom_4fb9e5a3\"><div class=\"wpb_wrapper\"><div class=\"w-video align_center ratio_16x9\"><div class=\"w-video-h\"><iframe src=\"\/\/www.youtube.com\/embed\/KX5GTTHV_ew?autoplay=0&controls=1&origin=https%3A%2F%2Fwww.eldo.com%2Fguide\" allowfullscreen=\"1\"><\/iframe><\/div><div class=\"w-video-icon\" style=\"font-size:1.5rem;background:rgba(0,0,0,0.5);color:#fff;\"><\/div><\/div><\/div><\/div><\/div><\/div><\/div><\/section><section class=\"l-section wpb_row height_auto width_full\"><div class=\"l-section-h i-cf\"><div class=\"g-cols vc_row type_boxes valign_middle\"><div class=\"vc_col-sm-12 wpb_column vc_column_container\"><div class=\"vc_column-inner\"><div class=\"wpb_wrapper\"><div class=\"wpb_text_column\" ><div class=\"wpb_wrapper\"><h2>Le ravalement de fa\u00e7ade<\/h2>\n<p>La fa\u00e7ade de maison a toute son importance. C\u2019est la premi\u00e8re chose que voient les acheteurs potentiels ou les futurs locataires. La fa\u00e7ade peut aussi jouer un r\u00f4le sur l\u2019isolation par l\u2019ext\u00e9rieur. Une remise en \u00e9tat de votre fa\u00e7ade peut donc isoler votre maison, mais aussi avoir une grande importance sur l\u2019esth\u00e9tisme. Une fa\u00e7ade pleine de moisissures n\u2019est pas une fa\u00e7ade qui donne envie. Elle joue sur l\u2019embellissement de l\u2019ensemble de votre maison.<\/p>\n<\/div><\/div><div class=\"w-btn-wrapper width_auto align_center\"><a class=\"w-btn us-btn-style_2\" title=\"Porte en bois : quels sont les avantages\" target=\"_blank\" href=\"https:\/\/devis.eldo.com\/ravalement-de-facade-new\/france?utm_source=SEO&amp;utm_medium=Guide&amp;utm_campaign=ravalement-facade\" rel=\"noopener\"><span class=\"w-btn-label\">Consulter le guide complet<\/span><\/a><\/div><\/div><\/div><\/div><\/div><\/div><\/section><section class=\"l-section wpb_row height_auto width_full\"><div class=\"l-section-h i-cf\"><div class=\"g-cols vc_row type_boxes valign_middle gap-20px\"><style>.g-cols.gap-20px{margin:0 -20px}.gap-20px > .vc_column_container {padding:20px}<\/style><div class=\"vc_col-sm-6 wpb_column vc_column_container has-fill\"><div class=\"vc_column-inner us_custom_e4eb24e1\"><div class=\"wpb_wrapper\"><div \" class=\"faq_question_container\"><h2 class=\"faq_question_title\">Comment effectuer une r\u00e9novation de fa\u00e7ade<\/h2><div class=\"faq_question_content\"><p>Il faut faire appel \u00e0 des professionnels qualifi\u00e9s, comme pour tous vos travaux. Ils vous donneront les meilleurs conseils pour un projet de r\u00e9novation. Vous allez prendre rendez-vous avec le professionnel pour qu\u2019il \u00e9coute vos envies. Il doit savoir l\u2019histoire de la maison et les d\u00e9sordres pr\u00e9sents pour savoir quelles sont les solutions \u00e0 apporter. Le professionnel doit bien entendu avoir une garantie d\u00e9cennale \u00e0 jour.<br \/>\nEnsuite, l\u2019affection que vous portez \u00e0 la maison rentre en compte, il faut en garder l\u2019esprit. Il faudra ensuite d\u00e9terminer si vous devez faire un devis de\u00a0<a href=\"https:\/\/www.eldo.com\/guide\/ravalement-facade\/\" target=\"_blank\" rel=\"noopener noreferrer\">ravalement de fa\u00e7ade<\/a>\u00a0ou juste un nettoyage de fa\u00e7ade.<br \/>\nIl y a diff\u00e9rentes r\u00e9novations de fa\u00e7ades :<\/p>\n<p>&#8211;\u00a0<a href=\"https:\/\/www.eldo.com\/guide\/ravalement-facade\/enduit-facade\/\" target=\"_blank\" rel=\"noopener noreferrer\">Enduit de fa\u00e7ade<\/a>.<br \/>\n&#8211; Travaux de peinture.<br \/>\n&#8211; Fa\u00e7ade en pierre.<br \/>\n&#8211; Enduit \u00e0 la chaux.<br \/>\n&#8211; Cr\u00e9pi.<br \/>\n&#8211; <a href=\"https:\/\/www.eldo.com\/guide\/ravalement-facade\/ite-facade\/\">Isolation de fa\u00e7ade<\/a>.<br \/>\n&#8211; \u00c9tanch\u00e9it\u00e9 de fa\u00e7ade.<\/p>\n<p>Les professionnels sauront vous conseiller au mieux pour vos travaux tout en respectant les obligations l\u00e9gales.<\/p>\n<\/div><\/div><\/div><\/div><\/div><div class=\"vc_col-sm-6 wpb_column vc_column_container has-fill\"><div class=\"vc_column-inner us_custom_0d15be52\"><div class=\"wpb_wrapper\"><div \" class=\"faq_question_container\"><h2 class=\"faq_question_title\">Quelles sont les aides pour que vous puissiez faire une r\u00e9novation compl\u00e8te ?<\/h2><div class=\"faq_question_content\"><p>Une fois que vous avez d\u00e9termin\u00e9 le devis travaux, les professionnels peuvent vous aider \u00e0 trouver les meilleures aides possibles :<\/p>\n<p>&#8211; Cr\u00e9dit d\u2019imp\u00f4t.<br \/>\n&#8211; Eco pr\u00eat.<br \/>\n&#8211; Pr\u00eat \u00e0 taux z\u00e9ro.<br \/>\n&#8211; Taux de tva r\u00e9duit.<br \/>\n&#8211; Prime r\u00e9gionale.<br \/>\n&#8211; Prime d\u00e9partementale.<\/p>\n<p>L\u2019Anah peut aussi vous donner une aide pour la toiture et le ravalement de fa\u00e7ade en fonction de vos revenus. Dans certaines communes \u00e9galement, il y a des aides du conseil g\u00e9n\u00e9ral de 30% du devis total pour motiver les r\u00e9novations. Gr\u00e2ce \u00e0 toutes ces aides et avec des professionnels qualifi\u00e9s, votre fa\u00e7ade ne doit plus \u00eatre en mauvais \u00e9tat.<\/p>\n<\/div><\/div><\/div><\/div><\/div><\/div><\/div><\/section><section class=\"l-section wpb_row height_auto width_full\"><div class=\"l-section-h i-cf\"><div class=\"g-cols vc_row type_boxes valign_middle gap-20px\"><style>.g-cols.gap-20px{margin:0 -20px}.gap-20px > .vc_column_container {padding:20px}<\/style><div class=\"vc_col-sm-12 wpb_column vc_column_container has-fill\"><div class=\"vc_column-inner us_custom_0d15be52\"><div class=\"wpb_wrapper\"><div \" class=\"faq_question_container\"><h2 class=\"faq_question_title\">Les travaux de ravalement sont ils englob\u00e9s avec la r\u00e9novation de la maison ?<\/h2><div class=\"faq_question_content\"><p>Il faut prendre le temps de la r\u00e9flexion. Vous pouvez consulter un architecte ou un ma\u00eetre d\u2019\u0153uvre pour vous permettre de choisir les meilleures options. C\u2019est toute l&rsquo;enveloppe ext\u00e9rieure de la fa\u00e7ade qui est concern\u00e9e.\u00a0Une r\u00e9novation compl\u00e8te\u00a0de l\u2019ext\u00e9rieur peut-\u00eatre envisageable, il faut ensuite hi\u00e9rarchiser la strat\u00e9gie. La r\u00e9novation toiture peut-\u00eatre englob\u00e9e avec le ravalement de fa\u00e7ade. Le budget doit \u00eatre d\u00e9termin\u00e9 avant tout pour que vous puissiez envisager ce qu\u2019il est possible de faire.<\/p>\n<\/div><\/div><div class=\"w-separator size_small\"><\/div><div class=\"w-btn-wrapper width_auto align_center\"><a class=\"w-btn us-btn-style_2\" title=\"Demander un devis\" target=\"_blank\" href=\"https:\/\/devis.eldo.com\/ravalement-de-facade-new\/france?utm_source=SEO&amp;utm_medium=Guide&amp;utm_campaign=ravalement-facade\" rel=\"noopener\"><span class=\"w-btn-label\">Demander un devis<\/span><\/a><\/div><\/div><\/div><\/div><\/div><\/div><\/section><section class=\"l-section wpb_row height_medium\"><div class=\"l-section-h i-cf\"><div class=\"g-cols vc_row type_default valign_top\"><div class=\"vc_col-sm-12 wpb_column vc_column_container\"><div class=\"vc_column-inner\"><div class=\"wpb_wrapper\"><div class=\"w-grid type_grid layout_331 cols_3 overflow_hidden\" id=\"us_grid_1\"><style id=\"us_grid_1_css\">#us_grid_1 .w-grid-item{padding:1.5rem}#us_grid_1 .w-grid-list{margin:-1.5rem}.w-grid + #us_grid_1 .w-grid-list{margin-top:1.5rem}@media (max-width:899px){#us_grid_1 .w-grid-item{width:50.0000%}}@media (max-width:599px){#us_grid_1 .w-grid-list{margin:0}#us_grid_1 .w-grid-item{width:100.0000%;padding:0;margin-bottom:1.5rem}}<\/style><style>.layout_331 .w-grid-item-h{}.layout_331 .usg_post_image_1{width:50%!important}.layout_331 .usg_vwrapper_1{width:50%!important;margin-right:0!important}.layout_331 .usg_post_title_1{color:#000000!important}@media (max-width:599px){.layout_331 .usg_post_title_1{font-size:1.2rem!important;margin-right:0!important;padding-bottom:0!important}}<\/style><div class=\"w-grid-list\" >\t<article class=\"w-grid-item size_1x1 post-1644 page type-page status-publish has-post-thumbnail hentry\" data-id=\"1644\">\r\n\t\t<div class=\"w-grid-item-h\">\r\n\t\t\t\t\t\t\t<a class=\"w-grid-item-anchor\" href=\"https:\/\/www.eldo.com\/guide\/ravalement-facade\/3-conseils-de-professionnels\/\" rel=\"bookmark\" aria-label=\"Ravalement de fa\u00e7ade : 3 conseils de professionnels\"><\/a>\r\n\t\t\t\t\t\t<div class=\"w-vwrapper usg_vwrapper_1 align_left valign_top\"><p class=\"w-post-elm post_title usg_post_title_1 align_center entry-title color_link_inherit has_text_color\"><a href=\"https:\/\/www.eldo.com\/guide\/ravalement-facade\/3-conseils-de-professionnels\/\">Ravalement de fa\u00e7ade : 3 conseils de professionnels<\/a><\/p><\/div><div class=\"w-hwrapper usg_hwrapper_1 align_left valign_top\"><div class=\"w-post-elm post_image usg_post_image_1 has_width has_ratio\"><div style=\"padding-bottom:100.0000%\"><\/div><a href=\"https:\/\/www.eldo.com\/guide\/ravalement-facade\/3-conseils-de-professionnels\/\" aria-label=\"Ravalement de fa\u00e7ade : 3 conseils de professionnels\"><img width=\"512\" height=\"341\" src=\"https:\/\/www.eldo.com\/guide\/wp-content\/uploads\/2020\/09\/pexels-pixabay-259588-scaled.jpg\" class=\"attachment-us_600_600_crop size-us_600_600_crop wp-post-image\" alt=\"construction de maison\" srcset=\"https:\/\/www.eldo.com\/guide\/wp-content\/uploads\/2020\/09\/pexels-pixabay-259588-scaled.jpg 512w, https:\/\/www.eldo.com\/guide\/wp-content\/uploads\/2020\/09\/pexels-pixabay-259588-300x200.jpg 300w, https:\/\/www.eldo.com\/guide\/wp-content\/uploads\/2020\/09\/pexels-pixabay-259588-1024x682.jpg 1024w, https:\/\/www.eldo.com\/guide\/wp-content\/uploads\/2020\/09\/pexels-pixabay-259588-600x400.jpg 600w, https:\/\/www.eldo.com\/guide\/wp-content\/uploads\/2020\/09\/pexels-pixabay-259588-800x533.jpg 800w\" sizes=\"(max-width: 512px) 100vw, 512px\" \/><\/a><\/div><\/div>\t\t<\/div>\r\n\t<\/article>\r\n<\/div><div class=\"w-grid-preloader\"><div class=\"g-preloader type_1\">\r\n\t<div><\/div>\r\n<\/div>\r\n<\/div>\t<div class=\"w-grid-json hidden\" onclick='return {&quot;action&quot;:&quot;us_ajax_grid&quot;,&quot;ajax_url&quot;:&quot;https:\\\/\\\/www.eldo.com\\\/guide\\\/wp-admin\\\/admin-ajax.php&quot;,&quot;infinite_scroll&quot;:0,&quot;max_num_pages&quot;:1,&quot;pagination&quot;:&quot;none&quot;,&quot;permalink_url&quot;:&quot;https:\\\/\\\/www.eldo.com\\\/guide\\\/wp-json\\\/wp\\\/v2\\\/pages\\\/1644&quot;,&quot;template_vars&quot;:{&quot;columns&quot;:&quot;3&quot;,&quot;exclude_items&quot;:&quot;none&quot;,&quot;img_size&quot;:&quot;default&quot;,&quot;ignore_items_size&quot;:false,&quot;items_layout&quot;:&quot;331&quot;,&quot;items_offset&quot;:&quot;1&quot;,&quot;load_animation&quot;:&quot;none&quot;,&quot;overriding_link&quot;:&quot;post&quot;,&quot;post_id&quot;:1644,&quot;query_args&quot;:{&quot;ignore_sticky_posts&quot;:1,&quot;post_type&quot;:&quot;any&quot;,&quot;post__in&quot;:[&quot;1195&quot;,&quot;1648&quot;,&quot;1644&quot;],&quot;posts_per_page&quot;:&quot;10&quot;},&quot;orderby_query_args&quot;:{&quot;orderby&quot;:{&quot;date&quot;:&quot;DESC&quot;}},&quot;type&quot;:&quot;grid&quot;,&quot;us_grid_ajax_index&quot;:1,&quot;us_grid_filter_params&quot;:null,&quot;us_grid_index&quot;:1,&quot;_us_grid_post_type&quot;:&quot;ids&quot;}}'><\/div>\r\n\t<\/div><\/div><\/div><\/div><\/div><\/div><\/section><section class=\"l-section wpb_row us_custom_e91755c2 height_auto width_full with_overlay\"><div class=\"l-section-overlay\" style=\"background: #ebebeb\"><\/div><div class=\"l-section-h i-cf\"><div class=\"g-cols vc_row type_boxes valign_middle\"><div class=\"vc_col-sm-12 wpb_column vc_column_container has-fill\"><div class=\"vc_column-inner us_custom_2b716e4a\"><div class=\"wpb_wrapper\"><h2 class=\"w-itext us_custom_6df4bc3a type_typingChars align_center\" onclick='return {&quot;duration&quot;:300,&quot;delay&quot;:2000,&quot;disablePartAnimation&quot;:false,&quot;dynamicColor&quot;:&quot;#ffffff&quot;,&quot;html_nbsp_char&quot;:true}'>Je\u00a0cherche\u00a0un\u00a0pro\u00a0\u00e0\u00a0<span class=\"w-itext-part changesat_0 changesat_1 changesat_2 changesat_3 changesat_4 dynamic\" style=\"color:#ffffff\" onclick='return [&quot;Bordeaux&quot;,&quot;Toulouse&quot;,&quot;Paris&quot;,&quot;Nantes&quot;,&quot;Marseille&quot;]'><span>Bordeaux<\/span><i class=\"w-itext-cursor\"><\/i><\/span><\/h2><div class=\"w-separator size_small\"><\/div><div class=\"w-btn-wrapper width_auto align_center\"><a class=\"w-btn us-btn-style_2\" title=\"Demander un devis\" target=\"_blank\" href=\"https:\/\/devis.eldo.com\/ravalement-de-facade-new\/france?utm_source=SEO&amp;utm_medium=Guide&amp;utm_campaign=ravalement-facade\" rel=\"noopener\"><span class=\"w-btn-label\">Trouver un pro de confiance<\/span><\/a><\/div><\/div><\/div><\/div><\/div><\/div><\/section>\n","protected":false},"excerpt":{"rendered":"3 conseils de professionnels pour r\u00e9ussir sa r\u00e9novation de fa\u00e7ade Guides travauxPagesLe ravalement de fa\u00e7ade La fa\u00e7ade de maison a toute son importance. C\u2019est la premi\u00e8re chose que voient les acheteurs potentiels ou les futurs locataires. La fa\u00e7ade peut aussi jouer un r\u00f4le sur l\u2019isolation par l\u2019ext\u00e9rieur. Une remise en \u00e9tat de votre fa\u00e7ade peut...","protected":false},"author":1,"featured_media":1399,"parent":8399,"menu_order":0,"comment_status":"closed","ping_status":"closed","template":"","meta":[],"page_tags":[],"_links":{"self":[{"href":"https:\/\/www.eldo.com\/guide\/wp-json\/wp\/v2\/pages\/1644"}],"collection":[{"href":"https:\/\/www.eldo.com\/guide\/wp-json\/wp\/v2\/pages"}],"about":[{"href":"https:\/\/www.eldo.com\/guide\/wp-json\/wp\/v2\/types\/page"}],"author":[{"embeddable":true,"href":"https:\/\/www.eldo.com\/guide\/wp-json\/wp\/v2\/users\/1"}],"replies":[{"embeddable":true,"href":"https:\/\/www.eldo.com\/guide\/wp-json\/wp\/v2\/comments?post=1644"}],"version-history":[{"count":20,"href":"https:\/\/www.eldo.com\/guide\/wp-json\/wp\/v2\/pages\/1644\/revisions"}],"predecessor-version":[{"id":10747,"href":"https:\/\/www.eldo.com\/guide\/wp-json\/wp\/v2\/pages\/1644\/revisions\/10747"}],"up":[{"embeddable":true,"href":"https:\/\/www.eldo.com\/guide\/wp-json\/wp\/v2\/pages\/8399"}],"wp:featuredmedia":[{"embeddable":true,"href":"https:\/\/www.eldo.com\/guide\/wp-json\/wp\/v2\/media\/1399"}],"wp:attachment":[{"href":"https:\/\/www.eldo.com\/guide\/wp-json\/wp\/v2\/media?parent=1644"}],"wp:term":[{"taxonomy":"page_tags","embeddable":true,"href":"https:\/\/www.eldo.com\/guide\/wp-json\/wp\/v2\/page_tags?post=1644"}],"curies":[{"name":"wp","href":"https:\/\/api.w.org\/{rel}","templated":true}]}}