{"id":142,"date":"2020-08-03T12:46:35","date_gmt":"2020-08-03T12:46:35","guid":{"rendered":"https:\/\/www.eldo.com\/guide\/?page_id=142"},"modified":"2024-01-24T16:11:07","modified_gmt":"2024-01-24T16:11:07","slug":"comment-bien-choisir-ses-fenetres","status":"publish","type":"page","link":"https:\/\/www.eldo.com\/guide\/menuiseries-portes-fenetres\/comment-bien-choisir-ses-fenetres\/","title":{"rendered":"Fen\u00eatres : 4 conseils pour bien les choisir"},"content":{"rendered":"<section class=\"l-section wpb_row us_custom_b51f0e30 height_auto width_full with_overlay\"><div class=\"l-section-overlay\" style=\"background: #ebebeb\"><\/div><div class=\"l-section-h i-cf\"><div class=\"g-cols vc_row type_boxes valign_middle\"><div class=\"vc_col-sm-12 wpb_column vc_column_container has-fill\"><div class=\"vc_column-inner us_custom_25914eaa\"><div class=\"wpb_wrapper\"><div class=\"wpb_text_column us_custom_2e587a18 has_text_color\" ><div class=\"wpb_wrapper\"><h1 class=\"title style-scope ytd-video-primary-info-renderer\" style=\"text-align: center;\">Fen\u00eatres : 4 conseils pour bien les choisir<\/h1>\n<p style=\"text-align: center;\">Les conseils d&rsquo;expert en vid\u00e9o<\/p>\n<\/div><\/div><div class=\"w-separator size_medium\"><\/div><ol class=\"g-breadcrumbs us_custom_6556ef4c separator_icon align_left has_text_color\"><li class=\"g-breadcrumbs-item\"><a href=\"https:\/\/www.eldo.com\/guide\/\">Guides travaux<\/a><meta content=\"1\"\/><\/li><li class=\"g-breadcrumbs-separator\"><i class=\"far fa-angle-right\"><\/i><\/li><li class=\"g-breadcrumbs-item\">Pages<\/li><\/ol><\/div><\/div><\/div><\/div><\/div><\/section><section class=\"l-section wpb_row height_auto width_full\"><div class=\"l-section-h i-cf\"><div class=\"g-cols vc_row type_boxes valign_middle\"><div class=\"vc_col-sm-12 wpb_column vc_column_container has-fill\"><div class=\"vc_column-inner us_custom_4fb9e5a3\"><div class=\"wpb_wrapper\"><div class=\"w-video align_center ratio_16x9\"><div class=\"w-video-h\"><iframe title=\"Fen\u00eatres : 4 conseils pour bien les choisir\" width=\"640\" height=\"360\" src=\"https:\/\/www.youtube.com\/embed\/NGt2FpKnbjM?feature=oembed\" frameborder=\"0\" allow=\"accelerometer; autoplay; encrypted-media; gyroscope; picture-in-picture\" allowfullscreen><\/iframe><\/div><div class=\"w-video-icon\" style=\"font-size:1.5rem;background:rgba(0,0,0,0.5);color:#fff;\"><\/div><\/div><\/div><\/div><\/div><\/div><\/div><\/section><section class=\"l-section wpb_row height_auto width_full\"><div class=\"l-section-h i-cf\"><div class=\"g-cols vc_row type_boxes valign_middle\"><div class=\"vc_col-sm-8 wpb_column vc_column_container\"><div class=\"vc_column-inner\"><div class=\"wpb_wrapper\"><div class=\"wpb_text_column\" ><div class=\"wpb_wrapper\"><h2 class=\"page-merci-title QSN\">D\u00e9terminer ses besoins<\/h2>\n<div class=\"page-merci-text QSN\">\n<p>Pour vous lancer dans le remplacement de fen\u00eatre, il faut savoir pourquoi vous devez les changer. Si c\u2019est un cas esth\u00e9tique, votre performance \u00e9nerg\u00e9tique est peut-\u00eatre d\u00e9j\u00e0 \u00e9lev\u00e9e et vous n\u2019avez pas besoin d\u2019une meilleure isolation. Si c\u2019est une contrainte de la copropri\u00e9t\u00e9 pour am\u00e9liorer l\u2019ensemble des habitats de la copropri\u00e9t\u00e9, ou encore si cela rentre en compte dans des travaux d\u2019isolation, vous avez besoin de fen\u00eatres isolantes plus qu\u2019esth\u00e9tique.<\/p>\n<p>Une fois que vos besoins sont d\u00e9termin\u00e9s, vous pourrez choisir vos fen\u00eatres :<\/p>\n<ul>\n<li><a href=\"https:\/\/www.eldo.com\/guide\/menuiseries-portes-fenetres\/menuiseries-bois\/fenetres-bois\/\">Fen\u00eatres bois<\/a><\/li>\n<li><a href=\"https:\/\/www.eldo.com\/guide\/menuiseries-portes-fenetres\/menuiserie-aluminium\/fenetres-aluminium\/\" target=\"_blank\" rel=\"noopener noreferrer\">Fen\u00eatres aluminium<\/a><\/li>\n<li>Triple vitrage<\/li>\n<li>Simple vitrage<\/li>\n<li>Fen\u00eatre coulissant<\/li>\n<li><a href=\"https:\/\/www.eldo.com\/guide\/menuiseries-portes-fenetres\/menuiserie-pvc\/fenetres-pvc\/\" target=\"_blank\" rel=\"noopener noreferrer\">Fen\u00eatres PVC<\/a><\/li>\n<li>Fen\u00eatres sur-mesure<\/li>\n<li>Baies vitr\u00e9es<\/li>\n<\/ul>\n<p>La r\u00e9novation fen\u00eatre va jouer un r\u00f4le sur les d\u00e9perditions thermiques, l\u2019isolation phonique, et votre facture d\u2019\u00e9lectricit\u00e9 pourra \u00eatre nettement en baisse apr\u00e8s ses travaux d\u2019isolation.<\/p>\n<\/div>\n<\/div><\/div><div class=\"w-btn-wrapper width_auto align_center\"><a class=\"w-btn us-btn-style_2\" title=\"Demander un devis\" target=\"_blank\" href=\"https:\/\/devis.eldo.com\/fenetres-et-portes-new\/france?utm_source=SEO&amp;utm_medium=Guide&amp;utm_campaign=fenetres-portes-menuiseries-portes-fenetres-comment-bien-choisir-ses-fenetres\" rel=\"noopener\"><span class=\"w-btn-label\">Demander un devis<\/span><\/a><\/div><\/div><\/div><\/div><div class=\"vc_col-sm-4 wpb_column vc_column_container\"><div class=\"vc_column-inner\"><div class=\"wpb_wrapper\"><div class=\"w-image align_center\"><div class=\"w-image-h\"><img width=\"683\" height=\"1024\" src=\"https:\/\/www.eldo.com\/guide\/wp-content\/uploads\/2020\/08\/MENUISERIE-PVC-4-683x1024.png\" class=\"attachment-large size-large\" alt=\"\" srcset=\"https:\/\/www.eldo.com\/guide\/wp-content\/uploads\/2020\/08\/MENUISERIE-PVC-4-683x1024.png 683w, https:\/\/www.eldo.com\/guide\/wp-content\/uploads\/2020\/08\/MENUISERIE-PVC-4-200x300.png 200w, https:\/\/www.eldo.com\/guide\/wp-content\/uploads\/2020\/08\/MENUISERIE-PVC-4-267x400.png 267w, https:\/\/www.eldo.com\/guide\/wp-content\/uploads\/2020\/08\/MENUISERIE-PVC-4-400x600.png 400w, https:\/\/www.eldo.com\/guide\/wp-content\/uploads\/2020\/08\/MENUISERIE-PVC-4.png 341w\" sizes=\"(max-width: 683px) 100vw, 683px\" \/><\/div><\/div><\/div><\/div><\/div><\/div><\/div><\/section><section class=\"l-section wpb_row us_custom_e4eb24e1 height_auto width_full\"><div class=\"l-section-h i-cf\"><div class=\"g-cols vc_row type_boxes valign_middle\"><div class=\"vc_col-sm-4 wpb_column vc_column_container has-fill\"><div class=\"vc_column-inner us_custom_e4eb24e1\"><div class=\"wpb_wrapper\"><div class=\"wpb_text_column\" ><div class=\"wpb_wrapper\"><div class=\"page-merci-text QSN\">\n<h2 class=\"page-merci-title QSN\">Contacter des sp\u00e9cialistes<\/h2>\n<div class=\"page-merci-text QSN\">On ne change pas de fen\u00eatres tous les deux ans, il faut prendre son temps pour choisir la fen\u00eatre la plus performante, mais surtout le sp\u00e9cialiste qui vous accompagne pour vos travaux. L\u2019assurance et la garantie de l\u2019artisan vont avoir une importance lors de la r\u00e9novation fen\u00eatres. Un bon artisan saura comment poser des fen\u00eatres pour que celles-ci durent un maximum dans le temps. L\u2019isolation thermique va donc augmenter et vous aurez une pose de fen\u00eatres effectu\u00e9e par un professionnel. Il faut que vous soyez fier de votre projet de menuiserie, pour cela faire appel \u00e0 des professionnels qualifi\u00e9s reste le meilleur conseil \u00e0 donner.<\/div>\n<\/div>\n<\/div><\/div><\/div><\/div><\/div><div class=\"vc_col-sm-4 wpb_column vc_column_container\"><div class=\"vc_column-inner\"><div class=\"wpb_wrapper\"><div class=\"w-image align_center\"><div class=\"w-image-h\"><img width=\"341\" height=\"512\" src=\"https:\/\/www.eldo.com\/guide\/wp-content\/uploads\/2020\/07\/porte-et-fenetre-40.png\" class=\"attachment-us_800_600 size-us_800_600\" alt=\"fen\u00eatre en bois\" srcset=\"https:\/\/www.eldo.com\/guide\/wp-content\/uploads\/2020\/07\/porte-et-fenetre-40.png 341w, https:\/\/www.eldo.com\/guide\/wp-content\/uploads\/2020\/07\/porte-et-fenetre-40-200x300.png 200w, https:\/\/www.eldo.com\/guide\/wp-content\/uploads\/2020\/07\/porte-et-fenetre-40-683x1024.png 683w, https:\/\/www.eldo.com\/guide\/wp-content\/uploads\/2020\/07\/porte-et-fenetre-40-267x400.png 267w, https:\/\/www.eldo.com\/guide\/wp-content\/uploads\/2020\/07\/porte-et-fenetre-40-400x600.png 400w\" sizes=\"(max-width: 341px) 100vw, 341px\" \/><\/div><\/div><\/div><\/div><\/div><div class=\"vc_col-sm-4 wpb_column vc_column_container\"><div class=\"vc_column-inner\"><div class=\"wpb_wrapper\"><div class=\"wpb_text_column\" ><div class=\"wpb_wrapper\"><h2 class=\"page-merci-title QSN\">Le budget<\/h2>\n<div class=\"page-merci-text QSN\">L\u2019enveloppe et l\u2019\u00e9tude budg\u00e9taire sont importantes. Faites faire un ou plusieurs devis pour avoir une id\u00e9e de la fourchette de prix. Vous voulez refaire une partie des fen\u00eatres, toutes les fen\u00eatres, les portes-fen\u00eatres,\u00a0changer les volets\u00a0? Tout est \u00e0 penser en amont pour que votre budget soit bien fix\u00e9. Il existe des subventions locales, d\u00e9partementales, des p\u00f4les info \u00e9nergies qui peuvent\u00a0<a href=\"https:\/\/www.eldo.com\/guide\/menuiseries-portes-fenetres\/aide-renovation-fenetres\/\">vous faire b\u00e9n\u00e9ficier d\u2019aides durant la r\u00e9novation de vos fen\u00eatres<\/a>. Vous pouvez aussi avoir droit \u00e0 la prime \u00e9nergie, et une tva r\u00e9duite. Le bon artisan saura aussi vous conseiller sur les aides existantes pour vous guider au mieux avant le lancement de vos travaux.<\/div>\n<\/div><\/div><div class=\"w-separator size_small\"><\/div><div class=\"w-btn-wrapper width_auto align_center\"><a class=\"w-btn us-btn-style_2\" title=\"Demander un devis\" target=\"_blank\" href=\"https:\/\/devis.eldo.com\/fenetres-et-portes-new\/france?utm_source=SEO&amp;utm_medium=Guide&amp;utm_campaign=fenetres-portes-menuiseries-portes-fenetres-comment-bien-choisir-ses-fenetres\" rel=\"noopener\"><span class=\"w-btn-label\">Demander un devis<\/span><\/a><\/div><\/div><\/div><\/div><\/div><\/div><\/section><section class=\"l-section wpb_row us_custom_e91755c2 height_auto width_full with_overlay\"><div class=\"l-section-overlay\" style=\"background: #ebebeb\"><\/div><div class=\"l-section-h i-cf\"><div class=\"g-cols vc_row type_boxes valign_middle\"><div class=\"vc_col-sm-12 wpb_column vc_column_container has-fill\"><div class=\"vc_column-inner us_custom_25914eaa\"><div class=\"wpb_wrapper\"><p class=\"w-itext us_custom_6df4bc3a type_typingChars align_center\" onclick='return {&quot;duration&quot;:300,&quot;delay&quot;:2000,&quot;disablePartAnimation&quot;:false,&quot;dynamicColor&quot;:&quot;#ffffff&quot;,&quot;html_nbsp_char&quot;:true}'>Je\u00a0cherche\u00a0un\u00a0pro\u00a0\u00e0\u00a0<span class=\"w-itext-part changesat_0 changesat_1 changesat_2 changesat_3 changesat_4 dynamic\" style=\"color:#ffffff\" onclick='return [&quot;Bordeaux&quot;,&quot;Toulouse&quot;,&quot;Paris&quot;,&quot;Nantes&quot;,&quot;Marseille&quot;]'><span>Bordeaux<\/span><i class=\"w-itext-cursor\"><\/i><\/span><\/p><div class=\"w-separator size_small\"><\/div><div class=\"w-btn-wrapper width_auto align_center\"><a class=\"w-btn us-btn-style_2\" title=\"Demander un devis\" target=\"_blank\" href=\"https:\/\/devis.eldo.com\/fenetres-et-portes-new\/france?utm_source=SEO&amp;utm_medium=Guide&amp;utm_campaign=fenetres-portes-menuiseries-portes-fenetres-comment-bien-choisir-ses-fenetres\" rel=\"noopener\"><span class=\"w-btn-label\">Expliquer mon projet<\/span><\/a><\/div><\/div><\/div><\/div><\/div><\/div><\/section>\n","protected":false},"excerpt":{"rendered":"Fen\u00eatres : 4 conseils pour bien les choisir Les conseils d&rsquo;expert en vid\u00e9o Guides travauxPagesD\u00e9terminer ses besoins Pour vous lancer dans le remplacement de fen\u00eatre, il faut savoir pourquoi vous devez les changer. Si c\u2019est un cas esth\u00e9tique, votre performance \u00e9nerg\u00e9tique est peut-\u00eatre d\u00e9j\u00e0 \u00e9lev\u00e9e et vous n\u2019avez pas besoin d\u2019une meilleure isolation. Si c\u2019est...","protected":false},"author":1,"featured_media":330,"parent":54,"menu_order":0,"comment_status":"closed","ping_status":"closed","template":"","meta":[],"page_tags":[],"_links":{"self":[{"href":"https:\/\/www.eldo.com\/guide\/wp-json\/wp\/v2\/pages\/142"}],"collection":[{"href":"https:\/\/www.eldo.com\/guide\/wp-json\/wp\/v2\/pages"}],"about":[{"href":"https:\/\/www.eldo.com\/guide\/wp-json\/wp\/v2\/types\/page"}],"author":[{"embeddable":true,"href":"https:\/\/www.eldo.com\/guide\/wp-json\/wp\/v2\/users\/1"}],"replies":[{"embeddable":true,"href":"https:\/\/www.eldo.com\/guide\/wp-json\/wp\/v2\/comments?post=142"}],"version-history":[{"count":33,"href":"https:\/\/www.eldo.com\/guide\/wp-json\/wp\/v2\/pages\/142\/revisions"}],"predecessor-version":[{"id":10622,"href":"https:\/\/www.eldo.com\/guide\/wp-json\/wp\/v2\/pages\/142\/revisions\/10622"}],"up":[{"embeddable":true,"href":"https:\/\/www.eldo.com\/guide\/wp-json\/wp\/v2\/pages\/54"}],"wp:featuredmedia":[{"embeddable":true,"href":"https:\/\/www.eldo.com\/guide\/wp-json\/wp\/v2\/media\/330"}],"wp:attachment":[{"href":"https:\/\/www.eldo.com\/guide\/wp-json\/wp\/v2\/media?parent=142"}],"wp:term":[{"taxonomy":"page_tags","embeddable":true,"href":"https:\/\/www.eldo.com\/guide\/wp-json\/wp\/v2\/page_tags?post=142"}],"curies":[{"name":"wp","href":"https:\/\/api.w.org\/{rel}","templated":true}]}}