{"id":1369,"date":"2020-09-02T12:58:29","date_gmt":"2020-09-02T12:58:29","guid":{"rendered":"https:\/\/www.eldo.com\/guide\/?page_id=1369"},"modified":"2023-11-15T14:20:29","modified_gmt":"2023-11-15T14:20:29","slug":"motorisee","status":"publish","type":"page","link":"https:\/\/www.eldo.com\/guide\/porte-de-garage\/motorisee\/","title":{"rendered":"Porte de garage motoris\u00e9e"},"content":{"rendered":"<section class=\"l-section wpb_row us_custom_e4eb24e1 height_auto width_full with_overlay\"><div class=\"l-section-overlay\" style=\"background: #ffffff\"><\/div><div class=\"l-section-h i-cf\"><div class=\"g-cols vc_row type_boxes valign_middle gap-10px\"><style>.g-cols.gap-10px{margin:0 -10px}.gap-10px > .vc_column_container {padding:10px}<\/style><div class=\"vc_col-sm-12 wpb_column vc_column_container has-fill\"><div class=\"vc_column-inner us_custom_428a5c28\"><div class=\"wpb_wrapper\"><div class=\"wpb_text_column us_custom_2e587a18 has_text_color\" ><div class=\"wpb_wrapper\"><h1 style=\"text-align: center;\">Porte de garage motoris\u00e9e<\/h1>\n<\/div><\/div><div class=\"w-separator size_medium\"><\/div><ol class=\"g-breadcrumbs us_custom_6556ef4c separator_icon align_left has_text_color\"><li class=\"g-breadcrumbs-item\"><a href=\"https:\/\/www.eldo.com\/guide\/\">Guides travaux<\/a><meta content=\"1\"\/><\/li><li class=\"g-breadcrumbs-separator\"><i class=\"far fa-angle-right\"><\/i><\/li><li class=\"g-breadcrumbs-item\">Pages<\/li><\/ol><\/div><\/div><\/div><div class=\"vc_col-sm-12 wpb_column vc_column_container\"><div class=\"vc_column-inner\"><div class=\"wpb_wrapper\"><div class=\"wpb_text_column\" ><div class=\"wpb_wrapper\">\n<\/div><\/div><div \" class=\"faq_question_container\"><h2 class=\"faq_question_title\">Comment choisir la motorisation de son porte de garage ?<\/h2><div class=\"faq_question_content\"><h3>Type de porte de garage<\/h3>\n<p>En fonction du type de\u00a0<a href=\"\/guide\/porte-de-garage\/\" rel=\"noopener noreferrer\">porte de garage<\/a>\u00a0que vous entendez installer, il sera possible de la motoriser.<\/p>\n<p>Porte de garage\u00a0<a href=\"\/guide\/porte-de-garage\/sectionnelle\/\" rel=\"noopener noreferrer\">sectionnelle<\/a>,\u00a0<a href=\"\/guide\/porte-de-garage\/battante\/\" rel=\"noopener noreferrer\">battante<\/a>,\u00a0<a href=\"\/guide\/porte-de-garage\/basculante\/\" rel=\"noopener noreferrer\">basculante<\/a>\u00a0ou\u00a0<a href=\"https:\/\/www.eldo.com\/guide\/porte-de-garage\/enroulable\/\" rel=\"noopener noreferrer\">enroulable<\/a>, la motorisation de portail et son fonctionnement devront \u00eatre adapt\u00e9s. De m\u00eame, selon qu\u2019il s\u2019agira d\u2019un portail en aluminium ou de portes battantes en bois, la puissance du moteur devra \u00eatre choisie en cons\u00e9quence, compte tenu de la diff\u00e9rence de poids que pr\u00e9sentent ces mat\u00e9riaux.<\/p>\n<h3 class=\"text-primary pt-3\">Le mouvement de la porte<\/h3>\n<p>Une porte coulissante ne pourra pas \u00eatre anim\u00e9e de la m\u00eame fa\u00e7on qu\u2019une porte basculante. Le mouvement m\u00eame de la porte oblige \u00e0 adapter la forme du moteur.<\/p>\n<div class=\"py-4\">\n<div class=\"container\">\n<div class=\"row\">\n<div class=\"col-md-12\">\n<h3 class=\"text-primary pt-3\">Type de moteur<\/h3>\n<p>Il est possible d\u2019acheter un moteur seul. Attention toutefois de ne pas vous tromper de mod\u00e8le.<\/p>\n<p>Une porte coulissante recevra un moteur \u00e0 cr\u00e9maill\u00e8re (vis sans fin sur un rail dentel\u00e9), tandis qu\u2019une porte de garage basculante recevra un moteur \u00e0 bras articul\u00e9 par des v\u00e9rins. Chacun d\u2019eux repr\u00e9sente un encombrement et des contraintes qui lui sont propres. La porte \u00e0 enroulement recevra un moteur axial, \u00e0 la fa\u00e7on d\u2019un volet roulant, simple et pratique.<\/p>\n<p>Tous peuvent \u00eatre actionn\u00e9s \u00e0 distance \u00e0 l\u2019aide d\u2019une t\u00e9l\u00e9commande. Dans certains cas, un digicode peut m\u00eame \u00eatre mont\u00e9 \u00e0 l\u2019entr\u00e9e du garage, repr\u00e9sentant une s\u00e9curit\u00e9 anti effraction suppl\u00e9mentaire.<\/p>\n<\/div>\n<\/div>\n<\/div>\n<\/div>\n<div>\n<div class=\"container\">\n<div class=\"row\">\n<div class=\"col-md-12\"><\/div>\n<\/div>\n<\/div>\n<\/div>\n<\/div><\/div><\/div><\/div><\/div><\/div><\/div><\/section><section class=\"l-section wpb_row us_custom_e4eb24e1 height_auto width_full with_overlay\"><div class=\"l-section-overlay\" style=\"background: #ffffff\"><\/div><div class=\"l-section-h i-cf\"><div class=\"g-cols vc_row type_boxes valign_top gap-10px\"><style>.g-cols.gap-10px{margin:0 -10px}.gap-10px > .vc_column_container {padding:10px}<\/style><div class=\"vc_col-sm-8 wpb_column vc_column_container\"><div class=\"vc_column-inner\"><div class=\"wpb_wrapper\"><div \" class=\"faq_question_container\"><h2 class=\"faq_question_title\">Pourquoi faire appel \u00e0 un installateur pour votre porte de garage motoris\u00e9e ?<\/h2><div class=\"faq_question_content\"><p>Le r\u00e9glage de la course, du guidage et des diff\u00e9rents \u00e9metteurs et capteurs peut s\u2019av\u00e9rer fastidieux pour un bricoleur amateur. Les photocellules qui assurent la s\u00e9curit\u00e9 des utilisateurs doivent \u00e9galement \u00eatre correctement calibr\u00e9es. Faire appel \u00e0 un configurateur vous garantira fiabilit\u00e9 et s\u00e9curit\u00e9. Une motorisation de porte de garage demande des comp\u00e9tences de monteur et d\u2019\u00e9lectricien \u2026 Tout le monde ne peut donc pas s\u2019en charger correctement.<\/p>\n<p>Si vous habitez une maison connect\u00e9e \u00e0 une box domotique, sachez qu\u2019il est possible d\u2019automatiser l\u2019ouverture et la fermeture de votre garage. Cette automatisation suppose elle aussi, l\u2019intervention d\u2019un technicien qualifi\u00e9.<\/p>\n<p>Installer une porte motoris\u00e9e ne s\u2019improvise pas. Le type de porte devra \u00eatre choisi en fonction de la marge de man\u0153uvre que vous autorise votre espace. Le moteur quant \u00e0 lui, sera adapt\u00e9 en fonction de ces contraintes. N\u2019h\u00e9sitez pas \u00e0 faire appel \u00e0 un professionnel pour vous guider dans vos choix et en assurer l\u2019installation.<\/p>\n<\/div><\/div><div class=\"w-separator size_small\"><\/div><div class=\"w-btn-wrapper width_auto align_center\"><a class=\"w-btn us-btn-style_2\" title=\"Devis gratuit\" target=\"_blank\" href=\"https:\/\/devis.eldo.com\/portails-portes-de-garage-new\/france?utm_source=SEO&amp;utm_medium=Guide&amp;utm_campaign=porte-de-garage-motorisee\" rel=\"noopener\"><span class=\"w-btn-label\">Demander un devis gratuit<\/span><\/a><\/div><\/div><\/div><\/div><div class=\"vc_col-sm-4 wpb_column vc_column_container has-fill\"><div class=\"vc_column-inner us_custom_e4eb24e1\"><div class=\"wpb_wrapper\"><div \" class=\"faq_question_container\"><h2 class=\"faq_question_title\">Est-ce qu\u2019un automatisme nuit \u00e0 la long\u00e9vit\u00e9 d&#039;une porte de garage ?<\/h2><div class=\"faq_question_content\"><p>Le mouvement du moteur ne claque jamais la porte. Le r\u00e9glage lui permet de s\u2019arr\u00eater d\u00e8s que le verrou est atteint. Qu\u2019elle soit en acier galvanis\u00e9, en bois ou PVC, votre porte durera autant que le mat\u00e9riau le permet.<\/p>\n<\/div><\/div><\/div><\/div><\/div><\/div><\/div><\/section><section class=\"l-section wpb_row height_medium\"><div class=\"l-section-h i-cf\"><div class=\"g-cols vc_row type_default valign_top\"><div class=\"vc_col-sm-12 wpb_column vc_column_container\"><div class=\"vc_column-inner\"><div class=\"wpb_wrapper\"><div class=\"w-grid type_grid layout_331 cols_5 overflow_hidden\" id=\"us_grid_1\"><style id=\"us_grid_1_css\">#us_grid_1 .w-grid-item{padding:1.5rem}#us_grid_1 .w-grid-list{margin:-1.5rem}.w-grid + #us_grid_1 .w-grid-list{margin-top:1.5rem}@media (max-width:1199px){#us_grid_1 .w-grid-item{width:33.3333%}}@media (max-width:899px){#us_grid_1 .w-grid-item{width:50.0000%}}@media (max-width:599px){#us_grid_1 .w-grid-list{margin:0}#us_grid_1 .w-grid-item{width:100.0000%;padding:0;margin-bottom:1.5rem}}<\/style><style>.layout_331 .w-grid-item-h{}.layout_331 .usg_post_image_1{width:50%!important}.layout_331 .usg_vwrapper_1{width:50%!important;margin-right:0!important}.layout_331 .usg_post_title_1{color:#000000!important}@media (max-width:599px){.layout_331 .usg_post_title_1{font-size:1.2rem!important;margin-right:0!important;padding-bottom:0!important}}<\/style><div class=\"w-grid-list\" >\t<article class=\"w-grid-item size_1x1 post-1373 page type-page status-publish has-post-thumbnail hentry\" data-id=\"1373\">\r\n\t\t<div class=\"w-grid-item-h\">\r\n\t\t\t\t\t\t\t<a class=\"w-grid-item-anchor\" href=\"https:\/\/www.eldo.com\/guide\/porte-de-garage\/sectionnelle\/\" rel=\"bookmark\" aria-label=\"Porte de garage sectionnelle\"><\/a>\r\n\t\t\t\t\t\t<div class=\"w-vwrapper usg_vwrapper_1 align_left valign_top\"><p class=\"w-post-elm post_title usg_post_title_1 align_center entry-title color_link_inherit has_text_color\"><a href=\"https:\/\/www.eldo.com\/guide\/porte-de-garage\/sectionnelle\/\">Porte de garage sectionnelle<\/a><\/p><\/div><div class=\"w-hwrapper usg_hwrapper_1 align_left valign_top\"><div class=\"w-post-elm post_image usg_post_image_1 has_width has_ratio\"><div style=\"padding-bottom:100.0000%\"><\/div><a href=\"https:\/\/www.eldo.com\/guide\/porte-de-garage\/sectionnelle\/\" aria-label=\"Porte de garage sectionnelle\"><img width=\"512\" height=\"336\" src=\"https:\/\/www.eldo.com\/guide\/wp-content\/uploads\/2020\/09\/pexels-pixabay-164558-scaled.jpg\" class=\"attachment-us_600_600_crop size-us_600_600_crop wp-post-image\" alt=\"porte de garage double\" srcset=\"https:\/\/www.eldo.com\/guide\/wp-content\/uploads\/2020\/09\/pexels-pixabay-164558-scaled.jpg 512w, https:\/\/www.eldo.com\/guide\/wp-content\/uploads\/2020\/09\/pexels-pixabay-164558-300x197.jpg 300w, https:\/\/www.eldo.com\/guide\/wp-content\/uploads\/2020\/09\/pexels-pixabay-164558-1024x671.jpg 1024w, https:\/\/www.eldo.com\/guide\/wp-content\/uploads\/2020\/09\/pexels-pixabay-164558-600x393.jpg 600w, https:\/\/www.eldo.com\/guide\/wp-content\/uploads\/2020\/09\/pexels-pixabay-164558-800x525.jpg 800w\" sizes=\"(max-width: 512px) 100vw, 512px\" \/><\/a><\/div><\/div>\t\t<\/div>\r\n\t<\/article>\r\n\t<article class=\"w-grid-item size_1x1 post-1365 page type-page status-publish has-post-thumbnail hentry\" data-id=\"1365\">\r\n\t\t<div class=\"w-grid-item-h\">\r\n\t\t\t\t\t\t\t<a class=\"w-grid-item-anchor\" href=\"https:\/\/www.eldo.com\/guide\/porte-de-garage\/enroulable\/\" rel=\"bookmark\" aria-label=\"Porte de garage \u00e0 enroulement\"><\/a>\r\n\t\t\t\t\t\t<div class=\"w-vwrapper usg_vwrapper_1 align_left valign_top\"><p class=\"w-post-elm post_title usg_post_title_1 align_center entry-title color_link_inherit has_text_color\"><a href=\"https:\/\/www.eldo.com\/guide\/porte-de-garage\/enroulable\/\">Porte de garage \u00e0 enroulement<\/a><\/p><\/div><div class=\"w-hwrapper usg_hwrapper_1 align_left valign_top\"><div class=\"w-post-elm post_image usg_post_image_1 has_width has_ratio\"><div style=\"padding-bottom:100.0000%\"><\/div><a href=\"https:\/\/www.eldo.com\/guide\/porte-de-garage\/enroulable\/\" aria-label=\"Porte de garage \u00e0 enroulement\"><img width=\"512\" height=\"317\" src=\"https:\/\/www.eldo.com\/guide\/wp-content\/uploads\/2020\/09\/porte-de-garage-enroulable.jpeg\" class=\"attachment-us_600_600_crop size-us_600_600_crop wp-post-image\" alt=\"porte de garage enroulable\" srcset=\"https:\/\/www.eldo.com\/guide\/wp-content\/uploads\/2020\/09\/porte-de-garage-enroulable.jpeg 512w, https:\/\/www.eldo.com\/guide\/wp-content\/uploads\/2020\/09\/porte-de-garage-enroulable-300x186.jpeg 300w, https:\/\/www.eldo.com\/guide\/wp-content\/uploads\/2020\/09\/porte-de-garage-enroulable-600x372.jpeg 600w\" sizes=\"(max-width: 512px) 100vw, 512px\" \/><\/a><\/div><\/div>\t\t<\/div>\r\n\t<\/article>\r\n\t<article class=\"w-grid-item size_1x1 post-1358 page type-page status-publish has-post-thumbnail hentry\" data-id=\"1358\">\r\n\t\t<div class=\"w-grid-item-h\">\r\n\t\t\t\t\t\t\t<a class=\"w-grid-item-anchor\" href=\"https:\/\/www.eldo.com\/guide\/porte-de-garage\/battante\/\" rel=\"bookmark\" aria-label=\"Porte de garage battante\"><\/a>\r\n\t\t\t\t\t\t<div class=\"w-vwrapper usg_vwrapper_1 align_left valign_top\"><p class=\"w-post-elm post_title usg_post_title_1 align_center entry-title color_link_inherit has_text_color\"><a href=\"https:\/\/www.eldo.com\/guide\/porte-de-garage\/battante\/\">Porte de garage battante<\/a><\/p><\/div><div class=\"w-hwrapper usg_hwrapper_1 align_left valign_top\"><div class=\"w-post-elm post_image usg_post_image_1 has_width has_ratio\"><div style=\"padding-bottom:100.0000%\"><\/div><a href=\"https:\/\/www.eldo.com\/guide\/porte-de-garage\/battante\/\" aria-label=\"Porte de garage battante\"><img width=\"512\" height=\"288\" src=\"https:\/\/www.eldo.com\/guide\/wp-content\/uploads\/2020\/09\/porte-de-garage-battante.jpeg\" class=\"attachment-us_600_600_crop size-us_600_600_crop wp-post-image\" alt=\"porte de garage battante\" srcset=\"https:\/\/www.eldo.com\/guide\/wp-content\/uploads\/2020\/09\/porte-de-garage-battante.jpeg 512w, https:\/\/www.eldo.com\/guide\/wp-content\/uploads\/2020\/09\/porte-de-garage-battante-300x169.jpeg 300w\" sizes=\"(max-width: 512px) 100vw, 512px\" \/><\/a><\/div><\/div>\t\t<\/div>\r\n\t<\/article>\r\n\t<article class=\"w-grid-item size_1x1 post-1351 page type-page status-publish has-post-thumbnail hentry\" data-id=\"1351\">\r\n\t\t<div class=\"w-grid-item-h\">\r\n\t\t\t\t\t\t\t<a class=\"w-grid-item-anchor\" href=\"https:\/\/www.eldo.com\/guide\/porte-de-garage\/basculante\/\" rel=\"bookmark\" aria-label=\"Porte de garage basculante\"><\/a>\r\n\t\t\t\t\t\t<div class=\"w-vwrapper usg_vwrapper_1 align_left valign_top\"><p class=\"w-post-elm post_title usg_post_title_1 align_center entry-title color_link_inherit has_text_color\"><a href=\"https:\/\/www.eldo.com\/guide\/porte-de-garage\/basculante\/\">Porte de garage basculante<\/a><\/p><\/div><div class=\"w-hwrapper usg_hwrapper_1 align_left valign_top\"><div class=\"w-post-elm post_image usg_post_image_1 has_width has_ratio\"><div style=\"padding-bottom:100.0000%\"><\/div><a href=\"https:\/\/www.eldo.com\/guide\/porte-de-garage\/basculante\/\" aria-label=\"Porte de garage basculante\"><img width=\"512\" height=\"288\" src=\"https:\/\/www.eldo.com\/guide\/wp-content\/uploads\/2020\/09\/CTA-PORTE-GARAGE-2.png\" class=\"attachment-us_600_600_crop size-us_600_600_crop wp-post-image\" alt=\"porte de garage fond noir\" srcset=\"https:\/\/www.eldo.com\/guide\/wp-content\/uploads\/2020\/09\/CTA-PORTE-GARAGE-2.png 512w, https:\/\/www.eldo.com\/guide\/wp-content\/uploads\/2020\/09\/CTA-PORTE-GARAGE-2-300x169.png 300w, https:\/\/www.eldo.com\/guide\/wp-content\/uploads\/2020\/09\/CTA-PORTE-GARAGE-2-1024x576.png 1024w, https:\/\/www.eldo.com\/guide\/wp-content\/uploads\/2020\/09\/CTA-PORTE-GARAGE-2-600x338.png 600w, https:\/\/www.eldo.com\/guide\/wp-content\/uploads\/2020\/09\/CTA-PORTE-GARAGE-2-800x450.png 800w\" sizes=\"(max-width: 512px) 100vw, 512px\" \/><\/a><\/div><\/div>\t\t<\/div>\r\n\t<\/article>\r\n\t<article class=\"w-grid-item size_1x1 post-1312 page type-page status-publish has-post-thumbnail hentry\" data-id=\"1312\">\r\n\t\t<div class=\"w-grid-item-h\">\r\n\t\t\t\t\t\t\t<a class=\"w-grid-item-anchor\" href=\"https:\/\/www.eldo.com\/guide\/porte-de-garage\/\" rel=\"bookmark\" aria-label=\"Porte de garage\"><\/a>\r\n\t\t\t\t\t\t<div class=\"w-vwrapper usg_vwrapper_1 align_left valign_top\"><p class=\"w-post-elm post_title usg_post_title_1 align_center entry-title color_link_inherit has_text_color\"><a href=\"https:\/\/www.eldo.com\/guide\/porte-de-garage\/\">Porte de garage<\/a><\/p><\/div><div class=\"w-hwrapper usg_hwrapper_1 align_left valign_top\"><div class=\"w-post-elm post_image usg_post_image_1 has_width has_ratio\"><div style=\"padding-bottom:100.0000%\"><\/div><a href=\"https:\/\/www.eldo.com\/guide\/porte-de-garage\/\" aria-label=\"Porte de garage\"><img width=\"512\" height=\"288\" src=\"https:\/\/www.eldo.com\/guide\/wp-content\/uploads\/2020\/09\/CTA-PORTE-GARAGE-1.png\" class=\"attachment-us_600_600_crop size-us_600_600_crop wp-post-image\" alt=\"porte de garage traditionnelle\" srcset=\"https:\/\/www.eldo.com\/guide\/wp-content\/uploads\/2020\/09\/CTA-PORTE-GARAGE-1.png 512w, https:\/\/www.eldo.com\/guide\/wp-content\/uploads\/2020\/09\/CTA-PORTE-GARAGE-1-300x169.png 300w, https:\/\/www.eldo.com\/guide\/wp-content\/uploads\/2020\/09\/CTA-PORTE-GARAGE-1-1024x576.png 1024w, https:\/\/www.eldo.com\/guide\/wp-content\/uploads\/2020\/09\/CTA-PORTE-GARAGE-1-600x338.png 600w, https:\/\/www.eldo.com\/guide\/wp-content\/uploads\/2020\/09\/CTA-PORTE-GARAGE-1-800x450.png 800w\" sizes=\"(max-width: 512px) 100vw, 512px\" \/><\/a><\/div><\/div>\t\t<\/div>\r\n\t<\/article>\r\n<\/div><div class=\"w-grid-preloader\"><div class=\"g-preloader type_1\">\r\n\t<div><\/div>\r\n<\/div>\r\n<\/div>\t<div class=\"w-grid-json hidden\" onclick='return {&quot;action&quot;:&quot;us_ajax_grid&quot;,&quot;ajax_url&quot;:&quot;https:\\\/\\\/www.eldo.com\\\/guide\\\/wp-admin\\\/admin-ajax.php&quot;,&quot;infinite_scroll&quot;:0,&quot;max_num_pages&quot;:1,&quot;pagination&quot;:&quot;none&quot;,&quot;permalink_url&quot;:&quot;https:\\\/\\\/www.eldo.com\\\/guide\\\/wp-json\\\/wp\\\/v2\\\/pages\\\/1369&quot;,&quot;template_vars&quot;:{&quot;columns&quot;:&quot;5&quot;,&quot;exclude_items&quot;:&quot;none&quot;,&quot;img_size&quot;:&quot;default&quot;,&quot;ignore_items_size&quot;:false,&quot;items_layout&quot;:&quot;331&quot;,&quot;items_offset&quot;:&quot;1&quot;,&quot;load_animation&quot;:&quot;none&quot;,&quot;overriding_link&quot;:&quot;post&quot;,&quot;post_id&quot;:1369,&quot;query_args&quot;:{&quot;ignore_sticky_posts&quot;:1,&quot;post_type&quot;:&quot;any&quot;,&quot;post__in&quot;:[&quot;1312&quot;,&quot;1351&quot;,&quot;1358&quot;,&quot;1365&quot;,&quot;1373&quot;],&quot;posts_per_page&quot;:&quot;10&quot;},&quot;orderby_query_args&quot;:{&quot;orderby&quot;:{&quot;date&quot;:&quot;DESC&quot;}},&quot;type&quot;:&quot;grid&quot;,&quot;us_grid_ajax_index&quot;:1,&quot;us_grid_filter_params&quot;:null,&quot;us_grid_index&quot;:1,&quot;_us_grid_post_type&quot;:&quot;ids&quot;}}'><\/div>\r\n\t<\/div><\/div><\/div><\/div><\/div><\/div><\/section><section class=\"l-section wpb_row us_custom_e91755c2 height_auto width_full with_overlay\"><div class=\"l-section-overlay\" style=\"background: #ebebeb\"><\/div><div class=\"l-section-h i-cf\"><div class=\"g-cols vc_row type_boxes valign_middle\"><div class=\"vc_col-sm-12 wpb_column vc_column_container has-fill\"><div class=\"vc_column-inner us_custom_101bfe32\"><div class=\"wpb_wrapper\"><p class=\"w-itext us_custom_6df4bc3a type_typingChars align_center\" onclick='return {&quot;duration&quot;:300,&quot;delay&quot;:2000,&quot;disablePartAnimation&quot;:false,&quot;dynamicColor&quot;:&quot;#ffffff&quot;,&quot;html_nbsp_char&quot;:true}'>Je\u00a0cherche\u00a0un\u00a0pro\u00a0\u00e0\u00a0<span class=\"w-itext-part changesat_0 changesat_1 changesat_2 changesat_3 changesat_4 dynamic\" style=\"color:#ffffff\" onclick='return [&quot;Bordeaux&quot;,&quot;Toulouse&quot;,&quot;Paris&quot;,&quot;Nantes&quot;,&quot;Marseille&quot;]'><span>Bordeaux<\/span><i class=\"w-itext-cursor\"><\/i><\/span><\/p><div class=\"w-separator size_medium\"><\/div><div class=\"w-btn-wrapper width_auto align_center\"><a class=\"w-btn us-btn-style_2\" title=\"Devis gratuit\" target=\"_blank\" href=\"https:\/\/devis.eldo.com\/portails-portes-de-garage-new\/france?utm_source=SEO&amp;utm_medium=Guide&amp;utm_campaign=porte-de-garage-motorisee\" rel=\"noopener\"><span class=\"w-btn-label\">Trouver un pro de confiance<\/span><\/a><\/div><\/div><\/div><\/div><\/div><\/div><\/section>\n","protected":false},"excerpt":{"rendered":"Comment choisir sa porte de garage ? Guide Complet : prix, styles, mat\u00e9riaux &amp; pi\u00e8ges \u00e0 \u00e9viter Guides travauxPages Il s\u2019agit d\u2019un objet sollicit\u00e9 au quotidien, qui subira plusieurs ouvertures et fermetures tous les jours. C\u2019est cette m\u00eame porte qui garantit la s\u00e9curit\u00e9 de votre logement et de vos biens, au m\u00eame titre qu\u2019elle assure...","protected":false},"author":1,"featured_media":1323,"parent":1312,"menu_order":0,"comment_status":"closed","ping_status":"closed","template":"","meta":[],"page_tags":[],"_links":{"self":[{"href":"https:\/\/www.eldo.com\/guide\/wp-json\/wp\/v2\/pages\/1369"}],"collection":[{"href":"https:\/\/www.eldo.com\/guide\/wp-json\/wp\/v2\/pages"}],"about":[{"href":"https:\/\/www.eldo.com\/guide\/wp-json\/wp\/v2\/types\/page"}],"author":[{"embeddable":true,"href":"https:\/\/www.eldo.com\/guide\/wp-json\/wp\/v2\/users\/1"}],"replies":[{"embeddable":true,"href":"https:\/\/www.eldo.com\/guide\/wp-json\/wp\/v2\/comments?post=1369"}],"version-history":[{"count":20,"href":"https:\/\/www.eldo.com\/guide\/wp-json\/wp\/v2\/pages\/1369\/revisions"}],"predecessor-version":[{"id":10121,"href":"https:\/\/www.eldo.com\/guide\/wp-json\/wp\/v2\/pages\/1369\/revisions\/10121"}],"up":[{"embeddable":true,"href":"https:\/\/www.eldo.com\/guide\/wp-json\/wp\/v2\/pages\/1312"}],"wp:featuredmedia":[{"embeddable":true,"href":"https:\/\/www.eldo.com\/guide\/wp-json\/wp\/v2\/media\/1323"}],"wp:attachment":[{"href":"https:\/\/www.eldo.com\/guide\/wp-json\/wp\/v2\/media?parent=1369"}],"wp:term":[{"taxonomy":"page_tags","embeddable":true,"href":"https:\/\/www.eldo.com\/guide\/wp-json\/wp\/v2\/page_tags?post=1369"}],"curies":[{"name":"wp","href":"https:\/\/api.w.org\/{rel}","templated":true}]}}