{"id":1365,"date":"2020-09-02T12:54:30","date_gmt":"2020-09-02T12:54:30","guid":{"rendered":"https:\/\/www.eldo.com\/guide\/?page_id=1365"},"modified":"2023-11-15T15:19:00","modified_gmt":"2023-11-15T15:19:00","slug":"enroulable","status":"publish","type":"page","link":"https:\/\/www.eldo.com\/guide\/porte-de-garage\/enroulable\/","title":{"rendered":"Porte de garage \u00e0 enroulement"},"content":{"rendered":"<section class=\"l-section wpb_row us_custom_e4eb24e1 height_auto width_full with_overlay\"><div class=\"l-section-overlay\" style=\"background: #ffffff\"><\/div><div class=\"l-section-h i-cf\"><div class=\"g-cols vc_row type_boxes valign_middle gap-10px\"><style>.g-cols.gap-10px{margin:0 -10px}.gap-10px > .vc_column_container {padding:10px}<\/style><div class=\"vc_col-sm-12 wpb_column vc_column_container has-fill\"><div class=\"vc_column-inner us_custom_428a5c28\"><div class=\"wpb_wrapper\"><div class=\"wpb_text_column us_custom_2e587a18 has_text_color\" ><div class=\"wpb_wrapper\"><h1 style=\"text-align: center;\">Porte de garage enroulable<\/h1>\n<\/div><\/div><div class=\"w-separator size_medium\"><\/div><ol class=\"g-breadcrumbs us_custom_6556ef4c separator_icon align_left has_text_color\"><li class=\"g-breadcrumbs-item\"><a href=\"https:\/\/www.eldo.com\/guide\/\">Guides travaux<\/a><meta content=\"1\"\/><\/li><li class=\"g-breadcrumbs-separator\"><i class=\"far fa-angle-right\"><\/i><\/li><li class=\"g-breadcrumbs-item\">Pages<\/li><\/ol><\/div><\/div><\/div><div class=\"vc_col-sm-12 wpb_column vc_column_container\"><div class=\"vc_column-inner\"><div class=\"wpb_wrapper\"><div class=\"wpb_text_column\" ><div class=\"wpb_wrapper\">\n<\/div><\/div><div \" class=\"faq_question_container\"><h2 class=\"faq_question_title\">Qu&#039;est-ce qu&#039;une porte de garage \u00e0 enroulement ou enroulable ?<\/h2><div class=\"faq_question_content\"><p><img class=\"size-medium wp-image-1331 alignright\" src=\"https:\/\/www.eldo.com\/guide\/wp-content\/uploads\/2020\/09\/porte-de-garage-enroulable-300x186.jpeg\" alt=\"\" width=\"300\" height=\"186\" srcset=\"https:\/\/www.eldo.com\/guide\/wp-content\/uploads\/2020\/09\/porte-de-garage-enroulable-300x186.jpeg 300w, https:\/\/www.eldo.com\/guide\/wp-content\/uploads\/2020\/09\/porte-de-garage-enroulable-600x372.jpeg 600w, https:\/\/www.eldo.com\/guide\/wp-content\/uploads\/2020\/09\/porte-de-garage-enroulable.jpeg 512w\" sizes=\"(max-width: 300px) 100vw, 300px\" \/>Ce type de porte vient se loger dans sa cassette \u00e0 l\u2019ouverture du garage. Son fonctionnement est comparable \u00e0 celui d\u2019un store int\u00e9rieur ou d\u2019un volet roulant. On l\u2019appelle d\u2019ailleurs souvent porte enroulable.<\/p>\n<p>Elle est compos\u00e9e de lames d\u2019aluminium ou de PVC, articul\u00e9es entre elles par des agrafes. Cette segmentation du tablier lui apporte la souplesse n\u00e9cessaire \u00e0 l\u2019enroulement. Pratique et permettant un vrai gain de place, elle peut \u00e9quiper un garage ne poss\u00e9dant que peu de hauteur passage sans supposer de g\u00eane au niveau du linteau.<\/p>\n<p>Tr\u00e8s souvent motoris\u00e9e, elle est l\u2019une des portes de garage les plus pratiques.<\/p>\n<\/div><\/div><\/div><\/div><\/div><\/div><\/div><\/section><section class=\"l-section wpb_row height_auto width_full\"><div class=\"l-section-h i-cf\"><div class=\"g-cols vc_row type_boxes valign_middle\"><div class=\"vc_col-sm-12 wpb_column vc_column_container has-fill\"><div class=\"vc_column-inner us_custom_e4eb24e1\"><div class=\"wpb_wrapper\"><div \" class=\"faq_question_container\"><h2 class=\"faq_question_title\">Quel motorisation pour une porte de garage enroulable ?<\/h2><div class=\"faq_question_content\"><p>Une porte \u00e0 enroulement peut disposer de 2 sortes de moteurs :<\/p>\n<ul>\n<li>Soit elle re\u00e7oit un moteur \u00e0 cha\u00eene ou \u00e0 courroie.<\/li>\n<li>Soit elle re\u00e7oit un moteur tubulaire directement sur son axe d\u2019enroulement.<\/li>\n<\/ul>\n<p>On parle de moteur axial. Quel que soit le moteur retenu, il ne repr\u00e9sente qu\u2019un encombrement minimum. A la fois silencieux et sans \u00e0 coups, ces moteurs \u00e9lectriques vous permettent d\u2019automatiser l\u2019ouverture et la fermeture de votre garage. Equip\u00e9 d\u2019une t\u00e9l\u00e9commande ou d\u2019un smartphone (syst\u00e8me domotique), vous n\u2019aurez plus \u00e0 descendre de votre v\u00e9hicule.<\/p>\n<p>Le moteur \u00e9tant \u00e9lectrique, vous craignez la coupure de courant ? Pas de panique, une commande manuelle permet de d\u00e9brayer le moteur et d\u2019ouvrir \u00e0 la main.<\/p>\n<\/div><\/div><\/div><\/div><\/div><\/div><\/div><\/section><section class=\"l-section wpb_row height_auto width_full\"><div class=\"l-section-h i-cf\"><div class=\"g-cols vc_row type_boxes valign_middle\"><div class=\"vc_col-sm-12 wpb_column vc_column_container has-fill\"><div class=\"vc_column-inner us_custom_4fb9e5a3\"><div class=\"wpb_wrapper\"><div \" class=\"faq_question_container\"><h2 class=\"faq_question_title\">Quels sont les avantages d&#039;une porte de garage enroulable ?<\/h2><div class=\"faq_question_content\"><h3>Peu de place n\u00e9cessaire<\/h3>\n<p>Si votre garage ne dispose que de peu de place, sachez qu\u2019<a href=\"\/guide\/porte-de-garage\/\" rel=\"noopener noreferrer\">installer une porte de garage<\/a>\u00a0enroulable peut \u00eatre l\u2019option parfaite pour \u00e9quiper votre ouverture.<\/p>\n<p>A la diff\u00e9rence d\u2019une porte coulissante qui est tenu de se ranger le long d\u2019un mur ou du plafond, ce type d\u2019installation vient simplement s\u2019enrouler sur lui-m\u00eame dans un coffre d\u00e9di\u00e9. Une fois ouverte, la porte devient invisible. Quelle que soit la man\u0153uvre que vous deviez effectuer, vous avez le champ libre. De m\u00eame, \u00e0 la diff\u00e9rence d\u2019une porte basculante, \u00e0 l\u2019ouverture, elle ne suppose aucun d\u00e9bordement ext\u00e9rieur.<\/p>\n<h3 class=\"text-primary pt-3\">Les propri\u00e9t\u00e9s isolantes<\/h3>\n<p>Comparables \u00e0 des lames \u00e0 volets roulants, les lames qui composent ce type de porte sont g\u00e9n\u00e9ralement en aluminium ou en PVC. Pour renforcer les capacit\u00e9s de l\u2019ensemble en mati\u00e8re d\u2019isolation thermique, de la mousse polyur\u00e9thane est inject\u00e9e dans chaque lame. La porte devient ainsi parfaitement isolante et une parfaite protection contre les ponts thermiques.<\/p>\n<p>De nombreuses portes industrielles en acier galvanis\u00e9 fonctionnent s\u2019ouvrent et se ferment par enroulement. Toutefois, rares sont celles \u00e0 compter une isolation.<\/p>\n<h3>La protection anti effraction<\/h3>\n<p>Ce type de porte repr\u00e9sente une vraie protection anti effraction. Une fois baiss\u00e9e, le verrou au sol garantit sa fermeture. Elle offre \u00e0 la fois une bonne isolation et une excellente s\u00e9curit\u00e9 anti intrusion.<\/p>\n<\/div><\/div><div class=\"w-separator size_small\"><\/div><div class=\"w-btn-wrapper width_auto align_center\"><a class=\"w-btn us-btn-style_2\" title=\"Devis gratuit\" target=\"_blank\" href=\"https:\/\/devis.eldo.com\/portails-portes-de-garage-new\/france?utm_source=SEO&amp;utm_medium=Guide&amp;utm_campaign=portail_porte-garage%2Fenroulable%2F\" rel=\"noopener\"><span class=\"w-btn-label\">Demander un devis gratuit<\/span><\/a><\/div><\/div><\/div><\/div><\/div><\/div><\/section><section class=\"l-section wpb_row height_auto width_full\"><div class=\"l-section-h i-cf\"><div class=\"g-cols vc_row type_boxes valign_middle\"><div class=\"vc_col-sm-12 wpb_column vc_column_container has-fill\"><div class=\"vc_column-inner us_custom_e4eb24e1\"><div class=\"wpb_wrapper\"><div \" class=\"faq_question_container\"><h2 class=\"faq_question_title\">Existe-t-il des options ?<\/h2><div class=\"faq_question_content\"><p>Vous pourrez choisir d\u2019y ajouter un portillon. Vous disposerez d\u2019une porte de service ne demandant pas l\u2019ouverture compl\u00e8te du garage. Quitte \u00e0 poser une porte, autant qu\u2019elle soit pratique !<\/p>\n<p>Attention, pour la pose d\u2019une porte \u00e0 enroulement, l\u2019intervention d\u2019un installateur est recommand\u00e9e. Entre les r\u00e9glages m\u00e9caniques et l\u2019installation \u00e9lectrique, mieux vaut que quelqu\u2019un du m\u00e9tier vous aide.<\/p>\n<p>Pour en savoir plus, n\u2019h\u00e9sitez pas \u00e0 consulter les pages suivantes :<\/p>\n<ul>\n<li><a href=\"\/guide\/porte-de-garage\/sectionnelle\/\" rel=\"noopener noreferrer\">La porte de garage sectionnelle.<\/a><\/li>\n<li><a href=\"\/guide\/porte-de-garage\/basculante\/\" rel=\"noopener noreferrer\">La porte de garage basculante.<\/a><\/li>\n<li><a href=\"\/guide\/porte-de-garage\/battante\/\" rel=\"noopener noreferrer\">La porte de garage battante.<\/a><\/li>\n<li><a href=\"\/guide\/porte-de-garage\/motorisee\/\" rel=\"noopener noreferrer\">La porte de garage motoris\u00e9e.<\/a><\/li>\n<\/ul>\n<\/div><\/div><\/div><\/div><\/div><\/div><\/div><\/section><section class=\"l-section wpb_row height_medium\"><div class=\"l-section-h i-cf\"><div class=\"g-cols vc_row type_default valign_top\"><div class=\"vc_col-sm-12 wpb_column vc_column_container\"><div class=\"vc_column-inner\"><div class=\"wpb_wrapper\"><div class=\"w-grid type_grid layout_331 cols_5 overflow_hidden\" id=\"us_grid_1\"><style id=\"us_grid_1_css\">#us_grid_1 .w-grid-item{padding:1.5rem}#us_grid_1 .w-grid-list{margin:-1.5rem}.w-grid + #us_grid_1 .w-grid-list{margin-top:1.5rem}@media (max-width:1199px){#us_grid_1 .w-grid-item{width:33.3333%}}@media (max-width:899px){#us_grid_1 .w-grid-item{width:50.0000%}}@media (max-width:599px){#us_grid_1 .w-grid-list{margin:0}#us_grid_1 .w-grid-item{width:100.0000%;padding:0;margin-bottom:1.5rem}}<\/style><style>.layout_331 .w-grid-item-h{}.layout_331 .usg_post_image_1{width:50%!important}.layout_331 .usg_vwrapper_1{width:50%!important;margin-right:0!important}.layout_331 .usg_post_title_1{color:#000000!important}@media (max-width:599px){.layout_331 .usg_post_title_1{font-size:1.2rem!important;margin-right:0!important;padding-bottom:0!important}}<\/style><div class=\"w-grid-list\" >\t<article class=\"w-grid-item size_1x1 post-1373 page type-page status-publish has-post-thumbnail hentry\" data-id=\"1373\">\r\n\t\t<div class=\"w-grid-item-h\">\r\n\t\t\t\t\t\t\t<a class=\"w-grid-item-anchor\" href=\"https:\/\/www.eldo.com\/guide\/porte-de-garage\/sectionnelle\/\" rel=\"bookmark\" aria-label=\"Porte de garage sectionnelle\"><\/a>\r\n\t\t\t\t\t\t<div class=\"w-vwrapper usg_vwrapper_1 align_left valign_top\"><p class=\"w-post-elm post_title usg_post_title_1 align_center entry-title color_link_inherit has_text_color\"><a href=\"https:\/\/www.eldo.com\/guide\/porte-de-garage\/sectionnelle\/\">Porte de garage sectionnelle<\/a><\/p><\/div><div class=\"w-hwrapper usg_hwrapper_1 align_left valign_top\"><div class=\"w-post-elm post_image usg_post_image_1 has_width has_ratio\"><div style=\"padding-bottom:100.0000%\"><\/div><a href=\"https:\/\/www.eldo.com\/guide\/porte-de-garage\/sectionnelle\/\" aria-label=\"Porte de garage sectionnelle\"><img width=\"512\" height=\"336\" src=\"https:\/\/www.eldo.com\/guide\/wp-content\/uploads\/2020\/09\/pexels-pixabay-164558-scaled.jpg\" class=\"attachment-us_600_600_crop size-us_600_600_crop wp-post-image\" alt=\"porte de garage double\" srcset=\"https:\/\/www.eldo.com\/guide\/wp-content\/uploads\/2020\/09\/pexels-pixabay-164558-scaled.jpg 512w, https:\/\/www.eldo.com\/guide\/wp-content\/uploads\/2020\/09\/pexels-pixabay-164558-300x197.jpg 300w, https:\/\/www.eldo.com\/guide\/wp-content\/uploads\/2020\/09\/pexels-pixabay-164558-1024x671.jpg 1024w, https:\/\/www.eldo.com\/guide\/wp-content\/uploads\/2020\/09\/pexels-pixabay-164558-600x393.jpg 600w, https:\/\/www.eldo.com\/guide\/wp-content\/uploads\/2020\/09\/pexels-pixabay-164558-800x525.jpg 800w\" sizes=\"(max-width: 512px) 100vw, 512px\" \/><\/a><\/div><\/div>\t\t<\/div>\r\n\t<\/article>\r\n\t<article class=\"w-grid-item size_1x1 post-1369 page type-page status-publish has-post-thumbnail hentry\" data-id=\"1369\">\r\n\t\t<div class=\"w-grid-item-h\">\r\n\t\t\t\t\t\t\t<a class=\"w-grid-item-anchor\" href=\"https:\/\/www.eldo.com\/guide\/porte-de-garage\/motorisee\/\" rel=\"bookmark\" aria-label=\"Porte de garage motoris\u00e9e\"><\/a>\r\n\t\t\t\t\t\t<div class=\"w-vwrapper usg_vwrapper_1 align_left valign_top\"><p class=\"w-post-elm post_title usg_post_title_1 align_center entry-title color_link_inherit has_text_color\"><a href=\"https:\/\/www.eldo.com\/guide\/porte-de-garage\/motorisee\/\">Porte de garage motoris\u00e9e<\/a><\/p><\/div><div class=\"w-hwrapper usg_hwrapper_1 align_left valign_top\"><div class=\"w-post-elm post_image usg_post_image_1 has_width has_ratio\"><div style=\"padding-bottom:100.0000%\"><\/div><a href=\"https:\/\/www.eldo.com\/guide\/porte-de-garage\/motorisee\/\" aria-label=\"Porte de garage motoris\u00e9e\"><img width=\"512\" height=\"339\" src=\"https:\/\/www.eldo.com\/guide\/wp-content\/uploads\/2020\/09\/pexels-jaymantri-2580-scaled.jpg\" class=\"attachment-us_600_600_crop size-us_600_600_crop wp-post-image\" alt=\"porte de garage classique\" srcset=\"https:\/\/www.eldo.com\/guide\/wp-content\/uploads\/2020\/09\/pexels-jaymantri-2580-scaled.jpg 512w, https:\/\/www.eldo.com\/guide\/wp-content\/uploads\/2020\/09\/pexels-jaymantri-2580-300x199.jpg 300w, https:\/\/www.eldo.com\/guide\/wp-content\/uploads\/2020\/09\/pexels-jaymantri-2580-1024x679.jpg 1024w, https:\/\/www.eldo.com\/guide\/wp-content\/uploads\/2020\/09\/pexels-jaymantri-2580-600x398.jpg 600w, https:\/\/www.eldo.com\/guide\/wp-content\/uploads\/2020\/09\/pexels-jaymantri-2580-800x530.jpg 800w\" sizes=\"(max-width: 512px) 100vw, 512px\" \/><\/a><\/div><\/div>\t\t<\/div>\r\n\t<\/article>\r\n\t<article class=\"w-grid-item size_1x1 post-1358 page type-page status-publish has-post-thumbnail hentry\" data-id=\"1358\">\r\n\t\t<div class=\"w-grid-item-h\">\r\n\t\t\t\t\t\t\t<a class=\"w-grid-item-anchor\" href=\"https:\/\/www.eldo.com\/guide\/porte-de-garage\/battante\/\" rel=\"bookmark\" aria-label=\"Porte de garage battante\"><\/a>\r\n\t\t\t\t\t\t<div class=\"w-vwrapper usg_vwrapper_1 align_left valign_top\"><p class=\"w-post-elm post_title usg_post_title_1 align_center entry-title color_link_inherit has_text_color\"><a href=\"https:\/\/www.eldo.com\/guide\/porte-de-garage\/battante\/\">Porte de garage battante<\/a><\/p><\/div><div class=\"w-hwrapper usg_hwrapper_1 align_left valign_top\"><div class=\"w-post-elm post_image usg_post_image_1 has_width has_ratio\"><div style=\"padding-bottom:100.0000%\"><\/div><a href=\"https:\/\/www.eldo.com\/guide\/porte-de-garage\/battante\/\" aria-label=\"Porte de garage battante\"><img width=\"512\" height=\"288\" src=\"https:\/\/www.eldo.com\/guide\/wp-content\/uploads\/2020\/09\/porte-de-garage-battante.jpeg\" class=\"attachment-us_600_600_crop size-us_600_600_crop wp-post-image\" alt=\"porte de garage battante\" srcset=\"https:\/\/www.eldo.com\/guide\/wp-content\/uploads\/2020\/09\/porte-de-garage-battante.jpeg 512w, https:\/\/www.eldo.com\/guide\/wp-content\/uploads\/2020\/09\/porte-de-garage-battante-300x169.jpeg 300w\" sizes=\"(max-width: 512px) 100vw, 512px\" \/><\/a><\/div><\/div>\t\t<\/div>\r\n\t<\/article>\r\n\t<article class=\"w-grid-item size_1x1 post-1351 page type-page status-publish has-post-thumbnail hentry\" data-id=\"1351\">\r\n\t\t<div class=\"w-grid-item-h\">\r\n\t\t\t\t\t\t\t<a class=\"w-grid-item-anchor\" href=\"https:\/\/www.eldo.com\/guide\/porte-de-garage\/basculante\/\" rel=\"bookmark\" aria-label=\"Porte de garage basculante\"><\/a>\r\n\t\t\t\t\t\t<div class=\"w-vwrapper usg_vwrapper_1 align_left valign_top\"><p class=\"w-post-elm post_title usg_post_title_1 align_center entry-title color_link_inherit has_text_color\"><a href=\"https:\/\/www.eldo.com\/guide\/porte-de-garage\/basculante\/\">Porte de garage basculante<\/a><\/p><\/div><div class=\"w-hwrapper usg_hwrapper_1 align_left valign_top\"><div class=\"w-post-elm post_image usg_post_image_1 has_width has_ratio\"><div style=\"padding-bottom:100.0000%\"><\/div><a href=\"https:\/\/www.eldo.com\/guide\/porte-de-garage\/basculante\/\" aria-label=\"Porte de garage basculante\"><img width=\"512\" height=\"288\" src=\"https:\/\/www.eldo.com\/guide\/wp-content\/uploads\/2020\/09\/CTA-PORTE-GARAGE-2.png\" class=\"attachment-us_600_600_crop size-us_600_600_crop wp-post-image\" alt=\"porte de garage fond noir\" srcset=\"https:\/\/www.eldo.com\/guide\/wp-content\/uploads\/2020\/09\/CTA-PORTE-GARAGE-2.png 512w, https:\/\/www.eldo.com\/guide\/wp-content\/uploads\/2020\/09\/CTA-PORTE-GARAGE-2-300x169.png 300w, https:\/\/www.eldo.com\/guide\/wp-content\/uploads\/2020\/09\/CTA-PORTE-GARAGE-2-1024x576.png 1024w, https:\/\/www.eldo.com\/guide\/wp-content\/uploads\/2020\/09\/CTA-PORTE-GARAGE-2-600x338.png 600w, https:\/\/www.eldo.com\/guide\/wp-content\/uploads\/2020\/09\/CTA-PORTE-GARAGE-2-800x450.png 800w\" sizes=\"(max-width: 512px) 100vw, 512px\" \/><\/a><\/div><\/div>\t\t<\/div>\r\n\t<\/article>\r\n\t<article class=\"w-grid-item size_1x1 post-1312 page type-page status-publish has-post-thumbnail hentry\" data-id=\"1312\">\r\n\t\t<div class=\"w-grid-item-h\">\r\n\t\t\t\t\t\t\t<a class=\"w-grid-item-anchor\" href=\"https:\/\/www.eldo.com\/guide\/porte-de-garage\/\" rel=\"bookmark\" aria-label=\"Porte de garage\"><\/a>\r\n\t\t\t\t\t\t<div class=\"w-vwrapper usg_vwrapper_1 align_left valign_top\"><p class=\"w-post-elm post_title usg_post_title_1 align_center entry-title color_link_inherit has_text_color\"><a href=\"https:\/\/www.eldo.com\/guide\/porte-de-garage\/\">Porte de garage<\/a><\/p><\/div><div class=\"w-hwrapper usg_hwrapper_1 align_left valign_top\"><div class=\"w-post-elm post_image usg_post_image_1 has_width has_ratio\"><div style=\"padding-bottom:100.0000%\"><\/div><a href=\"https:\/\/www.eldo.com\/guide\/porte-de-garage\/\" aria-label=\"Porte de garage\"><img width=\"512\" height=\"288\" src=\"https:\/\/www.eldo.com\/guide\/wp-content\/uploads\/2020\/09\/CTA-PORTE-GARAGE-1.png\" class=\"attachment-us_600_600_crop size-us_600_600_crop wp-post-image\" alt=\"porte de garage traditionnelle\" srcset=\"https:\/\/www.eldo.com\/guide\/wp-content\/uploads\/2020\/09\/CTA-PORTE-GARAGE-1.png 512w, https:\/\/www.eldo.com\/guide\/wp-content\/uploads\/2020\/09\/CTA-PORTE-GARAGE-1-300x169.png 300w, https:\/\/www.eldo.com\/guide\/wp-content\/uploads\/2020\/09\/CTA-PORTE-GARAGE-1-1024x576.png 1024w, https:\/\/www.eldo.com\/guide\/wp-content\/uploads\/2020\/09\/CTA-PORTE-GARAGE-1-600x338.png 600w, https:\/\/www.eldo.com\/guide\/wp-content\/uploads\/2020\/09\/CTA-PORTE-GARAGE-1-800x450.png 800w\" sizes=\"(max-width: 512px) 100vw, 512px\" \/><\/a><\/div><\/div>\t\t<\/div>\r\n\t<\/article>\r\n<\/div><div class=\"w-grid-preloader\"><div class=\"g-preloader type_1\">\r\n\t<div><\/div>\r\n<\/div>\r\n<\/div>\t<div class=\"w-grid-json hidden\" onclick='return {&quot;action&quot;:&quot;us_ajax_grid&quot;,&quot;ajax_url&quot;:&quot;https:\\\/\\\/www.eldo.com\\\/guide\\\/wp-admin\\\/admin-ajax.php&quot;,&quot;infinite_scroll&quot;:0,&quot;max_num_pages&quot;:1,&quot;pagination&quot;:&quot;none&quot;,&quot;permalink_url&quot;:&quot;https:\\\/\\\/www.eldo.com\\\/guide\\\/wp-json\\\/wp\\\/v2\\\/pages\\\/1365&quot;,&quot;template_vars&quot;:{&quot;columns&quot;:&quot;5&quot;,&quot;exclude_items&quot;:&quot;none&quot;,&quot;img_size&quot;:&quot;default&quot;,&quot;ignore_items_size&quot;:false,&quot;items_layout&quot;:&quot;331&quot;,&quot;items_offset&quot;:&quot;1&quot;,&quot;load_animation&quot;:&quot;none&quot;,&quot;overriding_link&quot;:&quot;post&quot;,&quot;post_id&quot;:1365,&quot;query_args&quot;:{&quot;ignore_sticky_posts&quot;:1,&quot;post_type&quot;:&quot;any&quot;,&quot;post__in&quot;:[&quot;1312&quot;,&quot;1351&quot;,&quot;1358&quot;,&quot;1369&quot;,&quot;1373&quot;],&quot;posts_per_page&quot;:&quot;10&quot;},&quot;orderby_query_args&quot;:{&quot;orderby&quot;:{&quot;date&quot;:&quot;DESC&quot;}},&quot;type&quot;:&quot;grid&quot;,&quot;us_grid_ajax_index&quot;:1,&quot;us_grid_filter_params&quot;:null,&quot;us_grid_index&quot;:1,&quot;_us_grid_post_type&quot;:&quot;ids&quot;}}'><\/div>\r\n\t<\/div><\/div><\/div><\/div><\/div><\/div><\/section><section class=\"l-section wpb_row us_custom_e91755c2 height_auto width_full with_overlay\"><div class=\"l-section-overlay\" style=\"background: #ebebeb\"><\/div><div class=\"l-section-h i-cf\"><div class=\"g-cols vc_row type_boxes valign_middle\"><div class=\"vc_col-sm-12 wpb_column vc_column_container has-fill\"><div class=\"vc_column-inner us_custom_101bfe32\"><div class=\"wpb_wrapper\"><p class=\"w-itext us_custom_6df4bc3a type_typingChars align_center\" onclick='return {&quot;duration&quot;:300,&quot;delay&quot;:2000,&quot;disablePartAnimation&quot;:false,&quot;dynamicColor&quot;:&quot;#ffffff&quot;,&quot;html_nbsp_char&quot;:true}'>Je\u00a0cherche\u00a0un\u00a0pro\u00a0\u00e0\u00a0<span class=\"w-itext-part changesat_0 changesat_1 changesat_2 changesat_3 changesat_4 dynamic\" style=\"color:#ffffff\" onclick='return [&quot;Bordeaux&quot;,&quot;Toulouse&quot;,&quot;Paris&quot;,&quot;Nantes&quot;,&quot;Marseille&quot;]'><span>Bordeaux<\/span><i class=\"w-itext-cursor\"><\/i><\/span><\/p><div class=\"w-separator size_medium\"><\/div><div class=\"w-btn-wrapper width_auto align_center\"><a class=\"w-btn us-btn-style_2\" title=\"Devis gratuit\" target=\"_blank\" href=\"https:\/\/devis.eldo.com\/portails-portes-de-garage-new\/france?utm_source=SEO&amp;utm_medium=Guide&amp;utm_campaign=portail_porte-garage%2Fenroulable%2F\" rel=\"noopener\"><span class=\"w-btn-label\">Trouver un pro de confiance<\/span><\/a><\/div><\/div><\/div><\/div><\/div><\/div><\/section>\n","protected":false},"excerpt":{"rendered":"Comment choisir sa porte de garage ? Guide Complet : prix, styles, mat\u00e9riaux &amp; pi\u00e8ges \u00e0 \u00e9viter Guides travauxPages Il s\u2019agit d\u2019un objet sollicit\u00e9 au quotidien, qui subira plusieurs ouvertures et fermetures tous les jours. C\u2019est cette m\u00eame porte qui garantit la s\u00e9curit\u00e9 de votre logement et de vos biens, au m\u00eame titre qu\u2019elle assure...","protected":false},"author":1,"featured_media":1331,"parent":1312,"menu_order":0,"comment_status":"closed","ping_status":"closed","template":"","meta":[],"page_tags":[],"_links":{"self":[{"href":"https:\/\/www.eldo.com\/guide\/wp-json\/wp\/v2\/pages\/1365"}],"collection":[{"href":"https:\/\/www.eldo.com\/guide\/wp-json\/wp\/v2\/pages"}],"about":[{"href":"https:\/\/www.eldo.com\/guide\/wp-json\/wp\/v2\/types\/page"}],"author":[{"embeddable":true,"href":"https:\/\/www.eldo.com\/guide\/wp-json\/wp\/v2\/users\/1"}],"replies":[{"embeddable":true,"href":"https:\/\/www.eldo.com\/guide\/wp-json\/wp\/v2\/comments?post=1365"}],"version-history":[{"count":25,"href":"https:\/\/www.eldo.com\/guide\/wp-json\/wp\/v2\/pages\/1365\/revisions"}],"predecessor-version":[{"id":10668,"href":"https:\/\/www.eldo.com\/guide\/wp-json\/wp\/v2\/pages\/1365\/revisions\/10668"}],"up":[{"embeddable":true,"href":"https:\/\/www.eldo.com\/guide\/wp-json\/wp\/v2\/pages\/1312"}],"wp:featuredmedia":[{"embeddable":true,"href":"https:\/\/www.eldo.com\/guide\/wp-json\/wp\/v2\/media\/1331"}],"wp:attachment":[{"href":"https:\/\/www.eldo.com\/guide\/wp-json\/wp\/v2\/media?parent=1365"}],"wp:term":[{"taxonomy":"page_tags","embeddable":true,"href":"https:\/\/www.eldo.com\/guide\/wp-json\/wp\/v2\/page_tags?post=1365"}],"curies":[{"name":"wp","href":"https:\/\/api.w.org\/{rel}","templated":true}]}}