{"id":1055,"date":"2020-08-26T16:57:19","date_gmt":"2020-08-26T16:57:19","guid":{"rendered":"https:\/\/www.eldo.com\/guide\/?page_id=1055"},"modified":"2023-12-11T14:28:24","modified_gmt":"2023-12-11T14:28:24","slug":"concevoir-son-logement-sur-mesure","status":"publish","type":"page","link":"https:\/\/www.eldo.com\/guide\/construction-de-maison-individuelle\/concevoir-son-logement-sur-mesure\/","title":{"rendered":"Concevoir logement sur mesure"},"content":{"rendered":"<section class=\"l-section wpb_row us_custom_b51f0e30 height_auto width_full with_overlay\"><div class=\"l-section-overlay\" style=\"background: #ebebeb\"><\/div><div class=\"l-section-h i-cf\"><div class=\"g-cols vc_row type_boxes valign_middle\"><div class=\"vc_col-sm-12 wpb_column vc_column_container has-fill has_text_color\"><div class=\"vc_column-inner us_custom_9b204907\"><div class=\"wpb_wrapper\"><div class=\"wpb_text_column us_custom_2e587a18 has_text_color\" ><div class=\"wpb_wrapper\"><h1 class=\"page-merci-title\" style=\"text-align: center;\">Comment concevoir son logement sur mesure ?<\/h1>\n<\/div><\/div><div class=\"w-separator size_medium\"><\/div><ol class=\"g-breadcrumbs us_custom_6556ef4c separator_icon align_left has_text_color\"><li class=\"g-breadcrumbs-item\"><a href=\"https:\/\/www.eldo.com\/guide\/\">Guides travaux<\/a><meta content=\"1\"\/><\/li><li class=\"g-breadcrumbs-separator\"><i class=\"far fa-angle-right\"><\/i><\/li><li class=\"g-breadcrumbs-item\">Pages<\/li><\/ol><\/div><\/div><\/div><\/div><\/div><\/section><section class=\"l-section wpb_row height_auto width_full\"><div class=\"l-section-h i-cf\"><div class=\"g-cols vc_row type_boxes valign_middle\"><div class=\"vc_col-sm-12 wpb_column vc_column_container has-fill\"><div class=\"vc_column-inner us_custom_4fb9e5a3\"><div class=\"wpb_wrapper\"><div class=\"wpb_text_column\" ><div class=\"wpb_wrapper\">\n<\/div><\/div><div class=\"w-video align_center ratio_16x9\"><div class=\"w-video-h\"><iframe src=\"\/\/www.youtube.com\/embed\/uugYRHyQKLw?autoplay=0&controls=0&origin=https%3A%2F%2Fwww.eldo.com%2Fguide\" allowfullscreen=\"1\"><\/iframe><\/div><div class=\"w-video-icon\" style=\"font-size:1.5rem;background:rgba(0,0,0,0.5);color:#fff;\"><\/div><\/div><\/div><\/div><\/div><\/div><\/div><\/section><section class=\"l-section wpb_row height_auto width_full\"><div class=\"l-section-h i-cf\"><div class=\"g-cols vc_row type_boxes valign_middle gap-10px\"><style>.g-cols.gap-10px{margin:0 -10px}.gap-10px > .vc_column_container {padding:10px}<\/style><div class=\"vc_col-sm-6 wpb_column vc_column_container has-fill\"><div class=\"vc_column-inner us_custom_e4eb24e1\"><div class=\"wpb_wrapper\"><div class=\"wpb_text_column\" ><div class=\"wpb_wrapper\"><div class=\"page-merci-text QSN\">\n<div class=\"page-merci-text QSN\">\n<div class=\"page-merci-text QSN\">\n<div class=\"page-merci-text QSN\">Vous avez envie d\u2019acheter un appartement neuf, mais vous avez peur que neuf rime avec sans \u00e2me. Acheter un logement neuf veut aussi dire que vous ne choisissez pas tout. Le logement neuf qui vous plait est parfait sauf qu\u2019il n\u2019y a pas de fen\u00eatres dans la salle de bains. Il est parfait sauf qu\u2019il est orient\u00e9 Nord, en bref vous ne trouvez pas l\u2019appartement qui r\u00e9pond \u00e0 tous vos besoins. Rechercher un bien devient un sport et non plus un plaisir. Un nouveau programme existe pour vous permettre de cr\u00e9er votre bien sur mesure.<\/div>\n<h2 class=\"page-merci-title QSN\">Quelles sont les \u00e9tapes ?<\/h2>\n<div class=\"page-merci-text QSN\">\n<p>Ce tout nouveau programme immobilier permet de concevoir son appartement sur mesure. Encore mieux qu\u2019un achat sur plan, vous devenez propri\u00e9taire en faisant en sorte que la construction de votre appartement respecte vos exigences. Le promoteur immobilier va concevoir l\u2019appartement en fonction de vos attentes. C\u2019est acheter dans le neuf tout en \u00e9tant s\u00fbr de la conception de son appartement.<\/p>\n<p>Vous entrez dans le site internet et faites la listes de vos attentes. Vous notifiez l\u2019\u00e9tage o\u00f9 vous aimeriez habiter, la surface du salon, celle de la salle de bains, l\u2019orientation, etc. L\u2019appartement est ensuite r\u00e9alis\u00e9 selon vos souhaits. C\u2019est un investissement immobilier neuf et s\u00fbr, vous pourrez<a href=\"https:\/\/www.eldo.com\/guide\/construction-de-maison-individuelle\/devenir-proprietaire-sans-apport\/\" target=\"_blank\" rel=\"noopener noreferrer\">\u00a0devenir propri\u00e9taire sans apport<\/a>\u00a0d\u2019un appartement que vous aurez choisi et qui sera muni des derni\u00e8res normes de construction.<\/p>\n<\/div>\n<\/div>\n<\/div>\n<\/div>\n<\/div><\/div><\/div><\/div><\/div><div class=\"vc_col-sm-6 wpb_column vc_column_container\"><div class=\"vc_column-inner\"><div class=\"wpb_wrapper\"><div class=\"w-image align_center\"><div class=\"w-image-h\"><img width=\"341\" height=\"512\" src=\"https:\/\/www.eldo.com\/guide\/wp-content\/uploads\/2020\/08\/jason-briscoe-UV81E0oXXWQ-unsplash-scaled.jpg\" class=\"attachment-full size-full\" alt=\"Concevoir un logement sur mesure\" srcset=\"https:\/\/www.eldo.com\/guide\/wp-content\/uploads\/2020\/08\/jason-briscoe-UV81E0oXXWQ-unsplash-scaled.jpg 341w, https:\/\/www.eldo.com\/guide\/wp-content\/uploads\/2020\/08\/jason-briscoe-UV81E0oXXWQ-unsplash-200x300.jpg 200w, https:\/\/www.eldo.com\/guide\/wp-content\/uploads\/2020\/08\/jason-briscoe-UV81E0oXXWQ-unsplash-683x1024.jpg 683w, https:\/\/www.eldo.com\/guide\/wp-content\/uploads\/2020\/08\/jason-briscoe-UV81E0oXXWQ-unsplash-267x400.jpg 267w, https:\/\/www.eldo.com\/guide\/wp-content\/uploads\/2020\/08\/jason-briscoe-UV81E0oXXWQ-unsplash-400x600.jpg 400w\" sizes=\"(max-width: 341px) 100vw, 341px\" \/><\/div><\/div><\/div><\/div><\/div><\/div><\/div><\/section><section class=\"l-section wpb_row height_auto width_full\"><div class=\"l-section-h i-cf\"><div class=\"g-cols vc_row type_boxes valign_middle gap-20px\"><style>.g-cols.gap-20px{margin:0 -20px}.gap-20px > .vc_column_container {padding:20px}<\/style><div class=\"vc_col-sm-6 wpb_column vc_column_container has-fill\"><div class=\"vc_column-inner us_custom_4eec4e07\"><div class=\"wpb_wrapper\"><div class=\"wpb_text_column us_custom_6df4bc3a has_text_color\" ><div class=\"wpb_wrapper\"><h2 class=\"page-merci-title QSN\">Peut-on effectuer une simulation ?<\/h2>\n<div class=\"page-merci-text QSN\">Lorsque vous vous connectez au site pour cr\u00e9er votre appartement, vous ne signez pas de contrat de r\u00e9servation. La connexion du site et la simulation de votre futur appartement ne vous engage en rien. Vous pouvez tout \u00e0 fait simuler un appartement et changer d\u2019avis. Acheter un appartement n\u2019est pas une d\u00e9cision que l\u2019on prend \u00e0 la l\u00e9g\u00e8re.<\/div>\n<\/div><\/div><div class=\"w-btn-wrapper width_auto align_center\"><a class=\"w-btn us-btn-style_2\" title=\"Devis gratuit\" target=\"_blank\" href=\"https:\/\/devis.eldo.com\/construction-de-maisons\/france?utm_source=SEO&amp;utm_medium=Guide&amp;utm_campaign=CMI-construction-de-maison-individuelle-concevoir-son-logement-sur-mesure\" rel=\"noopener\"><span class=\"w-btn-label\">Demander conseil<\/span><\/a><\/div><\/div><\/div><\/div><div class=\"vc_col-sm-6 wpb_column vc_column_container has-fill\"><div class=\"vc_column-inner us_custom_0d15be52\"><div class=\"wpb_wrapper\"><div class=\"wpb_text_column\" ><div class=\"wpb_wrapper\"><h2 class=\"page-merci-title QSN\">Quels avantages ont ces nouveaux appartements neufs \u00e0 vendre ?<\/h2>\n<div class=\"page-merci-text QSN\">Ces appartement sont con\u00e7us avec une architecture contemporaine. Il n\u2019est pas toujours \u00e9vident de trouver un logement. Chaque nouvelle r\u00e9sidence poss\u00e8de un espace partag\u00e9. Cela peut \u00eatre un potager, un jardin partag\u00e9, une piscine ou un espace bricolage, pour pouvoir \u00e9changer avec vos voisins et partager des lieux. C\u2019est l\u2019\u00e9conomie du partage.<\/div>\n<\/div><\/div><\/div><\/div><\/div><\/div><\/div><\/section><section class=\"l-section wpb_row us_custom_e4eb24e1 height_auto width_full\"><div class=\"l-section-h i-cf\"><div class=\"g-cols vc_row type_boxes valign_middle gap-10px\"><style>.g-cols.gap-10px{margin:0 -10px}.gap-10px > .vc_column_container {padding:10px}<\/style><div class=\"vc_col-sm-12 wpb_column vc_column_container\"><div class=\"vc_column-inner\"><div class=\"wpb_wrapper\"><div class=\"wpb_text_column\" ><div class=\"wpb_wrapper\"><h2 class=\"page-merci-title QSN\">Quels sont les avantages d\u2019un achat dans le neuf ?<\/h2>\n<p>Acheter un bien peut \u00eatre effrayant, mais ici, vous pouvez concevoir votre appartement dans des r\u00e9sidences modernes et conviviales. Trouver un logement neuf ne sera pas fatiguant, mais amusant. C\u2019est la construction d\u2019appartements 2.0. N\u2019ayez plus peur d\u2019investir dans le neuf. De plus, l\u2019achat dans le neuf promet de nombreux avantages, \u00e0 savoir :<\/p>\n<ul>\n<li>Garantie d\u00e9cennale,<\/li>\n<li>Garantie de parfait ach\u00e8vement,<\/li>\n<li><a href=\"https:\/\/www.eldo.com\/guide\/construction-de-maison-individuelle\/les-etapes-d-un-projet-de-construction\/assurance-dommage-ouvrage\/\" target=\"_blank\" rel=\"noopener noreferrer\">Assurance dommages ouvrage<\/a>,<\/li>\n<li>Garantie biennale,<\/li>\n<li>Pr\u00eat \u00e0 taux z\u00e9ro (Ptz),<\/li>\n<li>Exon\u00e9ration de taxe fonci\u00e8re (pendant 2 ans),<\/li>\n<li>R\u00e9duction d\u2019imp\u00f4ts,<\/li>\n<li>R\u00e9duction des frais de notaire,<\/li>\n<li>TVA r\u00e9duits.<\/li>\n<\/ul>\n<p>Pour investir dans un projet immobilier, le neuf peut \u00eatre une tr\u00e8s bonne solution.<\/p>\n<\/div><\/div><div class=\"w-btn-wrapper width_auto align_center\"><a class=\"w-btn us-btn-style_2\" title=\"Devis gratuit\" target=\"_blank\" href=\"https:\/\/devis.eldo.com\/construction-de-maisons\/france?utm_source=SEO&amp;utm_medium=Guide&amp;utm_campaign=CMI-construction-de-maison-individuelle-concevoir-son-logement-sur-mesure\" rel=\"noopener\"><span class=\"w-btn-label\">Demander un devis<\/span><\/a><\/div><\/div><\/div><\/div><\/div><\/div><\/section><section class=\"l-section wpb_row height_medium\"><div class=\"l-section-h i-cf\"><div class=\"g-cols vc_row type_default valign_top\"><div class=\"vc_col-sm-12 wpb_column vc_column_container\"><div class=\"vc_column-inner\"><div class=\"wpb_wrapper\"><div class=\"w-grid type_grid layout_331 cols_4 overflow_hidden\" id=\"us_grid_1\"><style id=\"us_grid_1_css\">#us_grid_1 .w-grid-item{padding:1.5rem}#us_grid_1 .w-grid-list{margin:-1.5rem}.w-grid + #us_grid_1 .w-grid-list{margin-top:1.5rem}@media (max-width:1199px){#us_grid_1 .w-grid-item{width:33.3333%}}@media (max-width:899px){#us_grid_1 .w-grid-item{width:50.0000%}}@media (max-width:599px){#us_grid_1 .w-grid-list{margin:0}#us_grid_1 .w-grid-item{width:100.0000%;padding:0;margin-bottom:1.5rem}}<\/style><style>.layout_331 .w-grid-item-h{}.layout_331 .usg_post_image_1{width:50%!important}.layout_331 .usg_vwrapper_1{width:50%!important;margin-right:0!important}.layout_331 .usg_post_title_1{color:#000000!important}@media (max-width:599px){.layout_331 .usg_post_title_1{font-size:1.2rem!important;margin-right:0!important;padding-bottom:0!important}}<\/style><div class=\"w-grid-list\" >\t<article class=\"w-grid-item size_1x1 post-1050 page type-page status-publish has-post-thumbnail hentry\" data-id=\"1050\">\r\n\t\t<div class=\"w-grid-item-h\">\r\n\t\t\t\t\t\t\t<a class=\"w-grid-item-anchor\" href=\"https:\/\/www.eldo.com\/guide\/construction-de-maison-individuelle\/pourquoi-confier-sa-construction-a-un-architecte\/\" rel=\"bookmark\" aria-label=\"Confier construction \u00e0 un architecte\"><\/a>\r\n\t\t\t\t\t\t<div class=\"w-vwrapper usg_vwrapper_1 align_left valign_top\"><p class=\"w-post-elm post_title usg_post_title_1 align_center entry-title color_link_inherit has_text_color\"><a href=\"https:\/\/www.eldo.com\/guide\/construction-de-maison-individuelle\/pourquoi-confier-sa-construction-a-un-architecte\/\">Confier construction \u00e0 un architecte<\/a><\/p><\/div><div class=\"w-hwrapper usg_hwrapper_1 align_left valign_top\"><div class=\"w-post-elm post_image usg_post_image_1 has_width has_ratio\"><div style=\"padding-bottom:100.0000%\"><\/div><a href=\"https:\/\/www.eldo.com\/guide\/construction-de-maison-individuelle\/pourquoi-confier-sa-construction-a-un-architecte\/\" aria-label=\"Confier construction \u00e0 un architecte\"><img width=\"512\" height=\"288\" src=\"https:\/\/www.eldo.com\/guide\/wp-content\/uploads\/2020\/08\/daniel-mccullough-HtBlQdxfG9k-unsplash-scaled.jpg\" class=\"attachment-us_600_600_crop size-us_600_600_crop wp-post-image\" alt=\"Confier construction \u00e0 un architecte\" srcset=\"https:\/\/www.eldo.com\/guide\/wp-content\/uploads\/2020\/08\/daniel-mccullough-HtBlQdxfG9k-unsplash-scaled.jpg 512w, https:\/\/www.eldo.com\/guide\/wp-content\/uploads\/2020\/08\/daniel-mccullough-HtBlQdxfG9k-unsplash-300x169.jpg 300w, https:\/\/www.eldo.com\/guide\/wp-content\/uploads\/2020\/08\/daniel-mccullough-HtBlQdxfG9k-unsplash-1024x576.jpg 1024w, https:\/\/www.eldo.com\/guide\/wp-content\/uploads\/2020\/08\/daniel-mccullough-HtBlQdxfG9k-unsplash-600x338.jpg 600w, https:\/\/www.eldo.com\/guide\/wp-content\/uploads\/2020\/08\/daniel-mccullough-HtBlQdxfG9k-unsplash-800x450.jpg 800w\" sizes=\"(max-width: 512px) 100vw, 512px\" \/><\/a><\/div><\/div>\t\t<\/div>\r\n\t<\/article>\r\n\t<article class=\"w-grid-item size_1x1 post-1044 page type-page status-publish has-post-thumbnail hentry\" data-id=\"1044\">\r\n\t\t<div class=\"w-grid-item-h\">\r\n\t\t\t\t\t\t\t<a class=\"w-grid-item-anchor\" href=\"https:\/\/www.eldo.com\/guide\/construction-de-maison-individuelle\/concevoir-sa-maison\/\" rel=\"bookmark\" aria-label=\"Concevoir sa maison\"><\/a>\r\n\t\t\t\t\t\t<div class=\"w-vwrapper usg_vwrapper_1 align_left valign_top\"><p class=\"w-post-elm post_title usg_post_title_1 align_center entry-title color_link_inherit has_text_color\"><a href=\"https:\/\/www.eldo.com\/guide\/construction-de-maison-individuelle\/concevoir-sa-maison\/\">Concevoir sa maison<\/a><\/p><\/div><div class=\"w-hwrapper usg_hwrapper_1 align_left valign_top\"><div class=\"w-post-elm post_image usg_post_image_1 has_width has_ratio\"><div style=\"padding-bottom:100.0000%\"><\/div><a href=\"https:\/\/www.eldo.com\/guide\/construction-de-maison-individuelle\/concevoir-sa-maison\/\" aria-label=\"Concevoir sa maison\"><img width=\"512\" height=\"342\" src=\"https:\/\/www.eldo.com\/guide\/wp-content\/uploads\/2020\/08\/brian-babb-XbwHrt87mQ0-unsplash-scaled.jpg\" class=\"attachment-us_600_600_crop size-us_600_600_crop wp-post-image\" alt=\"Concevoir sa maison\" srcset=\"https:\/\/www.eldo.com\/guide\/wp-content\/uploads\/2020\/08\/brian-babb-XbwHrt87mQ0-unsplash-scaled.jpg 512w, https:\/\/www.eldo.com\/guide\/wp-content\/uploads\/2020\/08\/brian-babb-XbwHrt87mQ0-unsplash-300x200.jpg 300w, https:\/\/www.eldo.com\/guide\/wp-content\/uploads\/2020\/08\/brian-babb-XbwHrt87mQ0-unsplash-1024x683.jpg 1024w, https:\/\/www.eldo.com\/guide\/wp-content\/uploads\/2020\/08\/brian-babb-XbwHrt87mQ0-unsplash-600x400.jpg 600w, https:\/\/www.eldo.com\/guide\/wp-content\/uploads\/2020\/08\/brian-babb-XbwHrt87mQ0-unsplash-800x534.jpg 800w\" sizes=\"(max-width: 512px) 100vw, 512px\" \/><\/a><\/div><\/div>\t\t<\/div>\r\n\t<\/article>\r\n\t<article class=\"w-grid-item size_1x1 post-1041 page type-page status-publish has-post-thumbnail hentry\" data-id=\"1041\">\r\n\t\t<div class=\"w-grid-item-h\">\r\n\t\t\t\t\t\t\t<a class=\"w-grid-item-anchor\" href=\"https:\/\/www.eldo.com\/guide\/construction-de-maison-individuelle\/comment-reussir-construction\/\" rel=\"bookmark\" aria-label=\"R\u00e9ussir construction maison individuelle\"><\/a>\r\n\t\t\t\t\t\t<div class=\"w-vwrapper usg_vwrapper_1 align_left valign_top\"><p class=\"w-post-elm post_title usg_post_title_1 align_center entry-title color_link_inherit has_text_color\"><a href=\"https:\/\/www.eldo.com\/guide\/construction-de-maison-individuelle\/comment-reussir-construction\/\">R\u00e9ussir construction maison individuelle<\/a><\/p><\/div><div class=\"w-hwrapper usg_hwrapper_1 align_left valign_top\"><div class=\"w-post-elm post_image usg_post_image_1 has_width has_ratio\"><div style=\"padding-bottom:100.0000%\"><\/div><a href=\"https:\/\/www.eldo.com\/guide\/construction-de-maison-individuelle\/comment-reussir-construction\/\" aria-label=\"R\u00e9ussir construction maison individuelle\"><img width=\"512\" height=\"341\" src=\"https:\/\/www.eldo.com\/guide\/wp-content\/uploads\/2020\/08\/breno-assis-r3WAWU5Fi5Q-unsplash-scaled.jpg\" class=\"attachment-us_600_600_crop size-us_600_600_crop wp-post-image\" alt=\"reussir sa construction de maison individuelle\" srcset=\"https:\/\/www.eldo.com\/guide\/wp-content\/uploads\/2020\/08\/breno-assis-r3WAWU5Fi5Q-unsplash-scaled.jpg 512w, https:\/\/www.eldo.com\/guide\/wp-content\/uploads\/2020\/08\/breno-assis-r3WAWU5Fi5Q-unsplash-300x200.jpg 300w, https:\/\/www.eldo.com\/guide\/wp-content\/uploads\/2020\/08\/breno-assis-r3WAWU5Fi5Q-unsplash-1024x683.jpg 1024w, https:\/\/www.eldo.com\/guide\/wp-content\/uploads\/2020\/08\/breno-assis-r3WAWU5Fi5Q-unsplash-600x400.jpg 600w, https:\/\/www.eldo.com\/guide\/wp-content\/uploads\/2020\/08\/breno-assis-r3WAWU5Fi5Q-unsplash-800x533.jpg 800w\" sizes=\"(max-width: 512px) 100vw, 512px\" \/><\/a><\/div><\/div>\t\t<\/div>\r\n\t<\/article>\r\n\t<article class=\"w-grid-item size_1x1 post-975 page type-page status-publish has-post-thumbnail hentry\" data-id=\"975\">\r\n\t\t<div class=\"w-grid-item-h\">\r\n\t\t\t\t\t\t\t<a class=\"w-grid-item-anchor\" href=\"https:\/\/www.eldo.com\/guide\/construction-de-maison-individuelle\/les-etapes-d-un-projet-de-construction\/\" rel=\"bookmark\" aria-label=\"Etapes d&rsquo;un projet de construction\"><\/a>\r\n\t\t\t\t\t\t<div class=\"w-vwrapper usg_vwrapper_1 align_left valign_top\"><p class=\"w-post-elm post_title usg_post_title_1 align_center entry-title color_link_inherit has_text_color\"><a href=\"https:\/\/www.eldo.com\/guide\/construction-de-maison-individuelle\/les-etapes-d-un-projet-de-construction\/\">Etapes d&rsquo;un projet de construction<\/a><\/p><\/div><div class=\"w-hwrapper usg_hwrapper_1 align_left valign_top\"><div class=\"w-post-elm post_image usg_post_image_1 has_width has_ratio\"><div style=\"padding-bottom:100.0000%\"><\/div><a href=\"https:\/\/www.eldo.com\/guide\/construction-de-maison-individuelle\/les-etapes-d-un-projet-de-construction\/\" aria-label=\"Etapes d&rsquo;un projet de construction\"><img width=\"512\" height=\"288\" src=\"https:\/\/www.eldo.com\/guide\/wp-content\/uploads\/2020\/08\/CTA-TOITURE-1-e1614772470201.png\" class=\"attachment-us_600_600_crop size-us_600_600_crop wp-post-image\" alt=\"Contrat de CCMI\" \/><\/a><\/div><\/div>\t\t<\/div>\r\n\t<\/article>\r\n\t<article class=\"w-grid-item size_1x1 post-591 page type-page status-publish has-post-thumbnail hentry\" data-id=\"591\">\r\n\t\t<div class=\"w-grid-item-h\">\r\n\t\t\t\t\t\t\t<a class=\"w-grid-item-anchor\" href=\"https:\/\/www.eldo.com\/guide\/construction-de-maison-individuelle\/\" rel=\"bookmark\" aria-label=\"Construction de maison individuelle\"><\/a>\r\n\t\t\t\t\t\t<div class=\"w-vwrapper usg_vwrapper_1 align_left valign_top\"><p class=\"w-post-elm post_title usg_post_title_1 align_center entry-title color_link_inherit has_text_color\"><a href=\"https:\/\/www.eldo.com\/guide\/construction-de-maison-individuelle\/\">Construction de maison individuelle<\/a><\/p><\/div><div class=\"w-hwrapper usg_hwrapper_1 align_left valign_top\"><div class=\"w-post-elm post_image usg_post_image_1 has_width has_ratio\"><div style=\"padding-bottom:100.0000%\"><\/div><a href=\"https:\/\/www.eldo.com\/guide\/construction-de-maison-individuelle\/\" aria-label=\"Construction de maison individuelle\"><img width=\"512\" height=\"371\" src=\"https:\/\/www.eldo.com\/guide\/wp-content\/uploads\/2020\/08\/pexels-expect-best-323775-1-scaled.jpg\" class=\"attachment-us_600_600_crop size-us_600_600_crop wp-post-image\" alt=\"Construction de maison individuelle\" srcset=\"https:\/\/www.eldo.com\/guide\/wp-content\/uploads\/2020\/08\/pexels-expect-best-323775-1-scaled.jpg 512w, https:\/\/www.eldo.com\/guide\/wp-content\/uploads\/2020\/08\/pexels-expect-best-323775-1-300x217.jpg 300w\" sizes=\"(max-width: 512px) 100vw, 512px\" \/><\/a><\/div><\/div>\t\t<\/div>\r\n\t<\/article>\r\n<\/div><div class=\"w-grid-preloader\"><div class=\"g-preloader type_1\">\r\n\t<div><\/div>\r\n<\/div>\r\n<\/div>\t<div class=\"w-grid-json hidden\" onclick='return {&quot;action&quot;:&quot;us_ajax_grid&quot;,&quot;ajax_url&quot;:&quot;https:\\\/\\\/www.eldo.com\\\/guide\\\/wp-admin\\\/admin-ajax.php&quot;,&quot;infinite_scroll&quot;:0,&quot;max_num_pages&quot;:1,&quot;pagination&quot;:&quot;none&quot;,&quot;permalink_url&quot;:&quot;https:\\\/\\\/www.eldo.com\\\/guide\\\/wp-json\\\/wp\\\/v2\\\/pages\\\/1055&quot;,&quot;template_vars&quot;:{&quot;columns&quot;:&quot;4&quot;,&quot;exclude_items&quot;:&quot;none&quot;,&quot;img_size&quot;:&quot;default&quot;,&quot;ignore_items_size&quot;:false,&quot;items_layout&quot;:&quot;331&quot;,&quot;items_offset&quot;:&quot;1&quot;,&quot;load_animation&quot;:&quot;none&quot;,&quot;overriding_link&quot;:&quot;post&quot;,&quot;post_id&quot;:1055,&quot;query_args&quot;:{&quot;ignore_sticky_posts&quot;:1,&quot;post_type&quot;:&quot;any&quot;,&quot;post__in&quot;:[&quot;1041&quot;,&quot;1032&quot;,&quot;591&quot;,&quot;975&quot;,&quot;677&quot;,&quot;1044&quot;,&quot;1050&quot;],&quot;posts_per_page&quot;:&quot;10&quot;},&quot;orderby_query_args&quot;:{&quot;orderby&quot;:{&quot;date&quot;:&quot;DESC&quot;}},&quot;type&quot;:&quot;grid&quot;,&quot;us_grid_ajax_index&quot;:1,&quot;us_grid_filter_params&quot;:null,&quot;us_grid_index&quot;:1,&quot;_us_grid_post_type&quot;:&quot;ids&quot;}}'><\/div>\r\n\t<\/div><\/div><\/div><\/div><\/div><\/div><\/section><section class=\"l-section wpb_row us_custom_e91755c2 height_auto width_full with_overlay\"><div class=\"l-section-overlay\" style=\"background: #ebebeb\"><\/div><div class=\"l-section-h i-cf\"><div class=\"g-cols vc_row type_boxes valign_middle\"><div class=\"vc_col-sm-12 wpb_column vc_column_container has-fill\"><div class=\"vc_column-inner us_custom_d8727e65\"><div class=\"wpb_wrapper\"><h2 class=\"w-itext us_custom_6df4bc3a type_typingChars align_center\" onclick='return {&quot;duration&quot;:300,&quot;delay&quot;:2000,&quot;disablePartAnimation&quot;:false,&quot;dynamicColor&quot;:&quot;#ffffff&quot;,&quot;html_nbsp_char&quot;:true}'>Je\u00a0cherche\u00a0un\u00a0pro\u00a0\u00e0\u00a0<span class=\"w-itext-part changesat_0 changesat_1 changesat_2 changesat_3 changesat_4 dynamic\" style=\"color:#ffffff\" onclick='return [&quot;Bordeaux&quot;,&quot;Toulouse&quot;,&quot;Paris&quot;,&quot;Nantes&quot;,&quot;Marseille&quot;]'><span>Bordeaux<\/span><i class=\"w-itext-cursor\"><\/i><\/span><\/h2><div class=\"w-separator size_small\"><\/div><div class=\"w-btn-wrapper width_auto align_center\"><a class=\"w-btn us-btn-style_2\" title=\"Devis gratuit\" target=\"_blank\" href=\"https:\/\/devis.eldo.com\/construction-de-maisons\/france?utm_source=SEO&amp;utm_medium=Guide&amp;utm_campaign=CMI-construction-de-maison-individuelle-concevoir-son-logement-sur-mesure\" rel=\"noopener\"><span class=\"w-btn-label\">Expliquer mon projet<\/span><\/a><\/div><\/div><\/div><\/div><\/div><\/div><\/section>\n","protected":false},"excerpt":{"rendered":"Comment pr\u00e9parer son projet de construction de maison individuelle ? Guide complet : d\u00e9marche, contrat &amp; assurance Guides travauxPages Comment bien choisir un constructeur de maison ?Le m\u00e9tier \u00e9tant tr\u00e8s technique, et sachant que votre confort d\u00e9pendra de la qualit\u00e9 du travail accompli, il est imp\u00e9ratif que le professionnel en charge de votre projet soit...","protected":false},"author":1,"featured_media":1059,"parent":591,"menu_order":0,"comment_status":"closed","ping_status":"closed","template":"","meta":[],"page_tags":[],"_links":{"self":[{"href":"https:\/\/www.eldo.com\/guide\/wp-json\/wp\/v2\/pages\/1055"}],"collection":[{"href":"https:\/\/www.eldo.com\/guide\/wp-json\/wp\/v2\/pages"}],"about":[{"href":"https:\/\/www.eldo.com\/guide\/wp-json\/wp\/v2\/types\/page"}],"author":[{"embeddable":true,"href":"https:\/\/www.eldo.com\/guide\/wp-json\/wp\/v2\/users\/1"}],"replies":[{"embeddable":true,"href":"https:\/\/www.eldo.com\/guide\/wp-json\/wp\/v2\/comments?post=1055"}],"version-history":[{"count":26,"href":"https:\/\/www.eldo.com\/guide\/wp-json\/wp\/v2\/pages\/1055\/revisions"}],"predecessor-version":[{"id":10530,"href":"https:\/\/www.eldo.com\/guide\/wp-json\/wp\/v2\/pages\/1055\/revisions\/10530"}],"up":[{"embeddable":true,"href":"https:\/\/www.eldo.com\/guide\/wp-json\/wp\/v2\/pages\/591"}],"wp:featuredmedia":[{"embeddable":true,"href":"https:\/\/www.eldo.com\/guide\/wp-json\/wp\/v2\/media\/1059"}],"wp:attachment":[{"href":"https:\/\/www.eldo.com\/guide\/wp-json\/wp\/v2\/media?parent=1055"}],"wp:term":[{"taxonomy":"page_tags","embeddable":true,"href":"https:\/\/www.eldo.com\/guide\/wp-json\/wp\/v2\/page_tags?post=1055"}],"curies":[{"name":"wp","href":"https:\/\/api.w.org\/{rel}","templated":true}]}}