{"id":1050,"date":"2020-08-26T16:47:42","date_gmt":"2020-08-26T16:47:42","guid":{"rendered":"https:\/\/www.eldo.com\/guide\/?page_id=1050"},"modified":"2023-11-20T17:05:43","modified_gmt":"2023-11-20T17:05:43","slug":"pourquoi-confier-sa-construction-a-un-architecte","status":"publish","type":"page","link":"https:\/\/www.eldo.com\/guide\/construction-de-maison-individuelle\/pourquoi-confier-sa-construction-a-un-architecte\/","title":{"rendered":"Confier construction \u00e0 un architecte"},"content":{"rendered":"<section class=\"l-section wpb_row us_custom_b51f0e30 height_auto width_full with_overlay\"><div class=\"l-section-overlay\" style=\"background: #ebebeb\"><\/div><div class=\"l-section-h i-cf\"><div class=\"g-cols vc_row type_boxes valign_middle\"><div class=\"vc_col-sm-12 wpb_column vc_column_container has-fill has_text_color\"><div class=\"vc_column-inner us_custom_580ae788\"><div class=\"wpb_wrapper\"><div class=\"wpb_text_column us_custom_2e587a18 has_text_color\" ><div class=\"wpb_wrapper\"><h1 class=\"page-merci-title\" style=\"text-align: center;\">Pourquoi confier sa construction de maison \u00e0 un architecte ?<\/h1>\n<\/div><\/div><div class=\"w-separator size_medium\"><\/div><ol class=\"g-breadcrumbs us_custom_964c9e48 separator_icon align_left has_text_color\"><li class=\"g-breadcrumbs-item\"><a href=\"https:\/\/www.eldo.com\/guide\/\">Guides travaux<\/a><meta content=\"1\"\/><\/li><li class=\"g-breadcrumbs-separator\"><i class=\"far fa-angle-right\"><\/i><\/li><li class=\"g-breadcrumbs-item\">Pages<\/li><\/ol><\/div><\/div><\/div><\/div><\/div><\/section><section class=\"l-section wpb_row height_auto width_full\"><div class=\"l-section-h i-cf\"><div class=\"g-cols vc_row type_boxes valign_middle\"><div class=\"vc_col-sm-12 wpb_column vc_column_container has-fill\"><div class=\"vc_column-inner us_custom_4fb9e5a3\"><div class=\"wpb_wrapper\"><div class=\"wpb_text_column\" ><div class=\"wpb_wrapper\">\n<\/div><\/div><div class=\"wpb_text_column\" ><div class=\"wpb_wrapper\"><p>On conna\u00eet le ma\u00e7on, le constructeur, le ma\u00eetre d\u2019\u0153uvre, alors pourquoi avoir recours \u00e0 un architecte ? Bien entendu, quand on a pour projet de faire construire sa maison, ce qui nous effraie le plus, c\u2019est le co\u00fbt de la construction. On pense qu\u2019un contrat d\u2019architecte va demander une enveloppe suppl\u00e9mentaire. On se demande qu\u2019est ce que l\u2019architecte va vraiment nous apporter de plus.<\/p>\n<\/div><\/div><\/div><\/div><\/div><\/div><\/div><\/section><section class=\"l-section wpb_row height_auto width_full\"><div class=\"l-section-h i-cf\"><div class=\"g-cols vc_row type_boxes valign_middle\"><div class=\"vc_col-sm-2 wpb_column vc_column_container has-fill\"><div class=\"vc_column-inner us_custom_4fb9e5a3\"><div class=\"wpb_wrapper\"><\/div><\/div><\/div><div class=\"vc_col-sm-8 wpb_column vc_column_container\"><div class=\"vc_column-inner\"><div class=\"wpb_wrapper\"><div class=\"w-video align_center ratio_16x9\"><div class=\"w-video-h\"><iframe src=\"\/\/www.youtube.com\/embed\/iWV2ssOK0Qw?autoplay=0&controls=0&origin=https%3A%2F%2Fwww.eldo.com%2Fguide\" allowfullscreen=\"1\"><\/iframe><\/div><div class=\"w-video-icon\" style=\"font-size:1.5rem;background:rgba(0,0,0,0.5);color:#fff;\"><\/div><\/div><\/div><\/div><\/div><div class=\"vc_col-sm-2 wpb_column vc_column_container\"><div class=\"vc_column-inner\"><div class=\"wpb_wrapper\"><\/div><\/div><\/div><\/div><\/div><\/section><section class=\"l-section wpb_row height_auto width_full\"><div class=\"l-section-h i-cf\"><div class=\"g-cols vc_row type_boxes valign_middle gap-10px\"><style>.g-cols.gap-10px{margin:0 -10px}.gap-10px > .vc_column_container {padding:10px}<\/style><div class=\"vc_col-sm-8 wpb_column vc_column_container has-fill\"><div class=\"vc_column-inner us_custom_e4eb24e1\"><div class=\"wpb_wrapper\"><div \" class=\"faq_question_container\"><h2 class=\"faq_question_title\">Quel sont les avantages de faire appel \u00e0 un architecte ?<\/h2><div class=\"faq_question_content\"><p>Si vous voulez vous lancer dans la construction d\u2019une maison, faire appel \u00e0 un architecte peut \u00eatre une bonne chose. Le constructeur de maisons individuelles s\u2019entendra avec l\u2019architecte pour que la construction r\u00e9ponde \u00e0 vos besoins. Vous signerez un\u00a0<a href=\"https:\/\/www.eldo.com\/guide\/construction-de-maison-individuelle\/les-etapes-d-un-projet-de-construction\/contrat-ccmi\/\" rel=\"noopener noreferrer\">contrat de construction<\/a>\u00a0pour pouvoir b\u00e9n\u00e9ficier de l\u2019assurance dommage ouvrage, de la garantie d\u00e9cennale et de la garantie parfait ach\u00e8vement. Vous pourrez ainsi avoir votre maison d\u2019architecte au prix que vous vous \u00e9tiez fix\u00e9.<\/p>\n<p>Un architecte est un professionnel g\u00e9n\u00e9raliste. Il ma\u00eetrise\u00a0<a href=\"https:\/\/www.eldo.com\/guide\/construction-de-maison-individuelle\/les-etapes-d-un-projet-de-construction\/\" rel=\"noopener noreferrer\">les \u00e9tapes d\u2019un projet de construction<\/a>, de la premi\u00e8re esquisse jusqu\u2019\u00e0 remise des clefs. L\u2019architecte conna\u00eet tous les corps de m\u00e9tier. Il est donc pr\u00e9sent pour vous permettre de faire des gains et des b\u00e9n\u00e9fices. Il va trouver des solutions pour le choix des mat\u00e9riaux, respecter la r\u00e9glementation thermique, etc. Un architecte fait partie de l\u2019ordre des architectes, il est asserment\u00e9 et s\u2019engage avec le ma\u00eetre d\u2019ouvrage \u00e0 trouver des solutions pour faire un maximum d\u2019\u00e9conomies.<\/p>\n<\/div><\/div><\/div><\/div><\/div><div class=\"vc_col-sm-4 wpb_column vc_column_container\"><div class=\"vc_column-inner\"><div class=\"wpb_wrapper\"><div class=\"w-image align_center\"><div class=\"w-image-h\"><img width=\"800\" height=\"533\" src=\"https:\/\/www.eldo.com\/guide\/wp-content\/uploads\/2020\/08\/pexels-lex-photography-1109541-800x533.jpg\" class=\"attachment-us_800_600 size-us_800_600\" alt=\"plan d&#039;une maison\" srcset=\"https:\/\/www.eldo.com\/guide\/wp-content\/uploads\/2020\/08\/pexels-lex-photography-1109541-800x533.jpg 800w, https:\/\/www.eldo.com\/guide\/wp-content\/uploads\/2020\/08\/pexels-lex-photography-1109541-300x200.jpg 300w, https:\/\/www.eldo.com\/guide\/wp-content\/uploads\/2020\/08\/pexels-lex-photography-1109541-1024x683.jpg 1024w, https:\/\/www.eldo.com\/guide\/wp-content\/uploads\/2020\/08\/pexels-lex-photography-1109541-600x400.jpg 600w, https:\/\/www.eldo.com\/guide\/wp-content\/uploads\/2020\/08\/pexels-lex-photography-1109541-scaled.jpg 512w\" sizes=\"(max-width: 800px) 100vw, 800px\" \/><\/div><\/div><div class=\"w-separator size_medium\"><\/div><div class=\"w-btn-wrapper width_auto align_center\"><a class=\"w-btn us-btn-style_2\" title=\"Devis gratuit\" target=\"_blank\" href=\"https:\/\/devis.eldo.com\/construction-de-maisons\/france?utm_source=SEO&amp;utm_medium=Guide&amp;utm_campaign=CMI-pourquoi-confier-sa-construction-a-un-architecte\" rel=\"noopener\"><span class=\"w-btn-label\">Demander un devis gratuit<\/span><\/a><\/div><\/div><\/div><\/div><\/div><\/div><\/section><section class=\"l-section wpb_row height_auto width_full\"><div class=\"l-section-h i-cf\"><div class=\"g-cols vc_row type_boxes valign_top gap-20px\"><style>.g-cols.gap-20px{margin:0 -20px}.gap-20px > .vc_column_container {padding:20px}<\/style><div class=\"vc_col-sm-6 wpb_column vc_column_container\"><div class=\"vc_column-inner\"><div class=\"wpb_wrapper\"><div \" class=\"faq_question_container\"><h2 class=\"faq_question_title\">Quelles sont les tendances en construction de maison ?<\/h2><div class=\"faq_question_content\"><p>Vous avez envie de faire construire une maison mais vous h\u00e9sitez entre :<\/p>\n<ul>\n<li>Maison ossature bois,<\/li>\n<li>Maison container,<\/li>\n<li>Maison bioclimatique,<\/li>\n<li>Maison b\u00e9ton et bois,<\/li>\n<li>Maison \u00e9cologique.<\/li>\n<\/ul>\n<p>Une maison individuelle est une maison adapt\u00e9e \u00e0 vos besoins. L\u2019architecte peut \u00eatre pr\u00e9sent pour vous conseiller, pour savoir quelle maison va r\u00e9pondre le mieux \u00e0 vos attentes.<br \/>\nLes tendances de l\u2019ann\u00e9e vont \u00eatre la lumi\u00e8re, le bois, la luminosit\u00e9\u2026 On revient sur une architecture cosy qu\u2019on avait un peu oubli\u00e9e au profit d\u2019architectures froides et \u00e9pur\u00e9es. Cette ann\u00e9e, construire votre maison va \u00eatre synonyme de construire votre cocon. La loi RT2020 (qui va remplacer la RT2012) va faire en sorte que le processus soit orient\u00e9 sur la vie dans la maison en totalit\u00e9.<\/p>\n<\/div><\/div><\/div><\/div><\/div><div class=\"vc_col-sm-6 wpb_column vc_column_container has-fill\"><div class=\"vc_column-inner us_custom_0d15be52\"><div class=\"wpb_wrapper\"><div \" class=\"faq_question_container\"><h2 class=\"faq_question_title\">Qu\u2019est ce que l\u2019association \u00ab architectes d\u2019aujourd\u2019hui \u00bb ?<\/h2><div class=\"faq_question_content\"><p>Les honoraires d\u2019architecte sont toujours effrayants, du moins dans notre pens\u00e9e. En r\u00e9alit\u00e9, des associations comme les \u00ab architectes d\u2019aujourd\u2019hui \u00bb sont des associations qui permettent d\u2019inclure l\u2019architecte dans le co\u00fbt total de la construction. Il est donc maintenant possible de faire construire votre maison avec un architecte. C\u2019est un engagement contractuel sur un budget pr\u00e9cis. Pas de variable, le co\u00fbt de l\u2019architecte est compris dans l\u2019enveloppe globale. Cette association compte environ 80 membres en France. Vous pouvez faire appel \u00e0 un architecte lors d\u2019un\u00a0<a href=\"https:\/\/www.eldo.com\/guide\/construction-de-maison-individuelle\/concevoir-son-logement-sur-mesure\/\" rel=\"noopener noreferrer\">projet de construction de maison sur mesure<\/a>, mais aussi lors de la sur\u00e9l\u00e9vation et d\u2019une extension de maison.<\/p>\n<\/div><\/div><\/div><\/div><\/div><\/div><\/div><\/section><section class=\"l-section wpb_row height_medium\"><div class=\"l-section-h i-cf\"><div class=\"g-cols vc_row type_default valign_top\"><div class=\"vc_col-sm-12 wpb_column vc_column_container\"><div class=\"vc_column-inner\"><div class=\"wpb_wrapper\"><div class=\"w-grid type_grid layout_331 cols_4 overflow_hidden\" id=\"us_grid_1\"><style id=\"us_grid_1_css\">#us_grid_1 .w-grid-item{padding:1.5rem}#us_grid_1 .w-grid-list{margin:-1.5rem}.w-grid + #us_grid_1 .w-grid-list{margin-top:1.5rem}@media (max-width:1199px){#us_grid_1 .w-grid-item{width:33.3333%}}@media (max-width:899px){#us_grid_1 .w-grid-item{width:50.0000%}}@media (max-width:599px){#us_grid_1 .w-grid-list{margin:0}#us_grid_1 .w-grid-item{width:100.0000%;padding:0;margin-bottom:1.5rem}}<\/style><style>.layout_331 .w-grid-item-h{}.layout_331 .usg_post_image_1{width:50%!important}.layout_331 .usg_vwrapper_1{width:50%!important;margin-right:0!important}.layout_331 .usg_post_title_1{color:#000000!important}@media (max-width:599px){.layout_331 .usg_post_title_1{font-size:1.2rem!important;margin-right:0!important;padding-bottom:0!important}}<\/style><div class=\"w-grid-list\" >\t<article class=\"w-grid-item size_1x1 post-1044 page type-page status-publish has-post-thumbnail hentry\" data-id=\"1044\">\r\n\t\t<div class=\"w-grid-item-h\">\r\n\t\t\t\t\t\t\t<a class=\"w-grid-item-anchor\" href=\"https:\/\/www.eldo.com\/guide\/construction-de-maison-individuelle\/concevoir-sa-maison\/\" rel=\"bookmark\" aria-label=\"Concevoir sa maison\"><\/a>\r\n\t\t\t\t\t\t<div class=\"w-vwrapper usg_vwrapper_1 align_left valign_top\"><p class=\"w-post-elm post_title usg_post_title_1 align_center entry-title color_link_inherit has_text_color\"><a href=\"https:\/\/www.eldo.com\/guide\/construction-de-maison-individuelle\/concevoir-sa-maison\/\">Concevoir sa maison<\/a><\/p><\/div><div class=\"w-hwrapper usg_hwrapper_1 align_left valign_top\"><div class=\"w-post-elm post_image usg_post_image_1 has_width has_ratio\"><div style=\"padding-bottom:100.0000%\"><\/div><a href=\"https:\/\/www.eldo.com\/guide\/construction-de-maison-individuelle\/concevoir-sa-maison\/\" aria-label=\"Concevoir sa maison\"><img width=\"512\" height=\"342\" src=\"https:\/\/www.eldo.com\/guide\/wp-content\/uploads\/2020\/08\/brian-babb-XbwHrt87mQ0-unsplash-scaled.jpg\" class=\"attachment-us_600_600_crop size-us_600_600_crop wp-post-image\" alt=\"Concevoir sa maison\" srcset=\"https:\/\/www.eldo.com\/guide\/wp-content\/uploads\/2020\/08\/brian-babb-XbwHrt87mQ0-unsplash-scaled.jpg 512w, https:\/\/www.eldo.com\/guide\/wp-content\/uploads\/2020\/08\/brian-babb-XbwHrt87mQ0-unsplash-300x200.jpg 300w, https:\/\/www.eldo.com\/guide\/wp-content\/uploads\/2020\/08\/brian-babb-XbwHrt87mQ0-unsplash-1024x683.jpg 1024w, https:\/\/www.eldo.com\/guide\/wp-content\/uploads\/2020\/08\/brian-babb-XbwHrt87mQ0-unsplash-600x400.jpg 600w, https:\/\/www.eldo.com\/guide\/wp-content\/uploads\/2020\/08\/brian-babb-XbwHrt87mQ0-unsplash-800x534.jpg 800w\" sizes=\"(max-width: 512px) 100vw, 512px\" \/><\/a><\/div><\/div>\t\t<\/div>\r\n\t<\/article>\r\n\t<article class=\"w-grid-item size_1x1 post-1041 page type-page status-publish has-post-thumbnail hentry\" data-id=\"1041\">\r\n\t\t<div class=\"w-grid-item-h\">\r\n\t\t\t\t\t\t\t<a class=\"w-grid-item-anchor\" href=\"https:\/\/www.eldo.com\/guide\/construction-de-maison-individuelle\/comment-reussir-construction\/\" rel=\"bookmark\" aria-label=\"R\u00e9ussir construction maison individuelle\"><\/a>\r\n\t\t\t\t\t\t<div class=\"w-vwrapper usg_vwrapper_1 align_left valign_top\"><p class=\"w-post-elm post_title usg_post_title_1 align_center entry-title color_link_inherit has_text_color\"><a href=\"https:\/\/www.eldo.com\/guide\/construction-de-maison-individuelle\/comment-reussir-construction\/\">R\u00e9ussir construction maison individuelle<\/a><\/p><\/div><div class=\"w-hwrapper usg_hwrapper_1 align_left valign_top\"><div class=\"w-post-elm post_image usg_post_image_1 has_width has_ratio\"><div style=\"padding-bottom:100.0000%\"><\/div><a href=\"https:\/\/www.eldo.com\/guide\/construction-de-maison-individuelle\/comment-reussir-construction\/\" aria-label=\"R\u00e9ussir construction maison individuelle\"><img width=\"512\" height=\"341\" src=\"https:\/\/www.eldo.com\/guide\/wp-content\/uploads\/2020\/08\/breno-assis-r3WAWU5Fi5Q-unsplash-scaled.jpg\" class=\"attachment-us_600_600_crop size-us_600_600_crop wp-post-image\" alt=\"reussir sa construction de maison individuelle\" srcset=\"https:\/\/www.eldo.com\/guide\/wp-content\/uploads\/2020\/08\/breno-assis-r3WAWU5Fi5Q-unsplash-scaled.jpg 512w, https:\/\/www.eldo.com\/guide\/wp-content\/uploads\/2020\/08\/breno-assis-r3WAWU5Fi5Q-unsplash-300x200.jpg 300w, https:\/\/www.eldo.com\/guide\/wp-content\/uploads\/2020\/08\/breno-assis-r3WAWU5Fi5Q-unsplash-1024x683.jpg 1024w, https:\/\/www.eldo.com\/guide\/wp-content\/uploads\/2020\/08\/breno-assis-r3WAWU5Fi5Q-unsplash-600x400.jpg 600w, https:\/\/www.eldo.com\/guide\/wp-content\/uploads\/2020\/08\/breno-assis-r3WAWU5Fi5Q-unsplash-800x533.jpg 800w\" sizes=\"(max-width: 512px) 100vw, 512px\" \/><\/a><\/div><\/div>\t\t<\/div>\r\n\t<\/article>\r\n\t<article class=\"w-grid-item size_1x1 post-975 page type-page status-publish has-post-thumbnail hentry\" data-id=\"975\">\r\n\t\t<div class=\"w-grid-item-h\">\r\n\t\t\t\t\t\t\t<a class=\"w-grid-item-anchor\" href=\"https:\/\/www.eldo.com\/guide\/construction-de-maison-individuelle\/les-etapes-d-un-projet-de-construction\/\" rel=\"bookmark\" aria-label=\"Etapes d&rsquo;un projet de construction\"><\/a>\r\n\t\t\t\t\t\t<div class=\"w-vwrapper usg_vwrapper_1 align_left valign_top\"><p class=\"w-post-elm post_title usg_post_title_1 align_center entry-title color_link_inherit has_text_color\"><a href=\"https:\/\/www.eldo.com\/guide\/construction-de-maison-individuelle\/les-etapes-d-un-projet-de-construction\/\">Etapes d&rsquo;un projet de construction<\/a><\/p><\/div><div class=\"w-hwrapper usg_hwrapper_1 align_left valign_top\"><div class=\"w-post-elm post_image usg_post_image_1 has_width has_ratio\"><div style=\"padding-bottom:100.0000%\"><\/div><a href=\"https:\/\/www.eldo.com\/guide\/construction-de-maison-individuelle\/les-etapes-d-un-projet-de-construction\/\" aria-label=\"Etapes d&rsquo;un projet de construction\"><img width=\"512\" height=\"288\" src=\"https:\/\/www.eldo.com\/guide\/wp-content\/uploads\/2020\/08\/CTA-TOITURE-1-e1614772470201.png\" class=\"attachment-us_600_600_crop size-us_600_600_crop wp-post-image\" alt=\"Contrat de CCMI\" \/><\/a><\/div><\/div>\t\t<\/div>\r\n\t<\/article>\r\n\t<article class=\"w-grid-item size_1x1 post-591 page type-page status-publish has-post-thumbnail hentry\" data-id=\"591\">\r\n\t\t<div class=\"w-grid-item-h\">\r\n\t\t\t\t\t\t\t<a class=\"w-grid-item-anchor\" href=\"https:\/\/www.eldo.com\/guide\/construction-de-maison-individuelle\/\" rel=\"bookmark\" aria-label=\"Construction de maison individuelle\"><\/a>\r\n\t\t\t\t\t\t<div class=\"w-vwrapper usg_vwrapper_1 align_left valign_top\"><p class=\"w-post-elm post_title usg_post_title_1 align_center entry-title color_link_inherit has_text_color\"><a href=\"https:\/\/www.eldo.com\/guide\/construction-de-maison-individuelle\/\">Construction de maison individuelle<\/a><\/p><\/div><div class=\"w-hwrapper usg_hwrapper_1 align_left valign_top\"><div class=\"w-post-elm post_image usg_post_image_1 has_width has_ratio\"><div style=\"padding-bottom:100.0000%\"><\/div><a href=\"https:\/\/www.eldo.com\/guide\/construction-de-maison-individuelle\/\" aria-label=\"Construction de maison individuelle\"><img width=\"512\" height=\"371\" src=\"https:\/\/www.eldo.com\/guide\/wp-content\/uploads\/2020\/08\/pexels-expect-best-323775-1-scaled.jpg\" class=\"attachment-us_600_600_crop size-us_600_600_crop wp-post-image\" alt=\"Construction de maison individuelle\" srcset=\"https:\/\/www.eldo.com\/guide\/wp-content\/uploads\/2020\/08\/pexels-expect-best-323775-1-scaled.jpg 512w, https:\/\/www.eldo.com\/guide\/wp-content\/uploads\/2020\/08\/pexels-expect-best-323775-1-300x217.jpg 300w\" sizes=\"(max-width: 512px) 100vw, 512px\" \/><\/a><\/div><\/div>\t\t<\/div>\r\n\t<\/article>\r\n<\/div><div class=\"w-grid-preloader\"><div class=\"g-preloader type_1\">\r\n\t<div><\/div>\r\n<\/div>\r\n<\/div>\t<div class=\"w-grid-json hidden\" onclick='return {&quot;action&quot;:&quot;us_ajax_grid&quot;,&quot;ajax_url&quot;:&quot;https:\\\/\\\/www.eldo.com\\\/guide\\\/wp-admin\\\/admin-ajax.php&quot;,&quot;infinite_scroll&quot;:0,&quot;max_num_pages&quot;:1,&quot;pagination&quot;:&quot;none&quot;,&quot;permalink_url&quot;:&quot;https:\\\/\\\/www.eldo.com\\\/guide\\\/wp-json\\\/wp\\\/v2\\\/pages\\\/1050&quot;,&quot;template_vars&quot;:{&quot;columns&quot;:&quot;4&quot;,&quot;exclude_items&quot;:&quot;none&quot;,&quot;img_size&quot;:&quot;default&quot;,&quot;ignore_items_size&quot;:false,&quot;items_layout&quot;:&quot;331&quot;,&quot;items_offset&quot;:&quot;1&quot;,&quot;load_animation&quot;:&quot;none&quot;,&quot;overriding_link&quot;:&quot;post&quot;,&quot;post_id&quot;:1050,&quot;query_args&quot;:{&quot;ignore_sticky_posts&quot;:1,&quot;post_type&quot;:&quot;any&quot;,&quot;post__in&quot;:[&quot;1041&quot;,&quot;1032&quot;,&quot;591&quot;,&quot;975&quot;,&quot;677&quot;,&quot;1044&quot;],&quot;posts_per_page&quot;:&quot;10&quot;},&quot;orderby_query_args&quot;:{&quot;orderby&quot;:{&quot;date&quot;:&quot;DESC&quot;}},&quot;type&quot;:&quot;grid&quot;,&quot;us_grid_ajax_index&quot;:1,&quot;us_grid_filter_params&quot;:null,&quot;us_grid_index&quot;:1,&quot;_us_grid_post_type&quot;:&quot;ids&quot;}}'><\/div>\r\n\t<\/div><\/div><\/div><\/div><\/div><\/div><\/section><section class=\"l-section wpb_row us_custom_e91755c2 height_auto width_full with_overlay\"><div class=\"l-section-overlay\" style=\"background: #ebebeb\"><\/div><div class=\"l-section-h i-cf\"><div class=\"g-cols vc_row type_boxes valign_middle\"><div class=\"vc_col-sm-12 wpb_column vc_column_container has-fill\"><div class=\"vc_column-inner us_custom_d8727e65\"><div class=\"wpb_wrapper\"><p class=\"w-itext us_custom_6df4bc3a type_typingChars align_center\" onclick='return {&quot;duration&quot;:300,&quot;delay&quot;:2000,&quot;disablePartAnimation&quot;:false,&quot;dynamicColor&quot;:&quot;#ffffff&quot;,&quot;html_nbsp_char&quot;:true}'>Je\u00a0cherche\u00a0un\u00a0pro\u00a0\u00e0\u00a0<span class=\"w-itext-part changesat_0 changesat_1 changesat_2 changesat_3 changesat_4 dynamic\" style=\"color:#ffffff\" onclick='return [&quot;Bordeaux&quot;,&quot;Toulouse&quot;,&quot;Paris&quot;,&quot;Nantes&quot;,&quot;Marseille&quot;]'><span>Bordeaux<\/span><i class=\"w-itext-cursor\"><\/i><\/span><\/p><div class=\"w-separator size_small\"><\/div><div class=\"w-btn-wrapper width_auto align_center\"><a class=\"w-btn us-btn-style_2\" title=\"Devis gratuit\" target=\"_blank\" href=\"https:\/\/devis.eldo.com\/construction-de-maisons\/france?utm_source=SEO&amp;utm_medium=Guide&amp;utm_campaign=CMI-pourquoi-confier-sa-construction-a-un-architecte\" rel=\"noopener\"><span class=\"w-btn-label\">Demander un devis gratuit<\/span><\/a><\/div><\/div><\/div><\/div><\/div><\/div><\/section>\n","protected":false},"excerpt":{"rendered":"Comment pr\u00e9parer son projet de construction de maison individuelle ? Guide complet : d\u00e9marche, contrat &amp; assurance Guides travauxPages Comment bien choisir un constructeur de maison ?Le m\u00e9tier \u00e9tant tr\u00e8s technique, et sachant que votre confort d\u00e9pendra de la qualit\u00e9 du travail accompli, il est imp\u00e9ratif que le professionnel en charge de votre projet soit...","protected":false},"author":1,"featured_media":1053,"parent":591,"menu_order":0,"comment_status":"closed","ping_status":"closed","template":"","meta":[],"page_tags":[],"_links":{"self":[{"href":"https:\/\/www.eldo.com\/guide\/wp-json\/wp\/v2\/pages\/1050"}],"collection":[{"href":"https:\/\/www.eldo.com\/guide\/wp-json\/wp\/v2\/pages"}],"about":[{"href":"https:\/\/www.eldo.com\/guide\/wp-json\/wp\/v2\/types\/page"}],"author":[{"embeddable":true,"href":"https:\/\/www.eldo.com\/guide\/wp-json\/wp\/v2\/users\/1"}],"replies":[{"embeddable":true,"href":"https:\/\/www.eldo.com\/guide\/wp-json\/wp\/v2\/comments?post=1050"}],"version-history":[{"count":27,"href":"https:\/\/www.eldo.com\/guide\/wp-json\/wp\/v2\/pages\/1050\/revisions"}],"predecessor-version":[{"id":10241,"href":"https:\/\/www.eldo.com\/guide\/wp-json\/wp\/v2\/pages\/1050\/revisions\/10241"}],"up":[{"embeddable":true,"href":"https:\/\/www.eldo.com\/guide\/wp-json\/wp\/v2\/pages\/591"}],"wp:featuredmedia":[{"embeddable":true,"href":"https:\/\/www.eldo.com\/guide\/wp-json\/wp\/v2\/media\/1053"}],"wp:attachment":[{"href":"https:\/\/www.eldo.com\/guide\/wp-json\/wp\/v2\/media?parent=1050"}],"wp:term":[{"taxonomy":"page_tags","embeddable":true,"href":"https:\/\/www.eldo.com\/guide\/wp-json\/wp\/v2\/page_tags?post=1050"}],"curies":[{"name":"wp","href":"https:\/\/api.w.org\/{rel}","templated":true}]}}