{"id":1044,"date":"2020-08-26T16:42:41","date_gmt":"2020-08-26T16:42:41","guid":{"rendered":"https:\/\/www.eldo.com\/guide\/?page_id=1044"},"modified":"2023-12-11T14:34:59","modified_gmt":"2023-12-11T14:34:59","slug":"comment-concevoir-sa-maison","status":"publish","type":"page","link":"https:\/\/www.eldo.com\/guide\/construction-de-maison-individuelle\/concevoir-sa-maison\/","title":{"rendered":"Concevoir sa maison"},"content":{"rendered":"<section class=\"l-section wpb_row us_custom_b51f0e30 height_auto width_full with_overlay\"><div class=\"l-section-overlay\" style=\"background: #ebebeb\"><\/div><div class=\"l-section-h i-cf\"><div class=\"g-cols vc_row type_boxes valign_middle\"><div class=\"vc_col-sm-12 wpb_column vc_column_container has-fill has_text_color\"><div class=\"vc_column-inner us_custom_9b204907\"><div class=\"wpb_wrapper\"><div class=\"wpb_text_column us_custom_2e587a18 has_text_color\" ><div class=\"wpb_wrapper\"><h1 class=\"page-merci-title\" style=\"text-align: center;\">Comment concevoir sa maison ?<\/h1>\n<\/div><\/div><div class=\"w-separator size_medium\"><\/div><ol class=\"g-breadcrumbs us_custom_964c9e48 separator_icon align_left has_text_color\"><li class=\"g-breadcrumbs-item\"><a href=\"https:\/\/www.eldo.com\/guide\/\">Guides travaux<\/a><meta content=\"1\"\/><\/li><li class=\"g-breadcrumbs-separator\"><i class=\"far fa-angle-right\"><\/i><\/li><li class=\"g-breadcrumbs-item\">Pages<\/li><\/ol><\/div><\/div><\/div><\/div><\/div><\/section><section class=\"l-section wpb_row height_auto width_full\"><div class=\"l-section-h i-cf\"><div class=\"g-cols vc_row type_boxes valign_middle\"><div class=\"vc_col-sm-12 wpb_column vc_column_container has-fill\"><div class=\"vc_column-inner us_custom_4fb9e5a3\"><div class=\"wpb_wrapper\"><div class=\"wpb_text_column\" ><div class=\"wpb_wrapper\">\n<\/div><\/div><div class=\"w-video align_center ratio_16x9\"><div class=\"w-video-h\"><iframe src=\"\/\/www.youtube.com\/embed\/7NHJf5xjhL4?autoplay=0&controls=0&origin=https%3A%2F%2Fwww.eldo.com%2Fguide\" allowfullscreen=\"1\"><\/iframe><\/div><div class=\"w-video-icon\" style=\"font-size:1.5rem;background:rgba(0,0,0,0.5);color:#fff;\"><\/div><\/div><\/div><\/div><\/div><\/div><\/div><\/section><section class=\"l-section wpb_row height_auto width_full\"><div class=\"l-section-h i-cf\"><div class=\"g-cols vc_row type_boxes valign_middle gap-10px\"><style>.g-cols.gap-10px{margin:0 -10px}.gap-10px > .vc_column_container {padding:10px}<\/style><div class=\"vc_col-sm-6 wpb_column vc_column_container has-fill\"><div class=\"vc_column-inner us_custom_e4eb24e1\"><div class=\"wpb_wrapper\"><div class=\"wpb_text_column\" ><div class=\"wpb_wrapper\"><div class=\"page-merci-text QSN\">\n<div class=\"page-merci-text QSN\">Vous avez toujours regard\u00e9 des maisons lors de vos diff\u00e9rentes balades en vous disant que vous aimeriez avoir la v\u00f4tre. C\u2019est sans doute le bon moment pour se lancer. Vous avez des id\u00e9es d\u00e9co, vous imaginez d\u00e9j\u00e0 le design int\u00e9rieur, vous r\u00eavez d\u2019une maison moderne. C\u2019est peut-\u00eatre le moment id\u00e9al pour faire construire votre maison.<\/div>\n<h2 class=\"page-merci-title QSN\">Quel est le premier point essentiel pour construire votre maison ?<\/h2>\n<div class=\"page-merci-text QSN\">Pour\u00a0<a href=\"https:\/\/www.eldo.com\/guide\/construction-de-maison-individuelle\/concevoir-son-logement-sur-mesure\/\" target=\"_blank\" rel=\"noopener noreferrer\">concevoir votre logement sur mesure<\/a>, il faut penser \u00e0 votre vie actuelle. Vous allez investir pour des ann\u00e9es, mais il est important de se concentrer sur votre vie pr\u00e9sente et non pas la vie que vous avez envisag\u00e9 de vivre dans 5 ans. C\u2019est pr\u00e9voir vos besoins \u00e0 l\u2019instant T. Pour\u00a0r\u00e9ussir sa construction de maison, il faut penser \u00e0 la surface habitable, \u00e0 l\u2019espace de vie, aux diff\u00e9rentes pi\u00e8ces\u2026 Tout ce dont vous avez besoin \u00e0 l\u2019heure actuelle. Il vous sera toujours possible d\u2019effectuer des travaux de r\u00e9novation : une sur\u00e9l\u00e9vation, un agrandissement ou une extension maison pour le futur. Mais qui vous dit que vous n\u2019allez pas revendre pour investir ailleurs ?<\/div>\n<\/div>\n<\/div><\/div><\/div><\/div><\/div><div class=\"vc_col-sm-6 wpb_column vc_column_container\"><div class=\"vc_column-inner\"><div class=\"wpb_wrapper\"><div class=\"w-image align_center\"><div class=\"w-image-h\"><img width=\"800\" height=\"533\" src=\"https:\/\/www.eldo.com\/guide\/wp-content\/uploads\/2020\/08\/breno-assis-r3WAWU5Fi5Q-unsplash-800x533.jpg\" class=\"attachment-us_800_600 size-us_800_600\" alt=\"reussir sa construction de maison individuelle\" srcset=\"https:\/\/www.eldo.com\/guide\/wp-content\/uploads\/2020\/08\/breno-assis-r3WAWU5Fi5Q-unsplash-800x533.jpg 800w, https:\/\/www.eldo.com\/guide\/wp-content\/uploads\/2020\/08\/breno-assis-r3WAWU5Fi5Q-unsplash-300x200.jpg 300w, https:\/\/www.eldo.com\/guide\/wp-content\/uploads\/2020\/08\/breno-assis-r3WAWU5Fi5Q-unsplash-1024x683.jpg 1024w, https:\/\/www.eldo.com\/guide\/wp-content\/uploads\/2020\/08\/breno-assis-r3WAWU5Fi5Q-unsplash-600x400.jpg 600w, https:\/\/www.eldo.com\/guide\/wp-content\/uploads\/2020\/08\/breno-assis-r3WAWU5Fi5Q-unsplash-scaled.jpg 512w\" sizes=\"(max-width: 800px) 100vw, 800px\" \/><\/div><\/div><\/div><\/div><\/div><\/div><\/div><\/section><section class=\"l-section wpb_row height_auto width_full\"><div class=\"l-section-h i-cf\"><div class=\"g-cols vc_row type_boxes valign_middle gap-20px\"><style>.g-cols.gap-20px{margin:0 -20px}.gap-20px > .vc_column_container {padding:20px}<\/style><div class=\"vc_col-sm-6 wpb_column vc_column_container has-fill\"><div class=\"vc_column-inner us_custom_4eec4e07\"><div class=\"wpb_wrapper\"><div class=\"wpb_text_column us_custom_6df4bc3a has_text_color\" ><div class=\"wpb_wrapper\"><h2 class=\"page-merci-title QSN\">Comment choisir son terrain \u00e0 b\u00e2tir ?<\/h2>\n<div class=\"page-merci-text QSN\">Le choix du terrain est crucial dans la projection d\u2019une construction. Plus qu\u2019une surface ou qu\u2019une orientation, ce qui est essentiel c\u2019est la situation. Il faut que le terrain r\u00e9ponde \u00e0 vos besoins actuels. Pour trouver un terrain, vous pouvez le chercher vous-m\u00eame, ou faire appel \u00e0 un professionnel qui saura vous conseiller. C\u2019est \u00e0 la maison de s\u2019adapter au terrain. Avant de vous positionner, il faut aussi d\u00e9finir votre budget. Il va d\u00e9terminer le prix du terrain et de votre maison.<\/div>\n<\/div><\/div><div class=\"w-btn-wrapper width_auto align_center\"><a class=\"w-btn us-btn-style_2\" title=\"Devis gratuit\" target=\"_blank\" href=\"https:\/\/devis.eldo.com\/construction-de-maisons\/france?utm_source=SEO&amp;utm_medium=Guide&amp;utm_campaign=CMI-construction-de-maison-individuelle-concevoir-sa-maison\" rel=\"noopener\"><span class=\"w-btn-label\">Demander conseil<\/span><\/a><\/div><\/div><\/div><\/div><div class=\"vc_col-sm-6 wpb_column vc_column_container has-fill\"><div class=\"vc_column-inner us_custom_0d15be52\"><div class=\"wpb_wrapper\"><div class=\"wpb_text_column\" ><div class=\"wpb_wrapper\"><h2 class=\"page-merci-title QSN\">Comment se projeter dans une nouvelle maison ?<\/h2>\n<div class=\"page-merci-text QSN\">\n<p>Il faut en parler entre vous avant d\u2019en parler \u00e0 un professionnel. Faire construire sa maison est synonyme d\u2019entente dans un couple. Il faut tomber d\u2019accord pour expliquer au constructeur ce que vous attendez vraiment. Une maison \u00e0 \u00e9tage, une maison de plain pied, qu\u2019est-ce qui est vraiment important pour vous ? Une suite parentale ? Une mezzanine ? Le plan de cuisine ? Une maison contemporaine ?<\/p>\n<p>Entendez-vous sur le nombre de chambres, l\u2019espace de chacune, tout en restant r\u00e9aliste et sans pour autant faire de dessin technique (le constructeur prendra plaisir \u00e0 vous le faire). Il est important que votre future maison s\u2019adapte \u00e0 vos besoins actuels.<\/p>\n<\/div>\n<\/div><\/div><\/div><\/div><\/div><\/div><\/div><\/section><section class=\"l-section wpb_row us_custom_e4eb24e1 height_auto width_full\"><div class=\"l-section-h i-cf\"><div class=\"g-cols vc_row type_boxes valign_middle gap-10px\"><style>.g-cols.gap-10px{margin:0 -10px}.gap-10px > .vc_column_container {padding:10px}<\/style><div class=\"vc_col-sm-6 wpb_column vc_column_container\"><div class=\"vc_column-inner\"><div class=\"wpb_wrapper\"><div class=\"wpb_text_column\" ><div class=\"wpb_wrapper\"><div class=\"page-merci-text QSN\">\n<h2 class=\"page-merci-title QSN\">Combien de temps cela peut-il prendre ?<\/h2>\n<div class=\"page-merci-text QSN\">\n<p>Si vous avez d\u00e9j\u00e0 en t\u00eate le plan de situation id\u00e9al pour votre terrain, un professionnel peut vous aider \u00e0 trouver un terrain en 10 \u00e0 15 jours. Vous avez d\u00e9termin\u00e9 le prix de construction, le permis de construire est en route, il vous faudra \u00eatre encore un peu patient. Une fois la construction finie, vous pourrez vous projeter dans l\u2019am\u00e9nagement int\u00e9rieur qui vous procurera le bien-\u00eatre dans votre maison.<\/p>\n<p>Vous vous projetez dans votre propre maison :<\/p>\n<ul>\n<li>Maison en brique,<\/li>\n<li>Maison traditionnelle,<\/li>\n<li>Maison \u00e9cologique,<\/li>\n<li>Maison bois,<\/li>\n<li>Maison design.<\/li>\n<\/ul>\n<\/div>\n<\/div>\n<\/div><\/div><\/div><\/div><\/div><div class=\"vc_col-sm-6 wpb_column vc_column_container\"><div class=\"vc_column-inner\"><div class=\"wpb_wrapper\"><div class=\"wpb_text_column\" ><div class=\"wpb_wrapper\"><div class=\"page-merci-text QSN\">\n<div class=\"page-merci-text QSN\">\n<p>Faire construire une maison c\u2019est faire construire une maison sur mesure. Vous avez un mod\u00e8le de maison en t\u00eate, vous n\u2019arrivez pas \u00e0 dessiner un plan ?\u00a0<a href=\"https:\/\/www.eldo.com\/guide\/construction-de-maison-individuelle\/comment-reussir-construction\/\" target=\"_blank\" rel=\"noopener noreferrer\">Un constructeur de maison individuelle<\/a>\u00a0peut \u00eatre \u00e0 votre \u00e9coute pour \u00e9laborer ce plan ensemble. Ensuite il vous suffira d\u2019am\u00e9nager et de d\u00e9corer votre espace maison comme vous l\u2019avez vu dans vos magazines de d\u00e9coration d\u2019int\u00e9rieur pr\u00e9f\u00e9r\u00e9s.<\/p>\n<p>Un projet de maison est le projet d\u2019une vie. A partir de votre projet de construction, le constructeur va faire un plan. Le plan de construction va \u00e9laborer votre future maison.<\/p>\n<p>Devenir propri\u00e9taire avec un constructeur de maisons individuelles implique la signature d\u2019un contrat de construction. Celui-ci garantit une assurance dommages ouvrage et la garantie de parfait ach\u00e8vement pour que vous n\u2019ayez pas mauvaises surprises durant la construction de votre maison. Vous savez \u00e0 quoi vous attendre lors de la remise des cl\u00e9s. Le guide de la construction est pr\u00e9sent aussi pour r\u00e9pondre \u00e0 tous vos doutes.<\/p>\n<\/div>\n<\/div>\n<\/div><\/div><div class=\"w-separator size_small\"><\/div><div class=\"w-btn-wrapper width_auto align_center\"><a class=\"w-btn us-btn-style_2\" title=\"Devis gratuit\" target=\"_blank\" href=\"https:\/\/devis.eldo.com\/construction-de-maisons\/france?utm_source=SEO&amp;utm_medium=Guide&amp;utm_campaign=CMI-construction-de-maison-individuelle-concevoir-sa-maison\" rel=\"noopener\"><span class=\"w-btn-label\">Demander un devis<\/span><\/a><\/div><\/div><\/div><\/div><\/div><\/div><\/section><section class=\"l-section wpb_row height_medium\"><div class=\"l-section-h i-cf\"><div class=\"g-cols vc_row type_default valign_top\"><div class=\"vc_col-sm-12 wpb_column vc_column_container\"><div class=\"vc_column-inner\"><div class=\"wpb_wrapper\"><div class=\"w-grid type_grid layout_331 cols_4 overflow_hidden\" id=\"us_grid_1\"><style id=\"us_grid_1_css\">#us_grid_1 .w-grid-item{padding:1.5rem}#us_grid_1 .w-grid-list{margin:-1.5rem}.w-grid + #us_grid_1 .w-grid-list{margin-top:1.5rem}@media (max-width:1199px){#us_grid_1 .w-grid-item{width:33.3333%}}@media (max-width:899px){#us_grid_1 .w-grid-item{width:50.0000%}}@media (max-width:599px){#us_grid_1 .w-grid-list{margin:0}#us_grid_1 .w-grid-item{width:100.0000%;padding:0;margin-bottom:1.5rem}}<\/style><style>.layout_331 .w-grid-item-h{}.layout_331 .usg_post_image_1{width:50%!important}.layout_331 .usg_vwrapper_1{width:50%!important;margin-right:0!important}.layout_331 .usg_post_title_1{color:#000000!important}@media (max-width:599px){.layout_331 .usg_post_title_1{font-size:1.2rem!important;margin-right:0!important;padding-bottom:0!important}}<\/style><div class=\"w-grid-list\" >\t<article class=\"w-grid-item size_1x1 post-1041 page type-page status-publish has-post-thumbnail hentry\" data-id=\"1041\">\r\n\t\t<div class=\"w-grid-item-h\">\r\n\t\t\t\t\t\t\t<a class=\"w-grid-item-anchor\" href=\"https:\/\/www.eldo.com\/guide\/construction-de-maison-individuelle\/comment-reussir-construction\/\" rel=\"bookmark\" aria-label=\"R\u00e9ussir construction maison individuelle\"><\/a>\r\n\t\t\t\t\t\t<div class=\"w-vwrapper usg_vwrapper_1 align_left valign_top\"><p class=\"w-post-elm post_title usg_post_title_1 align_center entry-title color_link_inherit has_text_color\"><a href=\"https:\/\/www.eldo.com\/guide\/construction-de-maison-individuelle\/comment-reussir-construction\/\">R\u00e9ussir construction maison individuelle<\/a><\/p><\/div><div class=\"w-hwrapper usg_hwrapper_1 align_left valign_top\"><div class=\"w-post-elm post_image usg_post_image_1 has_width has_ratio\"><div style=\"padding-bottom:100.0000%\"><\/div><a href=\"https:\/\/www.eldo.com\/guide\/construction-de-maison-individuelle\/comment-reussir-construction\/\" aria-label=\"R\u00e9ussir construction maison individuelle\"><img width=\"512\" height=\"341\" src=\"https:\/\/www.eldo.com\/guide\/wp-content\/uploads\/2020\/08\/breno-assis-r3WAWU5Fi5Q-unsplash-scaled.jpg\" class=\"attachment-us_600_600_crop size-us_600_600_crop wp-post-image\" alt=\"reussir sa construction de maison individuelle\" srcset=\"https:\/\/www.eldo.com\/guide\/wp-content\/uploads\/2020\/08\/breno-assis-r3WAWU5Fi5Q-unsplash-scaled.jpg 512w, https:\/\/www.eldo.com\/guide\/wp-content\/uploads\/2020\/08\/breno-assis-r3WAWU5Fi5Q-unsplash-300x200.jpg 300w, https:\/\/www.eldo.com\/guide\/wp-content\/uploads\/2020\/08\/breno-assis-r3WAWU5Fi5Q-unsplash-1024x683.jpg 1024w, https:\/\/www.eldo.com\/guide\/wp-content\/uploads\/2020\/08\/breno-assis-r3WAWU5Fi5Q-unsplash-600x400.jpg 600w, https:\/\/www.eldo.com\/guide\/wp-content\/uploads\/2020\/08\/breno-assis-r3WAWU5Fi5Q-unsplash-800x533.jpg 800w\" sizes=\"(max-width: 512px) 100vw, 512px\" \/><\/a><\/div><\/div>\t\t<\/div>\r\n\t<\/article>\r\n\t<article class=\"w-grid-item size_1x1 post-975 page type-page status-publish has-post-thumbnail hentry\" data-id=\"975\">\r\n\t\t<div class=\"w-grid-item-h\">\r\n\t\t\t\t\t\t\t<a class=\"w-grid-item-anchor\" href=\"https:\/\/www.eldo.com\/guide\/construction-de-maison-individuelle\/les-etapes-d-un-projet-de-construction\/\" rel=\"bookmark\" aria-label=\"Etapes d&rsquo;un projet de construction\"><\/a>\r\n\t\t\t\t\t\t<div class=\"w-vwrapper usg_vwrapper_1 align_left valign_top\"><p class=\"w-post-elm post_title usg_post_title_1 align_center entry-title color_link_inherit has_text_color\"><a href=\"https:\/\/www.eldo.com\/guide\/construction-de-maison-individuelle\/les-etapes-d-un-projet-de-construction\/\">Etapes d&rsquo;un projet de construction<\/a><\/p><\/div><div class=\"w-hwrapper usg_hwrapper_1 align_left valign_top\"><div class=\"w-post-elm post_image usg_post_image_1 has_width has_ratio\"><div style=\"padding-bottom:100.0000%\"><\/div><a href=\"https:\/\/www.eldo.com\/guide\/construction-de-maison-individuelle\/les-etapes-d-un-projet-de-construction\/\" aria-label=\"Etapes d&rsquo;un projet de construction\"><img width=\"512\" height=\"288\" src=\"https:\/\/www.eldo.com\/guide\/wp-content\/uploads\/2020\/08\/CTA-TOITURE-1-e1614772470201.png\" class=\"attachment-us_600_600_crop size-us_600_600_crop wp-post-image\" alt=\"Contrat de CCMI\" \/><\/a><\/div><\/div>\t\t<\/div>\r\n\t<\/article>\r\n\t<article class=\"w-grid-item size_1x1 post-591 page type-page status-publish has-post-thumbnail hentry\" data-id=\"591\">\r\n\t\t<div class=\"w-grid-item-h\">\r\n\t\t\t\t\t\t\t<a class=\"w-grid-item-anchor\" href=\"https:\/\/www.eldo.com\/guide\/construction-de-maison-individuelle\/\" rel=\"bookmark\" aria-label=\"Construction de maison individuelle\"><\/a>\r\n\t\t\t\t\t\t<div class=\"w-vwrapper usg_vwrapper_1 align_left valign_top\"><p class=\"w-post-elm post_title usg_post_title_1 align_center entry-title color_link_inherit has_text_color\"><a href=\"https:\/\/www.eldo.com\/guide\/construction-de-maison-individuelle\/\">Construction de maison individuelle<\/a><\/p><\/div><div class=\"w-hwrapper usg_hwrapper_1 align_left valign_top\"><div class=\"w-post-elm post_image usg_post_image_1 has_width has_ratio\"><div style=\"padding-bottom:100.0000%\"><\/div><a href=\"https:\/\/www.eldo.com\/guide\/construction-de-maison-individuelle\/\" aria-label=\"Construction de maison individuelle\"><img width=\"512\" height=\"371\" src=\"https:\/\/www.eldo.com\/guide\/wp-content\/uploads\/2020\/08\/pexels-expect-best-323775-1-scaled.jpg\" class=\"attachment-us_600_600_crop size-us_600_600_crop wp-post-image\" alt=\"Construction de maison individuelle\" srcset=\"https:\/\/www.eldo.com\/guide\/wp-content\/uploads\/2020\/08\/pexels-expect-best-323775-1-scaled.jpg 512w, https:\/\/www.eldo.com\/guide\/wp-content\/uploads\/2020\/08\/pexels-expect-best-323775-1-300x217.jpg 300w\" sizes=\"(max-width: 512px) 100vw, 512px\" \/><\/a><\/div><\/div>\t\t<\/div>\r\n\t<\/article>\r\n<\/div><div class=\"w-grid-preloader\"><div class=\"g-preloader type_1\">\r\n\t<div><\/div>\r\n<\/div>\r\n<\/div>\t<div class=\"w-grid-json hidden\" onclick='return {&quot;action&quot;:&quot;us_ajax_grid&quot;,&quot;ajax_url&quot;:&quot;https:\\\/\\\/www.eldo.com\\\/guide\\\/wp-admin\\\/admin-ajax.php&quot;,&quot;infinite_scroll&quot;:0,&quot;max_num_pages&quot;:1,&quot;pagination&quot;:&quot;none&quot;,&quot;permalink_url&quot;:&quot;https:\\\/\\\/www.eldo.com\\\/guide\\\/wp-json\\\/wp\\\/v2\\\/pages\\\/1044&quot;,&quot;template_vars&quot;:{&quot;columns&quot;:&quot;4&quot;,&quot;exclude_items&quot;:&quot;none&quot;,&quot;img_size&quot;:&quot;default&quot;,&quot;ignore_items_size&quot;:false,&quot;items_layout&quot;:&quot;331&quot;,&quot;items_offset&quot;:&quot;1&quot;,&quot;load_animation&quot;:&quot;none&quot;,&quot;overriding_link&quot;:&quot;post&quot;,&quot;post_id&quot;:1044,&quot;query_args&quot;:{&quot;ignore_sticky_posts&quot;:1,&quot;post_type&quot;:&quot;any&quot;,&quot;post__in&quot;:[&quot;1041&quot;,&quot;1032&quot;,&quot;591&quot;,&quot;975&quot;,&quot;677&quot;],&quot;posts_per_page&quot;:&quot;10&quot;},&quot;orderby_query_args&quot;:{&quot;orderby&quot;:{&quot;date&quot;:&quot;DESC&quot;}},&quot;type&quot;:&quot;grid&quot;,&quot;us_grid_ajax_index&quot;:1,&quot;us_grid_filter_params&quot;:null,&quot;us_grid_index&quot;:1,&quot;_us_grid_post_type&quot;:&quot;ids&quot;}}'><\/div>\r\n\t<\/div><\/div><\/div><\/div><\/div><\/div><\/section><section class=\"l-section wpb_row us_custom_e91755c2 height_auto width_full with_overlay\"><div class=\"l-section-overlay\" style=\"background: #ebebeb\"><\/div><div class=\"l-section-h i-cf\"><div class=\"g-cols vc_row type_boxes valign_middle\"><div class=\"vc_col-sm-12 wpb_column vc_column_container has-fill\"><div class=\"vc_column-inner us_custom_d8727e65\"><div class=\"wpb_wrapper\"><h2 class=\"w-itext us_custom_6df4bc3a type_typingChars align_center\" onclick='return {&quot;duration&quot;:300,&quot;delay&quot;:2000,&quot;disablePartAnimation&quot;:false,&quot;dynamicColor&quot;:&quot;#ffffff&quot;,&quot;html_nbsp_char&quot;:true}'>Je\u00a0cherche\u00a0un\u00a0pro\u00a0\u00e0\u00a0<span class=\"w-itext-part changesat_0 changesat_1 changesat_2 changesat_3 changesat_4 dynamic\" style=\"color:#ffffff\" onclick='return [&quot;Bordeaux&quot;,&quot;Toulouse&quot;,&quot;Paris&quot;,&quot;Nantes&quot;,&quot;Marseille&quot;]'><span>Bordeaux<\/span><i class=\"w-itext-cursor\"><\/i><\/span><\/h2><div class=\"w-separator size_small\"><\/div><div class=\"w-btn-wrapper width_auto align_center\"><a class=\"w-btn us-btn-style_2\" title=\"Devis gratuit\" target=\"_blank\" href=\"https:\/\/devis.eldo.com\/construction-de-maisons\/france?utm_source=SEO&amp;utm_medium=Guide&amp;utm_campaign=CMI-construction-de-maison-individuelle-concevoir-sa-maison\" rel=\"noopener\"><span class=\"w-btn-label\">Expliquer mon projet<\/span><\/a><\/div><\/div><\/div><\/div><\/div><\/div><\/section>\n","protected":false},"excerpt":{"rendered":"Comment pr\u00e9parer son projet de construction de maison individuelle ? Guide complet : d\u00e9marche, contrat &amp; assurance Guides travauxPages Comment bien choisir un constructeur de maison ?Le m\u00e9tier \u00e9tant tr\u00e8s technique, et sachant que votre confort d\u00e9pendra de la qualit\u00e9 du travail accompli, il est imp\u00e9ratif que le professionnel en charge de votre projet soit...","protected":false},"author":1,"featured_media":1045,"parent":591,"menu_order":0,"comment_status":"closed","ping_status":"closed","template":"","meta":[],"page_tags":[],"_links":{"self":[{"href":"https:\/\/www.eldo.com\/guide\/wp-json\/wp\/v2\/pages\/1044"}],"collection":[{"href":"https:\/\/www.eldo.com\/guide\/wp-json\/wp\/v2\/pages"}],"about":[{"href":"https:\/\/www.eldo.com\/guide\/wp-json\/wp\/v2\/types\/page"}],"author":[{"embeddable":true,"href":"https:\/\/www.eldo.com\/guide\/wp-json\/wp\/v2\/users\/1"}],"replies":[{"embeddable":true,"href":"https:\/\/www.eldo.com\/guide\/wp-json\/wp\/v2\/comments?post=1044"}],"version-history":[{"count":23,"href":"https:\/\/www.eldo.com\/guide\/wp-json\/wp\/v2\/pages\/1044\/revisions"}],"predecessor-version":[{"id":10533,"href":"https:\/\/www.eldo.com\/guide\/wp-json\/wp\/v2\/pages\/1044\/revisions\/10533"}],"up":[{"embeddable":true,"href":"https:\/\/www.eldo.com\/guide\/wp-json\/wp\/v2\/pages\/591"}],"wp:featuredmedia":[{"embeddable":true,"href":"https:\/\/www.eldo.com\/guide\/wp-json\/wp\/v2\/media\/1045"}],"wp:attachment":[{"href":"https:\/\/www.eldo.com\/guide\/wp-json\/wp\/v2\/media?parent=1044"}],"wp:term":[{"taxonomy":"page_tags","embeddable":true,"href":"https:\/\/www.eldo.com\/guide\/wp-json\/wp\/v2\/page_tags?post=1044"}],"curies":[{"name":"wp","href":"https:\/\/api.w.org\/{rel}","templated":true}]}}